{"id":13000,"date":"2022-12-15T11:21:09","date_gmt":"2022-12-15T15:21:09","guid":{"rendered":"https:\/\/cie.uprrp.edu\/alcanza\/?page_id=13000"},"modified":"2024-01-25T09:28:47","modified_gmt":"2024-01-25T13:28:47","slug":"que-es-alcanza","status":"publish","type":"page","link":"https:\/\/cie.uprrp.edu\/alcanza\/que-es-alcanza\/","title":{"rendered":"\u00bfQu\u00e9 es ALCANZA?"},"content":{"rendered":"<p><img loading=\"lazy\" decoding=\"async\" class=\"alignright wp-image-13224 size-full\" src=\"https:\/\/cie.uprrp.edu\/alcanza\/wp-content\/uploads\/sites\/14\/2024\/01\/logo-Alcanza-footer.png\" alt=\"Logo Proyecto ALCANZA\" width=\"200\" height=\"300\" srcset=\"https:\/\/cie.uprrp.edu\/alcanza\/wp-content\/uploads\/sites\/14\/2024\/01\/logo-Alcanza-footer.png 200w, https:\/\/cie.uprrp.edu\/alcanza\/wp-content\/uploads\/sites\/14\/2024\/01\/logo-Alcanza-footer-65x97.png 65w\" sizes=\"auto, (max-width: 200px) 100vw, 200px\" \/><\/p>\n<h1><span style=\"color: #e70033;\">\u00bfQu\u00e9 es el Proyecto Alcanza?<\/span><\/h1>\n<p><strong>ALCANZA<\/strong> es una iniciativa auspiciada por la <a href=\"http:\/\/fundacionangelramos.org\/\">Fundaci\u00f3n \u00c1ngel Ramos (FAR)<\/a> y el <a href=\"http:\/\/cie.uprrp.edu\/\">Centro de Investigaciones Educativas (CIE)<\/a> de la <a href=\"http:\/\/educacion.uprrp.edu\/\">Facultad de Educaci\u00f3n<\/a> de la Universidad de Puerto Rico, <a href=\"http:\/\/uprrp.edu\/\">Recinto de R\u00edo Piedras<\/a>. La misma est\u00e1 dirigida a fomentar la calidad de la educaci\u00f3n en la ni\u00f1ez temprana.<\/p>\n<h2>Las metas de ALCANZA<\/h2>\n<p>ALCANZA tiene como metas: implementar y divulgar un programa de desarrollo profesional que sea consistente con las Pr\u00e1cticas Apropiadas establecidas por la <a href=\"http:\/\/www.naeyc.org\/\">National Association for the Education of Young Children (NAEYC)<\/a> y propiciar el conocimiento necesario para que los educadores de la ni\u00f1ez temprana puedan ofrecer un servicio de alta calidad, crear ambientes enriquecidos y experiencias de aprendizaje dirigidas a contribuir al desarrollo integral de los ni\u00f1os y ni\u00f1as de Puerto Rico. Adem\u00e1s, propone concienciar a los educadores, padres, madres y p\u00fablico en general sobre los principios que sustentan las Pr\u00e1cticas Apropiadas establecidas por la NAEYC, los criterios que caracterizan un servicio educativo de calidad y la importancia de promover, en los educadores, una educaci\u00f3n formal, ya sea a trav\u00e9s de la obtenci\u00f3n de un grado asociado, bachillerato o estudios graduados en el \u00e1rea de preescolar, y as\u00ed ofrecer la mejor educaci\u00f3n a la ni\u00f1ez temprana.<\/p>\n<h3>Descripci\u00f3n de la estrategia de desarrollo profesional<\/h3>\n<p>ALCANZA es una estrategia de aprendizaje independiente dirigida a los adultos, en especial a aquellas personas que tienen bajo su cargo la responsabilidad de cuidar y educar a los ni\u00f1os y ni\u00f1as entre las edades del nacimiento hasta los 6 a\u00f1os. Esta estrategia consiste en trabajar de forma independiente mediante la utilizaci\u00f3n de ocho m\u00f3dulos, acompa\u00f1ados, a su vez, de una serie de v\u00eddeos, que est\u00e1n disponibles de forma gratuita y pueden ser accedidos a trav\u00e9s del portal electr\u00f3nico del proyecto en <a href=\"http:\/\/alcanza.uprrp.edu\">http:\/\/alcanza.uprrp.edu<\/a>.<\/p>\n<p><strong>Los m\u00f3dulos ALCANZA se fundamentan en las pr\u00e1cticas apropiadas de la NAEYC. Los mismos trabajan los siguientes temas: <\/strong><\/p>\n<ul>\n<li>Desarrollo y crecimiento de la ni\u00f1ez: Un enfoque integrado.<\/li>\n<li>Comunidad de aprendizaje: Ambientes para explorar, crear y vivir.<\/li>\n<li>El curr\u00edculo integrado.<\/li>\n<li>Pr\u00e1cticas apropiadas para el desarrollo del lenguaje.<\/li>\n<li>Assessment del desarrollo y aprendizaje de la ni\u00f1ez temprana.<\/li>\n<li>El educador de la ni\u00f1ez en edad temprana: Promotor del aprendizaje activo.<\/li>\n<li>Atendiendo la diversidad dentro de un ambiente inclusivo.<\/li>\n<li>Relaciones rec\u00edprocas entre la escuela, la familia y la comunidad.<\/li>\n<li>Los valores<\/li>\n<li>La familia<\/li>\n<li>Socioemocional<\/li>\n<li>Infantes y maternales: Construyendo relaciones positivas con los seres queridos<\/li>\n<li>La importancia del lenguaje en la ni\u00f1ez temprana<\/li>\n<li>Lenguaje: Expresiones de lo que somos, sentimos, hacemos y pensamos<\/li>\n<li>Resiliencia<\/li>\n<\/ul>\n<p>La estrategia requiere que los educadores se re\u00fanan con un facilitador para leer y discutir cada uno de los m\u00f3dulos. En dichas discusiones, se espera que los participantes clarifiquen conceptos, compartan ideas y se familiaricen con las pr\u00e1cticas apropiadas y los criterios de acreditaci\u00f3n de la NAEYC. Con esto, se pretende que estas personas se apoyen mutuamente en la b\u00fasqueda de estrategias y recursos para elevar la calidad del servicio que ofrecen, a la vez que compartan historias de \u00e9xito.<\/p>\n<p>Los m\u00f3dulos han sido dise\u00f1ados para que el educador pueda establecer el nivel de conocimiento que tiene con respecto a los contenidos expuestos. Cada uno se compone de un texto y un breve v\u00eddeo que resume y resalta las ideas principales que se discuten en el escrito. Los m\u00f3dulos tampoco tienen un orden en particular, por lo cual cada persona puede comenzar por el tema de su mayor inter\u00e9s. Los textos comienzan con una preprueba, que recomendamos tomar antes de comenzar la lectura, de manera que el lector tenga una idea de los temas que se cubrir\u00e1n y el nivel de conocimiento que previamente tiene de los mismos. Luego, deber\u00e1 leer el contenido y trabajar los ejercicios reflexivos incluidos bajo cada secci\u00f3n o tema. \u00c9stos, incluso, pueden hacerse en compa\u00f1\u00eda de otros colegas, de manera que la lectura se haga de forma compartida. Sugerimos, igualmente, sacar un tiempo para que, junto a un facilitador, discutan los conceptos, clarifiquen las ideas expuestas y compartan estrategias y actividades que ejemplaricen las mejores pr\u00e1cticas. Al finalizar la lectura del m\u00f3dulo, se sugiere tomar la prueba nuevamente (posprueba) para determinar cu\u00e1nto m\u00e1s ha aprendido.<\/p>\n<p><strong>Talleres y recursos ofrecidos por el Centro de Investigaciones Educativas <\/strong><\/p>\n<p>Los m\u00f3dulos tambi\u00e9n pueden ser utilizados en talleres formales de desarrollo profesional, para lo cual pueden contactar al Centro de Investigaciones Educativas, quienes tienen personal disponible para su contrataci\u00f3n. Al finalizar dichos talleres, el CIE otorgar\u00e1 a los asistentes un certificado de participaci\u00f3n. Para mayor informaci\u00f3n pueden llamar a la Dra. Yarimar Rosa Rodr\u00edguez al tel\u00e9fono (787) 764-0000, extensi\u00f3n 89045.<\/p>\n<h3>Las pr\u00e1cticas apropiadas<\/h3>\n<p>Las Pr\u00e1cticas Apropiadas desarrolladas por la National Association for the Education of Young Children (NAEYC) son criterios de calidad que ayudan a los educadores a seleccionar y planificar experiencias educativas efectivas y adecuadas, independientemente de los enfoques curriculares existentes. Las pr\u00e1cticas apropiadas promueven, en los educadores, los siguientes valores:<\/p>\n<ul>\n<li>atender a cada ni\u00f1o en el nivel de desarrollo (f\u00edsico, social, emocional y cognitivo) en que se encuentra;<\/li>\n<li>identificar metas adecuadas para la ni\u00f1ez, asegurando que \u00e9stas puedan ser alcanzadas por todos los ni\u00f1os, a la vez que les ofrecen retos;<\/li>\n<li>reconocer que las metas educativas van a variar de individuo a individuo, dependiendo de su nivel de desarrollo, experiencias, conocimientos, destrezas y contexto en donde se ofrecen las experiencias de aprendizaje (Copple &amp; Bredekamp, 2006).<\/li>\n<\/ul>\n<p>Estas pr\u00e1cticas apropiadas para la ni\u00f1ez temprana les permiten, a los educadores, tomar decisiones relacionadas al proceso de ense\u00f1anza aprendizaje, que var\u00edan con y se adaptan a la edad, experiencia, intereses y habilidades de los ni\u00f1os y ni\u00f1as, dentro de un par\u00e1metro determinado de edades (nacimiento a 3 a\u00f1os; de 3 a 6 a\u00f1os).<\/p>\n<p><strong>Las pr\u00e1cticas apropiadas para el desarrollo infantil reafirman que los ni\u00f1os y ni\u00f1as de edad temprana aprenden: <\/strong><\/p>\n<ul>\n<li>cuando interaccionan con adultos que les aman, respetan y son capaces de responderles de forma positiva;<\/li>\n<li>al interaccionar de forma activa con los objetos y el mundo que les rodea: el juego, la exploraci\u00f3n, la experimentaci\u00f3n, la interacci\u00f3n con las otras personas, as\u00ed como manipular y tocar los objetos son experiencias que propician el aprendizaje de forma concreta, usando todos los sentidos (ver, oler, escuchar, probar y tocar);<\/li>\n<li>de experiencias significativas: los ni\u00f1os y ni\u00f1as aprenden mejor cuando pueden hacer conexiones entre lo que saben y lo nuevo a aprender;<\/li>\n<li>cuando se les permite a los ni\u00f1os construir su propio conocimiento: es importante que los adultos permitan el tiempo para que los ni\u00f1os puedan descifrar, por s\u00ed mismos, los conocimientos;<\/li>\n<li>JUGANDO: el juego es fundamental para el aprendizaje, ya que les permite a los ni\u00f1os solucionar problemas, tomar decisiones, conversar y negociar.<\/li>\n<\/ul>\n<p><strong>Adem\u00e1s, las pr\u00e1cticas apropiadas para el desarrollo infantil definen los siguientes cinco aspectos como gu\u00edas que deben regir nuestras pr\u00e1cticas educativas: <\/strong><\/p>\n<ul>\n<li>Crear una comunidad de aprendices, donde todos se sientan que pertenecen, que est\u00e1n en un ambiente seguro y que son tan importantes como los dem\u00e1s, que podemos aprender juntos, que cuando hay problemas se puede dialogar para lograr una soluci\u00f3n y que, trabajando juntos y de forma colaborativa, se pueden lograr grandes cosas.<\/li>\n<li>Ense\u00f1ar con el prop\u00f3sito de enaltecer y propiciar el desarrollo y el aprendizaje. Los buenos educadores usan una amplia variedad de estrategias de ense\u00f1anza. Brindan atenci\u00f3n positiva a los ni\u00f1os cuando \u00e9stos demuestran conductas apropiadas y los motivan para que persistan y se esfuercen. Asimismo, modelan a los ni\u00f1os las conductas apropiadas, les ofrecen retrocomunicaci\u00f3n espec\u00edfica, estructuran y les ofrecen retos, proveen informaci\u00f3n y dan direcci\u00f3n. Saben organizar el aprendizaje de forma escalonada, var\u00edan el trabajo en grupo grande y peque\u00f1o, propician el juego, permiten que los ni\u00f1os trabajen en las \u00e1reas de aprendizaje, estructuran actividades de rutina durante el d\u00eda, pero son flexibles, entre otras cosas.<\/li>\n<li>Planificar un curr\u00edculo apropiado. Los educadores establecen metas claras y precisas para el aprendizaje. Adem\u00e1s, saben planificar para atender los siguientes aspectos del desarrollo de la ni\u00f1ez: socioemocional, ling\u00fc\u00edstico, matem\u00e1tico, tecnol\u00f3gico, conocimiento y el inquirir cient\u00edfico, el entendimiento de s\u00ed mismos y de nuestras comunidades, la expresi\u00f3n creativa y la apreciaci\u00f3n de las artes, el desarrollo f\u00edsico y de las destrezas.<\/li>\n<li>Evaluar el desarrollo y el aprendizaje de los ni\u00f1os y ni\u00f1as. Los educadores conocen formas alternas para evaluar y monitorear el desarrollo y el aprendizaje de los ni\u00f1os. Utilizan los resultados de la evaluaci\u00f3n para guiar y planificar la ense\u00f1anza y la toma de decisiones. Analizan los resultados para detectar e identificar aquellos ni\u00f1os que puedan beneficiarse de los apoyos y servicios especiales. Informan y comunican a otros (padres, especialistas, profesionales de la salud, entre otros) las fortalezas y necesidades de los ni\u00f1os para que \u00e9stos colaboren, de forma efectiva, en el proceso de ense\u00f1anza aprendizaje.<\/li>\n<li>Desarrollar relaciones rec\u00edprocas con las familias. Los educadores establecen, con los ni\u00f1os, la familia y la comunidad, relaciones que se caracterizan por el respeto mutuo, la cooperaci\u00f3n, las responsabilidades compartidas y la negociaci\u00f3n de las diferencias para lograr una meta com\u00fan.<\/li>\n<\/ul>\n<p>En resumen, las pr\u00e1cticas apropiadas son principios gu\u00edas que nos permiten tomar decisiones sobre c\u00f3mo propiciar mejor el aprendizaje, fundamentando las mismas en el entendimiento de las etapas del desarrollo y el aprendizaje de la ni\u00f1ez temprana. Los buenos educadores reconocen que ofrecer un servicio de calidad y planificar actividades apropiadas para los ni\u00f1os entre las edades desde el nacimiento hasta los 6 a\u00f1os requiere de un conocimiento amplio sobre las caracter\u00edsticas, intereses y habilidades de los ni\u00f1os y ni\u00f1as, acorde con su nivel de desarrollo.<\/p>\n<p>Las pr\u00e1cticas apropiadas representan un enfoque hacia la educaci\u00f3n, que reconoce al ni\u00f1o como un ser humano en desarrollo, como un ente activo, que aprende a lo largo de la vida, capaz de construir su propio conocimiento a trav\u00e9s de la interacci\u00f3n con otros (padres, cuidadores, amigos y familiares) y los objetos que forman parte de su ambiente. A tales fines, la NAEYC ha desarrollado una serie de criterios y ha establecido un procedimiento de acreditaci\u00f3n voluntario para aquellos centros que deseen convertir sus salones en mejores ambientes, que ejemplaricen los m\u00e1s altos criterios de calidad. Este sistema de acreditaci\u00f3n es una forma de enaltecer y reconocer la excelente labor que muchos centros de desarrollo hacen por la ni\u00f1ez temprana.<\/p>\n<h3>ALCANZA y las pr\u00e1cticas apropiadas<\/h3>\n<p>ALCANZA, como estrategia, aspira a que los educadores se interesen por conocer m\u00e1s sobre los criterios de acreditaci\u00f3n y de calidad para mejorar los servicios que actualmente ofrecen. La National Association for the Education of Young Children (NAEYC) es una organizaci\u00f3n dedicada a mejorar el bienestar de la ni\u00f1ez temprana, con un \u00e9nfasis especial en los servicios educativos y del desarrollo de la ni\u00f1ez entre las edades de nacimiento a los 8 a\u00f1os de edad. La NAEYC es una de las organizaciones mundiales m\u00e1s grandes que trabajan por el bienestar de la ni\u00f1ez. Su membrec\u00eda est\u00e1 abierta a aquellas personas que desean servir y actuar a favor o en beneficio de las necesidades y los derechos de todos los ni\u00f1os y ni\u00f1as. Recomendamos a las personas interesadas en conocer m\u00e1s sobre el proceso de acreditaci\u00f3n auspiciado por la NAEYC que accedan la p\u00e1gina electr\u00f3nica <a href=\"http:\/\/www.naeyc.org\/accreditation\/\">http:\/\/www.naeyc.org\/accreditation\/ <\/a><\/p>\n<p>En Puerto Rico, la Asociaci\u00f3n Puertorrique\u00f1a para la Educaci\u00f3n de la Ni\u00f1ez de Edad Temprana (PRAEYC, por sus siglas en ingl\u00e9s) est\u00e1 afiliada a la NAEYC. Su misi\u00f3n es trabajar colaborativamente para promulgar el cuidado, la educaci\u00f3n, el bienestar y el desarrollo integral de la ni\u00f1ez en edad temprana (nacimiento a los 8 a\u00f1os) a trav\u00e9s de oportunidades para el fortalecimiento de los profesionales y los programas. Para contactar a PRAEYC, puede acceder la p\u00e1gina electr\u00f3nica <a href=\"http:\/\/praeyc.org\">http:\/\/praeyc.org<\/a><\/p>\n","protected":false},"excerpt":{"rendered":"<p>\u00bfQu\u00e9 es el Proyecto Alcanza? ALCANZA es una iniciativa auspiciada por la Fundaci\u00f3n \u00c1ngel Ramos (FAR) y el Centro de Investigaciones Educativas (CIE) de la Facultad de Educaci\u00f3n de la Universidad de Puerto Rico, Recinto de R\u00edo Piedras. La misma &hellip; <\/p>\n","protected":false},"author":10,"featured_media":0,"parent":0,"menu_order":0,"comment_status":"closed","ping_status":"closed","template":"","meta":{"footnotes":""},"class_list":["post-13000","page","type-page","status-publish","hentry"],"yoast_head":"<!-- This site is optimized with the Yoast SEO plugin v27.3 - https:\/\/yoast.com\/product\/yoast-seo-wordpress\/ -->\n<title>\u00bfQu\u00e9 es ALCANZA? - Proyecto ALCANZA<\/title>\n<meta name=\"robots\" content=\"noindex, follow, max-snippet:-1, max-image-preview:large, max-video-preview:-1\" \/>\n<meta property=\"og:locale\" content=\"en_US\" \/>\n<meta property=\"og:type\" content=\"article\" \/>\n<meta property=\"og:title\" content=\"\u00bfQu\u00e9 es ALCANZA? - Proyecto ALCANZA\" \/>\n<meta property=\"og:description\" content=\"\u00bfQu\u00e9 es el Proyecto Alcanza? ALCANZA es una iniciativa auspiciada por la Fundaci\u00f3n \u00c1ngel Ramos (FAR) y el Centro de Investigaciones Educativas (CIE) de la Facultad de Educaci\u00f3n de la Universidad de Puerto Rico, Recinto de R\u00edo Piedras. La misma &hellip;\" \/>\n<meta property=\"og:url\" content=\"https:\/\/cie.uprrp.edu\/alcanza\/que-es-alcanza\/\" \/>\n<meta property=\"og:site_name\" content=\"Proyecto ALCANZA\" \/>\n<meta property=\"article:modified_time\" content=\"2024-01-25T13:28:47+00:00\" \/>\n<meta property=\"og:image\" content=\"https:\/\/cie.uprrp.edu\/alcanza\/wp-content\/uploads\/sites\/14\/2024\/01\/logo-Alcanza-footer.png\" \/>\n<meta name=\"twitter:card\" content=\"summary_large_image\" \/>\n<meta name=\"twitter:label1\" content=\"Est. reading time\" \/>\n\t<meta name=\"twitter:data1\" content=\"9 minutes\" \/>\n<script type=\"application\/ld+json\" class=\"yoast-schema-graph\">{\"@context\":\"https:\\\/\\\/schema.org\",\"@graph\":[{\"@type\":\"WebPage\",\"@id\":\"https:\\\/\\\/cie.uprrp.edu\\\/alcanza\\\/que-es-alcanza\\\/\",\"url\":\"https:\\\/\\\/cie.uprrp.edu\\\/alcanza\\\/que-es-alcanza\\\/\",\"name\":\"\u00bfQu\u00e9 es ALCANZA? - Proyecto ALCANZA\",\"isPartOf\":{\"@id\":\"https:\\\/\\\/cie.uprrp.edu\\\/alcanza\\\/#website\"},\"primaryImageOfPage\":{\"@id\":\"https:\\\/\\\/cie.uprrp.edu\\\/alcanza\\\/que-es-alcanza\\\/#primaryimage\"},\"image\":{\"@id\":\"https:\\\/\\\/cie.uprrp.edu\\\/alcanza\\\/que-es-alcanza\\\/#primaryimage\"},\"thumbnailUrl\":\"https:\\\/\\\/cie.uprrp.edu\\\/alcanza\\\/wp-content\\\/uploads\\\/sites\\\/14\\\/2024\\\/01\\\/logo-Alcanza-footer.png\",\"datePublished\":\"2022-12-15T15:21:09+00:00\",\"dateModified\":\"2024-01-25T13:28:47+00:00\",\"breadcrumb\":{\"@id\":\"https:\\\/\\\/cie.uprrp.edu\\\/alcanza\\\/que-es-alcanza\\\/#breadcrumb\"},\"inLanguage\":\"en-US\",\"potentialAction\":[{\"@type\":\"ReadAction\",\"target\":[\"https:\\\/\\\/cie.uprrp.edu\\\/alcanza\\\/que-es-alcanza\\\/\"]}]},{\"@type\":\"ImageObject\",\"inLanguage\":\"en-US\",\"@id\":\"https:\\\/\\\/cie.uprrp.edu\\\/alcanza\\\/que-es-alcanza\\\/#primaryimage\",\"url\":\"https:\\\/\\\/cie.uprrp.edu\\\/alcanza\\\/wp-content\\\/uploads\\\/sites\\\/14\\\/2024\\\/01\\\/logo-Alcanza-footer.png\",\"contentUrl\":\"https:\\\/\\\/cie.uprrp.edu\\\/alcanza\\\/wp-content\\\/uploads\\\/sites\\\/14\\\/2024\\\/01\\\/logo-Alcanza-footer.png\",\"width\":200,\"height\":300,\"caption\":\"Logo Proyecto ALCANZA\"},{\"@type\":\"BreadcrumbList\",\"@id\":\"https:\\\/\\\/cie.uprrp.edu\\\/alcanza\\\/que-es-alcanza\\\/#breadcrumb\",\"itemListElement\":[{\"@type\":\"ListItem\",\"position\":1,\"name\":\"Home\",\"item\":\"https:\\\/\\\/cie.uprrp.edu\\\/alcanza\\\/\"},{\"@type\":\"ListItem\",\"position\":2,\"name\":\"\u00bfQu\u00e9 es ALCANZA?\"}]},{\"@type\":\"WebSite\",\"@id\":\"https:\\\/\\\/cie.uprrp.edu\\\/alcanza\\\/#website\",\"url\":\"https:\\\/\\\/cie.uprrp.edu\\\/alcanza\\\/\",\"name\":\"Proyecto ALCANZA\",\"description\":\"Education WordPress Theme\",\"potentialAction\":[{\"@type\":\"SearchAction\",\"target\":{\"@type\":\"EntryPoint\",\"urlTemplate\":\"https:\\\/\\\/cie.uprrp.edu\\\/alcanza\\\/?s={search_term_string}\"},\"query-input\":{\"@type\":\"PropertyValueSpecification\",\"valueRequired\":true,\"valueName\":\"search_term_string\"}}],\"inLanguage\":\"en-US\"}]}<\/script>\n<!-- \/ Yoast SEO plugin. -->","yoast_head_json":{"title":"\u00bfQu\u00e9 es ALCANZA? - Proyecto ALCANZA","robots":{"index":"noindex","follow":"follow","max-snippet":"max-snippet:-1","max-image-preview":"max-image-preview:large","max-video-preview":"max-video-preview:-1"},"og_locale":"en_US","og_type":"article","og_title":"\u00bfQu\u00e9 es ALCANZA? - Proyecto ALCANZA","og_description":"\u00bfQu\u00e9 es el Proyecto Alcanza? ALCANZA es una iniciativa auspiciada por la Fundaci\u00f3n \u00c1ngel Ramos (FAR) y el Centro de Investigaciones Educativas (CIE) de la Facultad de Educaci\u00f3n de la Universidad de Puerto Rico, Recinto de R\u00edo Piedras. La misma &hellip;","og_url":"https:\/\/cie.uprrp.edu\/alcanza\/que-es-alcanza\/","og_site_name":"Proyecto ALCANZA","article_modified_time":"2024-01-25T13:28:47+00:00","og_image":[{"url":"https:\/\/cie.uprrp.edu\/alcanza\/wp-content\/uploads\/sites\/14\/2024\/01\/logo-Alcanza-footer.png","type":"","width":"","height":""}],"twitter_card":"summary_large_image","twitter_misc":{"Est. reading time":"9 minutes"},"schema":{"@context":"https:\/\/schema.org","@graph":[{"@type":"WebPage","@id":"https:\/\/cie.uprrp.edu\/alcanza\/que-es-alcanza\/","url":"https:\/\/cie.uprrp.edu\/alcanza\/que-es-alcanza\/","name":"\u00bfQu\u00e9 es ALCANZA? - Proyecto ALCANZA","isPartOf":{"@id":"https:\/\/cie.uprrp.edu\/alcanza\/#website"},"primaryImageOfPage":{"@id":"https:\/\/cie.uprrp.edu\/alcanza\/que-es-alcanza\/#primaryimage"},"image":{"@id":"https:\/\/cie.uprrp.edu\/alcanza\/que-es-alcanza\/#primaryimage"},"thumbnailUrl":"https:\/\/cie.uprrp.edu\/alcanza\/wp-content\/uploads\/sites\/14\/2024\/01\/logo-Alcanza-footer.png","datePublished":"2022-12-15T15:21:09+00:00","dateModified":"2024-01-25T13:28:47+00:00","breadcrumb":{"@id":"https:\/\/cie.uprrp.edu\/alcanza\/que-es-alcanza\/#breadcrumb"},"inLanguage":"en-US","potentialAction":[{"@type":"ReadAction","target":["https:\/\/cie.uprrp.edu\/alcanza\/que-es-alcanza\/"]}]},{"@type":"ImageObject","inLanguage":"en-US","@id":"https:\/\/cie.uprrp.edu\/alcanza\/que-es-alcanza\/#primaryimage","url":"https:\/\/cie.uprrp.edu\/alcanza\/wp-content\/uploads\/sites\/14\/2024\/01\/logo-Alcanza-footer.png","contentUrl":"https:\/\/cie.uprrp.edu\/alcanza\/wp-content\/uploads\/sites\/14\/2024\/01\/logo-Alcanza-footer.png","width":200,"height":300,"caption":"Logo Proyecto ALCANZA"},{"@type":"BreadcrumbList","@id":"https:\/\/cie.uprrp.edu\/alcanza\/que-es-alcanza\/#breadcrumb","itemListElement":[{"@type":"ListItem","position":1,"name":"Home","item":"https:\/\/cie.uprrp.edu\/alcanza\/"},{"@type":"ListItem","position":2,"name":"\u00bfQu\u00e9 es ALCANZA?"}]},{"@type":"WebSite","@id":"https:\/\/cie.uprrp.edu\/alcanza\/#website","url":"https:\/\/cie.uprrp.edu\/alcanza\/","name":"Proyecto ALCANZA","description":"Education WordPress Theme","potentialAction":[{"@type":"SearchAction","target":{"@type":"EntryPoint","urlTemplate":"https:\/\/cie.uprrp.edu\/alcanza\/?s={search_term_string}"},"query-input":{"@type":"PropertyValueSpecification","valueRequired":true,"valueName":"search_term_string"}}],"inLanguage":"en-US"}]}},"_links":{"self":[{"href":"https:\/\/cie.uprrp.edu\/alcanza\/wp-json\/wp\/v2\/pages\/13000","targetHints":{"allow":["GET"]}}],"collection":[{"href":"https:\/\/cie.uprrp.edu\/alcanza\/wp-json\/wp\/v2\/pages"}],"about":[{"href":"https:\/\/cie.uprrp.edu\/alcanza\/wp-json\/wp\/v2\/types\/page"}],"author":[{"embeddable":true,"href":"https:\/\/cie.uprrp.edu\/alcanza\/wp-json\/wp\/v2\/users\/10"}],"replies":[{"embeddable":true,"href":"https:\/\/cie.uprrp.edu\/alcanza\/wp-json\/wp\/v2\/comments?post=13000"}],"version-history":[{"count":7,"href":"https:\/\/cie.uprrp.edu\/alcanza\/wp-json\/wp\/v2\/pages\/13000\/revisions"}],"predecessor-version":[{"id":13227,"href":"https:\/\/cie.uprrp.edu\/alcanza\/wp-json\/wp\/v2\/pages\/13000\/revisions\/13227"}],"wp:attachment":[{"href":"https:\/\/cie.uprrp.edu\/alcanza\/wp-json\/wp\/v2\/media?parent=13000"}],"curies":[{"name":"wp","href":"https:\/\/api.w.org\/{rel}","templated":true}]}}