{"id":13005,"date":"2022-12-15T11:25:55","date_gmt":"2022-12-15T15:25:55","guid":{"rendered":"https:\/\/cie.uprrp.edu\/alcanza\/?page_id=13005"},"modified":"2024-01-25T09:31:52","modified_gmt":"2024-01-25T13:31:52","slug":"fundacion-angel-ramos","status":"publish","type":"page","link":"https:\/\/cie.uprrp.edu\/alcanza\/fundacion-angel-ramos\/","title":{"rendered":"Fundaci\u00f3n \u00c1ngel Ramos"},"content":{"rendered":"<h1><span style=\"color: #e70033;\"><img loading=\"lazy\" decoding=\"async\" class=\"alignright size-full wp-image-13228\" src=\"https:\/\/cie.uprrp.edu\/alcanza\/wp-content\/uploads\/sites\/14\/2024\/01\/farbig.jpg\" alt=\"Logo Fundaci\u00f3n \u00c1ngel Ramos\" width=\"250\" height=\"250\" srcset=\"https:\/\/cie.uprrp.edu\/alcanza\/wp-content\/uploads\/sites\/14\/2024\/01\/farbig.jpg 250w, https:\/\/cie.uprrp.edu\/alcanza\/wp-content\/uploads\/sites\/14\/2024\/01\/farbig-150x150.jpg 150w, https:\/\/cie.uprrp.edu\/alcanza\/wp-content\/uploads\/sites\/14\/2024\/01\/farbig-100x100.jpg 100w, https:\/\/cie.uprrp.edu\/alcanza\/wp-content\/uploads\/sites\/14\/2024\/01\/farbig-65x65.jpg 65w\" sizes=\"auto, (max-width: 250px) 100vw, 250px\" \/>\u00bfQu\u00e9 es la Fundaci\u00f3n \u00c1ngel Ramos?<\/span><\/h1>\n<p>La Fundaci\u00f3n es principalmente una instituci\u00f3n que otorga donativos. Su funci\u00f3n principal es la de responder a, y buscar propuestas de organizaciones sin fines de lucro que atiendan el prop\u00f3sito de mejorar las condiciones de vida en Puerto Rico. De acuerdo con esto, sus principales objetivos son:<\/p>\n<ul>\n<li>Tomar la iniciativa de analizar problemas espec\u00edficos de Puerto Rico e invitar entonces a organizaciones a someter propuestas y preparar proyectos que atiendan estas necesidades. Contribuye de esta forma al mejoramiento educativo, cultural, c\u00edvico y de salud de la sociedad puertorrique\u00f1a.<\/li>\n<li>Fortalecer la filantrop\u00eda en general y su desarrollo en Puerto Rico, promoviendo la efectividad de las instituciones sin fines de lucro que se dedican a las actividades arriba mencionadas.<\/li>\n<li>Estimular en el sector privado el servicio filantr\u00f3pico con el fin de que otras organizaciones y empresas sigan el ejemplo de nuestra fundaci\u00f3n.<\/li>\n<\/ul>\n","protected":false},"excerpt":{"rendered":"<p>\u00bfQu\u00e9 es la Fundaci\u00f3n \u00c1ngel Ramos? La Fundaci\u00f3n es principalmente una instituci\u00f3n que otorga donativos. Su funci\u00f3n principal es la de responder a, y buscar propuestas de organizaciones sin fines de lucro que atiendan el prop\u00f3sito de mejorar las condiciones &hellip; <\/p>\n","protected":false},"author":10,"featured_media":0,"parent":0,"menu_order":0,"comment_status":"closed","ping_status":"closed","template":"","meta":{"footnotes":""},"class_list":["post-13005","page","type-page","status-publish","hentry"],"yoast_head":"<!-- This site is optimized with the Yoast SEO plugin v27.3 - https:\/\/yoast.com\/product\/yoast-seo-wordpress\/ -->\n<title>Fundaci\u00f3n \u00c1ngel Ramos - Proyecto ALCANZA<\/title>\n<meta name=\"robots\" content=\"noindex, follow, max-snippet:-1, max-image-preview:large, max-video-preview:-1\" \/>\n<meta property=\"og:locale\" content=\"en_US\" \/>\n<meta property=\"og:type\" content=\"article\" \/>\n<meta property=\"og:title\" content=\"Fundaci\u00f3n \u00c1ngel Ramos - Proyecto ALCANZA\" \/>\n<meta property=\"og:description\" content=\"\u00bfQu\u00e9 es la Fundaci\u00f3n \u00c1ngel Ramos? La Fundaci\u00f3n es principalmente una instituci\u00f3n que otorga donativos. Su funci\u00f3n principal es la de responder a, y buscar propuestas de organizaciones sin fines de lucro que atiendan el prop\u00f3sito de mejorar las condiciones &hellip;\" \/>\n<meta property=\"og:url\" content=\"https:\/\/cie.uprrp.edu\/alcanza\/fundacion-angel-ramos\/\" \/>\n<meta property=\"og:site_name\" content=\"Proyecto ALCANZA\" \/>\n<meta property=\"article:modified_time\" content=\"2024-01-25T13:31:52+00:00\" \/>\n<meta property=\"og:image\" content=\"https:\/\/cie.uprrp.edu\/alcanza\/wp-content\/uploads\/sites\/14\/2024\/01\/farbig.jpg\" \/>\n<meta name=\"twitter:card\" content=\"summary_large_image\" \/>\n<meta name=\"twitter:label1\" content=\"Est. reading time\" \/>\n\t<meta name=\"twitter:data1\" content=\"1 minute\" \/>\n<script type=\"application\/ld+json\" class=\"yoast-schema-graph\">{\"@context\":\"https:\\\/\\\/schema.org\",\"@graph\":[{\"@type\":\"WebPage\",\"@id\":\"https:\\\/\\\/cie.uprrp.edu\\\/alcanza\\\/fundacion-angel-ramos\\\/\",\"url\":\"https:\\\/\\\/cie.uprrp.edu\\\/alcanza\\\/fundacion-angel-ramos\\\/\",\"name\":\"Fundaci\u00f3n \u00c1ngel Ramos - Proyecto ALCANZA\",\"isPartOf\":{\"@id\":\"https:\\\/\\\/cie.uprrp.edu\\\/alcanza\\\/#website\"},\"primaryImageOfPage\":{\"@id\":\"https:\\\/\\\/cie.uprrp.edu\\\/alcanza\\\/fundacion-angel-ramos\\\/#primaryimage\"},\"image\":{\"@id\":\"https:\\\/\\\/cie.uprrp.edu\\\/alcanza\\\/fundacion-angel-ramos\\\/#primaryimage\"},\"thumbnailUrl\":\"https:\\\/\\\/cie.uprrp.edu\\\/alcanza\\\/wp-content\\\/uploads\\\/sites\\\/14\\\/2024\\\/01\\\/farbig.jpg\",\"datePublished\":\"2022-12-15T15:25:55+00:00\",\"dateModified\":\"2024-01-25T13:31:52+00:00\",\"breadcrumb\":{\"@id\":\"https:\\\/\\\/cie.uprrp.edu\\\/alcanza\\\/fundacion-angel-ramos\\\/#breadcrumb\"},\"inLanguage\":\"en-US\",\"potentialAction\":[{\"@type\":\"ReadAction\",\"target\":[\"https:\\\/\\\/cie.uprrp.edu\\\/alcanza\\\/fundacion-angel-ramos\\\/\"]}]},{\"@type\":\"ImageObject\",\"inLanguage\":\"en-US\",\"@id\":\"https:\\\/\\\/cie.uprrp.edu\\\/alcanza\\\/fundacion-angel-ramos\\\/#primaryimage\",\"url\":\"https:\\\/\\\/cie.uprrp.edu\\\/alcanza\\\/wp-content\\\/uploads\\\/sites\\\/14\\\/2024\\\/01\\\/farbig.jpg\",\"contentUrl\":\"https:\\\/\\\/cie.uprrp.edu\\\/alcanza\\\/wp-content\\\/uploads\\\/sites\\\/14\\\/2024\\\/01\\\/farbig.jpg\",\"width\":250,\"height\":250,\"caption\":\"Logo Fundaci\u00f3n \u00c1ngel Ramos\"},{\"@type\":\"BreadcrumbList\",\"@id\":\"https:\\\/\\\/cie.uprrp.edu\\\/alcanza\\\/fundacion-angel-ramos\\\/#breadcrumb\",\"itemListElement\":[{\"@type\":\"ListItem\",\"position\":1,\"name\":\"Home\",\"item\":\"https:\\\/\\\/cie.uprrp.edu\\\/alcanza\\\/\"},{\"@type\":\"ListItem\",\"position\":2,\"name\":\"Fundaci\u00f3n \u00c1ngel Ramos\"}]},{\"@type\":\"WebSite\",\"@id\":\"https:\\\/\\\/cie.uprrp.edu\\\/alcanza\\\/#website\",\"url\":\"https:\\\/\\\/cie.uprrp.edu\\\/alcanza\\\/\",\"name\":\"Proyecto ALCANZA\",\"description\":\"Education WordPress Theme\",\"potentialAction\":[{\"@type\":\"SearchAction\",\"target\":{\"@type\":\"EntryPoint\",\"urlTemplate\":\"https:\\\/\\\/cie.uprrp.edu\\\/alcanza\\\/?s={search_term_string}\"},\"query-input\":{\"@type\":\"PropertyValueSpecification\",\"valueRequired\":true,\"valueName\":\"search_term_string\"}}],\"inLanguage\":\"en-US\"}]}<\/script>\n<!-- \/ Yoast SEO plugin. -->","yoast_head_json":{"title":"Fundaci\u00f3n \u00c1ngel Ramos - Proyecto ALCANZA","robots":{"index":"noindex","follow":"follow","max-snippet":"max-snippet:-1","max-image-preview":"max-image-preview:large","max-video-preview":"max-video-preview:-1"},"og_locale":"en_US","og_type":"article","og_title":"Fundaci\u00f3n \u00c1ngel Ramos - Proyecto ALCANZA","og_description":"\u00bfQu\u00e9 es la Fundaci\u00f3n \u00c1ngel Ramos? La Fundaci\u00f3n es principalmente una instituci\u00f3n que otorga donativos. Su funci\u00f3n principal es la de responder a, y buscar propuestas de organizaciones sin fines de lucro que atiendan el prop\u00f3sito de mejorar las condiciones &hellip;","og_url":"https:\/\/cie.uprrp.edu\/alcanza\/fundacion-angel-ramos\/","og_site_name":"Proyecto ALCANZA","article_modified_time":"2024-01-25T13:31:52+00:00","og_image":[{"url":"https:\/\/cie.uprrp.edu\/alcanza\/wp-content\/uploads\/sites\/14\/2024\/01\/farbig.jpg","type":"","width":"","height":""}],"twitter_card":"summary_large_image","twitter_misc":{"Est. reading time":"1 minute"},"schema":{"@context":"https:\/\/schema.org","@graph":[{"@type":"WebPage","@id":"https:\/\/cie.uprrp.edu\/alcanza\/fundacion-angel-ramos\/","url":"https:\/\/cie.uprrp.edu\/alcanza\/fundacion-angel-ramos\/","name":"Fundaci\u00f3n \u00c1ngel Ramos - Proyecto ALCANZA","isPartOf":{"@id":"https:\/\/cie.uprrp.edu\/alcanza\/#website"},"primaryImageOfPage":{"@id":"https:\/\/cie.uprrp.edu\/alcanza\/fundacion-angel-ramos\/#primaryimage"},"image":{"@id":"https:\/\/cie.uprrp.edu\/alcanza\/fundacion-angel-ramos\/#primaryimage"},"thumbnailUrl":"https:\/\/cie.uprrp.edu\/alcanza\/wp-content\/uploads\/sites\/14\/2024\/01\/farbig.jpg","datePublished":"2022-12-15T15:25:55+00:00","dateModified":"2024-01-25T13:31:52+00:00","breadcrumb":{"@id":"https:\/\/cie.uprrp.edu\/alcanza\/fundacion-angel-ramos\/#breadcrumb"},"inLanguage":"en-US","potentialAction":[{"@type":"ReadAction","target":["https:\/\/cie.uprrp.edu\/alcanza\/fundacion-angel-ramos\/"]}]},{"@type":"ImageObject","inLanguage":"en-US","@id":"https:\/\/cie.uprrp.edu\/alcanza\/fundacion-angel-ramos\/#primaryimage","url":"https:\/\/cie.uprrp.edu\/alcanza\/wp-content\/uploads\/sites\/14\/2024\/01\/farbig.jpg","contentUrl":"https:\/\/cie.uprrp.edu\/alcanza\/wp-content\/uploads\/sites\/14\/2024\/01\/farbig.jpg","width":250,"height":250,"caption":"Logo Fundaci\u00f3n \u00c1ngel Ramos"},{"@type":"BreadcrumbList","@id":"https:\/\/cie.uprrp.edu\/alcanza\/fundacion-angel-ramos\/#breadcrumb","itemListElement":[{"@type":"ListItem","position":1,"name":"Home","item":"https:\/\/cie.uprrp.edu\/alcanza\/"},{"@type":"ListItem","position":2,"name":"Fundaci\u00f3n \u00c1ngel Ramos"}]},{"@type":"WebSite","@id":"https:\/\/cie.uprrp.edu\/alcanza\/#website","url":"https:\/\/cie.uprrp.edu\/alcanza\/","name":"Proyecto ALCANZA","description":"Education WordPress Theme","potentialAction":[{"@type":"SearchAction","target":{"@type":"EntryPoint","urlTemplate":"https:\/\/cie.uprrp.edu\/alcanza\/?s={search_term_string}"},"query-input":{"@type":"PropertyValueSpecification","valueRequired":true,"valueName":"search_term_string"}}],"inLanguage":"en-US"}]}},"_links":{"self":[{"href":"https:\/\/cie.uprrp.edu\/alcanza\/wp-json\/wp\/v2\/pages\/13005","targetHints":{"allow":["GET"]}}],"collection":[{"href":"https:\/\/cie.uprrp.edu\/alcanza\/wp-json\/wp\/v2\/pages"}],"about":[{"href":"https:\/\/cie.uprrp.edu\/alcanza\/wp-json\/wp\/v2\/types\/page"}],"author":[{"embeddable":true,"href":"https:\/\/cie.uprrp.edu\/alcanza\/wp-json\/wp\/v2\/users\/10"}],"replies":[{"embeddable":true,"href":"https:\/\/cie.uprrp.edu\/alcanza\/wp-json\/wp\/v2\/comments?post=13005"}],"version-history":[{"count":4,"href":"https:\/\/cie.uprrp.edu\/alcanza\/wp-json\/wp\/v2\/pages\/13005\/revisions"}],"predecessor-version":[{"id":13231,"href":"https:\/\/cie.uprrp.edu\/alcanza\/wp-json\/wp\/v2\/pages\/13005\/revisions\/13231"}],"wp:attachment":[{"href":"https:\/\/cie.uprrp.edu\/alcanza\/wp-json\/wp\/v2\/media?parent=13005"}],"curies":[{"name":"wp","href":"https:\/\/api.w.org\/{rel}","templated":true}]}}