{"id":13016,"date":"2022-12-15T11:49:38","date_gmt":"2022-12-15T15:49:38","guid":{"rendered":"https:\/\/cie.uprrp.edu\/alcanza\/?page_id=13016"},"modified":"2024-01-25T10:12:27","modified_gmt":"2024-01-25T14:12:27","slug":"recursos","status":"publish","type":"page","link":"https:\/\/cie.uprrp.edu\/alcanza\/recursos\/","title":{"rendered":"Recursos"},"content":{"rendered":"<h1><span style=\"color: #e70033;\">Recursos del proyecto<\/span><\/h1>\n<p>El Proyecto ALCANZA ha contado con numerosas personas como recursos en las distintas fasetas del programa.<\/p>\n<h2>Personal Administrativo<\/h2>\n<h3>Direcci\u00f3n y coordinaci\u00f3n<\/h3>\n<ul>\n<li>Yarimar Rosa-Rodr\u00edguez, Ph.D. &#8211; Directora<\/li>\n<li>Kiana P. Pacheco- Bonilla, B.Ed. &#8211; Coordinadora<\/li>\n<li>Isset M. Pastrana-Andino, M. Ed. &#8211; Codirectora<\/li>\n<\/ul>\n<h3>Producci\u00f3n<\/h3>\n<ul>\n<li>Juan Luis Mart\u00ednez Guzm\u00e1n, M.A. \u2013 Editor<\/li>\n<li>Am\u00edlcar Rivera, M.I.S. \u2013 Director T\u00e9cnico de Televisi\u00f3n<\/li>\n<li>Gustavo Collazo, B.A. \u2013 Artista gr\u00e1fico<\/li>\n<li>Yamil P\u00e9rez Santiago, \u2013 Artista gr\u00e1fica<\/li>\n<\/ul>\n<h2>Recursos<\/h2>\n<ul>\n<li>Mar\u00eda de los \u00c1ngeles Agrinsoni-Malav\u00e9, Ph.D.<\/li>\n<li>Isset M. Pastrana-Andino, M.Ed.<\/li>\n<li>Sugeily Ortiz-Rivera, M.Ed.<\/li>\n<li>Iris A. \u00c1lvarez-Cruz, M.Ed.<\/li>\n<\/ul>\n<h2>Colaboradores<\/h2>\n<ul>\n<li>Annette G. L\u00f3pez de M\u00e9ndez, Ed.D.<\/li>\n<li>Mar\u00eda de los \u00c1ngeles Agrinsoni Malav\u00e9, Ph.D.<\/li>\n<li>Cruz E. Brugueras Cort\u00e9s, Ed.D.<\/li>\n<li>Lirio del C. Mart\u00ednez Miranda, Ed.D.<\/li>\n<li>Mari Lourdes Mendoza Bas, M.A.<\/li>\n<li>Awilda N\u00fa\u00f1ez S\u00e1nchez, Ed.D.<\/li>\n<li>Lourdes I. Serrano Alicea, M.A.<\/li>\n<li>Nellie J. Zambrana Ortiz, Ph.D.<\/li>\n<li>Yanitza Lebr\u00f3n, M.Ed.<\/li>\n<li>Germie Corujo, Ed.D.<\/li>\n<li>Rafael Ortiz, M.Ed.<\/li>\n<li>Wanda I. Figueroa Fuentes, Ph.D.<\/li>\n<li>Sugeily Ortiz-Rivera, M.Ed.<\/li>\n<\/ul>\n","protected":false},"excerpt":{"rendered":"<p>Recursos del proyecto El Proyecto ALCANZA ha contado con numerosas personas como recursos en las distintas fasetas del programa. Personal Administrativo Direcci\u00f3n y coordinaci\u00f3n Yarimar Rosa-Rodr\u00edguez, Ph.D. &#8211; Directora Kiana P. Pacheco- Bonilla, B.Ed. &#8211; Coordinadora Isset M. Pastrana-Andino, M. &hellip; <\/p>\n","protected":false},"author":10,"featured_media":0,"parent":0,"menu_order":0,"comment_status":"closed","ping_status":"closed","template":"","meta":{"footnotes":""},"class_list":["post-13016","page","type-page","status-publish","hentry"],"yoast_head":"<!-- This site is optimized with the Yoast SEO plugin v27.3 - https:\/\/yoast.com\/product\/yoast-seo-wordpress\/ -->\n<title>Recursos - Proyecto ALCANZA<\/title>\n<meta name=\"robots\" content=\"noindex, follow, max-snippet:-1, max-image-preview:large, max-video-preview:-1\" \/>\n<meta property=\"og:locale\" content=\"en_US\" \/>\n<meta property=\"og:type\" content=\"article\" \/>\n<meta property=\"og:title\" content=\"Recursos - Proyecto ALCANZA\" \/>\n<meta property=\"og:description\" content=\"Recursos del proyecto El Proyecto ALCANZA ha contado con numerosas personas como recursos en las distintas fasetas del programa. Personal Administrativo Direcci\u00f3n y coordinaci\u00f3n Yarimar Rosa-Rodr\u00edguez, Ph.D. &#8211; Directora Kiana P. Pacheco- Bonilla, B.Ed. &#8211; Coordinadora Isset M. Pastrana-Andino, M. &hellip;\" \/>\n<meta property=\"og:url\" content=\"https:\/\/cie.uprrp.edu\/alcanza\/recursos\/\" \/>\n<meta property=\"og:site_name\" content=\"Proyecto ALCANZA\" \/>\n<meta property=\"article:modified_time\" content=\"2024-01-25T14:12:27+00:00\" \/>\n<meta name=\"twitter:card\" content=\"summary_large_image\" \/>\n<meta name=\"twitter:label1\" content=\"Est. reading time\" \/>\n\t<meta name=\"twitter:data1\" content=\"1 minute\" \/>\n<script type=\"application\/ld+json\" class=\"yoast-schema-graph\">{\"@context\":\"https:\\\/\\\/schema.org\",\"@graph\":[{\"@type\":\"WebPage\",\"@id\":\"https:\\\/\\\/cie.uprrp.edu\\\/alcanza\\\/recursos\\\/\",\"url\":\"https:\\\/\\\/cie.uprrp.edu\\\/alcanza\\\/recursos\\\/\",\"name\":\"Recursos - Proyecto ALCANZA\",\"isPartOf\":{\"@id\":\"https:\\\/\\\/cie.uprrp.edu\\\/alcanza\\\/#website\"},\"datePublished\":\"2022-12-15T15:49:38+00:00\",\"dateModified\":\"2024-01-25T14:12:27+00:00\",\"breadcrumb\":{\"@id\":\"https:\\\/\\\/cie.uprrp.edu\\\/alcanza\\\/recursos\\\/#breadcrumb\"},\"inLanguage\":\"en-US\",\"potentialAction\":[{\"@type\":\"ReadAction\",\"target\":[\"https:\\\/\\\/cie.uprrp.edu\\\/alcanza\\\/recursos\\\/\"]}]},{\"@type\":\"BreadcrumbList\",\"@id\":\"https:\\\/\\\/cie.uprrp.edu\\\/alcanza\\\/recursos\\\/#breadcrumb\",\"itemListElement\":[{\"@type\":\"ListItem\",\"position\":1,\"name\":\"Home\",\"item\":\"https:\\\/\\\/cie.uprrp.edu\\\/alcanza\\\/\"},{\"@type\":\"ListItem\",\"position\":2,\"name\":\"Recursos\"}]},{\"@type\":\"WebSite\",\"@id\":\"https:\\\/\\\/cie.uprrp.edu\\\/alcanza\\\/#website\",\"url\":\"https:\\\/\\\/cie.uprrp.edu\\\/alcanza\\\/\",\"name\":\"Proyecto ALCANZA\",\"description\":\"Education WordPress Theme\",\"potentialAction\":[{\"@type\":\"SearchAction\",\"target\":{\"@type\":\"EntryPoint\",\"urlTemplate\":\"https:\\\/\\\/cie.uprrp.edu\\\/alcanza\\\/?s={search_term_string}\"},\"query-input\":{\"@type\":\"PropertyValueSpecification\",\"valueRequired\":true,\"valueName\":\"search_term_string\"}}],\"inLanguage\":\"en-US\"}]}<\/script>\n<!-- \/ Yoast SEO plugin. -->","yoast_head_json":{"title":"Recursos - Proyecto ALCANZA","robots":{"index":"noindex","follow":"follow","max-snippet":"max-snippet:-1","max-image-preview":"max-image-preview:large","max-video-preview":"max-video-preview:-1"},"og_locale":"en_US","og_type":"article","og_title":"Recursos - Proyecto ALCANZA","og_description":"Recursos del proyecto El Proyecto ALCANZA ha contado con numerosas personas como recursos en las distintas fasetas del programa. Personal Administrativo Direcci\u00f3n y coordinaci\u00f3n Yarimar Rosa-Rodr\u00edguez, Ph.D. &#8211; Directora Kiana P. Pacheco- Bonilla, B.Ed. &#8211; Coordinadora Isset M. Pastrana-Andino, M. &hellip;","og_url":"https:\/\/cie.uprrp.edu\/alcanza\/recursos\/","og_site_name":"Proyecto ALCANZA","article_modified_time":"2024-01-25T14:12:27+00:00","twitter_card":"summary_large_image","twitter_misc":{"Est. reading time":"1 minute"},"schema":{"@context":"https:\/\/schema.org","@graph":[{"@type":"WebPage","@id":"https:\/\/cie.uprrp.edu\/alcanza\/recursos\/","url":"https:\/\/cie.uprrp.edu\/alcanza\/recursos\/","name":"Recursos - Proyecto ALCANZA","isPartOf":{"@id":"https:\/\/cie.uprrp.edu\/alcanza\/#website"},"datePublished":"2022-12-15T15:49:38+00:00","dateModified":"2024-01-25T14:12:27+00:00","breadcrumb":{"@id":"https:\/\/cie.uprrp.edu\/alcanza\/recursos\/#breadcrumb"},"inLanguage":"en-US","potentialAction":[{"@type":"ReadAction","target":["https:\/\/cie.uprrp.edu\/alcanza\/recursos\/"]}]},{"@type":"BreadcrumbList","@id":"https:\/\/cie.uprrp.edu\/alcanza\/recursos\/#breadcrumb","itemListElement":[{"@type":"ListItem","position":1,"name":"Home","item":"https:\/\/cie.uprrp.edu\/alcanza\/"},{"@type":"ListItem","position":2,"name":"Recursos"}]},{"@type":"WebSite","@id":"https:\/\/cie.uprrp.edu\/alcanza\/#website","url":"https:\/\/cie.uprrp.edu\/alcanza\/","name":"Proyecto ALCANZA","description":"Education WordPress Theme","potentialAction":[{"@type":"SearchAction","target":{"@type":"EntryPoint","urlTemplate":"https:\/\/cie.uprrp.edu\/alcanza\/?s={search_term_string}"},"query-input":{"@type":"PropertyValueSpecification","valueRequired":true,"valueName":"search_term_string"}}],"inLanguage":"en-US"}]}},"_links":{"self":[{"href":"https:\/\/cie.uprrp.edu\/alcanza\/wp-json\/wp\/v2\/pages\/13016","targetHints":{"allow":["GET"]}}],"collection":[{"href":"https:\/\/cie.uprrp.edu\/alcanza\/wp-json\/wp\/v2\/pages"}],"about":[{"href":"https:\/\/cie.uprrp.edu\/alcanza\/wp-json\/wp\/v2\/types\/page"}],"author":[{"embeddable":true,"href":"https:\/\/cie.uprrp.edu\/alcanza\/wp-json\/wp\/v2\/users\/10"}],"replies":[{"embeddable":true,"href":"https:\/\/cie.uprrp.edu\/alcanza\/wp-json\/wp\/v2\/comments?post=13016"}],"version-history":[{"count":3,"href":"https:\/\/cie.uprrp.edu\/alcanza\/wp-json\/wp\/v2\/pages\/13016\/revisions"}],"predecessor-version":[{"id":13238,"href":"https:\/\/cie.uprrp.edu\/alcanza\/wp-json\/wp\/v2\/pages\/13016\/revisions\/13238"}],"wp:attachment":[{"href":"https:\/\/cie.uprrp.edu\/alcanza\/wp-json\/wp\/v2\/media?parent=13016"}],"curies":[{"name":"wp","href":"https:\/\/api.w.org\/{rel}","templated":true}]}}