{"id":13079,"date":"2022-12-15T14:23:57","date_gmt":"2022-12-15T18:23:57","guid":{"rendered":"https:\/\/cie.uprrp.edu\/alcanza\/?page_id=13079"},"modified":"2022-12-15T14:25:14","modified_gmt":"2022-12-15T18:25:14","slug":"enlaces-portales","status":"publish","type":"page","link":"https:\/\/cie.uprrp.edu\/alcanza\/enlaces-portales\/","title":{"rendered":"Enlaces &#8211; Portales"},"content":{"rendered":"<h1>Direcci\u00f3n de portales electr\u00f3nicos sobre los temas de los m\u00f3dulos<\/h1>\n<h2>Comunidad de aprendizaje: Ambientes para explorar, crear y vivir<\/h2>\n<ul>\n<li><a href=\"http:\/\/prapenet.org\/\">Asociaci\u00f3n Puertorrique\u00f1a para la Educaci\u00f3n de la Ni\u00f1ez en Edad Temprana<\/a><\/li>\n<li><a href=\"http:\/\/www.aeceo.ca\">Association of Early Childhood Educator, Ontario\u2028 <\/a><\/li>\n<li><a href=\"http:\/\/childcareservices.org\/\">Duke University and Durham Child Care Services Association<\/a><\/li>\n<li><a href=\"http:\/\/www.southernearlychildhood.org\/\">The Southern Early Childhood Association (SECA)\u00a0<\/a><\/li>\n<li><a href=\"http:\/\/www.erickson.edu\/home.html\/\">Erikson Institute<\/a><\/li>\n<li><a href=\"http:\/\/www.fpg.unc.edu\/\">Frank Porter Graham Child Development Center<\/a>, The University of North Carolina at Chapel Hill<\/li>\n<li><a href=\"http:\/\/www.naeyc.org\">National Association for the Education of Young Children<\/a><\/li>\n<li><a href=\"http:\/\/www.nafcc.org\">National Association for Family Child Care\u2028<\/a><\/li>\n<li><a href=\"http:\/\/www.ncate.org\">National Council for Accreditation of Teacher Education<\/a><\/li>\n<li><a href=\"http:\/\/www.nichd.nih.gov\/\">National Institute of Child Health and Human Development<\/a><\/li>\n<li><a href=\"http:\/\/nieer.org\/\">National Institute for Early Education Research<\/a><\/li>\n<\/ul>\n<h2>Relaciones rec\u00edprocas entre la escuela, la familia y la comunidad<\/h2>\n<ul>\n<li><a href=\"http:\/\/www.thebabycorner.com\/\">The Baby Corner<\/a><\/li>\n<li><a href=\"http:\/\/www.marchofdimes.com\/pregnancy\/yourbody_babygrowth.html\">March of Dimes: How your baby grows<\/a><\/li>\n<li><a href=\"http:\/\/www.earlychildhood.com\/\">Early Childhood<\/a><\/li>\n<li><a href=\"http:\/\/www.ecdgroup.com\">Early Childhood Care and Development\u2028<\/a><\/li>\n<li><a href=\"http:\/\/.www.childsday.com\">Child\u2019s Day\u2028<\/a><\/li>\n<\/ul>\n<h2>Atendiendo la diversidad dentro de un ambiente inclusivo<\/h2>\n<ul>\n<li><a href=\"http:\/\/www.maratondeloscuentos.org\/\">Marat\u00f3n de los cuentos de Guadalajara<\/a><\/li>\n<li><a href=\"http:\/\/www.plazasesamo.com\">Plaza S\u00e9samo<\/a><\/li>\n<li><a href=\"http:\/\/tv_mav.cnice.mec.es\/documentos_sobre_los_medios.htm\">CNICE- Documentos sobre los medios Ver la TV con los ni\u00f1os<\/a><\/li>\n<li><a href=\"http:\/\/cie.uprrp.edu\/diversidad\/\">Haciendo la Diferencia para las Personas con Capacidades Diversas\u2028<\/a><\/li>\n<\/ul>\n<h2>El educador de la ni\u00f1ez en edad temprana: Promotor del aprendizaje activo<\/h2>\n<ul>\n<li><a href=\"http:\/\/www.apeip.com\/\">Asociaci\u00f3n de Promotores de Educaci\u00f3n Inicial \u2013 Per\u00fa (APEIP)<\/a><\/li>\n<li><a href=\"http:\/\/www.acei.org\/\">Association for Childhood Education International\u2028<\/a><\/li>\n<li><a href=\"http:\/\/www.essentiallearningproducts.com\/lesson-plans-and-activities\/\">Essential Learning Products \u2013 Teaching Pre-K 8<\/a><\/li>\n<li><a href=\"http:\/\/www.gryphonhouse.com\">Gryphon House<\/a><\/li>\n<li><a href=\"http:\/\/www.reading.org\">International Reading Association\u2028<\/a><\/li>\n<li><a href=\"http:\/\/onlinelearningconsortium.org\/effective\">Online Learning Consortium: Effective Practices<\/a><\/li>\n<li><a href=\"http:\/\/www.zerotothree.org\">Zero to Three \u2013 National Center for Infants, Toddlers and Families<\/a><\/li>\n<\/ul>\n<h2>Assessment del desarrollo y aprendizaje de la ni\u00f1ez temprana<\/h2>\n<ul>\n<li><a href=\"http:\/\/www.intermedicina.com\/Avances\/Pediatria\/APE33.htm\">Gu\u00eda de Crecimiento y desarrollo del ni\u00f1o<\/a><\/li>\n<li><a href=\"http:\/\/www.edutopia.org\/assessment\">Edutopia, The George Lucas Educational Foundation: Assessment\u2028<\/a><\/li>\n<li><a href=\"http:\/\/www.teachervision.fen.com\">TeacherVision. Assessment Advice &amp; Forms<\/a><\/li>\n<li><a href=\"http:\/\/www.schrockguide.net\">Kathy Schrock\u2019s Guide for Educators\u2028<\/a><\/li>\n<\/ul>\n<h2>Curr\u00edculo integrado<\/h2>\n<ul>\n<li><a href=\"http:\/\/www.learningpage.com\/\">Learning Page<\/a> (Art\u00edculos y recursos de inter\u00e9s sobre el aprendizaje, incluyendo el aprendizaje preescolar)<\/li>\n<li><a href=\"http:\/\/www.scholastic.com\/teachers\/\">Teachers \u2013 Scholastic<\/a> \u2028(Incluye recursos educativos, videos, dise\u00f1o de diferentes actividades y libros entre otros)<\/li>\n<li><a href=\"http:\/\/www.pbs.org\">PBS<\/a> \u00a0(Informaci\u00f3n sobre desarrollo, cuidado y educaci\u00f3n de ni\u00f1os en edad preescolar)<\/li>\n<li><a href=\"http:\/\/www.thirteen.org\/\">Thirteen \u2013 \u2028WNET New York Public Media<\/a><\/li>\n<li><a href=\"http:\/\/www.brown.edu\/academics\/education-alliance\/\">The Education Alliance, Brown University<\/a><\/li>\n<li><a href=\"https:\/\/www.virtualpre-k.org\">Virtual Pre-K\u2028<\/a><\/li>\n<\/ul>\n<h2>Desarrollo y crecimiento de la ni\u00f1ez: Un enfoque integrado<\/h2>\n<ul>\n<li><a href=\"http:\/\/www.parentcenterhub.org\/resources\/\">Center for Parent Information and Resources<\/a><\/li>\n<li><a href=\"http:\/\/www.nasponline.org\">National Association Of School Psychologists<\/a><\/li>\n<li><a href=\"http:\/\/www.apa.org\">American Psychology Association\u2028<\/a><\/li>\n<li><a href=\"http:\/\/www.childrensdefense.org\/\">Children\u2019s Defense Fund\u2028<\/a><\/li>\n<li><a href=\"http:\/\/www.ami.org\/\">The Association of Medical Illustrators<\/a><\/li>\n<li><a href=\"http:\/\/www.cervantesvirtual.com\/servlet\/SirveObras\/02483863101926275976613\/index.htm\">Biblioteca Virtual Miguel de Cervantes\u2028 Adquisici\u00f3n y desarrollo del lenguaje en Preescolar y Ciclio Inicial<\/a><\/li>\n<li><a href=\"http:\/\/www.educacioninicial.com\/ei\/contenidos\/00\/2100\/2149.ASP\">Educaci\u00f3n Inicial \u2013 El lenguaje en el preescolar<\/a><\/li>\n<\/ul>\n<h2>Integraci\u00f3n de la familia a la escuela<\/h2>\n<ul>\n<li><a href=\"http:\/\/www.naeyc.org\/content\/research-news-family-engagement\">NAEYC \u2013 Research News You Can Use: Family Engagement and Early Childhood Education<\/a><\/li>\n<li><a href=\"http:\/\/www.hfrp.org\/family-involvement\/publications-resources\/family-engagement-in-early-childhood-a-resource-guide-for-early-learning-challenge-grant-recipients\">Harvard Family Research Project \u2013 Family Engagement in Early Childhood: A Resource Guide for Early Learning Challenge Grant Recipients<\/a><\/li>\n<li><a href=\"http:\/\/www.buildinitiative.org\/portals\/0\/uploads\/documents\/resource-center\/diversity-and-equity-toolkit\/halgunseth.pdf\">Family Engagement, Diverse Families, and Early Childhood Programs: An Integrated Review of the Literature<\/a><\/li>\n<li><a href=\"http:\/\/www.strengtheningfamiliesillinois.org\/mirror\/downloads\/NAEYC_Article_1112.pdf\">Increasing Family Engagement in Early Childhood Programs<\/a><\/li>\n<li><a href=\"http:\/\/revistamagisterioelrecreo.blogspot.com\/2013\/04\/que-papel-juega-la-familia-en-el.html\">Art\u00edculo: \u00bfQu\u00e9 papel juega la familia en el proceso educativo de los ni\u00f1os? \u00bfEs la familia un pilar importante en la educaci\u00f3n de los hijos?<\/a> Revista Digital El Recreo<\/li>\n<li><a href=\"http:\/\/www.marylandpublicschools.org\/MSDE\/divisions\/child_care\/docs\/MdFamEngage_111213.pdf?id=238651&amp;type=Movie\">The Early Childhood Family Engagement Framework: Maryland\u2019s Vision for Engaging Families with Young Children<\/a><\/li>\n<\/ul>\n","protected":false},"excerpt":{"rendered":"<p>Direcci\u00f3n de portales electr\u00f3nicos sobre los temas de los m\u00f3dulos Comunidad de aprendizaje: Ambientes para explorar, crear y vivir Asociaci\u00f3n Puertorrique\u00f1a para la Educaci\u00f3n de la Ni\u00f1ez en Edad Temprana Association of Early Childhood Educator, Ontario\u2028 Duke University and Durham &hellip; <\/p>\n","protected":false},"author":10,"featured_media":0,"parent":0,"menu_order":0,"comment_status":"closed","ping_status":"closed","template":"","meta":{"footnotes":""},"class_list":["post-13079","page","type-page","status-publish","hentry"],"yoast_head":"<!-- This site is optimized with the Yoast SEO plugin v27.3 - https:\/\/yoast.com\/product\/yoast-seo-wordpress\/ -->\n<title>Enlaces - Portales - Proyecto ALCANZA<\/title>\n<meta name=\"robots\" content=\"noindex, follow, max-snippet:-1, max-image-preview:large, max-video-preview:-1\" \/>\n<meta property=\"og:locale\" content=\"en_US\" \/>\n<meta property=\"og:type\" content=\"article\" \/>\n<meta property=\"og:title\" content=\"Enlaces - Portales - Proyecto ALCANZA\" \/>\n<meta property=\"og:description\" content=\"Direcci\u00f3n de portales electr\u00f3nicos sobre los temas de los m\u00f3dulos Comunidad de aprendizaje: Ambientes para explorar, crear y vivir Asociaci\u00f3n Puertorrique\u00f1a para la Educaci\u00f3n de la Ni\u00f1ez en Edad Temprana Association of Early Childhood Educator, Ontario\u2028 Duke University and Durham &hellip;\" \/>\n<meta property=\"og:url\" content=\"https:\/\/cie.uprrp.edu\/alcanza\/enlaces-portales\/\" \/>\n<meta property=\"og:site_name\" content=\"Proyecto ALCANZA\" \/>\n<meta property=\"article:modified_time\" content=\"2022-12-15T18:25:14+00:00\" \/>\n<meta name=\"twitter:card\" content=\"summary_large_image\" \/>\n<meta name=\"twitter:label1\" content=\"Est. reading time\" \/>\n\t<meta name=\"twitter:data1\" content=\"3 minutes\" \/>\n<script type=\"application\/ld+json\" class=\"yoast-schema-graph\">{\"@context\":\"https:\\\/\\\/schema.org\",\"@graph\":[{\"@type\":\"WebPage\",\"@id\":\"https:\\\/\\\/cie.uprrp.edu\\\/alcanza\\\/enlaces-portales\\\/\",\"url\":\"https:\\\/\\\/cie.uprrp.edu\\\/alcanza\\\/enlaces-portales\\\/\",\"name\":\"Enlaces - Portales - Proyecto ALCANZA\",\"isPartOf\":{\"@id\":\"https:\\\/\\\/cie.uprrp.edu\\\/alcanza\\\/#website\"},\"datePublished\":\"2022-12-15T18:23:57+00:00\",\"dateModified\":\"2022-12-15T18:25:14+00:00\",\"breadcrumb\":{\"@id\":\"https:\\\/\\\/cie.uprrp.edu\\\/alcanza\\\/enlaces-portales\\\/#breadcrumb\"},\"inLanguage\":\"en-US\",\"potentialAction\":[{\"@type\":\"ReadAction\",\"target\":[\"https:\\\/\\\/cie.uprrp.edu\\\/alcanza\\\/enlaces-portales\\\/\"]}]},{\"@type\":\"BreadcrumbList\",\"@id\":\"https:\\\/\\\/cie.uprrp.edu\\\/alcanza\\\/enlaces-portales\\\/#breadcrumb\",\"itemListElement\":[{\"@type\":\"ListItem\",\"position\":1,\"name\":\"Home\",\"item\":\"https:\\\/\\\/cie.uprrp.edu\\\/alcanza\\\/\"},{\"@type\":\"ListItem\",\"position\":2,\"name\":\"Enlaces &#8211; Portales\"}]},{\"@type\":\"WebSite\",\"@id\":\"https:\\\/\\\/cie.uprrp.edu\\\/alcanza\\\/#website\",\"url\":\"https:\\\/\\\/cie.uprrp.edu\\\/alcanza\\\/\",\"name\":\"Proyecto ALCANZA\",\"description\":\"Education WordPress Theme\",\"potentialAction\":[{\"@type\":\"SearchAction\",\"target\":{\"@type\":\"EntryPoint\",\"urlTemplate\":\"https:\\\/\\\/cie.uprrp.edu\\\/alcanza\\\/?s={search_term_string}\"},\"query-input\":{\"@type\":\"PropertyValueSpecification\",\"valueRequired\":true,\"valueName\":\"search_term_string\"}}],\"inLanguage\":\"en-US\"}]}<\/script>\n<!-- \/ Yoast SEO plugin. -->","yoast_head_json":{"title":"Enlaces - Portales - Proyecto ALCANZA","robots":{"index":"noindex","follow":"follow","max-snippet":"max-snippet:-1","max-image-preview":"max-image-preview:large","max-video-preview":"max-video-preview:-1"},"og_locale":"en_US","og_type":"article","og_title":"Enlaces - Portales - Proyecto ALCANZA","og_description":"Direcci\u00f3n de portales electr\u00f3nicos sobre los temas de los m\u00f3dulos Comunidad de aprendizaje: Ambientes para explorar, crear y vivir Asociaci\u00f3n Puertorrique\u00f1a para la Educaci\u00f3n de la Ni\u00f1ez en Edad Temprana Association of Early Childhood Educator, Ontario\u2028 Duke University and Durham &hellip;","og_url":"https:\/\/cie.uprrp.edu\/alcanza\/enlaces-portales\/","og_site_name":"Proyecto ALCANZA","article_modified_time":"2022-12-15T18:25:14+00:00","twitter_card":"summary_large_image","twitter_misc":{"Est. reading time":"3 minutes"},"schema":{"@context":"https:\/\/schema.org","@graph":[{"@type":"WebPage","@id":"https:\/\/cie.uprrp.edu\/alcanza\/enlaces-portales\/","url":"https:\/\/cie.uprrp.edu\/alcanza\/enlaces-portales\/","name":"Enlaces - Portales - Proyecto ALCANZA","isPartOf":{"@id":"https:\/\/cie.uprrp.edu\/alcanza\/#website"},"datePublished":"2022-12-15T18:23:57+00:00","dateModified":"2022-12-15T18:25:14+00:00","breadcrumb":{"@id":"https:\/\/cie.uprrp.edu\/alcanza\/enlaces-portales\/#breadcrumb"},"inLanguage":"en-US","potentialAction":[{"@type":"ReadAction","target":["https:\/\/cie.uprrp.edu\/alcanza\/enlaces-portales\/"]}]},{"@type":"BreadcrumbList","@id":"https:\/\/cie.uprrp.edu\/alcanza\/enlaces-portales\/#breadcrumb","itemListElement":[{"@type":"ListItem","position":1,"name":"Home","item":"https:\/\/cie.uprrp.edu\/alcanza\/"},{"@type":"ListItem","position":2,"name":"Enlaces &#8211; Portales"}]},{"@type":"WebSite","@id":"https:\/\/cie.uprrp.edu\/alcanza\/#website","url":"https:\/\/cie.uprrp.edu\/alcanza\/","name":"Proyecto ALCANZA","description":"Education WordPress Theme","potentialAction":[{"@type":"SearchAction","target":{"@type":"EntryPoint","urlTemplate":"https:\/\/cie.uprrp.edu\/alcanza\/?s={search_term_string}"},"query-input":{"@type":"PropertyValueSpecification","valueRequired":true,"valueName":"search_term_string"}}],"inLanguage":"en-US"}]}},"_links":{"self":[{"href":"https:\/\/cie.uprrp.edu\/alcanza\/wp-json\/wp\/v2\/pages\/13079","targetHints":{"allow":["GET"]}}],"collection":[{"href":"https:\/\/cie.uprrp.edu\/alcanza\/wp-json\/wp\/v2\/pages"}],"about":[{"href":"https:\/\/cie.uprrp.edu\/alcanza\/wp-json\/wp\/v2\/types\/page"}],"author":[{"embeddable":true,"href":"https:\/\/cie.uprrp.edu\/alcanza\/wp-json\/wp\/v2\/users\/10"}],"replies":[{"embeddable":true,"href":"https:\/\/cie.uprrp.edu\/alcanza\/wp-json\/wp\/v2\/comments?post=13079"}],"version-history":[{"count":5,"href":"https:\/\/cie.uprrp.edu\/alcanza\/wp-json\/wp\/v2\/pages\/13079\/revisions"}],"predecessor-version":[{"id":13084,"href":"https:\/\/cie.uprrp.edu\/alcanza\/wp-json\/wp\/v2\/pages\/13079\/revisions\/13084"}],"wp:attachment":[{"href":"https:\/\/cie.uprrp.edu\/alcanza\/wp-json\/wp\/v2\/media?parent=13079"}],"curies":[{"name":"wp","href":"https:\/\/api.w.org\/{rel}","templated":true}]}}