{"id":13085,"date":"2022-12-15T14:41:11","date_gmt":"2022-12-15T18:41:11","guid":{"rendered":"https:\/\/cie.uprrp.edu\/alcanza\/?page_id=13085"},"modified":"2022-12-15T14:41:11","modified_gmt":"2022-12-15T18:41:11","slug":"enlaces-literatura","status":"publish","type":"page","link":"https:\/\/cie.uprrp.edu\/alcanza\/enlaces-literatura\/","title":{"rendered":"Enlaces &#8211; Literatura"},"content":{"rendered":"<h1>Temas Relacionados a la Educaci\u00f3n de la Ni\u00f1ez Temprana<\/h1>\n<div>\n<div id=\"tabs_container\">\n<div id=\"tab_2_contents\">\n<p><strong>Literatura Infantil<\/strong><\/p>\n<p><strong>Lee y Sue\u00f1a\u00ae<\/strong>\u00a0es un programa que ofrece a los padres las herramientas que necesitan para leerles a sus hijos e hijas todos los d\u00edas, desde el nacimiento hasta los 5 a\u00f1os.<\/p>\n<p><a href=\"https:\/\/www.fundalectura.org\/\">Fundalectura<\/a><\/p>\n<p><strong>Books for Kids<\/strong><\/p>\n<p><a href=\"https:\/\/firstbook.org\/\">First Book<\/a><\/p>\n<p><a href=\"http:\/\/bancodellibro.blogspot.com\/\">Banco del Libro<\/a><\/p>\n<p><a href=\"http:\/\/cedilijargentina.blogspot.com\/\">Centro de Difusi\u00f3n de Investigaci\u00f3n de Literatura Infantil y Juvenil (CEDILIJ)<\/a><\/p>\n<p><a href=\"https:\/\/www.animalec.com\">Animalec<\/a><\/p>\n<p><a href=\"https:\/\/www.ibby.org\/\">International Board of Books for Young People<\/a>\u00a0(IBBYes una organizaci\u00f3n no lucrativa que representa una red internacional de gente de todo el mundo que est\u00e1 comprometida a unificar los ni\u00f1os y los libros.<\/p>\n<p><strong>Jitanj\u00e1fora<\/strong><\/p>\n<p><strong>Disfruta la lectura:<\/strong> proyecto de fomento y animaci\u00f3n a la lectura<\/p>\n<p><a href=\"https:\/\/www.cervantesvirtual.com\/areas\/bib-infantil\/\">Biblioteca infantil y juvenil<\/a><\/p>\n<p><a href=\"https:\/\/www.canallector.com\/\">Canal Lector<\/a><strong><br \/>\n<\/strong><\/p>\n<p><strong>Revista Imaginaria<\/strong><\/p>\n<p><strong>Revista Babar<\/strong><\/p>\n<p><strong>Revista Cuatrogatos<\/strong><\/p>\n<p><strong>Revista Peonza<\/strong><\/p>\n<p><strong>Revista Lectura y vida<\/strong><\/p>\n<p><strong>El huevo de chocolate,<\/strong> revista para ni\u00f1os<\/p>\n<p><strong>Juegos de palabras,<\/strong> revista para ni\u00f1os<\/p>\n<p><strong>L\u00e9eme un cuento,<\/strong> revista para ni\u00f1os<\/p>\n<p><strong>Cuentos de la huerta,<\/strong> para ni\u00f1os<\/p>\n<p><strong>La peque\u00f1a feria del libro usado<\/strong><\/p>\n<p><strong><a href=\"http:\/\/www.bibliotecasvirtuales.com\/biblioteca\/literaturainfantil\/\">Provee ideas, ejercicios, gu\u00edas de lectura, an\u00e1lisis de textos, proyectos y propuestas de trabajo, sobre distintas obras, cuentos, poes\u00edas o fragmentos seleccionados.<\/a><\/strong><\/p>\n<p><strong>Nanas, fabulas, cuantos cl\u00e1sicos, poemas, trabalenguas,<\/strong> gu\u00eda de lecturas para padres, art\u00edculos relacionados a la literatura infantil escritor por profesionales especializados (bibliotecarios y profesores)<\/p>\n<p><strong><a href=\"http:\/\/home.coqui.net\/sendero\/\">Poemas, cuentos, literatura puertorrique\u00f1a en ingl\u00e9s y espa\u00f1ol<\/a>,<\/strong> art\u00edculos profesionales sobre literatura, teatro infantil, trova boricua, entre otras. Contiene un a gran variedad de cuentos que son enviados en copia digital (completa y con ilustraciones PDF) a trav\u00e9s de correo electr\u00f3nico.<\/p>\n<\/div>\n<\/div>\n<\/div>\n","protected":false},"excerpt":{"rendered":"<p>Temas Relacionados a la Educaci\u00f3n de la Ni\u00f1ez Temprana Literatura Infantil Lee y Sue\u00f1a\u00ae\u00a0es un programa que ofrece a los padres las herramientas que necesitan para leerles a sus hijos e hijas todos los d\u00edas, desde el nacimiento hasta los &hellip; <\/p>\n","protected":false},"author":10,"featured_media":0,"parent":0,"menu_order":0,"comment_status":"closed","ping_status":"closed","template":"","meta":{"footnotes":""},"class_list":["post-13085","page","type-page","status-publish","hentry"],"yoast_head":"<!-- This site is optimized with the Yoast SEO plugin v27.2 - https:\/\/yoast.com\/product\/yoast-seo-wordpress\/ -->\n<title>Enlaces - Literatura - Proyecto ALCANZA<\/title>\n<meta name=\"robots\" content=\"noindex, follow, max-snippet:-1, max-image-preview:large, max-video-preview:-1\" \/>\n<meta property=\"og:locale\" content=\"en_US\" \/>\n<meta property=\"og:type\" content=\"article\" \/>\n<meta property=\"og:title\" content=\"Enlaces - Literatura - Proyecto ALCANZA\" \/>\n<meta property=\"og:description\" content=\"Temas Relacionados a la Educaci\u00f3n de la Ni\u00f1ez Temprana Literatura Infantil Lee y Sue\u00f1a\u00ae\u00a0es un programa que ofrece a los padres las herramientas que necesitan para leerles a sus hijos e hijas todos los d\u00edas, desde el nacimiento hasta los &hellip;\" \/>\n<meta property=\"og:url\" content=\"https:\/\/cie.uprrp.edu\/alcanza\/enlaces-literatura\/\" \/>\n<meta property=\"og:site_name\" content=\"Proyecto ALCANZA\" \/>\n<meta name=\"twitter:card\" content=\"summary_large_image\" \/>\n<meta name=\"twitter:label1\" content=\"Est. reading time\" \/>\n\t<meta name=\"twitter:data1\" content=\"2 minutes\" \/>\n<script type=\"application\/ld+json\" class=\"yoast-schema-graph\">{\"@context\":\"https:\/\/schema.org\",\"@graph\":[{\"@type\":\"WebPage\",\"@id\":\"https:\/\/cie.uprrp.edu\/alcanza\/enlaces-literatura\/\",\"url\":\"https:\/\/cie.uprrp.edu\/alcanza\/enlaces-literatura\/\",\"name\":\"Enlaces - Literatura - Proyecto ALCANZA\",\"isPartOf\":{\"@id\":\"https:\/\/cie.uprrp.edu\/alcanza\/#website\"},\"datePublished\":\"2022-12-15T18:41:11+00:00\",\"breadcrumb\":{\"@id\":\"https:\/\/cie.uprrp.edu\/alcanza\/enlaces-literatura\/#breadcrumb\"},\"inLanguage\":\"en-US\",\"potentialAction\":[{\"@type\":\"ReadAction\",\"target\":[\"https:\/\/cie.uprrp.edu\/alcanza\/enlaces-literatura\/\"]}]},{\"@type\":\"BreadcrumbList\",\"@id\":\"https:\/\/cie.uprrp.edu\/alcanza\/enlaces-literatura\/#breadcrumb\",\"itemListElement\":[{\"@type\":\"ListItem\",\"position\":1,\"name\":\"Home\",\"item\":\"https:\/\/cie.uprrp.edu\/alcanza\/\"},{\"@type\":\"ListItem\",\"position\":2,\"name\":\"Enlaces &#8211; Literatura\"}]},{\"@type\":\"WebSite\",\"@id\":\"https:\/\/cie.uprrp.edu\/alcanza\/#website\",\"url\":\"https:\/\/cie.uprrp.edu\/alcanza\/\",\"name\":\"Proyecto ALCANZA\",\"description\":\"Education WordPress Theme\",\"potentialAction\":[{\"@type\":\"SearchAction\",\"target\":{\"@type\":\"EntryPoint\",\"urlTemplate\":\"https:\/\/cie.uprrp.edu\/alcanza\/?s={search_term_string}\"},\"query-input\":{\"@type\":\"PropertyValueSpecification\",\"valueRequired\":true,\"valueName\":\"search_term_string\"}}],\"inLanguage\":\"en-US\"}]}<\/script>\n<!-- \/ Yoast SEO plugin. -->","yoast_head_json":{"title":"Enlaces - Literatura - Proyecto ALCANZA","robots":{"index":"noindex","follow":"follow","max-snippet":"max-snippet:-1","max-image-preview":"max-image-preview:large","max-video-preview":"max-video-preview:-1"},"og_locale":"en_US","og_type":"article","og_title":"Enlaces - Literatura - Proyecto ALCANZA","og_description":"Temas Relacionados a la Educaci\u00f3n de la Ni\u00f1ez Temprana Literatura Infantil Lee y Sue\u00f1a\u00ae\u00a0es un programa que ofrece a los padres las herramientas que necesitan para leerles a sus hijos e hijas todos los d\u00edas, desde el nacimiento hasta los &hellip;","og_url":"https:\/\/cie.uprrp.edu\/alcanza\/enlaces-literatura\/","og_site_name":"Proyecto ALCANZA","twitter_card":"summary_large_image","twitter_misc":{"Est. reading time":"2 minutes"},"schema":{"@context":"https:\/\/schema.org","@graph":[{"@type":"WebPage","@id":"https:\/\/cie.uprrp.edu\/alcanza\/enlaces-literatura\/","url":"https:\/\/cie.uprrp.edu\/alcanza\/enlaces-literatura\/","name":"Enlaces - Literatura - Proyecto ALCANZA","isPartOf":{"@id":"https:\/\/cie.uprrp.edu\/alcanza\/#website"},"datePublished":"2022-12-15T18:41:11+00:00","breadcrumb":{"@id":"https:\/\/cie.uprrp.edu\/alcanza\/enlaces-literatura\/#breadcrumb"},"inLanguage":"en-US","potentialAction":[{"@type":"ReadAction","target":["https:\/\/cie.uprrp.edu\/alcanza\/enlaces-literatura\/"]}]},{"@type":"BreadcrumbList","@id":"https:\/\/cie.uprrp.edu\/alcanza\/enlaces-literatura\/#breadcrumb","itemListElement":[{"@type":"ListItem","position":1,"name":"Home","item":"https:\/\/cie.uprrp.edu\/alcanza\/"},{"@type":"ListItem","position":2,"name":"Enlaces &#8211; Literatura"}]},{"@type":"WebSite","@id":"https:\/\/cie.uprrp.edu\/alcanza\/#website","url":"https:\/\/cie.uprrp.edu\/alcanza\/","name":"Proyecto ALCANZA","description":"Education WordPress Theme","potentialAction":[{"@type":"SearchAction","target":{"@type":"EntryPoint","urlTemplate":"https:\/\/cie.uprrp.edu\/alcanza\/?s={search_term_string}"},"query-input":{"@type":"PropertyValueSpecification","valueRequired":true,"valueName":"search_term_string"}}],"inLanguage":"en-US"}]}},"_links":{"self":[{"href":"https:\/\/cie.uprrp.edu\/alcanza\/wp-json\/wp\/v2\/pages\/13085","targetHints":{"allow":["GET"]}}],"collection":[{"href":"https:\/\/cie.uprrp.edu\/alcanza\/wp-json\/wp\/v2\/pages"}],"about":[{"href":"https:\/\/cie.uprrp.edu\/alcanza\/wp-json\/wp\/v2\/types\/page"}],"author":[{"embeddable":true,"href":"https:\/\/cie.uprrp.edu\/alcanza\/wp-json\/wp\/v2\/users\/10"}],"replies":[{"embeddable":true,"href":"https:\/\/cie.uprrp.edu\/alcanza\/wp-json\/wp\/v2\/comments?post=13085"}],"version-history":[{"count":1,"href":"https:\/\/cie.uprrp.edu\/alcanza\/wp-json\/wp\/v2\/pages\/13085\/revisions"}],"predecessor-version":[{"id":13087,"href":"https:\/\/cie.uprrp.edu\/alcanza\/wp-json\/wp\/v2\/pages\/13085\/revisions\/13087"}],"wp:attachment":[{"href":"https:\/\/cie.uprrp.edu\/alcanza\/wp-json\/wp\/v2\/media?parent=13085"}],"curies":[{"name":"wp","href":"https:\/\/api.w.org\/{rel}","templated":true}]}}