{"id":13199,"date":"2022-12-16T14:02:10","date_gmt":"2022-12-16T18:02:10","guid":{"rendered":"https:\/\/cie.uprrp.edu\/alcanza\/?page_id=13199"},"modified":"2026-01-27T15:11:36","modified_gmt":"2026-01-27T19:11:36","slug":"guia-abreviada-del-desarrollo","status":"publish","type":"page","link":"https:\/\/cie.uprrp.edu\/alcanza\/modulos-alcanza-indice\/modulo-01\/guia-abreviada-del-desarrollo\/","title":{"rendered":"Gu\u00eda abreviada del desarrollo \u00a9"},"content":{"rendered":"<h3>C\u00f3mo usar esta gu\u00eda<\/h3>\n<p>Una gu\u00eda del desarrollo es un recurso para tener puntos de referencia \u00fatiles en la toma de decisiones. No obstante, como educadoras y cuidadoras tenemos que reconocer la particularidad de cada ni\u00f1o y ni\u00f1a, su propio ritmo de crecimiento y desarrollo de capacidades. Estas ocurrir\u00e1n gracias a la interacci\u00f3n de los mecanismos biol\u00f3gicos de su cuerpo y su trasfondo gen\u00e9tico con el ambiente donde se desenvuelve. Cada familia y cultura tienen pautas en sus patrones de crianza y en sus expectativas que se convierten en la norma, en lo t\u00edpico. Tenemos que tomar en cuenta el contexto sociocultural del ni\u00f1o y no confundir lo deseado con lo culturalmente esperado y aceptado. Esto a su vez no tiene que ser absoluto, lo culturalmente aceptado tambi\u00e9n pas\u00f3 por un proceso de transformaci\u00f3n y consenso entre generaciones e intrageneraciones (entre las personas de una misma generaci\u00f3n). Es decir, que lo que nuestras madre usaban como ejemplo de crianza, nosotros lo transformamos en nuestra propias pr\u00e1cticas, aportando nuevas formas de interpretar el desarrollo y crecimiento.<\/p>\n<p>Tampoco debemos perder de vista la funcionalidad del ni\u00f1o y su bienestar. Ninguna tabla podr\u00e1 retratar el crecimiento y desarrollo de ning\u00fan ni\u00f1o o ni\u00f1a en su totalidad. La variabilidad entre ni\u00f1os y ni\u00f1as es esperada, no debe confundirse con que \u201chay algo mal\u201d. La variabilidad se expresa todo el tiempo y ocurre entre hermanos criados por los mismos padres. Por lo tanto, no debe encasillar el crecimiento y el desarrollo en unas edades. Este es un enfoque normativo que solo es \u00fatil cuando hay dudas, sospechas con base, concordancia entre varios observadores, ausencia de conductas y destrezas que se esperan en su cultura o cuando hay historial de enfermedad o condici\u00f3n. Use esta gu\u00eda sabiamente.<\/p>\n<h1>Gu\u00eda abreviada del desarrollo<\/h1>\n<h4><em>M\u00f3dulo I \u2022 Crecimiento y desarrollo de la ni\u00f1ez: Un enfoque integrado. <\/em>Nellie Zambrana Ortiz, compiladora.<\/h4>\n<table style=\"border-collapse: collapse; width: 100%;\">\n<tbody>\n<tr bgcolor=\"#babebc\">\n<th style=\"width: 20%; text-align: center;\">Edad<\/th>\n<th style=\"width: 20%; text-align: center;\">Motor Grueso<\/th>\n<th style=\"width: 20%; text-align: center;\">Visomotor Fino<\/th>\n<th style=\"width: 20%; text-align: center;\">Pensamiento y lenguaje<\/th>\n<th style=\"width: 20%; text-align: center;\">Social y emocional<\/th>\n<\/tr>\n<tr>\n<td style=\"width: 20%;\">1 a 2 meses<\/td>\n<td style=\"width: 20%;\">Levanta cabeza de la superficie de la mesa. o piso, la sostiene hasta la l\u00ednea media. Acostado boca abajo se empuja o intenta arrastrarse.<\/td>\n<td style=\"width: 20%;\">Agarre fuerte con las manos, pero no puede soltar voluntariamente. Sigue objetos en movimiento con la vista hasta la l\u00ednea media.<\/td>\n<td style=\"width: 20%;\">Asume actitud alerta al estimulo de sonido, los p\u00e1rpados, se mueven. Se sonr\u00ede al estimulo social (al hablarle o tocarlo). Comienza a hacer sonidos. Llora para comunicar necesidades.<\/td>\n<td style=\"width: 20%;\">Mira el rostro de quien lo observa fijamente. Act\u00faa m\u00e1s alerta en su segundo mes. Requiere del apego con madre y padre.<\/td>\n<\/tr>\n<tr bgcolor=\"#f6f6f6\">\n<td style=\"width: 20%;\">3 a 5 meses<\/td>\n<td style=\"width: 20%;\">Levanta la cabeza y el pecho hasta hacer \u00e1ngulos de 90\u00b0 con la superficie de la mesa o piso. Mantiene la cabeza erecta y firme, en posici\u00f3n sentada tambi\u00e9n.. Se voltea (estando boca abajo) en superficies firmes, con apoyo se para erguido. Algunos<br \/>\npueden llevar pies a la boca y los agarra con sus manos.<\/td>\n<td style=\"width: 20%;\">Sigue objetos en movimiento con la vista mas all\u00e1 de la l\u00ednea media. Mantiene las manos abiertas cuando descansa. Agarra pelos y objetos grandes. Mueve los brazos al un\u00edsono para agarrar. Toca objetos a su alcance. Agarra pecho de la madre para dirigirlo y alimentarse. Agarra botella.<\/td>\n<td style=\"width: 20%;\">Produce sonidos vocales en tonos musicales y repetitivos. Algunos beb\u00e9s responden a sonidos de adultos atendiendo a la persona que habla. Intenta \u201cconversar\u201d haciendo vocalizaciones y gestos de contentura. y sorpresa. Parece \u201cque le habla\u201d a los m\u00f3vles.<\/td>\n<td style=\"width: 20%;\">Sonrie como respuesta social.Extiende los brazos a cuidadora. Disfruta mirar su medio ambiente. Al voltearse, puede llorar de confusion (3 meses). Disfruta interacci\u00f3n con otros beb\u00e9s y adultas\/os simp\u00e1ticas\/os.<\/td>\n<\/tr>\n<tr>\n<td style=\"width: 20%;\">6 a 9 meses<\/td>\n<td style=\"width: 20%;\">Se voltea de boca abajo a boca arriba, se sienta. Pone los pies en la boca cuando est\u00e1 acostado hacia arriba. Gatea. Se para apoy\u00e1ndose de la baranda de la cuna, muebles u objetos. Lleva pies a la boca y los agarra con sus manos y boca.<\/td>\n<td style=\"width: 20%;\">Agarra con una u otra mano. Transfiere objetos. Usa t\u00e9cnica de agarre \u201crastrillo\u201d. Usa agarre de dedos pulgar e \u00edndice(agarre pinza). Sostiene la botella. o vasito con fuerza. Come con los dedos y manos. Algunos pueden manejar cuchara y cepillo de dientes (8 meses).<\/td>\n<td style=\"width: 20%;\">Mueve la cabeza hacia la fuente del sonido. Comienza a balbucear. Usa gestos para se\u00f1alar y saludar (adi\u00f3s.) Primeras palabras sin significado. Algunos beb\u00e9s dicen pap\u00e1 y mam\u00e1 indiscrminadamente, mita sonidos para articular y comprende mejor el mundo verbal.<\/td>\n<td style=\"width: 20%;\">Muestra ansiedad en la presencia de extra\u00f1as\/os (7meses) Empieza a explorar activamente su medio ambiente con inter\u00e9s por las personas y objetos interesantes. Emociones de miedo se manifiestan.<\/td>\n<\/tr>\n<tr bgcolor=\"#f6f6f6\">\n<td style=\"width: 20%;\">9 a 12 meses<\/td>\n<td style=\"width: 20%;\">Algunos caminan sin apoyo, la mayor\u00eda se para \u2013algunos sin ayuda- y caminan con un tercer apoyo (muebles, adulto). Algunos caminan bien. Ruedan bolas.<\/td>\n<td style=\"width: 20%;\">Come con presici\u00f3n con dedos y algunos con cuchara , pueden manejar cepillo de dientes y otras herramientas.<\/td>\n<td style=\"width: 20%;\">Dicen mam\u00e1 y pap\u00e1 con alguna comprensi\u00f3n de las mismas y articula m\u00e1s palabras. Habla ininteligiblemente, con entusiasmo, solo y con otros. Indica lo que quiere usando gestos, sonidos y palabras sencillas.<\/td>\n<td style=\"width: 20%;\">Juega tortitas. Se molesta si le retiran juguetes. Demuestra su inter\u00e9s por ciertos adultas\/os.<\/td>\n<\/tr>\n<tr>\n<td style=\"width: 20%;\">12 a 16 meses<\/td>\n<td style=\"width: 20%;\">Camina con ayuda y luego sola. Coopera con la persona que lo viste. Pone pies un zapato y pantalones. 13 meses camina bien, sube escaleras en cuatro extremidades.<\/td>\n<td style=\"width: 20%;\">Usa agarre de pinza. Tira objetos, suelta los juguetes. Puede imitar \/hacer una torre de dos bloques \u00f3 m\u00e1s. Hace garabatos con l\u00e1piz o creyones sobre papel (18meses).<\/td>\n<td style=\"width: 20%;\">Sigue instrucciones de un paso. Dice dos \u00f3 mas palabras.14 meses -dice 4 a 8 o m\u00e1s palabras. Sigue instrucciones de 1 paso. \u201cConversa\u201d con sonidos ininteligibles, siguiendo reglas muy sencillas del di\u00e1logo.<\/td>\n<td style=\"width: 20%;\">Imita acciones de adultos. Viene cuando se le llama. Coopera con la persona que lo viste.<\/td>\n<\/tr>\n<tr bgcolor=\"#f6f6f6\">\n<td style=\"width: 20%;\">16 a 23 meses<\/td>\n<td style=\"width: 20%;\">Se pone en cuclillas. Sube escaleras de pie con ayuda. Trepa en muebles y tiene bastante equilibrio.<\/td>\n<td style=\"width: 20%;\">Hace una torre de cinco bloques o m\u00e1s. Toma de una taza o vaso. Garabatea espont\u00e1-neamente, imita l\u00edneas.<\/td>\n<td style=\"width: 20%;\">Se\u00f1ala a tres partes del cuerpo \u00f3 m\u00e1s. Usa combinaciones de dos palabras y puede tener hasta 50 palabras en su vocabulario.<\/td>\n<td style=\"width: 20%;\">Pide la comida. Pide ir al ba\u00f1o, socializa con otros, se reconoce en un espejo. R\u00ede con otros.<\/td>\n<\/tr>\n<tr>\n<td style=\"width: 20%;\">24 meses a 2.6 a\u00f1os<\/td>\n<td style=\"width: 20%;\">Sube y baja las escaleras sin ayuda. Salta con ambos pies juntos, tira la bola por encima del brazo y la puede patear. Brinca hasta 12\u2033, no puede pivotear f\u00e1cilmente.<\/td>\n<td style=\"width: 20%;\">Pasa p\u00e1ginas de un libro, una a la vez. Se quita los zapatos y la ropa. Se desabotona la ropa. Agarra el l\u00e1piz similar al adulto.Pasa p\u00e1ginas de un libro de una en una, hace torres de 6 y 8 bloques.<\/td>\n<td style=\"width: 20%;\">Vocabulario mayor de 50 palabras. Usa frases de dos palabras. Nombra objetos en dibujo o retrato. Usa plural y pasado. Usa el pronombre \u201cyo\u201d correctamente. Frases de 5 palabras, excelente comprensi\u00f3n, algunos errores gramaticales.<\/td>\n<td style=\"width: 20%;\">Dice su nombre y su apellido. Se sirve jugo en un vaso. Reconoce su sexo y puede usar el ba\u00f1o sola\/o. Puede manifestar sentimientos de culpa. Inicia interacciones sociales.<\/td>\n<\/tr>\n<tr bgcolor=\"#f6f6f6\">\n<td style=\"width: 20%;\">3 a\u00f1os<\/td>\n<td style=\"width: 20%;\">Pedalea un triciclo. Alterna los pies al subir la escalera. Se balancea en un pie por 1 segundo, brinca varias veces y atrapa bola con su cuerpo.<\/td>\n<td style=\"width: 20%;\">Se viste y desviste parcialmente, se seca las manos, puede abotonar. Copia c\u00edrculos y l\u00edneas.<\/td>\n<td style=\"width: 20%;\">Hace relatos, gusta de recordar historias. Buena memoria para los cuentos, eventos en secuencia simple. Hace preguntas sober c\u00f3mo funcionan las cosas y sus nombres.<\/td>\n<td style=\"width: 20%;\">Comparte jueguetes y toma turnos. Juega bien con otros. Perfecciona las tareas de aseo y vestimenta. Abraza a sus amigos\/as.<\/td>\n<\/tr>\n<tr>\n<td style=\"width: 20%;\">4 a\u00f1os<\/td>\n<td style=\"width: 20%;\">Salta con ritmo. Alterna pies al bajar la escalera. Brincos amplios 24 \u201co m\u00e1s , atrapa bola que rebota, salta en un pie 6 veces, puede galopar.<\/td>\n<td style=\"width: 20%;\">Se abotona la ropa completamente. Coge una bola que se le tira desde tres pies. Dibuja figuras simples y formas, corta una l\u00ednea con tijeras.<\/td>\n<td style=\"width: 20%;\">Sabe los colores, n\u00fameros. Recita o canta una canci\u00f3n de memoria.. Hace letras del alfabeto e inventa otras para nombrar cosas, dise\u00f1a con manipulativos, inventa palabras.<\/td>\n<td style=\"width: 20%;\">Cuenta \u201ccuentos imaginarios\u201d. Juega en cooperaci\u00f3n con otros ni\u00f1os, a veces requiere apoyo para resolver conflictos y siente empat\u00eda.<\/td>\n<\/tr>\n<tr bgcolor=\"#f6f6f6\">\n<td style=\"width: 20%;\">5 a\u00f1os<\/td>\n<td style=\"width: 20%;\">Salta con ritmo, alterna pies en escaleras y pivotea. Salta obst\u00e1culos escala y d\u00e1 saltos de 16\u2033, camina en barra de balance y puede Atrapar bola con sus manos.<\/td>\n<td style=\"width: 20%;\">Se ba\u00f1a, viste y amarra los zapatos con m\u00ednima ayuda. Usa el cuchillo para extender la mantequilla, usa tenedor. Puede insertar aguja y dar puntadas. Le gusta imitar lo escrito.<\/td>\n<td style=\"width: 20%;\">Escribe el nombre. Inventa palabras o aproximaciones (cocinadora).Pregunta el significado de las palabras y el porqu\u00e9 de las cosas. Interesa leer. Escribe en garabatos o con letras cuentos y los ilustra.<\/td>\n<td style=\"width: 20%;\">Se involucra en juegos recreativos por placer. Sigue reglas. Ayuda en tareas del hogar, resuelve conflictos simples, es emp\u00e1tico\/a.<\/td>\n<\/tr>\n<tr>\n<td style=\"width: 20%;\">6 a\u00f1os<\/td>\n<td style=\"width: 20%;\">Puede bailar con ritmo y seguir coreograf\u00eda, nadar con soltura, hacer gimnasia, deportes individuales y de grupo.<\/td>\n<td style=\"width: 20%;\">Usa tijeras con precisi\u00f3n, puede tejer puntadas, es capaz de manejar instrumentos de cuerda y teclas de piano.<\/td>\n<td style=\"width: 20%;\">Lee sil\u00e1bicamente, pero algunos ni\u00f1os leen aut\u00f3nomamente. Memoria de eventos, razonamiento puede ser l\u00f3gico, clasifica, ordena. Insiste en conocer y hacer.<\/td>\n<td style=\"width: 20%;\">H\u00e1bil entendiendo reglas y razonando socialmente, solidario\/a, hace amistades duraderas.<\/td>\n<\/tr>\n<\/tbody>\n<\/table>\n<p><strong><em>Fuentes consultadas:<\/em><\/strong><\/p>\n<ul>\n<li>Murkoff, A. et.al (2003). What to Expect the First Year. New York:Workman.<\/li>\n<li>Departamento de Salud (autor desconocido). Gu\u00eda del desarrollo.San Juan.<\/li>\n<li>Rice, F. (2001). Human Development. (4th ed.). NJ:Prentice May.<\/li>\n<\/ul>\n","protected":false},"excerpt":{"rendered":"<p>C\u00f3mo usar esta gu\u00eda Una gu\u00eda del desarrollo es un recurso para tener puntos de referencia \u00fatiles en la toma de decisiones. No obstante, como educadoras y cuidadoras tenemos que reconocer la particularidad de cada ni\u00f1o y ni\u00f1a, su propio &hellip; <\/p>\n","protected":false},"author":10,"featured_media":0,"parent":13091,"menu_order":10,"comment_status":"closed","ping_status":"closed","template":"","meta":{"footnotes":""},"class_list":["post-13199","page","type-page","status-publish","hentry"],"yoast_head":"<!-- This site is optimized with the Yoast SEO plugin v27.3 - https:\/\/yoast.com\/product\/yoast-seo-wordpress\/ -->\n<title>Gu\u00eda abreviada del desarrollo \u00a9 - Proyecto ALCANZA<\/title>\n<meta name=\"robots\" content=\"noindex, follow, max-snippet:-1, max-image-preview:large, max-video-preview:-1\" \/>\n<meta property=\"og:locale\" content=\"en_US\" \/>\n<meta property=\"og:type\" content=\"article\" \/>\n<meta property=\"og:title\" content=\"Gu\u00eda abreviada del desarrollo \u00a9 - Proyecto ALCANZA\" \/>\n<meta property=\"og:description\" content=\"C\u00f3mo usar esta gu\u00eda Una gu\u00eda del desarrollo es un recurso para tener puntos de referencia \u00fatiles en la toma de decisiones. No obstante, como educadoras y cuidadoras tenemos que reconocer la particularidad de cada ni\u00f1o y ni\u00f1a, su propio &hellip;\" \/>\n<meta property=\"og:url\" content=\"https:\/\/cie.uprrp.edu\/alcanza\/modulos-alcanza-indice\/modulo-01\/guia-abreviada-del-desarrollo\/\" \/>\n<meta property=\"og:site_name\" content=\"Proyecto ALCANZA\" \/>\n<meta property=\"article:modified_time\" content=\"2026-01-27T19:11:36+00:00\" \/>\n<meta name=\"twitter:card\" content=\"summary_large_image\" \/>\n<meta name=\"twitter:label1\" content=\"Est. reading time\" \/>\n\t<meta name=\"twitter:data1\" content=\"7 minutes\" \/>\n<script type=\"application\/ld+json\" class=\"yoast-schema-graph\">{\"@context\":\"https:\\\/\\\/schema.org\",\"@graph\":[{\"@type\":\"WebPage\",\"@id\":\"https:\\\/\\\/cie.uprrp.edu\\\/alcanza\\\/modulos-alcanza-indice\\\/modulo-01\\\/guia-abreviada-del-desarrollo\\\/\",\"url\":\"https:\\\/\\\/cie.uprrp.edu\\\/alcanza\\\/modulos-alcanza-indice\\\/modulo-01\\\/guia-abreviada-del-desarrollo\\\/\",\"name\":\"Gu\u00eda abreviada del desarrollo \u00a9 - Proyecto ALCANZA\",\"isPartOf\":{\"@id\":\"https:\\\/\\\/cie.uprrp.edu\\\/alcanza\\\/#website\"},\"datePublished\":\"2022-12-16T18:02:10+00:00\",\"dateModified\":\"2026-01-27T19:11:36+00:00\",\"breadcrumb\":{\"@id\":\"https:\\\/\\\/cie.uprrp.edu\\\/alcanza\\\/modulos-alcanza-indice\\\/modulo-01\\\/guia-abreviada-del-desarrollo\\\/#breadcrumb\"},\"inLanguage\":\"en-US\",\"potentialAction\":[{\"@type\":\"ReadAction\",\"target\":[\"https:\\\/\\\/cie.uprrp.edu\\\/alcanza\\\/modulos-alcanza-indice\\\/modulo-01\\\/guia-abreviada-del-desarrollo\\\/\"]}]},{\"@type\":\"BreadcrumbList\",\"@id\":\"https:\\\/\\\/cie.uprrp.edu\\\/alcanza\\\/modulos-alcanza-indice\\\/modulo-01\\\/guia-abreviada-del-desarrollo\\\/#breadcrumb\",\"itemListElement\":[{\"@type\":\"ListItem\",\"position\":1,\"name\":\"Home\",\"item\":\"https:\\\/\\\/cie.uprrp.edu\\\/alcanza\\\/\"},{\"@type\":\"ListItem\",\"position\":2,\"name\":\"M\u00f3dulos ALCANZA &#8211; \u00cdndice\",\"item\":\"https:\\\/\\\/cie.uprrp.edu\\\/alcanza\\\/modulos-alcanza-indice\\\/\"},{\"@type\":\"ListItem\",\"position\":3,\"name\":\"M\u00f3dulo 1\",\"item\":\"https:\\\/\\\/cie.uprrp.edu\\\/alcanza\\\/modulos-alcanza-indice\\\/modulo-01\\\/\"},{\"@type\":\"ListItem\",\"position\":4,\"name\":\"Gu\u00eda abreviada del desarrollo \u00a9\"}]},{\"@type\":\"WebSite\",\"@id\":\"https:\\\/\\\/cie.uprrp.edu\\\/alcanza\\\/#website\",\"url\":\"https:\\\/\\\/cie.uprrp.edu\\\/alcanza\\\/\",\"name\":\"Proyecto ALCANZA\",\"description\":\"Education WordPress Theme\",\"potentialAction\":[{\"@type\":\"SearchAction\",\"target\":{\"@type\":\"EntryPoint\",\"urlTemplate\":\"https:\\\/\\\/cie.uprrp.edu\\\/alcanza\\\/?s={search_term_string}\"},\"query-input\":{\"@type\":\"PropertyValueSpecification\",\"valueRequired\":true,\"valueName\":\"search_term_string\"}}],\"inLanguage\":\"en-US\"}]}<\/script>\n<!-- \/ Yoast SEO plugin. -->","yoast_head_json":{"title":"Gu\u00eda abreviada del desarrollo \u00a9 - Proyecto ALCANZA","robots":{"index":"noindex","follow":"follow","max-snippet":"max-snippet:-1","max-image-preview":"max-image-preview:large","max-video-preview":"max-video-preview:-1"},"og_locale":"en_US","og_type":"article","og_title":"Gu\u00eda abreviada del desarrollo \u00a9 - Proyecto ALCANZA","og_description":"C\u00f3mo usar esta gu\u00eda Una gu\u00eda del desarrollo es un recurso para tener puntos de referencia \u00fatiles en la toma de decisiones. No obstante, como educadoras y cuidadoras tenemos que reconocer la particularidad de cada ni\u00f1o y ni\u00f1a, su propio &hellip;","og_url":"https:\/\/cie.uprrp.edu\/alcanza\/modulos-alcanza-indice\/modulo-01\/guia-abreviada-del-desarrollo\/","og_site_name":"Proyecto ALCANZA","article_modified_time":"2026-01-27T19:11:36+00:00","twitter_card":"summary_large_image","twitter_misc":{"Est. reading time":"7 minutes"},"schema":{"@context":"https:\/\/schema.org","@graph":[{"@type":"WebPage","@id":"https:\/\/cie.uprrp.edu\/alcanza\/modulos-alcanza-indice\/modulo-01\/guia-abreviada-del-desarrollo\/","url":"https:\/\/cie.uprrp.edu\/alcanza\/modulos-alcanza-indice\/modulo-01\/guia-abreviada-del-desarrollo\/","name":"Gu\u00eda abreviada del desarrollo \u00a9 - Proyecto ALCANZA","isPartOf":{"@id":"https:\/\/cie.uprrp.edu\/alcanza\/#website"},"datePublished":"2022-12-16T18:02:10+00:00","dateModified":"2026-01-27T19:11:36+00:00","breadcrumb":{"@id":"https:\/\/cie.uprrp.edu\/alcanza\/modulos-alcanza-indice\/modulo-01\/guia-abreviada-del-desarrollo\/#breadcrumb"},"inLanguage":"en-US","potentialAction":[{"@type":"ReadAction","target":["https:\/\/cie.uprrp.edu\/alcanza\/modulos-alcanza-indice\/modulo-01\/guia-abreviada-del-desarrollo\/"]}]},{"@type":"BreadcrumbList","@id":"https:\/\/cie.uprrp.edu\/alcanza\/modulos-alcanza-indice\/modulo-01\/guia-abreviada-del-desarrollo\/#breadcrumb","itemListElement":[{"@type":"ListItem","position":1,"name":"Home","item":"https:\/\/cie.uprrp.edu\/alcanza\/"},{"@type":"ListItem","position":2,"name":"M\u00f3dulos ALCANZA &#8211; \u00cdndice","item":"https:\/\/cie.uprrp.edu\/alcanza\/modulos-alcanza-indice\/"},{"@type":"ListItem","position":3,"name":"M\u00f3dulo 1","item":"https:\/\/cie.uprrp.edu\/alcanza\/modulos-alcanza-indice\/modulo-01\/"},{"@type":"ListItem","position":4,"name":"Gu\u00eda abreviada del desarrollo \u00a9"}]},{"@type":"WebSite","@id":"https:\/\/cie.uprrp.edu\/alcanza\/#website","url":"https:\/\/cie.uprrp.edu\/alcanza\/","name":"Proyecto ALCANZA","description":"Education WordPress Theme","potentialAction":[{"@type":"SearchAction","target":{"@type":"EntryPoint","urlTemplate":"https:\/\/cie.uprrp.edu\/alcanza\/?s={search_term_string}"},"query-input":{"@type":"PropertyValueSpecification","valueRequired":true,"valueName":"search_term_string"}}],"inLanguage":"en-US"}]}},"_links":{"self":[{"href":"https:\/\/cie.uprrp.edu\/alcanza\/wp-json\/wp\/v2\/pages\/13199","targetHints":{"allow":["GET"]}}],"collection":[{"href":"https:\/\/cie.uprrp.edu\/alcanza\/wp-json\/wp\/v2\/pages"}],"about":[{"href":"https:\/\/cie.uprrp.edu\/alcanza\/wp-json\/wp\/v2\/types\/page"}],"author":[{"embeddable":true,"href":"https:\/\/cie.uprrp.edu\/alcanza\/wp-json\/wp\/v2\/users\/10"}],"replies":[{"embeddable":true,"href":"https:\/\/cie.uprrp.edu\/alcanza\/wp-json\/wp\/v2\/comments?post=13199"}],"version-history":[{"count":11,"href":"https:\/\/cie.uprrp.edu\/alcanza\/wp-json\/wp\/v2\/pages\/13199\/revisions"}],"predecessor-version":[{"id":14055,"href":"https:\/\/cie.uprrp.edu\/alcanza\/wp-json\/wp\/v2\/pages\/13199\/revisions\/14055"}],"up":[{"embeddable":true,"href":"https:\/\/cie.uprrp.edu\/alcanza\/wp-json\/wp\/v2\/pages\/13091"}],"wp:attachment":[{"href":"https:\/\/cie.uprrp.edu\/alcanza\/wp-json\/wp\/v2\/media?parent=13199"}],"curies":[{"name":"wp","href":"https:\/\/api.w.org\/{rel}","templated":true}]}}