{"id":13383,"date":"2024-01-30T14:09:30","date_gmt":"2024-01-30T18:09:30","guid":{"rendered":"https:\/\/cie.uprrp.edu\/alcanza\/?page_id=13383"},"modified":"2025-06-18T10:25:24","modified_gmt":"2025-06-18T14:25:24","slug":"modulo-15","status":"publish","type":"page","link":"https:\/\/cie.uprrp.edu\/alcanza\/","title":{"rendered":"M\u00f3dulo 15"},"content":{"rendered":"<p><img loading=\"lazy\" decoding=\"async\" src=\"https:\/\/cie.uprrp.edu\/alcanza\/wp-content\/uploads\/sites\/14\/2024\/01\/PortadaResiliencia1.png\" sizes=\"auto, (max-width: 640px) 100vw, 640px\" srcset=\"https:\/\/cie.uprrp.edu\/alcanza\/wp-content\/uploads\/sites\/14\/2024\/01\/PortadaResiliencia1.png 778w, https:\/\/cie.uprrp.edu\/alcanza\/wp-content\/uploads\/sites\/14\/2024\/01\/PortadaResiliencia1-249x300.png 249w, https:\/\/cie.uprrp.edu\/alcanza\/wp-content\/uploads\/sites\/14\/2024\/01\/PortadaResiliencia1-768x924.png 768w, https:\/\/cie.uprrp.edu\/alcanza\/wp-content\/uploads\/sites\/14\/2024\/01\/PortadaResiliencia1-600x722.png 600w\" alt=\"Portada del m\u00f3dulo 15: Resiliencia\" width=\"640\" height=\"770\" \/><\/p>\n<h1>Resiliencia: Compromiso de todas y todos<\/h1>\n<p>Autoras:<\/p>\n<p><strong>Wanda Figueroa Fuentes, Ph. D.<br \/>\n<\/strong><strong>Mar\u00eda de los \u00c1ngeles Agrinsoni Malav\u00e9, Ph. D.<br \/>\n<\/strong><strong>Sugeily Ortiz Rivera, M. Ed.<br \/>\n<\/strong><strong>Germie Corujo Mart\u00ednez, Ed. D.<\/strong><\/p>\n<h3>Tabla de Contenido<\/h3>\n<p><a href=\"https:\/\/cie.uprrp.edu\/alcanza\/modulo-15\/prologo-notas-de-la-directora\/\"><strong>Pr\u00f3logo \u2013 Notas de la Directora<\/strong><\/a><br \/>\nYarimar Rosa Rodr\u00edguez<\/p>\n<p><a href=\"https:\/\/cie.uprrp.edu\/alcanza\/modulo-15\/introduccion\/\"><strong>Introducci\u00f3n<\/strong><\/a><br \/>\nWanda Figueroa Fuentes y Mar\u00eda de los \u00c1ngeles Agrinsoni Malav\u00e9<\/p>\n<p><a href=\"https:\/\/cie.uprrp.edu\/alcanza\/modulo-15\/lecciones-que-no-se-olvidan\/\"><strong>Lecciones que no se olvidan: Contribuyendo a construir la esperanza en la ni\u00f1ez y las familias<\/strong><\/a><br \/>\nMar\u00eda de los \u00c1ngeles Agrinsoni Malav\u00e9 y Wanda Figueroa Fuentes<\/p>\n<p><a href=\"https:\/\/cie.uprrp.edu\/alcanza\/modulo-15\/eso-que-llaman-resiliencia\/\"><strong>Eso que llaman RESILIENCIA<\/strong><\/a><br \/>\nWanda Figueroa Fuentes<\/p>\n<p><a href=\"https:\/\/cie.uprrp.edu\/alcanza\/modulo-15\/el-educador-o-la-educadora\/\"><strong>El educador o la educadora: Pieza clave hacia la resiliencia<\/strong><\/a><br \/>\nMar\u00eda de los \u00c1ngeles Agrinsoni Malav\u00e9<\/p>\n<p><a href=\"https:\/\/cie.uprrp.edu\/alcanza\/modulo-15\/la-diversidad\/\"><strong>La diversidad: Un camino hacia la transformaci\u00f3n de una comunidad resiliente<\/strong><\/a><br \/>\nSugeily Ortiz Rivera<\/p>\n<p><a href=\"https:\/\/cie.uprrp.edu\/alcanza\/modulo-15\/narrativa\/\"><strong>La resiliencia en la ni\u00f1ez: El uso de la narrativa para entretejer las voces de la ni\u00f1ez<\/strong><\/a><br \/>\nGermie Corujo Mart\u00ednez<\/p>\n<h4>Material suplementario<\/h4>\n<p>Para tu facilidad hemos agrupado todos nuestros m\u00f3dulos en una descarga sencilla y r\u00e1pida.<\/p>\n<ul>\n<li><a href=\"http:\/\/alcanza.uprrp.edu\/wp-content\/zip-modulos\/ALCANZA_MODULOS_COMPLETOS.zip\">M\u00f3dulos 1 al 14<\/a><\/li>\n<li>Nuevo: M\u00f3dulo 15<\/li>\n<\/ul>\n","protected":false},"excerpt":{"rendered":"<p>Resiliencia: Compromiso de todas y todos Autoras: Wanda Figueroa Fuentes, Ph. D. Mar\u00eda de los \u00c1ngeles Agrinsoni Malav\u00e9, Ph. D. Sugeily Ortiz Rivera, M. Ed. Germie Corujo Mart\u00ednez, Ed. D. Tabla de Contenido Pr\u00f3logo \u2013 Notas de la Directora Yarimar &hellip; <\/p>\n","protected":false},"author":1006,"featured_media":0,"parent":13997,"menu_order":15,"comment_status":"closed","ping_status":"closed","template":"","meta":{"footnotes":""},"class_list":["post-13383","page","type-page","status-publish","hentry"],"yoast_head":"<!-- This site is optimized with the Yoast SEO plugin v27.3 - https:\/\/yoast.com\/product\/yoast-seo-wordpress\/ -->\n<title>M\u00f3dulo 15 - Proyecto ALCANZA<\/title>\n<meta name=\"robots\" content=\"noindex, follow, max-snippet:-1, max-image-preview:large, max-video-preview:-1\" \/>\n<meta property=\"og:locale\" content=\"en_US\" \/>\n<meta property=\"og:type\" content=\"article\" \/>\n<meta property=\"og:title\" content=\"M\u00f3dulo 15 - Proyecto ALCANZA\" \/>\n<meta property=\"og:description\" content=\"Resiliencia: Compromiso de todas y todos Autoras: Wanda Figueroa Fuentes, Ph. D. Mar\u00eda de los \u00c1ngeles Agrinsoni Malav\u00e9, Ph. D. Sugeily Ortiz Rivera, M. Ed. Germie Corujo Mart\u00ednez, Ed. D. Tabla de Contenido Pr\u00f3logo \u2013 Notas de la Directora Yarimar &hellip;\" \/>\n<meta property=\"og:url\" content=\"https:\/\/cie.uprrp.edu\/alcanza\/\" \/>\n<meta property=\"og:site_name\" content=\"Proyecto ALCANZA\" \/>\n<meta property=\"article:modified_time\" content=\"2025-06-18T14:25:24+00:00\" \/>\n<meta property=\"og:image\" content=\"https:\/\/cie.uprrp.edu\/alcanza\/wp-content\/uploads\/sites\/14\/2024\/01\/PortadaResiliencia1.png\" \/>\n<meta name=\"twitter:card\" content=\"summary_large_image\" \/>\n<meta name=\"twitter:label1\" content=\"Est. reading time\" \/>\n\t<meta name=\"twitter:data1\" content=\"1 minute\" \/>\n<script type=\"application\/ld+json\" class=\"yoast-schema-graph\">{\"@context\":\"https:\\\/\\\/schema.org\",\"@graph\":[{\"@type\":\"WebPage\",\"@id\":\"https:\\\/\\\/cie.uprrp.edu\\\/alcanza\\\/\",\"url\":\"https:\\\/\\\/cie.uprrp.edu\\\/alcanza\\\/\",\"name\":\"M\u00f3dulo 15 - Proyecto ALCANZA\",\"isPartOf\":{\"@id\":\"https:\\\/\\\/cie.uprrp.edu\\\/alcanza\\\/#website\"},\"primaryImageOfPage\":{\"@id\":\"https:\\\/\\\/cie.uprrp.edu\\\/alcanza\\\/#primaryimage\"},\"image\":{\"@id\":\"https:\\\/\\\/cie.uprrp.edu\\\/alcanza\\\/#primaryimage\"},\"thumbnailUrl\":\"https:\\\/\\\/cie.uprrp.edu\\\/alcanza\\\/wp-content\\\/uploads\\\/sites\\\/14\\\/2024\\\/01\\\/PortadaResiliencia1.png\",\"datePublished\":\"2024-01-30T18:09:30+00:00\",\"dateModified\":\"2025-06-18T14:25:24+00:00\",\"breadcrumb\":{\"@id\":\"https:\\\/\\\/cie.uprrp.edu\\\/alcanza\\\/#breadcrumb\"},\"inLanguage\":\"en-US\",\"potentialAction\":[{\"@type\":\"ReadAction\",\"target\":[\"https:\\\/\\\/cie.uprrp.edu\\\/alcanza\\\/\"]}]},{\"@type\":\"ImageObject\",\"inLanguage\":\"en-US\",\"@id\":\"https:\\\/\\\/cie.uprrp.edu\\\/alcanza\\\/#primaryimage\",\"url\":\"https:\\\/\\\/cie.uprrp.edu\\\/alcanza\\\/wp-content\\\/uploads\\\/sites\\\/14\\\/2024\\\/01\\\/PortadaResiliencia1.png\",\"contentUrl\":\"https:\\\/\\\/cie.uprrp.edu\\\/alcanza\\\/wp-content\\\/uploads\\\/sites\\\/14\\\/2024\\\/01\\\/PortadaResiliencia1.png\",\"width\":778,\"height\":936,\"caption\":\"M\u00f3dulo 15: Resiliencia\"},{\"@type\":\"BreadcrumbList\",\"@id\":\"https:\\\/\\\/cie.uprrp.edu\\\/alcanza\\\/#breadcrumb\",\"itemListElement\":[{\"@type\":\"ListItem\",\"position\":1,\"name\":\"Home\",\"item\":\"https:\\\/\\\/cie.uprrp.edu\\\/alcanza\\\/\"},{\"@type\":\"ListItem\",\"position\":2,\"name\":\"M\u00f3dulos ALCANZA &#8211; \u00cdndice\",\"item\":\"https:\\\/\\\/cie.uprrp.edu\\\/alcanza\\\/modulos-alcanza-indice\\\/\"},{\"@type\":\"ListItem\",\"position\":3,\"name\":\"M\u00f3dulo 15\"}]},{\"@type\":\"WebSite\",\"@id\":\"https:\\\/\\\/cie.uprrp.edu\\\/alcanza\\\/#website\",\"url\":\"https:\\\/\\\/cie.uprrp.edu\\\/alcanza\\\/\",\"name\":\"Proyecto ALCANZA\",\"description\":\"Education WordPress Theme\",\"potentialAction\":[{\"@type\":\"SearchAction\",\"target\":{\"@type\":\"EntryPoint\",\"urlTemplate\":\"https:\\\/\\\/cie.uprrp.edu\\\/alcanza\\\/?s={search_term_string}\"},\"query-input\":{\"@type\":\"PropertyValueSpecification\",\"valueRequired\":true,\"valueName\":\"search_term_string\"}}],\"inLanguage\":\"en-US\"}]}<\/script>\n<!-- \/ Yoast SEO plugin. -->","yoast_head_json":{"title":"M\u00f3dulo 15 - Proyecto ALCANZA","robots":{"index":"noindex","follow":"follow","max-snippet":"max-snippet:-1","max-image-preview":"max-image-preview:large","max-video-preview":"max-video-preview:-1"},"og_locale":"en_US","og_type":"article","og_title":"M\u00f3dulo 15 - Proyecto ALCANZA","og_description":"Resiliencia: Compromiso de todas y todos Autoras: Wanda Figueroa Fuentes, Ph. D. Mar\u00eda de los \u00c1ngeles Agrinsoni Malav\u00e9, Ph. D. Sugeily Ortiz Rivera, M. Ed. Germie Corujo Mart\u00ednez, Ed. D. Tabla de Contenido Pr\u00f3logo \u2013 Notas de la Directora Yarimar &hellip;","og_url":"https:\/\/cie.uprrp.edu\/alcanza\/","og_site_name":"Proyecto ALCANZA","article_modified_time":"2025-06-18T14:25:24+00:00","og_image":[{"url":"https:\/\/cie.uprrp.edu\/alcanza\/wp-content\/uploads\/sites\/14\/2024\/01\/PortadaResiliencia1.png","type":"","width":"","height":""}],"twitter_card":"summary_large_image","twitter_misc":{"Est. reading time":"1 minute"},"schema":{"@context":"https:\/\/schema.org","@graph":[{"@type":"WebPage","@id":"https:\/\/cie.uprrp.edu\/alcanza\/","url":"https:\/\/cie.uprrp.edu\/alcanza\/","name":"M\u00f3dulo 15 - Proyecto ALCANZA","isPartOf":{"@id":"https:\/\/cie.uprrp.edu\/alcanza\/#website"},"primaryImageOfPage":{"@id":"https:\/\/cie.uprrp.edu\/alcanza\/#primaryimage"},"image":{"@id":"https:\/\/cie.uprrp.edu\/alcanza\/#primaryimage"},"thumbnailUrl":"https:\/\/cie.uprrp.edu\/alcanza\/wp-content\/uploads\/sites\/14\/2024\/01\/PortadaResiliencia1.png","datePublished":"2024-01-30T18:09:30+00:00","dateModified":"2025-06-18T14:25:24+00:00","breadcrumb":{"@id":"https:\/\/cie.uprrp.edu\/alcanza\/#breadcrumb"},"inLanguage":"en-US","potentialAction":[{"@type":"ReadAction","target":["https:\/\/cie.uprrp.edu\/alcanza\/"]}]},{"@type":"ImageObject","inLanguage":"en-US","@id":"https:\/\/cie.uprrp.edu\/alcanza\/#primaryimage","url":"https:\/\/cie.uprrp.edu\/alcanza\/wp-content\/uploads\/sites\/14\/2024\/01\/PortadaResiliencia1.png","contentUrl":"https:\/\/cie.uprrp.edu\/alcanza\/wp-content\/uploads\/sites\/14\/2024\/01\/PortadaResiliencia1.png","width":778,"height":936,"caption":"M\u00f3dulo 15: Resiliencia"},{"@type":"BreadcrumbList","@id":"https:\/\/cie.uprrp.edu\/alcanza\/#breadcrumb","itemListElement":[{"@type":"ListItem","position":1,"name":"Home","item":"https:\/\/cie.uprrp.edu\/alcanza\/"},{"@type":"ListItem","position":2,"name":"M\u00f3dulos ALCANZA &#8211; \u00cdndice","item":"https:\/\/cie.uprrp.edu\/alcanza\/modulos-alcanza-indice\/"},{"@type":"ListItem","position":3,"name":"M\u00f3dulo 15"}]},{"@type":"WebSite","@id":"https:\/\/cie.uprrp.edu\/alcanza\/#website","url":"https:\/\/cie.uprrp.edu\/alcanza\/","name":"Proyecto ALCANZA","description":"Education WordPress Theme","potentialAction":[{"@type":"SearchAction","target":{"@type":"EntryPoint","urlTemplate":"https:\/\/cie.uprrp.edu\/alcanza\/?s={search_term_string}"},"query-input":{"@type":"PropertyValueSpecification","valueRequired":true,"valueName":"search_term_string"}}],"inLanguage":"en-US"}]}},"_links":{"self":[{"href":"https:\/\/cie.uprrp.edu\/alcanza\/wp-json\/wp\/v2\/pages\/13383","targetHints":{"allow":["GET"]}}],"collection":[{"href":"https:\/\/cie.uprrp.edu\/alcanza\/wp-json\/wp\/v2\/pages"}],"about":[{"href":"https:\/\/cie.uprrp.edu\/alcanza\/wp-json\/wp\/v2\/types\/page"}],"author":[{"embeddable":true,"href":"https:\/\/cie.uprrp.edu\/alcanza\/wp-json\/wp\/v2\/users\/1006"}],"replies":[{"embeddable":true,"href":"https:\/\/cie.uprrp.edu\/alcanza\/wp-json\/wp\/v2\/comments?post=13383"}],"version-history":[{"count":80,"href":"https:\/\/cie.uprrp.edu\/alcanza\/wp-json\/wp\/v2\/pages\/13383\/revisions"}],"predecessor-version":[{"id":14012,"href":"https:\/\/cie.uprrp.edu\/alcanza\/wp-json\/wp\/v2\/pages\/13383\/revisions\/14012"}],"up":[{"embeddable":true,"href":"https:\/\/cie.uprrp.edu\/alcanza\/wp-json\/wp\/v2\/pages\/13997"}],"wp:attachment":[{"href":"https:\/\/cie.uprrp.edu\/alcanza\/wp-json\/wp\/v2\/media?parent=13383"}],"curies":[{"name":"wp","href":"https:\/\/api.w.org\/{rel}","templated":true}]}}