{"id":13396,"date":"2024-01-30T14:54:35","date_gmt":"2024-01-30T18:54:35","guid":{"rendered":"https:\/\/cie.uprrp.edu\/alcanza\/?page_id=13396"},"modified":"2024-02-07T11:34:16","modified_gmt":"2024-02-07T15:34:16","slug":"prologo-notas-de-la-directora","status":"publish","type":"page","link":"https:\/\/cie.uprrp.edu\/alcanza\/modulos-alcanza-indice\/modulo-15\/prologo-notas-de-la-directora\/","title":{"rendered":"Pr\u00f3logo &#8211; Notas de la directora"},"content":{"rendered":"<p><img loading=\"lazy\" decoding=\"async\" width=\"3840\" height=\"827\" src=\"https:\/\/cie.uprrp.edu\/alcanza\/wp-content\/uploads\/sites\/14\/2024\/01\/prologo.png\" alt=\"Deco\" \/>\t\t\t\t\t\t\t\t\t\t\t\t\t<\/p>\n<h1>Page title<\/h1>\n<p><strong>CUANDO ME INTEGR\u00c9 COMO DIRECTORA<\/strong> del Centro de Investigaciones Educativas, la Iniciativa Preescolar Alcanza ten\u00eda 15 a\u00f1os de trayectoria. En este tiempo, he observado, desde el amor y la ternura, el trabajo incansable del equipo. Le dirige el mismo norte: el desarrollo de maestras, facilitadoras y cuidadoras sensibles ante las necesidades de la ni\u00f1ez del archipi\u00e9lago de Puerto Rico, capaces de enfrentar los retos socioculturales que enfrentan en el quehacer cotidiano.<\/p>\n<p>A ra\u00edz de los fen\u00f3menos naturales que han azotado a Puerto Rico desde 2017 (huracanes y terremotos), el equipo de Alcanza entendi\u00f3 que era necesario abordar el tema de la resiliencia dentro del contexto del desarrollo del bienestar de la ni\u00f1ez. \u00bfEs posible desarrollar la resiliencia desde la ni\u00f1ez? \u00bfPodemos hacerlo desde una perspectiva sociocultural sensible y justa a nuestra poblaci\u00f3n? Desde la perspectiva de justicia social, conceptualizamos la resiliencia en desastres como la interacci\u00f3n entre los factores sociales y psicol\u00f3gicos, as\u00ed como las din\u00e1micas sociopol\u00edticas que impactan, de manera desproporcional, a comunidades vulnerables (Atallah, 2016).<\/p>\n<p>Tal y como nos sugiere el Instituto Australiano para la Resiliencia en Desastres (2021) la clave principal para desarrollar la resiliencia en la ni\u00f1ez es tenerle al centro de las prioridades de toda planificaci\u00f3n en desastres. Es importante enfatizar que no se trata de desarrollar estrategias de sobrevivencia en nuestros ni\u00f1os y ni\u00f1as, sino de fomentar las capacidades posibles para su edad y etapa de desarrollo dentro del contexto de su comunidad escolar. Para ello, la ni\u00f1ez ser\u00e1 el centro, pero son necesarios todos los apoyos sociales, emocionales, estructurales y sist\u00e9micos. Tal y como le definen Liebenberg y Ungar (2009), la resiliencia es el resultado positivo del continuo de desarrollo que ocurre cuando la ni\u00f1ez experimenta estresores agudos y cr\u00f3nicos, como la pobreza, el abuso, la violencia, el racismo o la marginaci\u00f3n, entre otros factores que inciden en su bienestar. Acercarse al tema de la resiliencia no solo implica entender los riesgos y vulnerabilidades que enfrenta la ni\u00f1ez en Puerto Rico, sino entender las implicaciones de las relaciones e interacciones con su entorno.<\/p>\n<p>Para que la ni\u00f1ez pueda desarrollarse de manera resiliente, es necesario\u2014como indica la Dra. Wanda Figueroa en este trabajo\u2014crear espacios de seguridad y apoyo. A esto le a\u00f1ado: afectividad. Crear estos espacios implica dejar a un lado el adultocentrismo (ese modo de organizaci\u00f3n social en el cual las relaciones de la ni\u00f1ez y la juventud est\u00e1n dominadas por las personas adultas) para primar la autonom\u00eda, la interdependencia y el sentido de agencia de cada ni\u00f1a y ni\u00f1o. En este proceso, estamos llamadas a explorar y celebrar la capacidad afectiva y emocional de nuestra ni\u00f1ez sin pretensi\u00f3n de adaptarlos a las condiciones adversas en las que se encuentra el pa\u00eds, a crear las condiciones que permitan el desarrollo pleno de la ni\u00f1ez desde un sentido de justicia y la libertad de crecer.<\/p>\n<p>El m\u00f3dulo que les presentamos hace un hermoso recorrido por las experiencias de las facilitadoras de la Iniciativa Preescolar Alcanza y c\u00f3mo facilitan experiencias integradoras en el espacio del aula. Les invito a explorar cada p\u00e1gina con la mirada puesta en lo que todas podemos hacer desde nuestros espacios para fomentar el desarrollo de la resiliencia de manera armoniosa con las etapas de desarrollo, considerando las experiencias vividas por nuestra ni\u00f1ez. Hag\u00e1moslo desde el conocimiento, con amor y desde la ternura.<\/p>\n<p><strong><em>Yarimar Rosa Rodr\u00edguez, Ph.D.<\/em><\/strong><br \/>Directora<br \/>Centro de Investigaciones Educativas<\/p>\n<h4>Referencias<\/h4>\n<p>Atallah, D. G. (2016). Toward a decolonial turn in resilience thinking in disasters: Example of the Mapuche from southern Chile on the frontlines and faultlines. <em>International Journal of Disaster Risk Reduction, 19<\/em>, 92\u2013100. h<a href=\"\/\/doi.org\/ 10.1016\/J.IJDRR.2016.08.027\">ttps:\/\/doi.org\/ 10.1016\/J.IJDRR.2016.08.027<\/a><\/p>\n<p>Australian Institute for Disaster Resilience. (2021). <em>Disaster Resilience Education for Young People<\/em>. <a href=\"https:\/\/knowledge.aidr.org.au\/media\/8874\/aidr-handbook_ dreyp_2021.pdf\" data-wplink-url-error=\"true\">https:\/\/knowledge.aidr.org.au\/media\/8874\/aidr-handbook_ dreyp_2021.pdf<\/a><\/p>\n<p>Liebenberg, L. &amp; Ungar, M. (Eds.). (2009). <em>Researching resilience<\/em>. University of Toronto Press.<\/p>\n","protected":false},"excerpt":{"rendered":"<p>Page title CUANDO ME INTEGR\u00c9 COMO DIRECTORA del Centro de Investigaciones Educativas, la Iniciativa Preescolar Alcanza ten\u00eda 15 a\u00f1os de trayectoria. En este tiempo, he observado, desde el amor y la ternura, el trabajo incansable del equipo. Le dirige el &hellip; <\/p>\n","protected":false},"author":1006,"featured_media":0,"parent":13383,"menu_order":1,"comment_status":"closed","ping_status":"closed","template":"","meta":{"footnotes":""},"class_list":["post-13396","page","type-page","status-publish","hentry"],"yoast_head":"<!-- This site is optimized with the Yoast SEO plugin v27.3 - https:\/\/yoast.com\/product\/yoast-seo-wordpress\/ -->\n<title>Pr\u00f3logo - Notas de la directora - Proyecto ALCANZA<\/title>\n<meta name=\"robots\" content=\"noindex, follow, max-snippet:-1, max-image-preview:large, max-video-preview:-1\" \/>\n<meta property=\"og:locale\" content=\"en_US\" \/>\n<meta property=\"og:type\" content=\"article\" \/>\n<meta property=\"og:title\" content=\"Pr\u00f3logo - Notas de la directora - Proyecto ALCANZA\" \/>\n<meta property=\"og:description\" content=\"Page title CUANDO ME INTEGR\u00c9 COMO DIRECTORA del Centro de Investigaciones Educativas, la Iniciativa Preescolar Alcanza ten\u00eda 15 a\u00f1os de trayectoria. En este tiempo, he observado, desde el amor y la ternura, el trabajo incansable del equipo. Le dirige el &hellip;\" \/>\n<meta property=\"og:url\" content=\"https:\/\/cie.uprrp.edu\/alcanza\/modulo-15\/prologo-notas-de-la-directora\/\" \/>\n<meta property=\"og:site_name\" content=\"Proyecto ALCANZA\" \/>\n<meta property=\"article:modified_time\" content=\"2024-02-07T15:34:16+00:00\" \/>\n<meta property=\"og:image\" content=\"https:\/\/cie.uprrp.edu\/alcanza\/wp-content\/uploads\/sites\/14\/2024\/01\/prologo.png\" \/>\n<meta name=\"twitter:card\" content=\"summary_large_image\" \/>\n<meta name=\"twitter:label1\" content=\"Est. reading time\" \/>\n\t<meta name=\"twitter:data1\" content=\"3 minutes\" \/>\n<script type=\"application\/ld+json\" class=\"yoast-schema-graph\">{\"@context\":\"https:\\\/\\\/schema.org\",\"@graph\":[{\"@type\":\"WebPage\",\"@id\":\"https:\\\/\\\/cie.uprrp.edu\\\/alcanza\\\/modulo-15\\\/prologo-notas-de-la-directora\\\/\",\"url\":\"https:\\\/\\\/cie.uprrp.edu\\\/alcanza\\\/modulo-15\\\/prologo-notas-de-la-directora\\\/\",\"name\":\"Pr\u00f3logo - Notas de la directora - Proyecto ALCANZA\",\"isPartOf\":{\"@id\":\"https:\\\/\\\/cie.uprrp.edu\\\/alcanza\\\/#website\"},\"primaryImageOfPage\":{\"@id\":\"https:\\\/\\\/cie.uprrp.edu\\\/alcanza\\\/modulo-15\\\/prologo-notas-de-la-directora\\\/#primaryimage\"},\"image\":{\"@id\":\"https:\\\/\\\/cie.uprrp.edu\\\/alcanza\\\/modulo-15\\\/prologo-notas-de-la-directora\\\/#primaryimage\"},\"thumbnailUrl\":\"https:\\\/\\\/cie.uprrp.edu\\\/alcanza\\\/wp-content\\\/uploads\\\/sites\\\/14\\\/2024\\\/01\\\/prologo.png\",\"datePublished\":\"2024-01-30T18:54:35+00:00\",\"dateModified\":\"2024-02-07T15:34:16+00:00\",\"breadcrumb\":{\"@id\":\"https:\\\/\\\/cie.uprrp.edu\\\/alcanza\\\/modulo-15\\\/prologo-notas-de-la-directora\\\/#breadcrumb\"},\"inLanguage\":\"en-US\",\"potentialAction\":[{\"@type\":\"ReadAction\",\"target\":[\"https:\\\/\\\/cie.uprrp.edu\\\/alcanza\\\/modulo-15\\\/prologo-notas-de-la-directora\\\/\"]}]},{\"@type\":\"ImageObject\",\"inLanguage\":\"en-US\",\"@id\":\"https:\\\/\\\/cie.uprrp.edu\\\/alcanza\\\/modulo-15\\\/prologo-notas-de-la-directora\\\/#primaryimage\",\"url\":\"https:\\\/\\\/cie.uprrp.edu\\\/alcanza\\\/wp-content\\\/uploads\\\/sites\\\/14\\\/2024\\\/01\\\/prologo.png\",\"contentUrl\":\"https:\\\/\\\/cie.uprrp.edu\\\/alcanza\\\/wp-content\\\/uploads\\\/sites\\\/14\\\/2024\\\/01\\\/prologo.png\",\"width\":3840,\"height\":827,\"caption\":\"Deco\"},{\"@type\":\"BreadcrumbList\",\"@id\":\"https:\\\/\\\/cie.uprrp.edu\\\/alcanza\\\/modulo-15\\\/prologo-notas-de-la-directora\\\/#breadcrumb\",\"itemListElement\":[{\"@type\":\"ListItem\",\"position\":1,\"name\":\"Home\",\"item\":\"https:\\\/\\\/cie.uprrp.edu\\\/alcanza\\\/\"},{\"@type\":\"ListItem\",\"position\":2,\"name\":\"M\u00f3dulo 15\",\"item\":\"https:\\\/\\\/cie.uprrp.edu\\\/alcanza\\\/\"},{\"@type\":\"ListItem\",\"position\":3,\"name\":\"Pr\u00f3logo &#8211; Notas de la directora\"}]},{\"@type\":\"WebSite\",\"@id\":\"https:\\\/\\\/cie.uprrp.edu\\\/alcanza\\\/#website\",\"url\":\"https:\\\/\\\/cie.uprrp.edu\\\/alcanza\\\/\",\"name\":\"Proyecto ALCANZA\",\"description\":\"Education WordPress Theme\",\"potentialAction\":[{\"@type\":\"SearchAction\",\"target\":{\"@type\":\"EntryPoint\",\"urlTemplate\":\"https:\\\/\\\/cie.uprrp.edu\\\/alcanza\\\/?s={search_term_string}\"},\"query-input\":{\"@type\":\"PropertyValueSpecification\",\"valueRequired\":true,\"valueName\":\"search_term_string\"}}],\"inLanguage\":\"en-US\"}]}<\/script>\n<!-- \/ Yoast SEO plugin. -->","yoast_head_json":{"title":"Pr\u00f3logo - Notas de la directora - Proyecto ALCANZA","robots":{"index":"noindex","follow":"follow","max-snippet":"max-snippet:-1","max-image-preview":"max-image-preview:large","max-video-preview":"max-video-preview:-1"},"og_locale":"en_US","og_type":"article","og_title":"Pr\u00f3logo - Notas de la directora - Proyecto ALCANZA","og_description":"Page title CUANDO ME INTEGR\u00c9 COMO DIRECTORA del Centro de Investigaciones Educativas, la Iniciativa Preescolar Alcanza ten\u00eda 15 a\u00f1os de trayectoria. En este tiempo, he observado, desde el amor y la ternura, el trabajo incansable del equipo. Le dirige el &hellip;","og_url":"https:\/\/cie.uprrp.edu\/alcanza\/modulo-15\/prologo-notas-de-la-directora\/","og_site_name":"Proyecto ALCANZA","article_modified_time":"2024-02-07T15:34:16+00:00","og_image":[{"url":"https:\/\/cie.uprrp.edu\/alcanza\/wp-content\/uploads\/sites\/14\/2024\/01\/prologo.png","type":"","width":"","height":""}],"twitter_card":"summary_large_image","twitter_misc":{"Est. reading time":"3 minutes"},"schema":{"@context":"https:\/\/schema.org","@graph":[{"@type":"WebPage","@id":"https:\/\/cie.uprrp.edu\/alcanza\/modulo-15\/prologo-notas-de-la-directora\/","url":"https:\/\/cie.uprrp.edu\/alcanza\/modulo-15\/prologo-notas-de-la-directora\/","name":"Pr\u00f3logo - Notas de la directora - Proyecto ALCANZA","isPartOf":{"@id":"https:\/\/cie.uprrp.edu\/alcanza\/#website"},"primaryImageOfPage":{"@id":"https:\/\/cie.uprrp.edu\/alcanza\/modulo-15\/prologo-notas-de-la-directora\/#primaryimage"},"image":{"@id":"https:\/\/cie.uprrp.edu\/alcanza\/modulo-15\/prologo-notas-de-la-directora\/#primaryimage"},"thumbnailUrl":"https:\/\/cie.uprrp.edu\/alcanza\/wp-content\/uploads\/sites\/14\/2024\/01\/prologo.png","datePublished":"2024-01-30T18:54:35+00:00","dateModified":"2024-02-07T15:34:16+00:00","breadcrumb":{"@id":"https:\/\/cie.uprrp.edu\/alcanza\/modulo-15\/prologo-notas-de-la-directora\/#breadcrumb"},"inLanguage":"en-US","potentialAction":[{"@type":"ReadAction","target":["https:\/\/cie.uprrp.edu\/alcanza\/modulo-15\/prologo-notas-de-la-directora\/"]}]},{"@type":"ImageObject","inLanguage":"en-US","@id":"https:\/\/cie.uprrp.edu\/alcanza\/modulo-15\/prologo-notas-de-la-directora\/#primaryimage","url":"https:\/\/cie.uprrp.edu\/alcanza\/wp-content\/uploads\/sites\/14\/2024\/01\/prologo.png","contentUrl":"https:\/\/cie.uprrp.edu\/alcanza\/wp-content\/uploads\/sites\/14\/2024\/01\/prologo.png","width":3840,"height":827,"caption":"Deco"},{"@type":"BreadcrumbList","@id":"https:\/\/cie.uprrp.edu\/alcanza\/modulo-15\/prologo-notas-de-la-directora\/#breadcrumb","itemListElement":[{"@type":"ListItem","position":1,"name":"Home","item":"https:\/\/cie.uprrp.edu\/alcanza\/"},{"@type":"ListItem","position":2,"name":"M\u00f3dulo 15","item":"https:\/\/cie.uprrp.edu\/alcanza\/"},{"@type":"ListItem","position":3,"name":"Pr\u00f3logo &#8211; Notas de la directora"}]},{"@type":"WebSite","@id":"https:\/\/cie.uprrp.edu\/alcanza\/#website","url":"https:\/\/cie.uprrp.edu\/alcanza\/","name":"Proyecto ALCANZA","description":"Education WordPress Theme","potentialAction":[{"@type":"SearchAction","target":{"@type":"EntryPoint","urlTemplate":"https:\/\/cie.uprrp.edu\/alcanza\/?s={search_term_string}"},"query-input":{"@type":"PropertyValueSpecification","valueRequired":true,"valueName":"search_term_string"}}],"inLanguage":"en-US"}]}},"_links":{"self":[{"href":"https:\/\/cie.uprrp.edu\/alcanza\/wp-json\/wp\/v2\/pages\/13396","targetHints":{"allow":["GET"]}}],"collection":[{"href":"https:\/\/cie.uprrp.edu\/alcanza\/wp-json\/wp\/v2\/pages"}],"about":[{"href":"https:\/\/cie.uprrp.edu\/alcanza\/wp-json\/wp\/v2\/types\/page"}],"author":[{"embeddable":true,"href":"https:\/\/cie.uprrp.edu\/alcanza\/wp-json\/wp\/v2\/users\/1006"}],"replies":[{"embeddable":true,"href":"https:\/\/cie.uprrp.edu\/alcanza\/wp-json\/wp\/v2\/comments?post=13396"}],"version-history":[{"count":16,"href":"https:\/\/cie.uprrp.edu\/alcanza\/wp-json\/wp\/v2\/pages\/13396\/revisions"}],"predecessor-version":[{"id":13608,"href":"https:\/\/cie.uprrp.edu\/alcanza\/wp-json\/wp\/v2\/pages\/13396\/revisions\/13608"}],"up":[{"embeddable":true,"href":"https:\/\/cie.uprrp.edu\/alcanza\/wp-json\/wp\/v2\/pages\/13383"}],"wp:attachment":[{"href":"https:\/\/cie.uprrp.edu\/alcanza\/wp-json\/wp\/v2\/media?parent=13396"}],"curies":[{"name":"wp","href":"https:\/\/api.w.org\/{rel}","templated":true}]}}