{"id":13663,"date":"2024-02-08T09:28:39","date_gmt":"2024-02-08T13:28:39","guid":{"rendered":"https:\/\/cie.uprrp.edu\/alcanza\/?page_id=13663"},"modified":"2024-02-14T09:29:44","modified_gmt":"2024-02-14T13:29:44","slug":"la-diversidad","status":"publish","type":"page","link":"https:\/\/cie.uprrp.edu\/alcanza\/modulos-alcanza-indice\/modulo-15\/la-diversidad\/","title":{"rendered":"La diversidad"},"content":{"rendered":"<p><img loading=\"lazy\" decoding=\"async\" width=\"2308\" height=\"441\" src=\"https:\/\/cie.uprrp.edu\/alcanza\/wp-content\/uploads\/sites\/14\/2024\/02\/diversidad-banner2.png\" alt=\"diversidad-banner\" \/>\t\t\t\t\t\t\t\t\t\t\t\t\t<\/p>\n<h1>La diversidad<\/h1>\n<h2>Un camino hacia la transformaci\u00f3n de una comunidad resiliente<\/h2>\n<p><strong>Sugeily Ortiz Rivera, M. Ed.<\/strong><\/p>\n<p><img loading=\"lazy\" decoding=\"async\" src=\"https:\/\/cie.uprrp.edu\/alcanza\/wp-content\/uploads\/sites\/14\/2024\/02\/PreescolarPasitos-300x219.png\" alt=\"Maestra en el sal\u00f3n con tres estudiantes preescolares y un padre\" width=\"378\" height=\"276\" \/>La diversidad, desde una mirada de oportunidad, es el punto de partida para reconocer que todas y todos somos \u00fanicas y \u00fanicos, que contamos con potencialidades que aportan a la sociedad. No obstante, si tu mirada est\u00e1 nublada, ver\u00e1s la diversidad como \u201calgo que falta\u201d o minimizar\u00e1s las capacidades de las otras personas (Lamas R. &amp; Murrugarra Abanto, s.f.). Gal\u00e1n Pe\u00f1alva (2012) se refiere a la diversidad como \u201cla presencia de variedad y al reconocimiento de la existencia de aspectos cualitativos propios de las cosas, seres u objetos que hacen que no sean id\u00e9nticos\u201d.<\/p>\n<p>Cuando aceptamos la diversidad, facilitamos la adaptaci\u00f3n y reacci\u00f3n en las personas de que todas y todos somos diversos y \u00fanicos. Aceptar que somos diversas y diversos \u2014y que nos acompa\u00f1an retos\u2014 supone que conocemos nuestras potencialidades y trabajamos para verlas desarrollarse. Podemos establecer que la diversidad en s\u00ed es un concepto amplio, que nos permite ver las distintas maneras de ser diferentes como seres humanos y que, a pesar de tales diferencias, seguimos siendo igualmente humanos. Esa diversidad se manifiesta en nuestro entorno de m\u00faltiples maneras: los idiomas, las creencias, los estilos de vida, las costumbres, las culturas, la alimentaci\u00f3n, los estilos de aprendizaje, las actitudes, los valores, entre muchos otros aspectos.<\/p>\n<p>Para aceptar la diversidad, necesitamos hacer un alto introspectivamente. Debemos prepararnos y conocer c\u00f3mo tratarla, respetarla y valorar la dignidad de cada persona (NAEYC, 2020). Para ello, requerimos hacer cambios de actitudes: es decir, un cambio de lentes. Antes, explic\u00e1bamos que, cuando miramos la diversidad con una vista nublada, la percepci\u00f3n de lo que ve\u00edamos tra\u00eda consigo una connotaci\u00f3n negativa. Ahora, cuando nos colocamos lentes para mejorar nuestra visi\u00f3n, vemos con mayor claridad. Es as\u00ed que, cuando enfrentamos un reto visual (supongamos de actitud) ante la diversidad, colocarnos otros lentes nos ayudar\u00e1 a mejorar la perspectiva sobre ella.<\/p>\n<p>Te propongo colocarte unos lentes diferentes para que puedas enfocar y ver la diversidad desde un punto de vista distinto, de reconocimiento, tolerancia y respetode valor y positivo.<\/p>\n<h2>Resiliencia y diversidad<\/h2>\n<p><img loading=\"lazy\" decoding=\"async\" src=\"https:\/\/cie.uprrp.edu\/alcanza\/wp-content\/uploads\/sites\/14\/2024\/02\/down1.png\" alt=\"Madre y ni\u00f1o con Sindrome Down\" width=\"373\" height=\"373\" \/>\u00bfC\u00f3mo somos resilientes ante la diversidad? Las personas clasificadas bajo la categor\u00eda <em>diversidad<\/em> est\u00e1n expuestas a experiencias negativas y de rechazo. Esto sucede porque nuestra sociedad tiende a mantener a distancia aquello que es diferente. <strong>Por eso, es imperativo desarrollar la resiliencia en esta poblaci\u00f3n.<\/strong> Tenemos que adquirir conciencia de c\u00f3mo la comunidad diversa se va a ver a\u00fan m\u00e1s afectada. En nuestra reflexi\u00f3n humana, en los espacios de autoevaluaci\u00f3n e introspecci\u00f3n, las educadoras y los educadores ver\u00edamos solidaridad, val\u00eda individual y humana en estas situaciones, y provocar\u00edamos un cambio de actitudes.<\/p>\n<p>El primer paso para ense\u00f1ar sobre resiliencia es aprender a mirarte a ti misma o a ti mismo; luego, trabajar y hacer los cambios hacia la resiliencia. Esta \u00faltima se aprende principalmente a trav\u00e9s del modelaje en la ni\u00f1ez temprana y en el diario vivir, no es una caracter\u00edstica propia del ser humano. P\u00e9rez M\u00e1rquez (2015) la describe como \u201cla capacidad que tienen los seres humanos para hacerle frente a la adversidad, superarla y salir fortalecidos de ella\u201d.<\/p>\n<p>Caminar en la transformaci\u00f3n de ver la diversidad siendo resiliente es un acto de reconocer la abundancia en lo diferente. La resiliencia te muestra que eres capaz de adaptarte, reconstruirte y rescatarte ante experiencias desafiantes (Grotberg, 1995, seg\u00fan citado en Fiorentino, 2008). A\u00fan en medio de esas experiencias, reconoces que lo que existe a tu alrededor te nutre, te ofrece calidad y aporta a la constante construcci\u00f3n de tu ser. Permanecer en metamorfosis te hace oportuno u oportuna para recibir la diversidad como crecimiento, apoyo y ense\u00f1anza; as\u00ed tambi\u00e9n, propicias la resiliencia en ti.<\/p>\n<h2>Actitudes positivas ante la diversidad desde la resiliencia<\/h2>\n<p>Si deseamos fomentar caracter\u00edsticas resilientes, debemos comenzar identificando qu\u00e9 nos incomoda emocionalmente. De esta manera, cuando logremos definirlo, podremos darles paso a las oportunidades. Este es un hecho que toda persona resiliente debe concebir: convertir la queja en riqueza. Es importante delimitar lo que nos inquieta para aceptar que, en el proceso de sobrepasarlo, no dejaremos de avanzar. Por ello, aceptar lo que nos sucede nos har\u00e1 movernos para superar la situaci\u00f3n. Pero, \u00bfc\u00f3mo lo hacemos?<\/p>\n<p>Te preguntar\u00e1s: \u00bfc\u00f3mo es posible hacer esto sin haberte dado cuenta de que ya lo has realizado? Tal vez con dudas e inquietudes, pero ya superaste el descontento. Has aclarado tu visi\u00f3n acerca de lo que te aquejaba y has sacado la fuerza de voluntad para provocar cambios. Te has rodeado de personas que aportan algo en ti y te complementan. Te has responsabilizado de tus actos y sus consecuencias. Finalmente, has accionado y vislumbrado positivamente la soluci\u00f3n del problema. Te propongo un esquema de actitudes positivas que te ayudar\u00e1n a seguir aceptando la diversidad desde la resiliencia.<\/p>\n<h4>Figura 1<\/h4>\n<p><i>Esquema de actitudes positivas ante la diversidad desde la resiliencia<br \/><\/i><\/p>\n<p>\t\t\t\t\t\t\t\t\t\t\t\t\t<img loading=\"lazy\" decoding=\"async\" width=\"640\" height=\"444\" src=\"https:\/\/cie.uprrp.edu\/alcanza\/wp-content\/uploads\/sites\/14\/2024\/02\/f01-diversidad-1024x711.png\" alt=\"Figura 1: Esquema de actitudes positivas ante la diversidad desde la resiliencia. Estas son: (1) Fija metas con una buena actitud. (2) Rod\u00e1te de quienes aportan algo en ti y te complementan. (3) Aprende de los errores. (4) Reconoce tus capacidades ante las situaciones. (5) S\u00e9 tu propio motivador o tu propia motivadora. (6) Acepta los cambios. (7) Cree en tus potencialidades.\" \/>\t\t\t\t\t\t\t\t\t\t\t\t\t<\/p>\n<p>Ahora, resalta tus diferencias, particularidades y potencialidades; cel\u00e9bralas porque has sido capaz de reconocerte. Asimismo, esperamos que el mundo te mire por tus ganas de salir adelante ante cualquier situaci\u00f3n porque te fijaste una meta y superaste adversidades con buena actitud. No olvides que este es un proceso constante y que comienza desde nuestro yo. Hay construcci\u00f3n diaria en nuestras percepciones, cambiamos de lente para mayor claridad cuando la visi\u00f3n se nos empa\u00f1a. No olvides que podemos manejar las emociones, mas no podemos controlar las situaciones que las despiertan. La diversidad est\u00e1 plasmada en todas partes, y es nuestro compromiso resaltarla por lo bueno, por lo que podemos hacer y por lo que podemos ayudar para trabajar en com\u00fan.<\/p>\n<h2>Resiliencia y la ni\u00f1ez diversa<\/h2>\n<p><img loading=\"lazy\" decoding=\"async\" src=\"https:\/\/cie.uprrp.edu\/alcanza\/wp-content\/uploads\/sites\/14\/2024\/02\/AdobeStock_236438252.png\" alt=\"Dos estudiantes con diversidad funcional\" width=\"409\" height=\"272\" \/>Figueroa Fuentes (2016) nos propone reflexionar acerca de la conexi\u00f3n neural que existe cuando puedes entender y sentir la experiencia vivida de otra persona. A fin de reconocer esas experiencias, es necesario demostrar confianza y conocimiento para establecer v\u00ednculos resilientes. Cuando sentimos empat\u00eda con las situaciones adversas que vive nuestra ni\u00f1ez, hacemos que aquella que es diversa desarrolle v\u00ednculos seguros para afrontar las adversidades. Pearson y Kordich (2020) nos comparten que es vital promover ni\u00f1os y ni\u00f1as resilientes, si se hace mediante relaciones con modelos positivos, adem\u00e1s de presentarles oportunidades para aprender habilidades y participar en actividades significativas. Cuando dotamos a la ni\u00f1ez, con o sin diversidad, contribuimos, de manera significativa, a generar resiliencia y un desarrollo saludable (NAEYC, 2020).<\/p>\n<p>Ya dec\u00edamos que la ni\u00f1ez diversa afronta situaciones adversas en nuestra sociedad. Por ello, desarrollar actitudes y abrir espacios de di\u00e1logo y modelaje propiciar\u00e1 dotarla de modelos, ya sea a trav\u00e9s de experiencias propias o de literatura infantil apropiada y adecuada a su nivel. La resiliencia se basa en la equidad y en experiencias para todo el mundo por igual. Hay que crear conciencia de que tanto las educadoras y educadores como las familias tenemos que abogar por la equidad de nuestra ni\u00f1ez con diversidad. Ventilar que la desigualdad duele est\u00e1 bien, solo promulgando lo que no es correcto har\u00e1 un cambio de actitud para el bien de los nuestros. Solo esperamos proveer las herramientas que har\u00e1n que, ya sea solos o en conjunto, nuestra ni\u00f1ez diversa afronte exitosamente el mundo en el que vivimos.<\/p>\n<h2>Referencias<\/h2>\n<p>Figueroa Fuentes, W. (2016). Las relaciones socio emocionales y los lazos duraderos: Una voz desde la realidad. En A. L\u00f3pez de M\u00e9ndez, M. de los A. Agrinsoni de Olivo, W. Figueroa Fuentes, R. Ortiz L\u00f3pez y G. Corujo Mart\u00ednez, <em>Socioemocional<\/em> (M\u00f3dulo 11 de Alcanza). Centro de Investigaciones Educativas, Universidad de Puerto Rico, Recinto de R\u00edo Piedras. <a href=\"https:\/\/alcanza.uprrp.edu\/modulos\/modulo-11\/\">https:\/\/alcanza.uprrp.edu\/modulos\/modulo-11\/<\/a><\/p>\n<p>Fiorentino, M. T. (2008). La construcci\u00f3n de la resiliencia en el mejoramiento de la calidad de vida y la salud. <em>Suma Psicol\u00f3gica, 15<\/em>(1), 95-113. <a href=\"https:\/\/www. redalyc.org\/articulo.oa?id=134212604004\" data-wplink-url-error=\"true\">https:\/\/www. redalyc.org\/articulo.oa?id=134212604004<\/a><\/p>\n<p>Gal\u00e1n Pe\u00f1alva, F. (2012). <em>Diversidad y educaci\u00f3n: diagn\u00f3stico y propuesta <\/em><br \/><em>de organizaci\u00f3n para la construcci\u00f3n de una escuela inclusiva. Un estudio de casos en la provincia de Jujuy-Argentina<\/em>. Tesis doctoral, Universidad de Barcelona. Repositorio digital de la UB. <a href=\"https:\/\/www.tesisenred.net\/bitstream\/handle\/10803\/565700\/FGGP_TESIS.pdf?sequence=1&amp;isAllowed=y\">https:\/\/www.tesisenred.net\/bitstream\/handle\/10803\/565700\/FGGP_TESIS.pdf?sequence=1&amp;isAllowed=y<\/a><\/p>\n<p>Lamas R., H. &amp; Murrugarra Abanto, A. (s. f.). <em>Una mirada desde la diversidad: El enfoque de resiliencia<\/em>. Catholic.net. <a href=\"https:\/\/es.catholic.net\/op\/articulos\/9139\/cat\/433\/una-mirada-desde-la-diversidad-el-enfoque-de-resiliencia. html#modal\" data-wplink-url-error=\"true\">https:\/\/es.catholic.net\/op\/articulos\/9139\/cat\/433\/una-mirada-desde-la-diversidad-el-enfoque-de-resiliencia. html#modal<\/a><\/p>\n<p>National Association for the Education of Young Children (NAEYC). (2020). <em>Declaraci\u00f3n de posici\u00f3n de la NAEYC: Promover la equidad en la educaci\u00f3n infantil.<\/em> <a href=\"https:\/\/www.naeyc.org\/sites\/default\/files\/globally-shared\/downloads\/PDFs\/resources\/position-statements\/dap_ps_spanish.pdf\">https:\/\/www.naeyc.org\/sites\/default\/files\/globally-shared\/downloads\/PDFs\/resources\/position-statements\/dap_ps_spanish.pdf<\/a><\/p>\n<p>Pearson, J. &amp; Kordich, D. (2020). <em>Building resilience in young children. Booklet for parents of children from birth to six years<\/em>. Best Start: Ontario\u2019s Maternal, Newborn and Early Child Development Resource Centre. <a href=\"https:\/\/resources.beststart.org\/wp-content\/uploads\/2018\/11\/K35-E.pdf\">https:\/\/resources.beststart.org\/wp-content\/uploads\/2018\/11\/K35-E.pdf<\/a><\/p>\n<p>P\u00e9rez M\u00e1rquez, L. (2015). Promoci\u00f3n de resiliencia en la infancia. [Trabajo Final de Grado, Modalidad Monograf\u00eda]. Universidad de la Rep\u00fablica de Uruguay. <a href=\"https:\/\/sifp.psico.edu.uy\/sites\/default\/files\/Trabajos%20finales\/%20Archivos\/tfg_-_lucia_perez.pdf\">https:\/\/sifp.psico.edu.uy\/sites\/default\/files\/Trabajos%20finales\/%20Archivos\/tfg_-_lucia_perez.pdf<\/a><\/p>\n<p>\t\t\t\t\t\t\t\t\t\t\t\t\t<img loading=\"lazy\" decoding=\"async\" width=\"700\" height=\"524\" src=\"https:\/\/cie.uprrp.edu\/alcanza\/wp-content\/uploads\/sites\/14\/2024\/02\/AdobeStock_128843613.jpg\" alt=\"\" \/><\/p>\n","protected":false},"excerpt":{"rendered":"<p>La diversidad Un camino hacia la transformaci\u00f3n de una comunidad resiliente Sugeily Ortiz Rivera, M. Ed. La diversidad, desde una mirada de oportunidad, es el punto de partida para reconocer que todas y todos somos \u00fanicas y \u00fanicos, que contamos &hellip; <\/p>\n","protected":false},"author":1006,"featured_media":0,"parent":13383,"menu_order":6,"comment_status":"closed","ping_status":"closed","template":"","meta":{"footnotes":""},"class_list":["post-13663","page","type-page","status-publish","hentry"],"yoast_head":"<!-- This site is optimized with the Yoast SEO plugin v27.3 - https:\/\/yoast.com\/product\/yoast-seo-wordpress\/ -->\n<title>La diversidad - Proyecto ALCANZA<\/title>\n<meta name=\"robots\" content=\"noindex, follow, max-snippet:-1, max-image-preview:large, max-video-preview:-1\" \/>\n<meta property=\"og:locale\" content=\"en_US\" \/>\n<meta property=\"og:type\" content=\"article\" \/>\n<meta property=\"og:title\" content=\"La diversidad - Proyecto ALCANZA\" \/>\n<meta property=\"og:description\" content=\"La diversidad Un camino hacia la transformaci\u00f3n de una comunidad resiliente Sugeily Ortiz Rivera, M. Ed. La diversidad, desde una mirada de oportunidad, es el punto de partida para reconocer que todas y todos somos \u00fanicas y \u00fanicos, que contamos &hellip;\" \/>\n<meta property=\"og:url\" content=\"https:\/\/cie.uprrp.edu\/alcanza\/modulo-15\/la-diversidad\/\" \/>\n<meta property=\"og:site_name\" content=\"Proyecto ALCANZA\" \/>\n<meta property=\"article:modified_time\" content=\"2024-02-14T13:29:44+00:00\" \/>\n<meta property=\"og:image\" content=\"https:\/\/cie.uprrp.edu\/alcanza\/wp-content\/uploads\/sites\/14\/2024\/02\/diversidad-banner2.png\" \/>\n<meta name=\"twitter:card\" content=\"summary_large_image\" \/>\n<meta name=\"twitter:label1\" content=\"Est. reading time\" \/>\n\t<meta name=\"twitter:data1\" content=\"8 minutes\" \/>\n<script type=\"application\/ld+json\" class=\"yoast-schema-graph\">{\"@context\":\"https:\\\/\\\/schema.org\",\"@graph\":[{\"@type\":\"WebPage\",\"@id\":\"https:\\\/\\\/cie.uprrp.edu\\\/alcanza\\\/modulo-15\\\/la-diversidad\\\/\",\"url\":\"https:\\\/\\\/cie.uprrp.edu\\\/alcanza\\\/modulo-15\\\/la-diversidad\\\/\",\"name\":\"La diversidad - Proyecto ALCANZA\",\"isPartOf\":{\"@id\":\"https:\\\/\\\/cie.uprrp.edu\\\/alcanza\\\/#website\"},\"primaryImageOfPage\":{\"@id\":\"https:\\\/\\\/cie.uprrp.edu\\\/alcanza\\\/modulo-15\\\/la-diversidad\\\/#primaryimage\"},\"image\":{\"@id\":\"https:\\\/\\\/cie.uprrp.edu\\\/alcanza\\\/modulo-15\\\/la-diversidad\\\/#primaryimage\"},\"thumbnailUrl\":\"https:\\\/\\\/cie.uprrp.edu\\\/alcanza\\\/wp-content\\\/uploads\\\/sites\\\/14\\\/2024\\\/02\\\/diversidad-banner2.png\",\"datePublished\":\"2024-02-08T13:28:39+00:00\",\"dateModified\":\"2024-02-14T13:29:44+00:00\",\"breadcrumb\":{\"@id\":\"https:\\\/\\\/cie.uprrp.edu\\\/alcanza\\\/modulo-15\\\/la-diversidad\\\/#breadcrumb\"},\"inLanguage\":\"en-US\",\"potentialAction\":[{\"@type\":\"ReadAction\",\"target\":[\"https:\\\/\\\/cie.uprrp.edu\\\/alcanza\\\/modulo-15\\\/la-diversidad\\\/\"]}]},{\"@type\":\"ImageObject\",\"inLanguage\":\"en-US\",\"@id\":\"https:\\\/\\\/cie.uprrp.edu\\\/alcanza\\\/modulo-15\\\/la-diversidad\\\/#primaryimage\",\"url\":\"https:\\\/\\\/cie.uprrp.edu\\\/alcanza\\\/wp-content\\\/uploads\\\/sites\\\/14\\\/2024\\\/02\\\/diversidad-banner2.png\",\"contentUrl\":\"https:\\\/\\\/cie.uprrp.edu\\\/alcanza\\\/wp-content\\\/uploads\\\/sites\\\/14\\\/2024\\\/02\\\/diversidad-banner2.png\",\"width\":2308,\"height\":441,\"caption\":\"diversidad-banner\"},{\"@type\":\"BreadcrumbList\",\"@id\":\"https:\\\/\\\/cie.uprrp.edu\\\/alcanza\\\/modulo-15\\\/la-diversidad\\\/#breadcrumb\",\"itemListElement\":[{\"@type\":\"ListItem\",\"position\":1,\"name\":\"Home\",\"item\":\"https:\\\/\\\/cie.uprrp.edu\\\/alcanza\\\/\"},{\"@type\":\"ListItem\",\"position\":2,\"name\":\"M\u00f3dulo 15\",\"item\":\"https:\\\/\\\/cie.uprrp.edu\\\/alcanza\\\/\"},{\"@type\":\"ListItem\",\"position\":3,\"name\":\"La diversidad\"}]},{\"@type\":\"WebSite\",\"@id\":\"https:\\\/\\\/cie.uprrp.edu\\\/alcanza\\\/#website\",\"url\":\"https:\\\/\\\/cie.uprrp.edu\\\/alcanza\\\/\",\"name\":\"Proyecto ALCANZA\",\"description\":\"Education WordPress Theme\",\"potentialAction\":[{\"@type\":\"SearchAction\",\"target\":{\"@type\":\"EntryPoint\",\"urlTemplate\":\"https:\\\/\\\/cie.uprrp.edu\\\/alcanza\\\/?s={search_term_string}\"},\"query-input\":{\"@type\":\"PropertyValueSpecification\",\"valueRequired\":true,\"valueName\":\"search_term_string\"}}],\"inLanguage\":\"en-US\"}]}<\/script>\n<!-- \/ Yoast SEO plugin. -->","yoast_head_json":{"title":"La diversidad - Proyecto ALCANZA","robots":{"index":"noindex","follow":"follow","max-snippet":"max-snippet:-1","max-image-preview":"max-image-preview:large","max-video-preview":"max-video-preview:-1"},"og_locale":"en_US","og_type":"article","og_title":"La diversidad - Proyecto ALCANZA","og_description":"La diversidad Un camino hacia la transformaci\u00f3n de una comunidad resiliente Sugeily Ortiz Rivera, M. Ed. La diversidad, desde una mirada de oportunidad, es el punto de partida para reconocer que todas y todos somos \u00fanicas y \u00fanicos, que contamos &hellip;","og_url":"https:\/\/cie.uprrp.edu\/alcanza\/modulo-15\/la-diversidad\/","og_site_name":"Proyecto ALCANZA","article_modified_time":"2024-02-14T13:29:44+00:00","og_image":[{"url":"https:\/\/cie.uprrp.edu\/alcanza\/wp-content\/uploads\/sites\/14\/2024\/02\/diversidad-banner2.png","type":"","width":"","height":""}],"twitter_card":"summary_large_image","twitter_misc":{"Est. reading time":"8 minutes"},"schema":{"@context":"https:\/\/schema.org","@graph":[{"@type":"WebPage","@id":"https:\/\/cie.uprrp.edu\/alcanza\/modulo-15\/la-diversidad\/","url":"https:\/\/cie.uprrp.edu\/alcanza\/modulo-15\/la-diversidad\/","name":"La diversidad - Proyecto ALCANZA","isPartOf":{"@id":"https:\/\/cie.uprrp.edu\/alcanza\/#website"},"primaryImageOfPage":{"@id":"https:\/\/cie.uprrp.edu\/alcanza\/modulo-15\/la-diversidad\/#primaryimage"},"image":{"@id":"https:\/\/cie.uprrp.edu\/alcanza\/modulo-15\/la-diversidad\/#primaryimage"},"thumbnailUrl":"https:\/\/cie.uprrp.edu\/alcanza\/wp-content\/uploads\/sites\/14\/2024\/02\/diversidad-banner2.png","datePublished":"2024-02-08T13:28:39+00:00","dateModified":"2024-02-14T13:29:44+00:00","breadcrumb":{"@id":"https:\/\/cie.uprrp.edu\/alcanza\/modulo-15\/la-diversidad\/#breadcrumb"},"inLanguage":"en-US","potentialAction":[{"@type":"ReadAction","target":["https:\/\/cie.uprrp.edu\/alcanza\/modulo-15\/la-diversidad\/"]}]},{"@type":"ImageObject","inLanguage":"en-US","@id":"https:\/\/cie.uprrp.edu\/alcanza\/modulo-15\/la-diversidad\/#primaryimage","url":"https:\/\/cie.uprrp.edu\/alcanza\/wp-content\/uploads\/sites\/14\/2024\/02\/diversidad-banner2.png","contentUrl":"https:\/\/cie.uprrp.edu\/alcanza\/wp-content\/uploads\/sites\/14\/2024\/02\/diversidad-banner2.png","width":2308,"height":441,"caption":"diversidad-banner"},{"@type":"BreadcrumbList","@id":"https:\/\/cie.uprrp.edu\/alcanza\/modulo-15\/la-diversidad\/#breadcrumb","itemListElement":[{"@type":"ListItem","position":1,"name":"Home","item":"https:\/\/cie.uprrp.edu\/alcanza\/"},{"@type":"ListItem","position":2,"name":"M\u00f3dulo 15","item":"https:\/\/cie.uprrp.edu\/alcanza\/"},{"@type":"ListItem","position":3,"name":"La diversidad"}]},{"@type":"WebSite","@id":"https:\/\/cie.uprrp.edu\/alcanza\/#website","url":"https:\/\/cie.uprrp.edu\/alcanza\/","name":"Proyecto ALCANZA","description":"Education WordPress Theme","potentialAction":[{"@type":"SearchAction","target":{"@type":"EntryPoint","urlTemplate":"https:\/\/cie.uprrp.edu\/alcanza\/?s={search_term_string}"},"query-input":{"@type":"PropertyValueSpecification","valueRequired":true,"valueName":"search_term_string"}}],"inLanguage":"en-US"}]}},"_links":{"self":[{"href":"https:\/\/cie.uprrp.edu\/alcanza\/wp-json\/wp\/v2\/pages\/13663","targetHints":{"allow":["GET"]}}],"collection":[{"href":"https:\/\/cie.uprrp.edu\/alcanza\/wp-json\/wp\/v2\/pages"}],"about":[{"href":"https:\/\/cie.uprrp.edu\/alcanza\/wp-json\/wp\/v2\/types\/page"}],"author":[{"embeddable":true,"href":"https:\/\/cie.uprrp.edu\/alcanza\/wp-json\/wp\/v2\/users\/1006"}],"replies":[{"embeddable":true,"href":"https:\/\/cie.uprrp.edu\/alcanza\/wp-json\/wp\/v2\/comments?post=13663"}],"version-history":[{"count":31,"href":"https:\/\/cie.uprrp.edu\/alcanza\/wp-json\/wp\/v2\/pages\/13663\/revisions"}],"predecessor-version":[{"id":13911,"href":"https:\/\/cie.uprrp.edu\/alcanza\/wp-json\/wp\/v2\/pages\/13663\/revisions\/13911"}],"up":[{"embeddable":true,"href":"https:\/\/cie.uprrp.edu\/alcanza\/wp-json\/wp\/v2\/pages\/13383"}],"wp:attachment":[{"href":"https:\/\/cie.uprrp.edu\/alcanza\/wp-json\/wp\/v2\/media?parent=13663"}],"curies":[{"name":"wp","href":"https:\/\/api.w.org\/{rel}","templated":true}]}}