{"id":13997,"date":"2025-06-18T10:18:25","date_gmt":"2025-06-18T14:18:25","guid":{"rendered":"https:\/\/cie.uprrp.edu\/alcanza\/?page_id=13997"},"modified":"2025-06-18T11:33:27","modified_gmt":"2025-06-18T15:33:27","slug":"modulos-alcanza-indice","status":"publish","type":"page","link":"https:\/\/cie.uprrp.edu\/alcanza\/modulos-alcanza-indice\/","title":{"rendered":"M\u00f3dulos ALCANZA &#8211; \u00cdndice"},"content":{"rendered":"<h4>Haga click en el m\u00f3dulo que quiera consultar para acceder al contenido.<\/h4>\n<figure>\n\t\t\t\t\t\t\t\t\t\t\t<a href=\"https:\/\/cie.uprrp.edu\/alcanza\/modulos-alcanza-indice\/modulo-01\/\"><br \/>\n\t\t\t\t\t\t\t<img loading=\"lazy\" decoding=\"async\" width=\"640\" height=\"761\" src=\"https:\/\/cie.uprrp.edu\/alcanza\/wp-content\/uploads\/sites\/14\/2025\/06\/modulo01-desarrollo-y-crecimiento_comp.png\" alt=\"M\u00f3dulo 1: Desarrollo y crecimiento de la ni\u00f1ez: un enfoque integrado\" srcset=\"https:\/\/cie.uprrp.edu\/alcanza\/wp-content\/uploads\/sites\/14\/2025\/06\/modulo01-desarrollo-y-crecimiento_comp.png 757w, https:\/\/cie.uprrp.edu\/alcanza\/wp-content\/uploads\/sites\/14\/2025\/06\/modulo01-desarrollo-y-crecimiento_comp-252x300.png 252w, https:\/\/cie.uprrp.edu\/alcanza\/wp-content\/uploads\/sites\/14\/2025\/06\/modulo01-desarrollo-y-crecimiento_comp-600x713.png 600w\" sizes=\"auto, (max-width: 640px) 100vw, 640px\" \/>\t\t\t\t\t\t\t\t<\/a><figcaption>M\u00f3dulo 1: Desarrollo y crecimiento de la ni\u00f1ez: un enfoque integrado<\/figcaption><\/figure>\n<figure>\n\t\t\t\t\t\t\t\t\t\t\t<a href=\"https:\/\/cie.uprrp.edu\/alcanza\/modulos-alcanza-indice\/modulo-02\/\"><br \/>\n\t\t\t\t\t\t\t<img loading=\"lazy\" decoding=\"async\" width=\"640\" height=\"745\" src=\"https:\/\/cie.uprrp.edu\/alcanza\/wp-content\/uploads\/sites\/14\/2025\/06\/modulo02-comunidad-de-aprendizaje_comp.png\" alt=\"M\u00f3dulo 2: Comunidad de Aprendizaje: ambientes para explorar, crear y vivir\" srcset=\"https:\/\/cie.uprrp.edu\/alcanza\/wp-content\/uploads\/sites\/14\/2025\/06\/modulo02-comunidad-de-aprendizaje_comp.png 804w, https:\/\/cie.uprrp.edu\/alcanza\/wp-content\/uploads\/sites\/14\/2025\/06\/modulo02-comunidad-de-aprendizaje_comp-258x300.png 258w, https:\/\/cie.uprrp.edu\/alcanza\/wp-content\/uploads\/sites\/14\/2025\/06\/modulo02-comunidad-de-aprendizaje_comp-768x894.png 768w, https:\/\/cie.uprrp.edu\/alcanza\/wp-content\/uploads\/sites\/14\/2025\/06\/modulo02-comunidad-de-aprendizaje_comp-600x699.png 600w\" sizes=\"auto, (max-width: 640px) 100vw, 640px\" \/>\t\t\t\t\t\t\t\t<\/a><figcaption>M\u00f3dulo 2: Comunidad de Aprendizaje: ambientes para explorar, crear y vivir<\/figcaption><\/figure>\n<figure>\n\t\t\t\t\t\t\t\t\t\t\t<a href=\"https:\/\/cie.uprrp.edu\/alcanza\/modulos-alcanza-indice\/modulo-03\/\"><br \/>\n\t\t\t\t\t\t\t<img loading=\"lazy\" decoding=\"async\" width=\"640\" height=\"758\" src=\"https:\/\/cie.uprrp.edu\/alcanza\/wp-content\/uploads\/sites\/14\/2025\/06\/modulo03-curriculo-integrado_comp.png\" alt=\"M\u00f3dulo 3: El curr\u00edculo integrado\" srcset=\"https:\/\/cie.uprrp.edu\/alcanza\/wp-content\/uploads\/sites\/14\/2025\/06\/modulo03-curriculo-integrado_comp.png 760w, https:\/\/cie.uprrp.edu\/alcanza\/wp-content\/uploads\/sites\/14\/2025\/06\/modulo03-curriculo-integrado_comp-253x300.png 253w, https:\/\/cie.uprrp.edu\/alcanza\/wp-content\/uploads\/sites\/14\/2025\/06\/modulo03-curriculo-integrado_comp-600x711.png 600w\" sizes=\"auto, (max-width: 640px) 100vw, 640px\" \/>\t\t\t\t\t\t\t\t<\/a><figcaption>M\u00f3dulo 3: El curr\u00edculo integrado<\/figcaption><\/figure>\n<figure>\n\t\t\t\t\t\t\t\t\t\t\t<a href=\"https:\/\/cie.uprrp.edu\/alcanza\/modulos-alcanza-indice\/modulo-04\/\"><br \/>\n\t\t\t\t\t\t\t<img loading=\"lazy\" decoding=\"async\" width=\"640\" height=\"756\" src=\"https:\/\/cie.uprrp.edu\/alcanza\/wp-content\/uploads\/sites\/14\/2025\/06\/modulo04-practicas-apropiadas-lenguaje_comp.png\" alt=\"M\u00f3dulo 4: Pr\u00e1cticas apropiadas para el desarrollo del lenguaje\" srcset=\"https:\/\/cie.uprrp.edu\/alcanza\/wp-content\/uploads\/sites\/14\/2025\/06\/modulo04-practicas-apropiadas-lenguaje_comp.png 792w, https:\/\/cie.uprrp.edu\/alcanza\/wp-content\/uploads\/sites\/14\/2025\/06\/modulo04-practicas-apropiadas-lenguaje_comp-254x300.png 254w, https:\/\/cie.uprrp.edu\/alcanza\/wp-content\/uploads\/sites\/14\/2025\/06\/modulo04-practicas-apropiadas-lenguaje_comp-768x908.png 768w, https:\/\/cie.uprrp.edu\/alcanza\/wp-content\/uploads\/sites\/14\/2025\/06\/modulo04-practicas-apropiadas-lenguaje_comp-600x709.png 600w\" sizes=\"auto, (max-width: 640px) 100vw, 640px\" \/>\t\t\t\t\t\t\t\t<\/a><figcaption>M\u00f3dulo 4: Pr\u00e1cticas apropiadas para el desarrollo del lenguaje<\/figcaption><\/figure>\n<figure>\n\t\t\t\t\t\t\t\t\t\t\t<a href=\"https:\/\/cie.uprrp.edu\/alcanza\/modulos-alcanza-indice\/modulo-05\/\"><br \/>\n\t\t\t\t\t\t\t<img loading=\"lazy\" decoding=\"async\" width=\"640\" height=\"754\" src=\"https:\/\/cie.uprrp.edu\/alcanza\/wp-content\/uploads\/sites\/14\/2025\/06\/modulo05-assessment_comp.png\" alt=\"M\u00f3dulo 5: Assesment del desarrollo y aprendizaje de la ni\u00f1ez temprana\" srcset=\"https:\/\/cie.uprrp.edu\/alcanza\/wp-content\/uploads\/sites\/14\/2025\/06\/modulo05-assessment_comp.png 764w, https:\/\/cie.uprrp.edu\/alcanza\/wp-content\/uploads\/sites\/14\/2025\/06\/modulo05-assessment_comp-255x300.png 255w, https:\/\/cie.uprrp.edu\/alcanza\/wp-content\/uploads\/sites\/14\/2025\/06\/modulo05-assessment_comp-600x707.png 600w\" sizes=\"auto, (max-width: 640px) 100vw, 640px\" \/>\t\t\t\t\t\t\t\t<\/a><figcaption>M\u00f3dulo 5: Assesment del desarrollo y aprendizaje de la ni\u00f1ez temprana<\/figcaption><\/figure>\n<figure>\n\t\t\t\t\t\t\t\t\t\t\t<a href=\"https:\/\/cie.uprrp.edu\/alcanza\/modulos-alcanza-indice\/modulo-06\/\"><br \/>\n\t\t\t\t\t\t\t<img loading=\"lazy\" decoding=\"async\" width=\"640\" height=\"766\" src=\"https:\/\/cie.uprrp.edu\/alcanza\/wp-content\/uploads\/sites\/14\/2025\/06\/modulo06-educador_comp.png\" alt=\"M\u00f3dulo 6: El educador de la ni\u00f1ez en edad temprana: Promotor del aprendizaje\" srcset=\"https:\/\/cie.uprrp.edu\/alcanza\/wp-content\/uploads\/sites\/14\/2025\/06\/modulo06-educador_comp.png 752w, https:\/\/cie.uprrp.edu\/alcanza\/wp-content\/uploads\/sites\/14\/2025\/06\/modulo06-educador_comp-251x300.png 251w, https:\/\/cie.uprrp.edu\/alcanza\/wp-content\/uploads\/sites\/14\/2025\/06\/modulo06-educador_comp-600x718.png 600w\" sizes=\"auto, (max-width: 640px) 100vw, 640px\" \/>\t\t\t\t\t\t\t\t<\/a><figcaption>M\u00f3dulo 6: El educador de la ni\u00f1ez en edad temprana: Promotor del aprendizaje<\/figcaption><\/figure>\n<figure>\n\t\t\t\t\t\t\t\t\t\t\t<a href=\"https:\/\/cie.uprrp.edu\/alcanza\/modulos-alcanza-indice\/modulo-07\/\"><br \/>\n\t\t\t\t\t\t\t<img loading=\"lazy\" decoding=\"async\" width=\"640\" height=\"741\" src=\"https:\/\/cie.uprrp.edu\/alcanza\/wp-content\/uploads\/sites\/14\/2025\/06\/modulo07-diversidad_comp.png\" alt=\"M\u00f3dulo 7: Atendiendo la diversidad dentro de un ambiente inclusivo\" srcset=\"https:\/\/cie.uprrp.edu\/alcanza\/wp-content\/uploads\/sites\/14\/2025\/06\/modulo07-diversidad_comp.png 777w, https:\/\/cie.uprrp.edu\/alcanza\/wp-content\/uploads\/sites\/14\/2025\/06\/modulo07-diversidad_comp-259x300.png 259w, https:\/\/cie.uprrp.edu\/alcanza\/wp-content\/uploads\/sites\/14\/2025\/06\/modulo07-diversidad_comp-768x890.png 768w, https:\/\/cie.uprrp.edu\/alcanza\/wp-content\/uploads\/sites\/14\/2025\/06\/modulo07-diversidad_comp-600x695.png 600w\" sizes=\"auto, (max-width: 640px) 100vw, 640px\" \/>\t\t\t\t\t\t\t\t<\/a><figcaption>M\u00f3dulo 7: Atendiendo la diversidad dentro de un ambiente inclusivo<\/figcaption><\/figure>\n<figure>\n\t\t\t\t\t\t\t\t\t\t\t<a href=\"https:\/\/cie.uprrp.edu\/alcanza\/modulos-alcanza-indice\/modulo-08\/\"><br \/>\n\t\t\t\t\t\t\t<img loading=\"lazy\" decoding=\"async\" width=\"640\" height=\"756\" src=\"https:\/\/cie.uprrp.edu\/alcanza\/wp-content\/uploads\/sites\/14\/2025\/06\/modulo08-relaciones-reciprocas_comp.png\" alt=\"M\u00f3dulo 8: Relaciones rec\u00edprocas entre la escuela, la familia y la comunidad\" srcset=\"https:\/\/cie.uprrp.edu\/alcanza\/wp-content\/uploads\/sites\/14\/2025\/06\/modulo08-relaciones-reciprocas_comp.png 762w, https:\/\/cie.uprrp.edu\/alcanza\/wp-content\/uploads\/sites\/14\/2025\/06\/modulo08-relaciones-reciprocas_comp-254x300.png 254w, https:\/\/cie.uprrp.edu\/alcanza\/wp-content\/uploads\/sites\/14\/2025\/06\/modulo08-relaciones-reciprocas_comp-600x709.png 600w\" sizes=\"auto, (max-width: 640px) 100vw, 640px\" \/>\t\t\t\t\t\t\t\t<\/a><figcaption>M\u00f3dulo 8: Relaciones rec\u00edprocas entre la escuela, la familia y la comunidad<\/figcaption><\/figure>\n<figure>\n\t\t\t\t\t\t\t\t\t\t\t<a href=\"https:\/\/cie.uprrp.edu\/alcanza\/modulos-alcanza-indice\/modulo-09\"><br \/>\n\t\t\t\t\t\t\t<img loading=\"lazy\" decoding=\"async\" width=\"595\" height=\"703\" src=\"https:\/\/cie.uprrp.edu\/alcanza\/wp-content\/uploads\/sites\/14\/2025\/06\/modulo09-valores_comp.png\" alt=\"M\u00f3dulo 9: Los valores\" srcset=\"https:\/\/cie.uprrp.edu\/alcanza\/wp-content\/uploads\/sites\/14\/2025\/06\/modulo09-valores_comp.png 595w, https:\/\/cie.uprrp.edu\/alcanza\/wp-content\/uploads\/sites\/14\/2025\/06\/modulo09-valores_comp-254x300.png 254w\" sizes=\"auto, (max-width: 595px) 100vw, 595px\" \/>\t\t\t\t\t\t\t\t<\/a><figcaption>M\u00f3dulo 9: Los valores<\/figcaption><\/figure>\n<figure>\n\t\t\t\t\t\t\t\t\t\t\t<a href=\"https:\/\/cie.uprrp.edu\/alcanza\/modulos-alcanza-indice\/modulo-10\/\"><br \/>\n\t\t\t\t\t\t\t<img loading=\"lazy\" decoding=\"async\" width=\"640\" height=\"756\" src=\"https:\/\/cie.uprrp.edu\/alcanza\/wp-content\/uploads\/sites\/14\/2025\/06\/modulo10-familia_comp.png\" alt=\"M\u00f3dulo 10: La familia\" srcset=\"https:\/\/cie.uprrp.edu\/alcanza\/wp-content\/uploads\/sites\/14\/2025\/06\/modulo10-familia_comp.png 762w, https:\/\/cie.uprrp.edu\/alcanza\/wp-content\/uploads\/sites\/14\/2025\/06\/modulo10-familia_comp-254x300.png 254w, https:\/\/cie.uprrp.edu\/alcanza\/wp-content\/uploads\/sites\/14\/2025\/06\/modulo10-familia_comp-600x709.png 600w\" sizes=\"auto, (max-width: 640px) 100vw, 640px\" \/>\t\t\t\t\t\t\t\t<\/a><figcaption>M\u00f3dulo 10: La familia<\/figcaption><\/figure>\n<figure>\n\t\t\t\t\t\t\t\t\t\t\t<a href=\"https:\/\/cie.uprrp.edu\/alcanza\/modulos-alcanza-indice\/modulo-11\/\"><br \/>\n\t\t\t\t\t\t\t<img loading=\"lazy\" decoding=\"async\" width=\"640\" height=\"756\" src=\"https:\/\/cie.uprrp.edu\/alcanza\/wp-content\/uploads\/sites\/14\/2025\/06\/modulo11-socioemocional_comp.png\" alt=\"M\u00f3dulo 11: Socioemocional\" srcset=\"https:\/\/cie.uprrp.edu\/alcanza\/wp-content\/uploads\/sites\/14\/2025\/06\/modulo11-socioemocional_comp.png 762w, https:\/\/cie.uprrp.edu\/alcanza\/wp-content\/uploads\/sites\/14\/2025\/06\/modulo11-socioemocional_comp-254x300.png 254w, https:\/\/cie.uprrp.edu\/alcanza\/wp-content\/uploads\/sites\/14\/2025\/06\/modulo11-socioemocional_comp-600x709.png 600w\" sizes=\"auto, (max-width: 640px) 100vw, 640px\" \/>\t\t\t\t\t\t\t\t<\/a><figcaption>M\u00f3dulo 11: Socioemocional<\/figcaption><\/figure>\n<figure>\n\t\t\t\t\t\t\t\t\t\t\t<a href=\"https:\/\/cie.uprrp.edu\/alcanza\/modulos-alcanza-indice\/modulo-12\/\"><br \/>\n\t\t\t\t\t\t\t<img loading=\"lazy\" decoding=\"async\" width=\"640\" height=\"756\" src=\"https:\/\/cie.uprrp.edu\/alcanza\/wp-content\/uploads\/sites\/14\/2025\/06\/modulo12-Infantes-y-maternales_comp.png\" alt=\"M\u00f3dulo 12: Infantes y maternales\" srcset=\"https:\/\/cie.uprrp.edu\/alcanza\/wp-content\/uploads\/sites\/14\/2025\/06\/modulo12-Infantes-y-maternales_comp.png 762w, https:\/\/cie.uprrp.edu\/alcanza\/wp-content\/uploads\/sites\/14\/2025\/06\/modulo12-Infantes-y-maternales_comp-254x300.png 254w, https:\/\/cie.uprrp.edu\/alcanza\/wp-content\/uploads\/sites\/14\/2025\/06\/modulo12-Infantes-y-maternales_comp-600x709.png 600w\" sizes=\"auto, (max-width: 640px) 100vw, 640px\" \/>\t\t\t\t\t\t\t\t<\/a><figcaption>M\u00f3dulo 12: Infantes y maternales<\/figcaption><\/figure>\n<figure>\n\t\t\t\t\t\t\t\t\t\t\t<a href=\"https:\/\/cie.uprrp.edu\/alcanza\/modulos-alcanza-indice\/modulo-13\/\"><br \/>\n\t\t\t\t\t\t\t<img loading=\"lazy\" decoding=\"async\" width=\"640\" height=\"782\" src=\"https:\/\/cie.uprrp.edu\/alcanza\/wp-content\/uploads\/sites\/14\/2025\/06\/modulo13-desarrollo-del-lenguaje_comp.png\" alt=\"M\u00f3dulo 13: La importancia del desarrollo del lenguaje en la ni\u00f1ez temprana\" srcset=\"https:\/\/cie.uprrp.edu\/alcanza\/wp-content\/uploads\/sites\/14\/2025\/06\/modulo13-desarrollo-del-lenguaje_comp.png 737w, https:\/\/cie.uprrp.edu\/alcanza\/wp-content\/uploads\/sites\/14\/2025\/06\/modulo13-desarrollo-del-lenguaje_comp-246x300.png 246w, https:\/\/cie.uprrp.edu\/alcanza\/wp-content\/uploads\/sites\/14\/2025\/06\/modulo13-desarrollo-del-lenguaje_comp-600x733.png 600w\" sizes=\"auto, (max-width: 640px) 100vw, 640px\" \/>\t\t\t\t\t\t\t\t<\/a><figcaption>M\u00f3dulo 13: La importancia del desarrollo del lenguaje en la ni\u00f1ez temprana<\/figcaption><\/figure>\n<figure>\n\t\t\t\t\t\t\t\t\t\t\t<a href=\"https:\/\/cie.uprrp.edu\/alcanza\/modulos-alcanza-indice\/modulo-14\/\"><br \/>\n\t\t\t\t\t\t\t<img loading=\"lazy\" decoding=\"async\" width=\"640\" height=\"776\" src=\"https:\/\/cie.uprrp.edu\/alcanza\/wp-content\/uploads\/sites\/14\/2025\/06\/modulo14-expesiones-de-lo-que-somos_comp.png\" alt=\"M\u00f3dulo 14 - Lenguaje: Expresiones de lo que somos, sentimos, hacemos y pensamos\" srcset=\"https:\/\/cie.uprrp.edu\/alcanza\/wp-content\/uploads\/sites\/14\/2025\/06\/modulo14-expesiones-de-lo-que-somos_comp.png 742w, https:\/\/cie.uprrp.edu\/alcanza\/wp-content\/uploads\/sites\/14\/2025\/06\/modulo14-expesiones-de-lo-que-somos_comp-247x300.png 247w, https:\/\/cie.uprrp.edu\/alcanza\/wp-content\/uploads\/sites\/14\/2025\/06\/modulo14-expesiones-de-lo-que-somos_comp-600x728.png 600w\" sizes=\"auto, (max-width: 640px) 100vw, 640px\" \/>\t\t\t\t\t\t\t\t<\/a><figcaption>M\u00f3dulo 14 &#8211; Lenguaje: Expresiones de lo que somos, sentimos, hacemos y pensamos<\/figcaption><\/figure>\n<figure>\n\t\t\t\t\t\t\t\t\t\t\t<a href=\"https:\/\/cie.uprrp.edu\/alcanza\/modulos-alcanza-indice\/modulo-15\/\"><br \/>\n\t\t\t\t\t\t\t<img loading=\"lazy\" decoding=\"async\" width=\"640\" height=\"770\" src=\"https:\/\/cie.uprrp.edu\/alcanza\/wp-content\/uploads\/sites\/14\/2024\/01\/PortadaResiliencia1.png\" alt=\"M\u00f3dulo 15: Resiliencia\" srcset=\"https:\/\/cie.uprrp.edu\/alcanza\/wp-content\/uploads\/sites\/14\/2024\/01\/PortadaResiliencia1.png 778w, https:\/\/cie.uprrp.edu\/alcanza\/wp-content\/uploads\/sites\/14\/2024\/01\/PortadaResiliencia1-249x300.png 249w, https:\/\/cie.uprrp.edu\/alcanza\/wp-content\/uploads\/sites\/14\/2024\/01\/PortadaResiliencia1-768x924.png 768w, https:\/\/cie.uprrp.edu\/alcanza\/wp-content\/uploads\/sites\/14\/2024\/01\/PortadaResiliencia1-600x722.png 600w\" sizes=\"auto, (max-width: 640px) 100vw, 640px\" \/>\t\t\t\t\t\t\t\t<\/a><figcaption>M\u00f3dulo 15: Resiliencia<\/figcaption><\/figure>\n","protected":false},"excerpt":{"rendered":"<p>Haga click en el m\u00f3dulo que quiera consultar para acceder al contenido. M\u00f3dulo 1: Desarrollo y crecimiento de la ni\u00f1ez: un enfoque integrado M\u00f3dulo 2: Comunidad de Aprendizaje: ambientes para explorar, crear y vivir M\u00f3dulo 3: El curr\u00edculo integrado M\u00f3dulo &hellip; <\/p>\n","protected":false},"author":1006,"featured_media":0,"parent":0,"menu_order":0,"comment_status":"closed","ping_status":"closed","template":"","meta":{"footnotes":""},"class_list":["post-13997","page","type-page","status-publish","hentry"],"yoast_head":"<!-- This site is optimized with the Yoast SEO plugin v27.3 - https:\/\/yoast.com\/product\/yoast-seo-wordpress\/ -->\n<title>M\u00f3dulos ALCANZA - \u00cdndice - Proyecto ALCANZA<\/title>\n<meta name=\"robots\" content=\"noindex, follow, max-snippet:-1, max-image-preview:large, max-video-preview:-1\" \/>\n<meta property=\"og:locale\" content=\"en_US\" \/>\n<meta property=\"og:type\" content=\"article\" \/>\n<meta property=\"og:title\" content=\"M\u00f3dulos ALCANZA - \u00cdndice - Proyecto ALCANZA\" \/>\n<meta property=\"og:description\" content=\"Haga click en el m\u00f3dulo que quiera consultar para acceder al contenido. M\u00f3dulo 1: Desarrollo y crecimiento de la ni\u00f1ez: un enfoque integrado M\u00f3dulo 2: Comunidad de Aprendizaje: ambientes para explorar, crear y vivir M\u00f3dulo 3: El curr\u00edculo integrado M\u00f3dulo &hellip;\" \/>\n<meta property=\"og:url\" content=\"https:\/\/cie.uprrp.edu\/alcanza\/modulos-alcanza-indice\/\" \/>\n<meta property=\"og:site_name\" content=\"Proyecto ALCANZA\" \/>\n<meta property=\"article:modified_time\" content=\"2025-06-18T15:33:27+00:00\" \/>\n<meta property=\"og:image\" content=\"https:\/\/cie.uprrp.edu\/alcanza\/wp-content\/uploads\/sites\/14\/2025\/06\/modulo01-desarrollo-y-crecimiento_comp.png\" \/>\n\t<meta property=\"og:image:width\" content=\"757\" \/>\n\t<meta property=\"og:image:height\" content=\"900\" \/>\n\t<meta property=\"og:image:type\" content=\"image\/png\" \/>\n<meta name=\"twitter:card\" content=\"summary_large_image\" \/>\n<meta name=\"twitter:label1\" content=\"Est. reading time\" \/>\n\t<meta name=\"twitter:data1\" content=\"4 minutes\" \/>\n<script type=\"application\/ld+json\" class=\"yoast-schema-graph\">{\"@context\":\"https:\\\/\\\/schema.org\",\"@graph\":[{\"@type\":\"WebPage\",\"@id\":\"https:\\\/\\\/cie.uprrp.edu\\\/alcanza\\\/modulos-alcanza-indice\\\/\",\"url\":\"https:\\\/\\\/cie.uprrp.edu\\\/alcanza\\\/modulos-alcanza-indice\\\/\",\"name\":\"M\u00f3dulos ALCANZA - \u00cdndice - Proyecto ALCANZA\",\"isPartOf\":{\"@id\":\"https:\\\/\\\/cie.uprrp.edu\\\/alcanza\\\/#website\"},\"primaryImageOfPage\":{\"@id\":\"https:\\\/\\\/cie.uprrp.edu\\\/alcanza\\\/modulos-alcanza-indice\\\/#primaryimage\"},\"image\":{\"@id\":\"https:\\\/\\\/cie.uprrp.edu\\\/alcanza\\\/modulos-alcanza-indice\\\/#primaryimage\"},\"thumbnailUrl\":\"https:\\\/\\\/cie.uprrp.edu\\\/alcanza\\\/wp-content\\\/uploads\\\/sites\\\/14\\\/2025\\\/06\\\/modulo01-desarrollo-y-crecimiento_comp.png\",\"datePublished\":\"2025-06-18T14:18:25+00:00\",\"dateModified\":\"2025-06-18T15:33:27+00:00\",\"breadcrumb\":{\"@id\":\"https:\\\/\\\/cie.uprrp.edu\\\/alcanza\\\/modulos-alcanza-indice\\\/#breadcrumb\"},\"inLanguage\":\"en-US\",\"potentialAction\":[{\"@type\":\"ReadAction\",\"target\":[\"https:\\\/\\\/cie.uprrp.edu\\\/alcanza\\\/modulos-alcanza-indice\\\/\"]}]},{\"@type\":\"ImageObject\",\"inLanguage\":\"en-US\",\"@id\":\"https:\\\/\\\/cie.uprrp.edu\\\/alcanza\\\/modulos-alcanza-indice\\\/#primaryimage\",\"url\":\"https:\\\/\\\/cie.uprrp.edu\\\/alcanza\\\/wp-content\\\/uploads\\\/sites\\\/14\\\/2025\\\/06\\\/modulo01-desarrollo-y-crecimiento_comp.png\",\"contentUrl\":\"https:\\\/\\\/cie.uprrp.edu\\\/alcanza\\\/wp-content\\\/uploads\\\/sites\\\/14\\\/2025\\\/06\\\/modulo01-desarrollo-y-crecimiento_comp.png\"},{\"@type\":\"BreadcrumbList\",\"@id\":\"https:\\\/\\\/cie.uprrp.edu\\\/alcanza\\\/modulos-alcanza-indice\\\/#breadcrumb\",\"itemListElement\":[{\"@type\":\"ListItem\",\"position\":1,\"name\":\"Home\",\"item\":\"https:\\\/\\\/cie.uprrp.edu\\\/alcanza\\\/\"},{\"@type\":\"ListItem\",\"position\":2,\"name\":\"M\u00f3dulos ALCANZA &#8211; \u00cdndice\"}]},{\"@type\":\"WebSite\",\"@id\":\"https:\\\/\\\/cie.uprrp.edu\\\/alcanza\\\/#website\",\"url\":\"https:\\\/\\\/cie.uprrp.edu\\\/alcanza\\\/\",\"name\":\"Proyecto ALCANZA\",\"description\":\"Education WordPress Theme\",\"potentialAction\":[{\"@type\":\"SearchAction\",\"target\":{\"@type\":\"EntryPoint\",\"urlTemplate\":\"https:\\\/\\\/cie.uprrp.edu\\\/alcanza\\\/?s={search_term_string}\"},\"query-input\":{\"@type\":\"PropertyValueSpecification\",\"valueRequired\":true,\"valueName\":\"search_term_string\"}}],\"inLanguage\":\"en-US\"}]}<\/script>\n<!-- \/ Yoast SEO plugin. -->","yoast_head_json":{"title":"M\u00f3dulos ALCANZA - \u00cdndice - Proyecto ALCANZA","robots":{"index":"noindex","follow":"follow","max-snippet":"max-snippet:-1","max-image-preview":"max-image-preview:large","max-video-preview":"max-video-preview:-1"},"og_locale":"en_US","og_type":"article","og_title":"M\u00f3dulos ALCANZA - \u00cdndice - Proyecto ALCANZA","og_description":"Haga click en el m\u00f3dulo que quiera consultar para acceder al contenido. M\u00f3dulo 1: Desarrollo y crecimiento de la ni\u00f1ez: un enfoque integrado M\u00f3dulo 2: Comunidad de Aprendizaje: ambientes para explorar, crear y vivir M\u00f3dulo 3: El curr\u00edculo integrado M\u00f3dulo &hellip;","og_url":"https:\/\/cie.uprrp.edu\/alcanza\/modulos-alcanza-indice\/","og_site_name":"Proyecto ALCANZA","article_modified_time":"2025-06-18T15:33:27+00:00","og_image":[{"width":757,"height":900,"url":"https:\/\/cie.uprrp.edu\/alcanza\/wp-content\/uploads\/sites\/14\/2025\/06\/modulo01-desarrollo-y-crecimiento_comp.png","type":"image\/png"}],"twitter_card":"summary_large_image","twitter_misc":{"Est. reading time":"4 minutes"},"schema":{"@context":"https:\/\/schema.org","@graph":[{"@type":"WebPage","@id":"https:\/\/cie.uprrp.edu\/alcanza\/modulos-alcanza-indice\/","url":"https:\/\/cie.uprrp.edu\/alcanza\/modulos-alcanza-indice\/","name":"M\u00f3dulos ALCANZA - \u00cdndice - Proyecto ALCANZA","isPartOf":{"@id":"https:\/\/cie.uprrp.edu\/alcanza\/#website"},"primaryImageOfPage":{"@id":"https:\/\/cie.uprrp.edu\/alcanza\/modulos-alcanza-indice\/#primaryimage"},"image":{"@id":"https:\/\/cie.uprrp.edu\/alcanza\/modulos-alcanza-indice\/#primaryimage"},"thumbnailUrl":"https:\/\/cie.uprrp.edu\/alcanza\/wp-content\/uploads\/sites\/14\/2025\/06\/modulo01-desarrollo-y-crecimiento_comp.png","datePublished":"2025-06-18T14:18:25+00:00","dateModified":"2025-06-18T15:33:27+00:00","breadcrumb":{"@id":"https:\/\/cie.uprrp.edu\/alcanza\/modulos-alcanza-indice\/#breadcrumb"},"inLanguage":"en-US","potentialAction":[{"@type":"ReadAction","target":["https:\/\/cie.uprrp.edu\/alcanza\/modulos-alcanza-indice\/"]}]},{"@type":"ImageObject","inLanguage":"en-US","@id":"https:\/\/cie.uprrp.edu\/alcanza\/modulos-alcanza-indice\/#primaryimage","url":"https:\/\/cie.uprrp.edu\/alcanza\/wp-content\/uploads\/sites\/14\/2025\/06\/modulo01-desarrollo-y-crecimiento_comp.png","contentUrl":"https:\/\/cie.uprrp.edu\/alcanza\/wp-content\/uploads\/sites\/14\/2025\/06\/modulo01-desarrollo-y-crecimiento_comp.png"},{"@type":"BreadcrumbList","@id":"https:\/\/cie.uprrp.edu\/alcanza\/modulos-alcanza-indice\/#breadcrumb","itemListElement":[{"@type":"ListItem","position":1,"name":"Home","item":"https:\/\/cie.uprrp.edu\/alcanza\/"},{"@type":"ListItem","position":2,"name":"M\u00f3dulos ALCANZA &#8211; \u00cdndice"}]},{"@type":"WebSite","@id":"https:\/\/cie.uprrp.edu\/alcanza\/#website","url":"https:\/\/cie.uprrp.edu\/alcanza\/","name":"Proyecto ALCANZA","description":"Education WordPress Theme","potentialAction":[{"@type":"SearchAction","target":{"@type":"EntryPoint","urlTemplate":"https:\/\/cie.uprrp.edu\/alcanza\/?s={search_term_string}"},"query-input":{"@type":"PropertyValueSpecification","valueRequired":true,"valueName":"search_term_string"}}],"inLanguage":"en-US"}]}},"_links":{"self":[{"href":"https:\/\/cie.uprrp.edu\/alcanza\/wp-json\/wp\/v2\/pages\/13997","targetHints":{"allow":["GET"]}}],"collection":[{"href":"https:\/\/cie.uprrp.edu\/alcanza\/wp-json\/wp\/v2\/pages"}],"about":[{"href":"https:\/\/cie.uprrp.edu\/alcanza\/wp-json\/wp\/v2\/types\/page"}],"author":[{"embeddable":true,"href":"https:\/\/cie.uprrp.edu\/alcanza\/wp-json\/wp\/v2\/users\/1006"}],"replies":[{"embeddable":true,"href":"https:\/\/cie.uprrp.edu\/alcanza\/wp-json\/wp\/v2\/comments?post=13997"}],"version-history":[{"count":21,"href":"https:\/\/cie.uprrp.edu\/alcanza\/wp-json\/wp\/v2\/pages\/13997\/revisions"}],"predecessor-version":[{"id":14031,"href":"https:\/\/cie.uprrp.edu\/alcanza\/wp-json\/wp\/v2\/pages\/13997\/revisions\/14031"}],"wp:attachment":[{"href":"https:\/\/cie.uprrp.edu\/alcanza\/wp-json\/wp\/v2\/media?parent=13997"}],"curies":[{"name":"wp","href":"https:\/\/api.w.org\/{rel}","templated":true}]}}