{"id":6,"date":"2026-01-16T14:19:59","date_gmt":"2026-01-16T14:19:59","guid":{"rendered":"https:\/\/cie.uprrp.edu\/ambiental\/?page_id=6"},"modified":"2026-01-29T15:59:48","modified_gmt":"2026-01-29T15:59:48","slug":"iii-congreso-de-educacion-ambiental-cambio-climatico-y-desarrollo-sostenible","status":"publish","type":"page","link":"https:\/\/cie.uprrp.edu\/ambiental\/","title":{"rendered":"III Congreso de Educaci\u00f3n Ambiental, Cambio Clim\u00e1tico y Desarrollo Sostenible"},"content":{"rendered":"\t\t<div data-elementor-type=\"wp-page\" data-elementor-id=\"6\" class=\"elementor elementor-6\">\n\t\t\t\t<div class=\"elementor-element elementor-element-8127efd e-flex e-con-boxed e-con e-parent\" data-id=\"8127efd\" data-element_type=\"container\" data-e-type=\"container\">\n\t\t\t\t\t<div class=\"e-con-inner\">\n\t\t\t\t<div class=\"elementor-element elementor-element-ed28a72 elementor-widget elementor-widget-image\" data-id=\"ed28a72\" data-element_type=\"widget\" data-e-type=\"widget\" data-widget_type=\"image.default\">\n\t\t\t\t\t\t\t\t\t\t\t\t\t\t\t<img decoding=\"async\" src=\"https:\/\/cie.uprrp.edu\/wp-content\/uploads\/2026\/01\/logo-Congreso_Keyla.svg\" title=\"\" alt=\"Logo Congreso de Educaci\u00f3n Ambiental, Cambio Clim\u00e1tico y Desarrollo Sostenible\" loading=\"lazy\" \/>\t\t\t\t\t\t\t\t\t\t\t\t\t\t\t<\/div>\n\t\t\t\t\t<\/div>\n\t\t\t\t<\/div>\n\t\t<div class=\"elementor-element elementor-element-cfac9b5 e-flex e-con-boxed e-con e-parent\" data-id=\"cfac9b5\" data-element_type=\"container\" data-e-type=\"container\">\n\t\t\t\t\t<div class=\"e-con-inner\">\n\t\t\t\t<div class=\"elementor-element elementor-element-bb107ac elementor-widget elementor-widget-text-editor\" data-id=\"bb107ac\" data-element_type=\"widget\" data-e-type=\"widget\" data-widget_type=\"text-editor.default\">\n\t\t\t\t\t\t\t\t\t<p style=\"text-align: center;\">El Centro de Investigaciones Educativas y la Facultad de Educaci\u00f3n les invitan al <strong>III Congreso de Educaci\u00f3n Ambiental, Cambio Clim\u00e1tico y Desarrollo Sostenible<\/strong>, a celebrarse los d\u00edas 26 y 27 de febrero de 2026 en la Facultad de Educaci\u00f3n. Contaremos con la participaci\u00f3n de investigadores y docentes locales e internaciones, quienes ofrecer\u00e1n conferencias magistrales, ponencias, presentaciones de trabajos investigativos, mesas informativas y actividades educativas.<\/p><p style=\"text-align: center;\">Estas actividades son libres de costo.<\/p><p style=\"text-align: center;\">Consulta el <a href=\"https:\/\/cie.uprrp.edu\/ambiental\/programa\/\"><strong>PROGRAMA DE ACTIVIDADES<\/strong><\/a> y participa de este evento.<\/p><p style=\"text-align: center;\">\u00a1Te esperamos en la Facultad de Educaci\u00f3n, UPR-RP!<\/p>\t\t\t\t\t\t\t\t<\/div>\n\t\t\t\t\t<\/div>\n\t\t\t\t<\/div>\n\t\t<div class=\"elementor-element elementor-element-b60f639 e-flex e-con-boxed e-con e-parent\" data-id=\"b60f639\" data-element_type=\"container\" data-e-type=\"container\">\n\t\t\t\t\t<div class=\"e-con-inner\">\n\t\t\t\t<div class=\"elementor-element elementor-element-e7535c0 elementor-align-center elementor-widget elementor-widget-button\" data-id=\"e7535c0\" data-element_type=\"widget\" data-e-type=\"widget\" data-widget_type=\"button.default\">\n\t\t\t\t\t\t\t\t\t\t<a class=\"elementor-button elementor-button-link elementor-size-sm\" href=\"https:\/\/cie.uprrp.edu\/ambiental\/programa\/\">\n\t\t\t\t\t\t<span class=\"elementor-button-content-wrapper\">\n\t\t\t\t\t\t<span class=\"elementor-button-icon\">\n\t\t\t\t<svg aria-hidden=\"true\" class=\"e-font-icon-svg e-far-eye\" viewBox=\"0 0 576 512\" xmlns=\"http:\/\/www.w3.org\/2000\/svg\"><path d=\"M288 144a110.94 110.94 0 0 0-31.24 5 55.4 55.4 0 0 1 7.24 27 56 56 0 0 1-56 56 55.4 55.4 0 0 1-27-7.24A111.71 111.71 0 1 0 288 144zm284.52 97.4C518.29 135.59 410.93 64 288 64S57.68 135.64 3.48 241.41a32.35 32.35 0 0 0 0 29.19C57.71 376.41 165.07 448 288 448s230.32-71.64 284.52-177.41a32.35 32.35 0 0 0 0-29.19zM288 400c-98.65 0-189.09-55-237.93-144C98.91 167 189.34 112 288 112s189.09 55 237.93 144C477.1 345 386.66 400 288 400z\"><\/path><\/svg>\t\t\t<\/span>\n\t\t\t\t\t\t\t\t\t<span class=\"elementor-button-text\">Ver Programa<\/span>\n\t\t\t\t\t<\/span>\n\t\t\t\t\t<\/a>\n\t\t\t\t\t\t\t\t<\/div>\n\t\t\t\t\t<\/div>\n\t\t\t\t<\/div>\n\t\t<div class=\"elementor-element elementor-element-103f77e e-flex e-con-boxed e-con e-parent\" data-id=\"103f77e\" data-element_type=\"container\" data-e-type=\"container\">\n\t\t\t\t\t<div class=\"e-con-inner\">\n\t\t\t\t<div class=\"elementor-element elementor-element-6c84aa3 elementor-widget elementor-widget-heading\" data-id=\"6c84aa3\" data-element_type=\"widget\" data-e-type=\"widget\" data-widget_type=\"heading.default\">\n\t\t\t\t\t<h2 class=\"elementor-heading-title elementor-size-default\">Conferencias Principales<\/h2>\t\t\t\t<\/div>\n\t\t\t\t<div class=\"elementor-element elementor-element-65856e5 elementor-arrows-position-inside elementor-pagination-position-outside elementor-widget elementor-widget-image-carousel\" data-id=\"65856e5\" data-element_type=\"widget\" data-e-type=\"widget\" data-settings=\"{&quot;slides_to_show&quot;:&quot;1&quot;,&quot;speed&quot;:1000,&quot;navigation&quot;:&quot;both&quot;,&quot;autoplay&quot;:&quot;yes&quot;,&quot;pause_on_hover&quot;:&quot;yes&quot;,&quot;pause_on_interaction&quot;:&quot;yes&quot;,&quot;autoplay_speed&quot;:5000,&quot;infinite&quot;:&quot;yes&quot;,&quot;effect&quot;:&quot;slide&quot;}\" data-widget_type=\"image-carousel.default\">\n\t\t\t\t\t\t\t<div class=\"elementor-image-carousel-wrapper swiper\" role=\"region\" aria-roledescription=\"carousel\" aria-label=\"Image Carousel\" dir=\"ltr\">\n\t\t\t<div class=\"elementor-image-carousel swiper-wrapper\" aria-live=\"off\">\n\t\t\t\t\t\t\t\t<div class=\"swiper-slide\" role=\"group\" aria-roledescription=\"slide\" aria-label=\"1 of 4\"><figure class=\"swiper-slide-inner\"><img decoding=\"async\" class=\"swiper-slide-image\" src=\"https:\/\/cie.uprrp.edu\/ambiental\/wp-content\/uploads\/sites\/20\/2026\/01\/Conferencia-Magistral-Ada-Monzon.png\" alt=\"Conferencia de Ada Monz\u00f3n\" \/><\/figure><\/div><div class=\"swiper-slide\" role=\"group\" aria-roledescription=\"slide\" aria-label=\"2 of 4\"><figure class=\"swiper-slide-inner\"><img decoding=\"async\" class=\"swiper-slide-image\" src=\"https:\/\/cie.uprrp.edu\/ambiental\/wp-content\/uploads\/sites\/20\/2026\/01\/Conferencia-Magistral-Edwin-Hernandez.png\" alt=\"Conferencia de Edwin Hern\u00e1ndez\" \/><\/figure><\/div><div class=\"swiper-slide\" role=\"group\" aria-roledescription=\"slide\" aria-label=\"3 of 4\"><figure class=\"swiper-slide-inner\"><img decoding=\"async\" class=\"swiper-slide-image\" src=\"https:\/\/cie.uprrp.edu\/ambiental\/wp-content\/uploads\/sites\/20\/2026\/01\/Conferencias-Magistrales-Carl-Axel-y-Pablo-Mendez.png\" alt=\"Conferencias de Carl Soderberg y Pablo M\u00e9ndez\" \/><\/figure><\/div><div class=\"swiper-slide\" role=\"group\" aria-roledescription=\"slide\" aria-label=\"4 of 4\"><figure class=\"swiper-slide-inner\"><img decoding=\"async\" class=\"swiper-slide-image\" src=\"https:\/\/cie.uprrp.edu\/ambiental\/wp-content\/uploads\/sites\/20\/2026\/01\/Panel_.png\" alt=\"Panel principal\" \/><\/figure><\/div>\t\t\t<\/div>\n\t\t\t\t\t\t\t\t\t\t\t\t<div class=\"elementor-swiper-button elementor-swiper-button-prev\" role=\"button\" tabindex=\"0\">\n\t\t\t\t\t\t<svg aria-hidden=\"true\" class=\"e-font-icon-svg e-eicon-chevron-left\" viewBox=\"0 0 1000 1000\" xmlns=\"http:\/\/www.w3.org\/2000\/svg\"><path d=\"M646 125C629 125 613 133 604 142L308 442C296 454 292 471 292 487 292 504 296 521 308 533L604 854C617 867 629 875 646 875 663 875 679 871 692 858 704 846 713 829 713 812 713 796 708 779 692 767L438 487 692 225C700 217 708 204 708 187 708 171 704 154 692 142 675 129 663 125 646 125Z\"><\/path><\/svg>\t\t\t\t\t<\/div>\n\t\t\t\t\t<div class=\"elementor-swiper-button elementor-swiper-button-next\" role=\"button\" tabindex=\"0\">\n\t\t\t\t\t\t<svg aria-hidden=\"true\" class=\"e-font-icon-svg e-eicon-chevron-right\" viewBox=\"0 0 1000 1000\" xmlns=\"http:\/\/www.w3.org\/2000\/svg\"><path d=\"M696 533C708 521 713 504 713 487 713 471 708 454 696 446L400 146C388 133 375 125 354 125 338 125 325 129 313 142 300 154 292 171 292 187 292 204 296 221 308 233L563 492 304 771C292 783 288 800 288 817 288 833 296 850 308 863 321 871 338 875 354 875 371 875 388 867 400 854L696 533Z\"><\/path><\/svg>\t\t\t\t\t<\/div>\n\t\t\t\t\n\t\t\t\t\t\t\t\t\t<div class=\"swiper-pagination\"><\/div>\n\t\t\t\t\t\t\t\t\t<\/div>\n\t\t\t\t\t\t<\/div>\n\t\t\t\t\t<\/div>\n\t\t\t\t<\/div>\n\t\t\t\t<\/div>\n\t\t","protected":false},"excerpt":{"rendered":"<p>El Centro de Investigaciones Educativas y la Facultad de Educaci\u00f3n les invitan al III Congreso de Educaci\u00f3n Ambiental, Cambio Clim\u00e1tico y Desarrollo Sostenible, a celebrarse los d\u00edas 26 y 27 de febrero de 2026 en la Facultad de Educaci\u00f3n. Contaremos con la participaci\u00f3n de investigadores y docentes locales e internaciones, &hellip; <\/p>\n","protected":false},"author":1006,"featured_media":0,"parent":0,"menu_order":0,"comment_status":"closed","ping_status":"closed","template":"","meta":{"footnotes":""},"class_list":["post-6","page","type-page","status-publish","hentry"],"yoast_head":"<!-- This site is optimized with the Yoast SEO plugin v27.2 - https:\/\/yoast.com\/product\/yoast-seo-wordpress\/ -->\n<title>III Congreso de Educaci\u00f3n Ambiental, Cambio Clim\u00e1tico y Desarrollo Sostenible - Congreso de Educaci\u00f3n Ambiental, Cambio Clim\u00e1tico y Desarrollo Sostenible<\/title>\n<meta name=\"robots\" content=\"index, follow, max-snippet:-1, max-image-preview:large, max-video-preview:-1\" \/>\n<link rel=\"canonical\" href=\"https:\/\/cie.uprrp.edu\/ambiental\/\" \/>\n<meta property=\"og:locale\" content=\"en_US\" \/>\n<meta property=\"og:type\" content=\"article\" \/>\n<meta property=\"og:title\" content=\"III Congreso de Educaci\u00f3n Ambiental, Cambio Clim\u00e1tico y Desarrollo Sostenible - Congreso de Educaci\u00f3n Ambiental, Cambio Clim\u00e1tico y Desarrollo Sostenible\" \/>\n<meta property=\"og:description\" content=\"El Centro de Investigaciones Educativas y la Facultad de Educaci\u00f3n les invitan al III Congreso de Educaci\u00f3n Ambiental, Cambio Clim\u00e1tico y Desarrollo Sostenible, a celebrarse los d\u00edas 26 y 27 de febrero de 2026 en la Facultad de Educaci\u00f3n. Contaremos con la participaci\u00f3n de investigadores y docentes locales e internaciones, &hellip;\" \/>\n<meta property=\"og:url\" content=\"https:\/\/cie.uprrp.edu\/ambiental\/\" \/>\n<meta property=\"og:site_name\" content=\"Congreso de Educaci\u00f3n Ambiental, Cambio Clim\u00e1tico y Desarrollo Sostenible\" \/>\n<meta property=\"article:modified_time\" content=\"2026-01-29T15:59:48+00:00\" \/>\n<meta property=\"og:image\" content=\"https:\/\/cie.uprrp.edu\/wp-content\/uploads\/2026\/01\/logo-Congreso_Keyla.svg\" \/>\n<meta name=\"twitter:card\" content=\"summary_large_image\" \/>\n<meta name=\"twitter:label1\" content=\"Est. reading time\" \/>\n\t<meta name=\"twitter:data1\" content=\"2 minutes\" \/>\n<script type=\"application\/ld+json\" class=\"yoast-schema-graph\">{\"@context\":\"https:\/\/schema.org\",\"@graph\":[{\"@type\":\"WebPage\",\"@id\":\"https:\/\/cie.uprrp.edu\/ambiental\/\",\"url\":\"https:\/\/cie.uprrp.edu\/ambiental\/\",\"name\":\"III Congreso de Educaci\u00f3n Ambiental, Cambio Clim\u00e1tico y Desarrollo Sostenible - Congreso de Educaci\u00f3n Ambiental, Cambio Clim\u00e1tico y Desarrollo Sostenible\",\"isPartOf\":{\"@id\":\"https:\/\/cie.uprrp.edu\/ambiental\/#website\"},\"primaryImageOfPage\":{\"@id\":\"https:\/\/cie.uprrp.edu\/ambiental\/#primaryimage\"},\"image\":{\"@id\":\"https:\/\/cie.uprrp.edu\/ambiental\/#primaryimage\"},\"thumbnailUrl\":\"https:\/\/cie.uprrp.edu\/wp-content\/uploads\/2026\/01\/logo-Congreso_Keyla.svg\",\"datePublished\":\"2026-01-16T14:19:59+00:00\",\"dateModified\":\"2026-01-29T15:59:48+00:00\",\"breadcrumb\":{\"@id\":\"https:\/\/cie.uprrp.edu\/ambiental\/#breadcrumb\"},\"inLanguage\":\"en-US\",\"potentialAction\":[{\"@type\":\"ReadAction\",\"target\":[\"https:\/\/cie.uprrp.edu\/ambiental\/\"]}]},{\"@type\":\"ImageObject\",\"inLanguage\":\"en-US\",\"@id\":\"https:\/\/cie.uprrp.edu\/ambiental\/#primaryimage\",\"url\":\"https:\/\/cie.uprrp.edu\/wp-content\/uploads\/2026\/01\/logo-Congreso_Keyla.svg\",\"contentUrl\":\"https:\/\/cie.uprrp.edu\/wp-content\/uploads\/2026\/01\/logo-Congreso_Keyla.svg\"},{\"@type\":\"BreadcrumbList\",\"@id\":\"https:\/\/cie.uprrp.edu\/ambiental\/#breadcrumb\",\"itemListElement\":[{\"@type\":\"ListItem\",\"position\":1,\"name\":\"Home\",\"item\":\"https:\/\/cie.uprrp.edu\/ambiental\/\"},{\"@type\":\"ListItem\",\"position\":2,\"name\":\"III Congreso de Educaci\u00f3n Ambiental, Cambio Clim\u00e1tico y Desarrollo Sostenible\"}]},{\"@type\":\"WebSite\",\"@id\":\"https:\/\/cie.uprrp.edu\/ambiental\/#website\",\"url\":\"https:\/\/cie.uprrp.edu\/ambiental\/\",\"name\":\"Congreso de Educaci\u00f3n Ambiental, Cambio Clim\u00e1tico y Desarrollo Sostenible\",\"description\":\"\",\"potentialAction\":[{\"@type\":\"SearchAction\",\"target\":{\"@type\":\"EntryPoint\",\"urlTemplate\":\"https:\/\/cie.uprrp.edu\/ambiental\/?s={search_term_string}\"},\"query-input\":{\"@type\":\"PropertyValueSpecification\",\"valueRequired\":true,\"valueName\":\"search_term_string\"}}],\"inLanguage\":\"en-US\"}]}<\/script>\n<!-- \/ Yoast SEO plugin. -->","yoast_head_json":{"title":"III Congreso de Educaci\u00f3n Ambiental, Cambio Clim\u00e1tico y Desarrollo Sostenible - Congreso de Educaci\u00f3n Ambiental, Cambio Clim\u00e1tico y Desarrollo Sostenible","robots":{"index":"index","follow":"follow","max-snippet":"max-snippet:-1","max-image-preview":"max-image-preview:large","max-video-preview":"max-video-preview:-1"},"canonical":"https:\/\/cie.uprrp.edu\/ambiental\/","og_locale":"en_US","og_type":"article","og_title":"III Congreso de Educaci\u00f3n Ambiental, Cambio Clim\u00e1tico y Desarrollo Sostenible - Congreso de Educaci\u00f3n Ambiental, Cambio Clim\u00e1tico y Desarrollo Sostenible","og_description":"El Centro de Investigaciones Educativas y la Facultad de Educaci\u00f3n les invitan al III Congreso de Educaci\u00f3n Ambiental, Cambio Clim\u00e1tico y Desarrollo Sostenible, a celebrarse los d\u00edas 26 y 27 de febrero de 2026 en la Facultad de Educaci\u00f3n. Contaremos con la participaci\u00f3n de investigadores y docentes locales e internaciones, &hellip;","og_url":"https:\/\/cie.uprrp.edu\/ambiental\/","og_site_name":"Congreso de Educaci\u00f3n Ambiental, Cambio Clim\u00e1tico y Desarrollo Sostenible","article_modified_time":"2026-01-29T15:59:48+00:00","og_image":[{"url":"https:\/\/cie.uprrp.edu\/wp-content\/uploads\/2026\/01\/logo-Congreso_Keyla.svg","type":"","width":"","height":""}],"twitter_card":"summary_large_image","twitter_misc":{"Est. reading time":"2 minutes"},"schema":{"@context":"https:\/\/schema.org","@graph":[{"@type":"WebPage","@id":"https:\/\/cie.uprrp.edu\/ambiental\/","url":"https:\/\/cie.uprrp.edu\/ambiental\/","name":"III Congreso de Educaci\u00f3n Ambiental, Cambio Clim\u00e1tico y Desarrollo Sostenible - Congreso de Educaci\u00f3n Ambiental, Cambio Clim\u00e1tico y Desarrollo Sostenible","isPartOf":{"@id":"https:\/\/cie.uprrp.edu\/ambiental\/#website"},"primaryImageOfPage":{"@id":"https:\/\/cie.uprrp.edu\/ambiental\/#primaryimage"},"image":{"@id":"https:\/\/cie.uprrp.edu\/ambiental\/#primaryimage"},"thumbnailUrl":"https:\/\/cie.uprrp.edu\/wp-content\/uploads\/2026\/01\/logo-Congreso_Keyla.svg","datePublished":"2026-01-16T14:19:59+00:00","dateModified":"2026-01-29T15:59:48+00:00","breadcrumb":{"@id":"https:\/\/cie.uprrp.edu\/ambiental\/#breadcrumb"},"inLanguage":"en-US","potentialAction":[{"@type":"ReadAction","target":["https:\/\/cie.uprrp.edu\/ambiental\/"]}]},{"@type":"ImageObject","inLanguage":"en-US","@id":"https:\/\/cie.uprrp.edu\/ambiental\/#primaryimage","url":"https:\/\/cie.uprrp.edu\/wp-content\/uploads\/2026\/01\/logo-Congreso_Keyla.svg","contentUrl":"https:\/\/cie.uprrp.edu\/wp-content\/uploads\/2026\/01\/logo-Congreso_Keyla.svg"},{"@type":"BreadcrumbList","@id":"https:\/\/cie.uprrp.edu\/ambiental\/#breadcrumb","itemListElement":[{"@type":"ListItem","position":1,"name":"Home","item":"https:\/\/cie.uprrp.edu\/ambiental\/"},{"@type":"ListItem","position":2,"name":"III Congreso de Educaci\u00f3n Ambiental, Cambio Clim\u00e1tico y Desarrollo Sostenible"}]},{"@type":"WebSite","@id":"https:\/\/cie.uprrp.edu\/ambiental\/#website","url":"https:\/\/cie.uprrp.edu\/ambiental\/","name":"Congreso de Educaci\u00f3n Ambiental, Cambio Clim\u00e1tico y Desarrollo Sostenible","description":"","potentialAction":[{"@type":"SearchAction","target":{"@type":"EntryPoint","urlTemplate":"https:\/\/cie.uprrp.edu\/ambiental\/?s={search_term_string}"},"query-input":{"@type":"PropertyValueSpecification","valueRequired":true,"valueName":"search_term_string"}}],"inLanguage":"en-US"}]}},"_links":{"self":[{"href":"https:\/\/cie.uprrp.edu\/ambiental\/wp-json\/wp\/v2\/pages\/6","targetHints":{"allow":["GET"]}}],"collection":[{"href":"https:\/\/cie.uprrp.edu\/ambiental\/wp-json\/wp\/v2\/pages"}],"about":[{"href":"https:\/\/cie.uprrp.edu\/ambiental\/wp-json\/wp\/v2\/types\/page"}],"author":[{"embeddable":true,"href":"https:\/\/cie.uprrp.edu\/ambiental\/wp-json\/wp\/v2\/users\/1006"}],"replies":[{"embeddable":true,"href":"https:\/\/cie.uprrp.edu\/ambiental\/wp-json\/wp\/v2\/comments?post=6"}],"version-history":[{"count":19,"href":"https:\/\/cie.uprrp.edu\/ambiental\/wp-json\/wp\/v2\/pages\/6\/revisions"}],"predecessor-version":[{"id":131,"href":"https:\/\/cie.uprrp.edu\/ambiental\/wp-json\/wp\/v2\/pages\/6\/revisions\/131"}],"wp:attachment":[{"href":"https:\/\/cie.uprrp.edu\/ambiental\/wp-json\/wp\/v2\/media?parent=6"}],"curies":[{"name":"wp","href":"https:\/\/api.w.org\/{rel}","templated":true}]}}