{"id":67,"date":"2025-10-03T12:05:40","date_gmt":"2025-10-03T16:05:40","guid":{"rendered":"https:\/\/cie.uprrp.edu\/congresoeducacion\/?page_id=67"},"modified":"2025-10-03T12:06:32","modified_gmt":"2025-10-03T16:06:32","slug":"contacto","status":"publish","type":"page","link":"https:\/\/cie.uprrp.edu\/congresoeducacion\/contacto\/","title":{"rendered":"Contacto"},"content":{"rendered":"<h1>Informaci\u00f3n de contacto<\/h1>\n<p>Para m\u00e1s informaci\u00f3n, puede comunicarse con nosotros:<\/p>\n<h3>Direcci\u00f3n Postal<\/h3>\n<p>Centro de Investigaciones Educativas<br \/>\nUniversidad de Puerto Rico \u2013 R\u00edo Piedras<br \/>\nFacultad de Educaci\u00f3n<br \/>\n8 Ave. Universidad Ste. 801<br \/>\nSan Juan, Puerto Rico 00925-2528<\/p>\n<h3>Tel\u00e9fono<\/h3>\n<p>Tel\u00e9fono: (787) 764-0000, exts. 89044, 89045, 89048, 89049<\/p>\n<h3>Direcci\u00f3n de correo electr\u00f3nico<\/h3>\n<p><strong>Oficina:<\/strong> <a href=\"mailto:cie.educacion@upr.edu\">cie.educacion@upr.edu<\/a><\/p>\n","protected":false},"excerpt":{"rendered":"<p>Informaci\u00f3n de contacto Para m\u00e1s informaci\u00f3n, puede comunicarse con nosotros: Direcci\u00f3n Postal Centro de Investigaciones Educativas Universidad de Puerto Rico \u2013 R\u00edo Piedras Facultad de Educaci\u00f3n 8 Ave. Universidad Ste. 801 San Juan, Puerto Rico 00925-2528 Tel\u00e9fono Tel\u00e9fono: (787) 764-0000, exts. 89044, 89045, 89048, 89049 Direcci\u00f3n de correo electr\u00f3nico Oficina: &hellip; <\/p>\n","protected":false},"author":1006,"featured_media":0,"parent":0,"menu_order":0,"comment_status":"closed","ping_status":"closed","template":"","meta":{"footnotes":""},"class_list":["post-67","page","type-page","status-publish","hentry"],"yoast_head":"<!-- This site is optimized with the Yoast SEO plugin v27.3 - https:\/\/yoast.com\/product\/yoast-seo-wordpress\/ -->\n<title>Contacto - Congreso Puertorrique\u00f1o de Investigaci\u00f3n en Educaci\u00f3n<\/title>\n<meta name=\"robots\" content=\"index, follow, max-snippet:-1, max-image-preview:large, max-video-preview:-1\" \/>\n<link rel=\"canonical\" href=\"https:\/\/cie.uprrp.edu\/congresoeducacion\/contacto\/\" \/>\n<meta property=\"og:locale\" content=\"en_US\" \/>\n<meta property=\"og:type\" content=\"article\" \/>\n<meta property=\"og:title\" content=\"Contacto - Congreso Puertorrique\u00f1o de Investigaci\u00f3n en Educaci\u00f3n\" \/>\n<meta property=\"og:description\" content=\"Informaci\u00f3n de contacto Para m\u00e1s informaci\u00f3n, puede comunicarse con nosotros: Direcci\u00f3n Postal Centro de Investigaciones Educativas Universidad de Puerto Rico \u2013 R\u00edo Piedras Facultad de Educaci\u00f3n 8 Ave. Universidad Ste. 801 San Juan, Puerto Rico 00925-2528 Tel\u00e9fono Tel\u00e9fono: (787) 764-0000, exts. 89044, 89045, 89048, 89049 Direcci\u00f3n de correo electr\u00f3nico Oficina: &hellip;\" \/>\n<meta property=\"og:url\" content=\"https:\/\/cie.uprrp.edu\/congresoeducacion\/contacto\/\" \/>\n<meta property=\"og:site_name\" content=\"Congreso Puertorrique\u00f1o de Investigaci\u00f3n en Educaci\u00f3n\" \/>\n<meta property=\"article:modified_time\" content=\"2025-10-03T16:06:32+00:00\" \/>\n<meta name=\"twitter:card\" content=\"summary_large_image\" \/>\n<meta name=\"twitter:label1\" content=\"Est. reading time\" \/>\n\t<meta name=\"twitter:data1\" content=\"1 minute\" \/>\n<script type=\"application\/ld+json\" class=\"yoast-schema-graph\">{\"@context\":\"https:\\\/\\\/schema.org\",\"@graph\":[{\"@type\":\"WebPage\",\"@id\":\"https:\\\/\\\/cie.uprrp.edu\\\/congresoeducacion\\\/contacto\\\/\",\"url\":\"https:\\\/\\\/cie.uprrp.edu\\\/congresoeducacion\\\/contacto\\\/\",\"name\":\"Contacto - Congreso Puertorrique\u00f1o de Investigaci\u00f3n en Educaci\u00f3n\",\"isPartOf\":{\"@id\":\"https:\\\/\\\/cie.uprrp.edu\\\/congresoeducacion\\\/#website\"},\"datePublished\":\"2025-10-03T16:05:40+00:00\",\"dateModified\":\"2025-10-03T16:06:32+00:00\",\"breadcrumb\":{\"@id\":\"https:\\\/\\\/cie.uprrp.edu\\\/congresoeducacion\\\/contacto\\\/#breadcrumb\"},\"inLanguage\":\"en-US\",\"potentialAction\":[{\"@type\":\"ReadAction\",\"target\":[\"https:\\\/\\\/cie.uprrp.edu\\\/congresoeducacion\\\/contacto\\\/\"]}]},{\"@type\":\"BreadcrumbList\",\"@id\":\"https:\\\/\\\/cie.uprrp.edu\\\/congresoeducacion\\\/contacto\\\/#breadcrumb\",\"itemListElement\":[{\"@type\":\"ListItem\",\"position\":1,\"name\":\"Home\",\"item\":\"https:\\\/\\\/cie.uprrp.edu\\\/congresoeducacion\\\/\"},{\"@type\":\"ListItem\",\"position\":2,\"name\":\"Contacto\"}]},{\"@type\":\"WebSite\",\"@id\":\"https:\\\/\\\/cie.uprrp.edu\\\/congresoeducacion\\\/#website\",\"url\":\"https:\\\/\\\/cie.uprrp.edu\\\/congresoeducacion\\\/\",\"name\":\"Congreso Puertorrique\u00f1o de Investigaci\u00f3n en Educaci\u00f3n\",\"description\":\"Centro de Investigaciones Educativas\",\"potentialAction\":[{\"@type\":\"SearchAction\",\"target\":{\"@type\":\"EntryPoint\",\"urlTemplate\":\"https:\\\/\\\/cie.uprrp.edu\\\/congresoeducacion\\\/?s={search_term_string}\"},\"query-input\":{\"@type\":\"PropertyValueSpecification\",\"valueRequired\":true,\"valueName\":\"search_term_string\"}}],\"inLanguage\":\"en-US\"}]}<\/script>\n<!-- \/ Yoast SEO plugin. -->","yoast_head_json":{"title":"Contacto - Congreso Puertorrique\u00f1o de Investigaci\u00f3n en Educaci\u00f3n","robots":{"index":"index","follow":"follow","max-snippet":"max-snippet:-1","max-image-preview":"max-image-preview:large","max-video-preview":"max-video-preview:-1"},"canonical":"https:\/\/cie.uprrp.edu\/congresoeducacion\/contacto\/","og_locale":"en_US","og_type":"article","og_title":"Contacto - Congreso Puertorrique\u00f1o de Investigaci\u00f3n en Educaci\u00f3n","og_description":"Informaci\u00f3n de contacto Para m\u00e1s informaci\u00f3n, puede comunicarse con nosotros: Direcci\u00f3n Postal Centro de Investigaciones Educativas Universidad de Puerto Rico \u2013 R\u00edo Piedras Facultad de Educaci\u00f3n 8 Ave. Universidad Ste. 801 San Juan, Puerto Rico 00925-2528 Tel\u00e9fono Tel\u00e9fono: (787) 764-0000, exts. 89044, 89045, 89048, 89049 Direcci\u00f3n de correo electr\u00f3nico Oficina: &hellip;","og_url":"https:\/\/cie.uprrp.edu\/congresoeducacion\/contacto\/","og_site_name":"Congreso Puertorrique\u00f1o de Investigaci\u00f3n en Educaci\u00f3n","article_modified_time":"2025-10-03T16:06:32+00:00","twitter_card":"summary_large_image","twitter_misc":{"Est. reading time":"1 minute"},"schema":{"@context":"https:\/\/schema.org","@graph":[{"@type":"WebPage","@id":"https:\/\/cie.uprrp.edu\/congresoeducacion\/contacto\/","url":"https:\/\/cie.uprrp.edu\/congresoeducacion\/contacto\/","name":"Contacto - Congreso Puertorrique\u00f1o de Investigaci\u00f3n en Educaci\u00f3n","isPartOf":{"@id":"https:\/\/cie.uprrp.edu\/congresoeducacion\/#website"},"datePublished":"2025-10-03T16:05:40+00:00","dateModified":"2025-10-03T16:06:32+00:00","breadcrumb":{"@id":"https:\/\/cie.uprrp.edu\/congresoeducacion\/contacto\/#breadcrumb"},"inLanguage":"en-US","potentialAction":[{"@type":"ReadAction","target":["https:\/\/cie.uprrp.edu\/congresoeducacion\/contacto\/"]}]},{"@type":"BreadcrumbList","@id":"https:\/\/cie.uprrp.edu\/congresoeducacion\/contacto\/#breadcrumb","itemListElement":[{"@type":"ListItem","position":1,"name":"Home","item":"https:\/\/cie.uprrp.edu\/congresoeducacion\/"},{"@type":"ListItem","position":2,"name":"Contacto"}]},{"@type":"WebSite","@id":"https:\/\/cie.uprrp.edu\/congresoeducacion\/#website","url":"https:\/\/cie.uprrp.edu\/congresoeducacion\/","name":"Congreso Puertorrique\u00f1o de Investigaci\u00f3n en Educaci\u00f3n","description":"Centro de Investigaciones Educativas","potentialAction":[{"@type":"SearchAction","target":{"@type":"EntryPoint","urlTemplate":"https:\/\/cie.uprrp.edu\/congresoeducacion\/?s={search_term_string}"},"query-input":{"@type":"PropertyValueSpecification","valueRequired":true,"valueName":"search_term_string"}}],"inLanguage":"en-US"}]}},"_links":{"self":[{"href":"https:\/\/cie.uprrp.edu\/congresoeducacion\/wp-json\/wp\/v2\/pages\/67","targetHints":{"allow":["GET"]}}],"collection":[{"href":"https:\/\/cie.uprrp.edu\/congresoeducacion\/wp-json\/wp\/v2\/pages"}],"about":[{"href":"https:\/\/cie.uprrp.edu\/congresoeducacion\/wp-json\/wp\/v2\/types\/page"}],"author":[{"embeddable":true,"href":"https:\/\/cie.uprrp.edu\/congresoeducacion\/wp-json\/wp\/v2\/users\/1006"}],"replies":[{"embeddable":true,"href":"https:\/\/cie.uprrp.edu\/congresoeducacion\/wp-json\/wp\/v2\/comments?post=67"}],"version-history":[{"count":1,"href":"https:\/\/cie.uprrp.edu\/congresoeducacion\/wp-json\/wp\/v2\/pages\/67\/revisions"}],"predecessor-version":[{"id":68,"href":"https:\/\/cie.uprrp.edu\/congresoeducacion\/wp-json\/wp\/v2\/pages\/67\/revisions\/68"}],"wp:attachment":[{"href":"https:\/\/cie.uprrp.edu\/congresoeducacion\/wp-json\/wp\/v2\/media?parent=67"}],"curies":[{"name":"wp","href":"https:\/\/api.w.org\/{rel}","templated":true}]}}