{"id":23,"date":"2015-10-30T18:59:12","date_gmt":"2015-10-30T18:59:12","guid":{"rendered":"http:\/\/cie.uprrp.edu\/diversidad\/?page_id=23"},"modified":"2023-03-01T21:18:18","modified_gmt":"2023-03-01T21:18:18","slug":"modulo-2-el-abc-del-curriculo-y-las-practicas-educativas-en-la-educacion-especial-diferenciada-e-inclusiva","status":"publish","type":"page","link":"https:\/\/cie.uprrp.edu\/diversidad\/el-abc-de-la-educacion-especial-diferenciada-e-inclusiva\/modulo-2-el-abc-del-curriculo-y-las-practicas-educativas-en-la-educacion-especial-diferenciada-e-inclusiva\/","title":{"rendered":"M\u00f3dulo 2: El ABC del curr\u00edculo y las pr\u00e1cticas educativas en la educaci\u00f3n especial, diferenciada e inclusiva"},"content":{"rendered":"<p><iframe style=\"width: 600px;height: 760px; max-width:100%; display: inline-block\" src=\"https:\/\/cie.uprrp.edu\/diversidad\/wp-content\/plugins\/embedpress\/assets\/pdf\/web\/viewer.html?file=https:\/\/cie.uprrp.edu\/diversidad\/wp-content\/uploads\/sites\/3\/2016\/02\/ABC_m2.pdf#themeMode=default&amp;toolbar=true&amp;position=top&amp;presentation=true&amp;download=true&amp;copy_text=true&amp;doc_rotation=true&amp;doc_details=true#zoom=auto\"  frameborder=\"0\"><\/iframe><\/p>\n<p>Powered By EmbedPress<\/p>\n<h3>Contenido adicional<\/h3>\n<p>\t\t\t\t\t\t\t\t\t<a href=\"\">V\u00eddeo<\/a><br \/>\n\t\t\t\t\t\t\t\t\t<a href=\"\">Presentaci\u00f3n<\/a><br \/>\n\t\t\t\t\t\t\t\t\t<a href=\"\">Descargar<\/a><br \/>\n\t\t\t\t\t\t\t\t\tV\u00eddeo<\/p>\n<p><iframe loading=\"lazy\" src=\"\/\/www.youtube.com\/embed\/pFdbLtsvneQ\" width=\"560\" height=\"314\" allowfullscreen=\"allowfullscreen\"><\/iframe><\/p>\n<p>\t\t\t\t\t\t\t\t\tPresentaci\u00f3n<br \/>\n\t\t\t\t\t<iframe loading=\"lazy\" src=\"\/\/www.slideshare.net\/slideshow\/embed_code\/key\/s2pC5IAu0GlHWZ\" width=\"595\" height=\"485\" frameborder=\"0\" marginwidth=\"0\" marginheight=\"0\" scrolling=\"no\" style=\"border:1px solid #CCC; border-width:1px; margin-bottom:5px; max-width: 100%;\" allowfullscreen> <\/iframe>  <strong> <a href=\"\/\/www.slideshare.net\/cieupr\/mdulo-2-14766974\" title=\"M\u00f3dulo 2\" target=\"_blank\" rel=\"noopener\">M\u00f3dulo 2<\/a> <\/strong> from <strong><a href=\"\/\/www.slideshare.net\/cieupr\" target=\"_blank\" rel=\"noopener\">Centro de Investigaciones Educativas<\/a><\/strong><br \/>\n\t\t\t\t\t\t\t\t\tDescargar<\/p>\n<p><a href=\"https:\/\/cie.uprrp.edu\/diversidad\/wp-content\/uploads\/sites\/3\/2016\/02\/ABC_m2.pdf\">Descargue el M\u00f3dulo 2 en versi\u00f3n PDF<\/a><\/p>\n","protected":false},"excerpt":{"rendered":"<p>Powered By EmbedPress Contenido adicional V\u00eddeo Presentaci\u00f3n Descargar V\u00eddeo Presentaci\u00f3n M\u00f3dulo 2 from Centro de Investigaciones Educativas Descargar Descargue el M\u00f3dulo 2 en versi\u00f3n PDF<\/p>\n","protected":false},"author":1,"featured_media":0,"parent":14,"menu_order":2,"comment_status":"closed","ping_status":"closed","template":"","meta":{"footnotes":""},"class_list":["post-23","page","type-page","status-publish","hentry"],"yoast_head":"<!-- This site is optimized with the Yoast SEO plugin v27.3 - https:\/\/yoast.com\/product\/yoast-seo-wordpress\/ -->\n<title>M\u00f3dulo 2: El ABC del curr\u00edculo y las pr\u00e1cticas educativas en la educaci\u00f3n especial, diferenciada e inclusiva - Haciendo la Diferencia para las Personas con Capacidades Diversas<\/title>\n<meta name=\"robots\" content=\"index, follow, max-snippet:-1, max-image-preview:large, max-video-preview:-1\" \/>\n<link rel=\"canonical\" href=\"https:\/\/cie.uprrp.edu\/diversidad\/el-abc-de-la-educacion-especial-diferenciada-e-inclusiva\/modulo-2-el-abc-del-curriculo-y-las-practicas-educativas-en-la-educacion-especial-diferenciada-e-inclusiva\/\" \/>\n<meta property=\"og:locale\" content=\"en_US\" \/>\n<meta property=\"og:type\" content=\"article\" \/>\n<meta property=\"og:title\" content=\"M\u00f3dulo 2: El ABC del curr\u00edculo y las pr\u00e1cticas educativas en la educaci\u00f3n especial, diferenciada e inclusiva - Haciendo la Diferencia para las Personas con Capacidades Diversas\" \/>\n<meta property=\"og:description\" content=\"Powered By EmbedPress Contenido adicional V\u00eddeo Presentaci\u00f3n Descargar V\u00eddeo Presentaci\u00f3n M\u00f3dulo 2 from Centro de Investigaciones Educativas Descargar Descargue el M\u00f3dulo 2 en versi\u00f3n PDF\" \/>\n<meta property=\"og:url\" content=\"https:\/\/cie.uprrp.edu\/diversidad\/el-abc-de-la-educacion-especial-diferenciada-e-inclusiva\/modulo-2-el-abc-del-curriculo-y-las-practicas-educativas-en-la-educacion-especial-diferenciada-e-inclusiva\/\" \/>\n<meta property=\"og:site_name\" content=\"Haciendo la Diferencia para las Personas con Capacidades Diversas\" \/>\n<meta property=\"article:modified_time\" content=\"2023-03-01T21:18:18+00:00\" \/>\n<meta name=\"twitter:card\" content=\"summary_large_image\" \/>\n<meta name=\"twitter:label1\" content=\"Est. reading time\" \/>\n\t<meta name=\"twitter:data1\" content=\"1 minute\" \/>\n<script type=\"application\/ld+json\" class=\"yoast-schema-graph\">{\"@context\":\"https:\\\/\\\/schema.org\",\"@graph\":[{\"@type\":\"WebPage\",\"@id\":\"https:\\\/\\\/cie.uprrp.edu\\\/diversidad\\\/el-abc-de-la-educacion-especial-diferenciada-e-inclusiva\\\/modulo-2-el-abc-del-curriculo-y-las-practicas-educativas-en-la-educacion-especial-diferenciada-e-inclusiva\\\/\",\"url\":\"https:\\\/\\\/cie.uprrp.edu\\\/diversidad\\\/el-abc-de-la-educacion-especial-diferenciada-e-inclusiva\\\/modulo-2-el-abc-del-curriculo-y-las-practicas-educativas-en-la-educacion-especial-diferenciada-e-inclusiva\\\/\",\"name\":\"M\u00f3dulo 2: El ABC del curr\u00edculo y las pr\u00e1cticas educativas en la educaci\u00f3n especial, diferenciada e inclusiva - Haciendo la Diferencia para las Personas con Capacidades Diversas\",\"isPartOf\":{\"@id\":\"https:\\\/\\\/cie.uprrp.edu\\\/diversidad\\\/#website\"},\"datePublished\":\"2015-10-30T18:59:12+00:00\",\"dateModified\":\"2023-03-01T21:18:18+00:00\",\"breadcrumb\":{\"@id\":\"https:\\\/\\\/cie.uprrp.edu\\\/diversidad\\\/el-abc-de-la-educacion-especial-diferenciada-e-inclusiva\\\/modulo-2-el-abc-del-curriculo-y-las-practicas-educativas-en-la-educacion-especial-diferenciada-e-inclusiva\\\/#breadcrumb\"},\"inLanguage\":\"en-US\",\"potentialAction\":[{\"@type\":\"ReadAction\",\"target\":[\"https:\\\/\\\/cie.uprrp.edu\\\/diversidad\\\/el-abc-de-la-educacion-especial-diferenciada-e-inclusiva\\\/modulo-2-el-abc-del-curriculo-y-las-practicas-educativas-en-la-educacion-especial-diferenciada-e-inclusiva\\\/\"]}]},{\"@type\":\"BreadcrumbList\",\"@id\":\"https:\\\/\\\/cie.uprrp.edu\\\/diversidad\\\/el-abc-de-la-educacion-especial-diferenciada-e-inclusiva\\\/modulo-2-el-abc-del-curriculo-y-las-practicas-educativas-en-la-educacion-especial-diferenciada-e-inclusiva\\\/#breadcrumb\",\"itemListElement\":[{\"@type\":\"ListItem\",\"position\":1,\"name\":\"Home\",\"item\":\"https:\\\/\\\/cie.uprrp.edu\\\/diversidad\\\/\"},{\"@type\":\"ListItem\",\"position\":2,\"name\":\"El ABC de la educaci\u00f3n especial, diferenciada e inclusiva\",\"item\":\"https:\\\/\\\/cie.uprrp.edu\\\/diversidad\\\/el-abc-de-la-educacion-especial-diferenciada-e-inclusiva\\\/\"},{\"@type\":\"ListItem\",\"position\":3,\"name\":\"M\u00f3dulo 2: El ABC del curr\u00edculo y las pr\u00e1cticas educativas en la educaci\u00f3n especial, diferenciada e inclusiva\"}]},{\"@type\":\"WebSite\",\"@id\":\"https:\\\/\\\/cie.uprrp.edu\\\/diversidad\\\/#website\",\"url\":\"https:\\\/\\\/cie.uprrp.edu\\\/diversidad\\\/\",\"name\":\"Haciendo la Diferencia para las Personas con Capacidades Diversas\",\"description\":\"\",\"potentialAction\":[{\"@type\":\"SearchAction\",\"target\":{\"@type\":\"EntryPoint\",\"urlTemplate\":\"https:\\\/\\\/cie.uprrp.edu\\\/diversidad\\\/?s={search_term_string}\"},\"query-input\":{\"@type\":\"PropertyValueSpecification\",\"valueRequired\":true,\"valueName\":\"search_term_string\"}}],\"inLanguage\":\"en-US\"}]}<\/script>\n<!-- \/ Yoast SEO plugin. -->","yoast_head_json":{"title":"M\u00f3dulo 2: El ABC del curr\u00edculo y las pr\u00e1cticas educativas en la educaci\u00f3n especial, diferenciada e inclusiva - Haciendo la Diferencia para las Personas con Capacidades Diversas","robots":{"index":"index","follow":"follow","max-snippet":"max-snippet:-1","max-image-preview":"max-image-preview:large","max-video-preview":"max-video-preview:-1"},"canonical":"https:\/\/cie.uprrp.edu\/diversidad\/el-abc-de-la-educacion-especial-diferenciada-e-inclusiva\/modulo-2-el-abc-del-curriculo-y-las-practicas-educativas-en-la-educacion-especial-diferenciada-e-inclusiva\/","og_locale":"en_US","og_type":"article","og_title":"M\u00f3dulo 2: El ABC del curr\u00edculo y las pr\u00e1cticas educativas en la educaci\u00f3n especial, diferenciada e inclusiva - Haciendo la Diferencia para las Personas con Capacidades Diversas","og_description":"Powered By EmbedPress Contenido adicional V\u00eddeo Presentaci\u00f3n Descargar V\u00eddeo Presentaci\u00f3n M\u00f3dulo 2 from Centro de Investigaciones Educativas Descargar Descargue el M\u00f3dulo 2 en versi\u00f3n PDF","og_url":"https:\/\/cie.uprrp.edu\/diversidad\/el-abc-de-la-educacion-especial-diferenciada-e-inclusiva\/modulo-2-el-abc-del-curriculo-y-las-practicas-educativas-en-la-educacion-especial-diferenciada-e-inclusiva\/","og_site_name":"Haciendo la Diferencia para las Personas con Capacidades Diversas","article_modified_time":"2023-03-01T21:18:18+00:00","twitter_card":"summary_large_image","twitter_misc":{"Est. reading time":"1 minute"},"schema":{"@context":"https:\/\/schema.org","@graph":[{"@type":"WebPage","@id":"https:\/\/cie.uprrp.edu\/diversidad\/el-abc-de-la-educacion-especial-diferenciada-e-inclusiva\/modulo-2-el-abc-del-curriculo-y-las-practicas-educativas-en-la-educacion-especial-diferenciada-e-inclusiva\/","url":"https:\/\/cie.uprrp.edu\/diversidad\/el-abc-de-la-educacion-especial-diferenciada-e-inclusiva\/modulo-2-el-abc-del-curriculo-y-las-practicas-educativas-en-la-educacion-especial-diferenciada-e-inclusiva\/","name":"M\u00f3dulo 2: El ABC del curr\u00edculo y las pr\u00e1cticas educativas en la educaci\u00f3n especial, diferenciada e inclusiva - Haciendo la Diferencia para las Personas con Capacidades Diversas","isPartOf":{"@id":"https:\/\/cie.uprrp.edu\/diversidad\/#website"},"datePublished":"2015-10-30T18:59:12+00:00","dateModified":"2023-03-01T21:18:18+00:00","breadcrumb":{"@id":"https:\/\/cie.uprrp.edu\/diversidad\/el-abc-de-la-educacion-especial-diferenciada-e-inclusiva\/modulo-2-el-abc-del-curriculo-y-las-practicas-educativas-en-la-educacion-especial-diferenciada-e-inclusiva\/#breadcrumb"},"inLanguage":"en-US","potentialAction":[{"@type":"ReadAction","target":["https:\/\/cie.uprrp.edu\/diversidad\/el-abc-de-la-educacion-especial-diferenciada-e-inclusiva\/modulo-2-el-abc-del-curriculo-y-las-practicas-educativas-en-la-educacion-especial-diferenciada-e-inclusiva\/"]}]},{"@type":"BreadcrumbList","@id":"https:\/\/cie.uprrp.edu\/diversidad\/el-abc-de-la-educacion-especial-diferenciada-e-inclusiva\/modulo-2-el-abc-del-curriculo-y-las-practicas-educativas-en-la-educacion-especial-diferenciada-e-inclusiva\/#breadcrumb","itemListElement":[{"@type":"ListItem","position":1,"name":"Home","item":"https:\/\/cie.uprrp.edu\/diversidad\/"},{"@type":"ListItem","position":2,"name":"El ABC de la educaci\u00f3n especial, diferenciada e inclusiva","item":"https:\/\/cie.uprrp.edu\/diversidad\/el-abc-de-la-educacion-especial-diferenciada-e-inclusiva\/"},{"@type":"ListItem","position":3,"name":"M\u00f3dulo 2: El ABC del curr\u00edculo y las pr\u00e1cticas educativas en la educaci\u00f3n especial, diferenciada e inclusiva"}]},{"@type":"WebSite","@id":"https:\/\/cie.uprrp.edu\/diversidad\/#website","url":"https:\/\/cie.uprrp.edu\/diversidad\/","name":"Haciendo la Diferencia para las Personas con Capacidades Diversas","description":"","potentialAction":[{"@type":"SearchAction","target":{"@type":"EntryPoint","urlTemplate":"https:\/\/cie.uprrp.edu\/diversidad\/?s={search_term_string}"},"query-input":{"@type":"PropertyValueSpecification","valueRequired":true,"valueName":"search_term_string"}}],"inLanguage":"en-US"}]}},"_links":{"self":[{"href":"https:\/\/cie.uprrp.edu\/diversidad\/wp-json\/wp\/v2\/pages\/23","targetHints":{"allow":["GET"]}}],"collection":[{"href":"https:\/\/cie.uprrp.edu\/diversidad\/wp-json\/wp\/v2\/pages"}],"about":[{"href":"https:\/\/cie.uprrp.edu\/diversidad\/wp-json\/wp\/v2\/types\/page"}],"author":[{"embeddable":true,"href":"https:\/\/cie.uprrp.edu\/diversidad\/wp-json\/wp\/v2\/users\/1"}],"replies":[{"embeddable":true,"href":"https:\/\/cie.uprrp.edu\/diversidad\/wp-json\/wp\/v2\/comments?post=23"}],"version-history":[{"count":11,"href":"https:\/\/cie.uprrp.edu\/diversidad\/wp-json\/wp\/v2\/pages\/23\/revisions"}],"predecessor-version":[{"id":356,"href":"https:\/\/cie.uprrp.edu\/diversidad\/wp-json\/wp\/v2\/pages\/23\/revisions\/356"}],"up":[{"embeddable":true,"href":"https:\/\/cie.uprrp.edu\/diversidad\/wp-json\/wp\/v2\/pages\/14"}],"wp:attachment":[{"href":"https:\/\/cie.uprrp.edu\/diversidad\/wp-json\/wp\/v2\/media?parent=23"}],"curies":[{"name":"wp","href":"https:\/\/api.w.org\/{rel}","templated":true}]}}