{"id":41,"date":"2015-10-30T19:06:11","date_gmt":"2015-10-30T19:06:11","guid":{"rendered":"http:\/\/cie.uprrp.edu\/diversidad\/?page_id=41"},"modified":"2015-10-30T19:06:11","modified_gmt":"2015-10-30T19:06:11","slug":"videos-el-abc-de-la-educacion-especial-diferenciada-e-inclusiva","status":"publish","type":"page","link":"https:\/\/cie.uprrp.edu\/diversidad\/videos-el-abc-de-la-educacion-especial-diferenciada-e-inclusiva\/","title":{"rendered":"V\u00eddeos: El ABC de la educaci\u00f3n especial, diferenciada e inclusiva"},"content":{"rendered":"<p><iframe loading=\"lazy\" width=\"560\" height=\"315\" src=\"https:\/\/www.youtube.com\/embed\/1_dXmxora44?list=PLS1cmtsTm7x-YbYTb1GNdZf0TO8VAG3we\" frameborder=\"0\" allowfullscreen><\/iframe><\/p>\n<p><strong>Instrucciones:<\/strong><\/p>\n<p>Todos los v\u00eddeos se presentar\u00e1n consecutivamente una vez comience la presentaci\u00f3n. Cuando termine el primero, comenzar\u00e1 el segundo autom\u00e1ticamente, y as\u00ed sucesivamente.<\/p>\n<p>Para saltar un v\u00eddeo en la secuencia, puede utilizar el bot\u00f3n de Avanzar (NEXT). Para seleccionar un v\u00eddeo en particular, oprima la Lista (Playlist), primer icono entre los que aparecen al lado derecho inferior de la ventanilla del v\u00eddeo.<\/p>\n<p>Para activar los subt\u00edtulos en espa\u00f1ol, presione la opci\u00f3n correspondiente, identificada con el s\u00edmbolo <strong>CC<\/strong> (Captions). Tambi\u00e9n podr\u00e1 obtener una traducci\u00f3n de los subt\u00edtulos al idioma de su preferencia en esta misma \u00e1rea. Para ello, seleccione &#8220;Translate Captions&#8221; en el men\u00fa correspondiente. Esta opci\u00f3n es experimental, por lo que la aplicaci\u00f3n podr\u00eda ofrecer algunos errores de traducci\u00f3n.<\/p>\n","protected":false},"excerpt":{"rendered":"<p>Instrucciones: Todos los v\u00eddeos se presentar\u00e1n consecutivamente una vez comience la presentaci\u00f3n. Cuando termine el primero, comenzar\u00e1 el segundo autom\u00e1ticamente, y as\u00ed sucesivamente. Para saltar un v\u00eddeo en la secuencia, puede utilizar el bot\u00f3n de Avanzar (NEXT). Para seleccionar un v\u00eddeo en particular, oprima la Lista (Playlist), primer icono entre los que aparecen al lado &hellip;<\/p>\n","protected":false},"author":1,"featured_media":0,"parent":0,"menu_order":0,"comment_status":"closed","ping_status":"closed","template":"","meta":{"footnotes":""},"class_list":["post-41","page","type-page","status-publish","hentry"],"yoast_head":"<!-- This site is optimized with the Yoast SEO plugin v27.3 - https:\/\/yoast.com\/product\/yoast-seo-wordpress\/ -->\n<title>V\u00eddeos: El ABC de la educaci\u00f3n especial, diferenciada e inclusiva - Haciendo la Diferencia para las Personas con Capacidades Diversas<\/title>\n<meta name=\"robots\" content=\"index, follow, max-snippet:-1, max-image-preview:large, max-video-preview:-1\" \/>\n<link rel=\"canonical\" href=\"https:\/\/cie.uprrp.edu\/diversidad\/videos-el-abc-de-la-educacion-especial-diferenciada-e-inclusiva\/\" \/>\n<meta property=\"og:locale\" content=\"en_US\" \/>\n<meta property=\"og:type\" content=\"article\" \/>\n<meta property=\"og:title\" content=\"V\u00eddeos: El ABC de la educaci\u00f3n especial, diferenciada e inclusiva - Haciendo la Diferencia para las Personas con Capacidades Diversas\" \/>\n<meta property=\"og:description\" content=\"Instrucciones: Todos los v\u00eddeos se presentar\u00e1n consecutivamente una vez comience la presentaci\u00f3n. Cuando termine el primero, comenzar\u00e1 el segundo autom\u00e1ticamente, y as\u00ed sucesivamente. Para saltar un v\u00eddeo en la secuencia, puede utilizar el bot\u00f3n de Avanzar (NEXT). Para seleccionar un v\u00eddeo en particular, oprima la Lista (Playlist), primer icono entre los que aparecen al lado &hellip;\" \/>\n<meta property=\"og:url\" content=\"https:\/\/cie.uprrp.edu\/diversidad\/videos-el-abc-de-la-educacion-especial-diferenciada-e-inclusiva\/\" \/>\n<meta property=\"og:site_name\" content=\"Haciendo la Diferencia para las Personas con Capacidades Diversas\" \/>\n<meta name=\"twitter:card\" content=\"summary_large_image\" \/>\n<meta name=\"twitter:label1\" content=\"Est. reading time\" \/>\n\t<meta name=\"twitter:data1\" content=\"1 minute\" \/>\n<script type=\"application\/ld+json\" class=\"yoast-schema-graph\">{\"@context\":\"https:\\\/\\\/schema.org\",\"@graph\":[{\"@type\":\"WebPage\",\"@id\":\"https:\\\/\\\/cie.uprrp.edu\\\/diversidad\\\/videos-el-abc-de-la-educacion-especial-diferenciada-e-inclusiva\\\/\",\"url\":\"https:\\\/\\\/cie.uprrp.edu\\\/diversidad\\\/videos-el-abc-de-la-educacion-especial-diferenciada-e-inclusiva\\\/\",\"name\":\"V\u00eddeos: El ABC de la educaci\u00f3n especial, diferenciada e inclusiva - Haciendo la Diferencia para las Personas con Capacidades Diversas\",\"isPartOf\":{\"@id\":\"https:\\\/\\\/cie.uprrp.edu\\\/diversidad\\\/#website\"},\"datePublished\":\"2015-10-30T19:06:11+00:00\",\"breadcrumb\":{\"@id\":\"https:\\\/\\\/cie.uprrp.edu\\\/diversidad\\\/videos-el-abc-de-la-educacion-especial-diferenciada-e-inclusiva\\\/#breadcrumb\"},\"inLanguage\":\"en-US\",\"potentialAction\":[{\"@type\":\"ReadAction\",\"target\":[\"https:\\\/\\\/cie.uprrp.edu\\\/diversidad\\\/videos-el-abc-de-la-educacion-especial-diferenciada-e-inclusiva\\\/\"]}]},{\"@type\":\"BreadcrumbList\",\"@id\":\"https:\\\/\\\/cie.uprrp.edu\\\/diversidad\\\/videos-el-abc-de-la-educacion-especial-diferenciada-e-inclusiva\\\/#breadcrumb\",\"itemListElement\":[{\"@type\":\"ListItem\",\"position\":1,\"name\":\"Home\",\"item\":\"https:\\\/\\\/cie.uprrp.edu\\\/diversidad\\\/\"},{\"@type\":\"ListItem\",\"position\":2,\"name\":\"V\u00eddeos: El ABC de la educaci\u00f3n especial, diferenciada e inclusiva\"}]},{\"@type\":\"WebSite\",\"@id\":\"https:\\\/\\\/cie.uprrp.edu\\\/diversidad\\\/#website\",\"url\":\"https:\\\/\\\/cie.uprrp.edu\\\/diversidad\\\/\",\"name\":\"Haciendo la Diferencia para las Personas con Capacidades Diversas\",\"description\":\"\",\"potentialAction\":[{\"@type\":\"SearchAction\",\"target\":{\"@type\":\"EntryPoint\",\"urlTemplate\":\"https:\\\/\\\/cie.uprrp.edu\\\/diversidad\\\/?s={search_term_string}\"},\"query-input\":{\"@type\":\"PropertyValueSpecification\",\"valueRequired\":true,\"valueName\":\"search_term_string\"}}],\"inLanguage\":\"en-US\"}]}<\/script>\n<!-- \/ Yoast SEO plugin. -->","yoast_head_json":{"title":"V\u00eddeos: El ABC de la educaci\u00f3n especial, diferenciada e inclusiva - Haciendo la Diferencia para las Personas con Capacidades Diversas","robots":{"index":"index","follow":"follow","max-snippet":"max-snippet:-1","max-image-preview":"max-image-preview:large","max-video-preview":"max-video-preview:-1"},"canonical":"https:\/\/cie.uprrp.edu\/diversidad\/videos-el-abc-de-la-educacion-especial-diferenciada-e-inclusiva\/","og_locale":"en_US","og_type":"article","og_title":"V\u00eddeos: El ABC de la educaci\u00f3n especial, diferenciada e inclusiva - Haciendo la Diferencia para las Personas con Capacidades Diversas","og_description":"Instrucciones: Todos los v\u00eddeos se presentar\u00e1n consecutivamente una vez comience la presentaci\u00f3n. Cuando termine el primero, comenzar\u00e1 el segundo autom\u00e1ticamente, y as\u00ed sucesivamente. Para saltar un v\u00eddeo en la secuencia, puede utilizar el bot\u00f3n de Avanzar (NEXT). Para seleccionar un v\u00eddeo en particular, oprima la Lista (Playlist), primer icono entre los que aparecen al lado &hellip;","og_url":"https:\/\/cie.uprrp.edu\/diversidad\/videos-el-abc-de-la-educacion-especial-diferenciada-e-inclusiva\/","og_site_name":"Haciendo la Diferencia para las Personas con Capacidades Diversas","twitter_card":"summary_large_image","twitter_misc":{"Est. reading time":"1 minute"},"schema":{"@context":"https:\/\/schema.org","@graph":[{"@type":"WebPage","@id":"https:\/\/cie.uprrp.edu\/diversidad\/videos-el-abc-de-la-educacion-especial-diferenciada-e-inclusiva\/","url":"https:\/\/cie.uprrp.edu\/diversidad\/videos-el-abc-de-la-educacion-especial-diferenciada-e-inclusiva\/","name":"V\u00eddeos: El ABC de la educaci\u00f3n especial, diferenciada e inclusiva - Haciendo la Diferencia para las Personas con Capacidades Diversas","isPartOf":{"@id":"https:\/\/cie.uprrp.edu\/diversidad\/#website"},"datePublished":"2015-10-30T19:06:11+00:00","breadcrumb":{"@id":"https:\/\/cie.uprrp.edu\/diversidad\/videos-el-abc-de-la-educacion-especial-diferenciada-e-inclusiva\/#breadcrumb"},"inLanguage":"en-US","potentialAction":[{"@type":"ReadAction","target":["https:\/\/cie.uprrp.edu\/diversidad\/videos-el-abc-de-la-educacion-especial-diferenciada-e-inclusiva\/"]}]},{"@type":"BreadcrumbList","@id":"https:\/\/cie.uprrp.edu\/diversidad\/videos-el-abc-de-la-educacion-especial-diferenciada-e-inclusiva\/#breadcrumb","itemListElement":[{"@type":"ListItem","position":1,"name":"Home","item":"https:\/\/cie.uprrp.edu\/diversidad\/"},{"@type":"ListItem","position":2,"name":"V\u00eddeos: El ABC de la educaci\u00f3n especial, diferenciada e inclusiva"}]},{"@type":"WebSite","@id":"https:\/\/cie.uprrp.edu\/diversidad\/#website","url":"https:\/\/cie.uprrp.edu\/diversidad\/","name":"Haciendo la Diferencia para las Personas con Capacidades Diversas","description":"","potentialAction":[{"@type":"SearchAction","target":{"@type":"EntryPoint","urlTemplate":"https:\/\/cie.uprrp.edu\/diversidad\/?s={search_term_string}"},"query-input":{"@type":"PropertyValueSpecification","valueRequired":true,"valueName":"search_term_string"}}],"inLanguage":"en-US"}]}},"_links":{"self":[{"href":"https:\/\/cie.uprrp.edu\/diversidad\/wp-json\/wp\/v2\/pages\/41","targetHints":{"allow":["GET"]}}],"collection":[{"href":"https:\/\/cie.uprrp.edu\/diversidad\/wp-json\/wp\/v2\/pages"}],"about":[{"href":"https:\/\/cie.uprrp.edu\/diversidad\/wp-json\/wp\/v2\/types\/page"}],"author":[{"embeddable":true,"href":"https:\/\/cie.uprrp.edu\/diversidad\/wp-json\/wp\/v2\/users\/1"}],"replies":[{"embeddable":true,"href":"https:\/\/cie.uprrp.edu\/diversidad\/wp-json\/wp\/v2\/comments?post=41"}],"version-history":[{"count":1,"href":"https:\/\/cie.uprrp.edu\/diversidad\/wp-json\/wp\/v2\/pages\/41\/revisions"}],"predecessor-version":[{"id":42,"href":"https:\/\/cie.uprrp.edu\/diversidad\/wp-json\/wp\/v2\/pages\/41\/revisions\/42"}],"wp:attachment":[{"href":"https:\/\/cie.uprrp.edu\/diversidad\/wp-json\/wp\/v2\/media?parent=41"}],"curies":[{"name":"wp","href":"https:\/\/api.w.org\/{rel}","templated":true}]}}