{"id":49,"date":"2015-10-30T19:12:16","date_gmt":"2015-10-30T19:12:16","guid":{"rendered":"http:\/\/cie.uprrp.edu\/diversidad\/?page_id=49"},"modified":"2016-02-29T15:51:26","modified_gmt":"2016-02-29T15:51:26","slug":"contactenos","status":"publish","type":"page","link":"https:\/\/cie.uprrp.edu\/diversidad\/contactenos\/","title":{"rendered":"Cont\u00e1ctenos"},"content":{"rendered":"<p>Para m\u00e1s informaci\u00f3n sobre el proyecto <strong>Haciendo la Diferencia para las Personas con Capacidades Diversas<\/strong>, puede comunicarse al Centro de Investigaciones Educativas.<\/p>\n<h3><strong>Dirrecci\u00f3n Postal<\/strong><\/h3>\n<p>Centro de Investigaciones Educativas<br \/>\nUPR &#8211; R\u00edo Piedras<br \/>\nFacultad de Educaci\u00f3n<br \/>\nP.O. Box 23304<br \/>\nSan Juan, Puerto Rico 00931-3304<\/p>\n<h3>Tel\u00e9fono<\/h3>\n<p>(787) 764-0000, ext.\u00a089045<\/p>\n<h3>Correo Electr\u00f3nico<\/h3>\n<p><a href=\"mailto:cie@uprrp.edu\">cie.educacion@upr.edu<\/a><\/p>\n","protected":false},"excerpt":{"rendered":"<p>Para m\u00e1s informaci\u00f3n sobre el proyecto Haciendo la Diferencia para las Personas con Capacidades Diversas, puede comunicarse al Centro de Investigaciones Educativas. Dirrecci\u00f3n Postal Centro de Investigaciones Educativas UPR &#8211; R\u00edo Piedras Facultad de Educaci\u00f3n P.O. Box 23304 San Juan, Puerto Rico 00931-3304 Tel\u00e9fono (787) 764-0000, ext.\u00a089045 Correo Electr\u00f3nico cie.educacion@upr.edu<\/p>\n","protected":false},"author":1,"featured_media":0,"parent":0,"menu_order":0,"comment_status":"closed","ping_status":"closed","template":"","meta":{"footnotes":""},"class_list":["post-49","page","type-page","status-publish","hentry"],"yoast_head":"<!-- This site is optimized with the Yoast SEO plugin v27.3 - https:\/\/yoast.com\/product\/yoast-seo-wordpress\/ -->\n<title>Cont\u00e1ctenos - Haciendo la Diferencia para las Personas con Capacidades Diversas<\/title>\n<meta name=\"robots\" content=\"index, follow, max-snippet:-1, max-image-preview:large, max-video-preview:-1\" \/>\n<link rel=\"canonical\" href=\"https:\/\/cie.uprrp.edu\/diversidad\/contactenos\/\" \/>\n<meta property=\"og:locale\" content=\"en_US\" \/>\n<meta property=\"og:type\" content=\"article\" \/>\n<meta property=\"og:title\" content=\"Cont\u00e1ctenos - Haciendo la Diferencia para las Personas con Capacidades Diversas\" \/>\n<meta property=\"og:description\" content=\"Para m\u00e1s informaci\u00f3n sobre el proyecto Haciendo la Diferencia para las Personas con Capacidades Diversas, puede comunicarse al Centro de Investigaciones Educativas. Dirrecci\u00f3n Postal Centro de Investigaciones Educativas UPR &#8211; R\u00edo Piedras Facultad de Educaci\u00f3n P.O. Box 23304 San Juan, Puerto Rico 00931-3304 Tel\u00e9fono (787) 764-0000, ext.\u00a089045 Correo Electr\u00f3nico cie.educacion@upr.edu\" \/>\n<meta property=\"og:url\" content=\"https:\/\/cie.uprrp.edu\/diversidad\/contactenos\/\" \/>\n<meta property=\"og:site_name\" content=\"Haciendo la Diferencia para las Personas con Capacidades Diversas\" \/>\n<meta property=\"article:modified_time\" content=\"2016-02-29T15:51:26+00:00\" \/>\n<meta name=\"twitter:card\" content=\"summary_large_image\" \/>\n<script type=\"application\/ld+json\" class=\"yoast-schema-graph\">{\"@context\":\"https:\\\/\\\/schema.org\",\"@graph\":[{\"@type\":\"WebPage\",\"@id\":\"https:\\\/\\\/cie.uprrp.edu\\\/diversidad\\\/contactenos\\\/\",\"url\":\"https:\\\/\\\/cie.uprrp.edu\\\/diversidad\\\/contactenos\\\/\",\"name\":\"Cont\u00e1ctenos - Haciendo la Diferencia para las Personas con Capacidades Diversas\",\"isPartOf\":{\"@id\":\"https:\\\/\\\/cie.uprrp.edu\\\/diversidad\\\/#website\"},\"datePublished\":\"2015-10-30T19:12:16+00:00\",\"dateModified\":\"2016-02-29T15:51:26+00:00\",\"breadcrumb\":{\"@id\":\"https:\\\/\\\/cie.uprrp.edu\\\/diversidad\\\/contactenos\\\/#breadcrumb\"},\"inLanguage\":\"en-US\",\"potentialAction\":[{\"@type\":\"ReadAction\",\"target\":[\"https:\\\/\\\/cie.uprrp.edu\\\/diversidad\\\/contactenos\\\/\"]}]},{\"@type\":\"BreadcrumbList\",\"@id\":\"https:\\\/\\\/cie.uprrp.edu\\\/diversidad\\\/contactenos\\\/#breadcrumb\",\"itemListElement\":[{\"@type\":\"ListItem\",\"position\":1,\"name\":\"Home\",\"item\":\"https:\\\/\\\/cie.uprrp.edu\\\/diversidad\\\/\"},{\"@type\":\"ListItem\",\"position\":2,\"name\":\"Cont\u00e1ctenos\"}]},{\"@type\":\"WebSite\",\"@id\":\"https:\\\/\\\/cie.uprrp.edu\\\/diversidad\\\/#website\",\"url\":\"https:\\\/\\\/cie.uprrp.edu\\\/diversidad\\\/\",\"name\":\"Haciendo la Diferencia para las Personas con Capacidades Diversas\",\"description\":\"\",\"potentialAction\":[{\"@type\":\"SearchAction\",\"target\":{\"@type\":\"EntryPoint\",\"urlTemplate\":\"https:\\\/\\\/cie.uprrp.edu\\\/diversidad\\\/?s={search_term_string}\"},\"query-input\":{\"@type\":\"PropertyValueSpecification\",\"valueRequired\":true,\"valueName\":\"search_term_string\"}}],\"inLanguage\":\"en-US\"}]}<\/script>\n<!-- \/ Yoast SEO plugin. -->","yoast_head_json":{"title":"Cont\u00e1ctenos - Haciendo la Diferencia para las Personas con Capacidades Diversas","robots":{"index":"index","follow":"follow","max-snippet":"max-snippet:-1","max-image-preview":"max-image-preview:large","max-video-preview":"max-video-preview:-1"},"canonical":"https:\/\/cie.uprrp.edu\/diversidad\/contactenos\/","og_locale":"en_US","og_type":"article","og_title":"Cont\u00e1ctenos - Haciendo la Diferencia para las Personas con Capacidades Diversas","og_description":"Para m\u00e1s informaci\u00f3n sobre el proyecto Haciendo la Diferencia para las Personas con Capacidades Diversas, puede comunicarse al Centro de Investigaciones Educativas. Dirrecci\u00f3n Postal Centro de Investigaciones Educativas UPR &#8211; R\u00edo Piedras Facultad de Educaci\u00f3n P.O. Box 23304 San Juan, Puerto Rico 00931-3304 Tel\u00e9fono (787) 764-0000, ext.\u00a089045 Correo Electr\u00f3nico cie.educacion@upr.edu","og_url":"https:\/\/cie.uprrp.edu\/diversidad\/contactenos\/","og_site_name":"Haciendo la Diferencia para las Personas con Capacidades Diversas","article_modified_time":"2016-02-29T15:51:26+00:00","twitter_card":"summary_large_image","schema":{"@context":"https:\/\/schema.org","@graph":[{"@type":"WebPage","@id":"https:\/\/cie.uprrp.edu\/diversidad\/contactenos\/","url":"https:\/\/cie.uprrp.edu\/diversidad\/contactenos\/","name":"Cont\u00e1ctenos - Haciendo la Diferencia para las Personas con Capacidades Diversas","isPartOf":{"@id":"https:\/\/cie.uprrp.edu\/diversidad\/#website"},"datePublished":"2015-10-30T19:12:16+00:00","dateModified":"2016-02-29T15:51:26+00:00","breadcrumb":{"@id":"https:\/\/cie.uprrp.edu\/diversidad\/contactenos\/#breadcrumb"},"inLanguage":"en-US","potentialAction":[{"@type":"ReadAction","target":["https:\/\/cie.uprrp.edu\/diversidad\/contactenos\/"]}]},{"@type":"BreadcrumbList","@id":"https:\/\/cie.uprrp.edu\/diversidad\/contactenos\/#breadcrumb","itemListElement":[{"@type":"ListItem","position":1,"name":"Home","item":"https:\/\/cie.uprrp.edu\/diversidad\/"},{"@type":"ListItem","position":2,"name":"Cont\u00e1ctenos"}]},{"@type":"WebSite","@id":"https:\/\/cie.uprrp.edu\/diversidad\/#website","url":"https:\/\/cie.uprrp.edu\/diversidad\/","name":"Haciendo la Diferencia para las Personas con Capacidades Diversas","description":"","potentialAction":[{"@type":"SearchAction","target":{"@type":"EntryPoint","urlTemplate":"https:\/\/cie.uprrp.edu\/diversidad\/?s={search_term_string}"},"query-input":{"@type":"PropertyValueSpecification","valueRequired":true,"valueName":"search_term_string"}}],"inLanguage":"en-US"}]}},"_links":{"self":[{"href":"https:\/\/cie.uprrp.edu\/diversidad\/wp-json\/wp\/v2\/pages\/49","targetHints":{"allow":["GET"]}}],"collection":[{"href":"https:\/\/cie.uprrp.edu\/diversidad\/wp-json\/wp\/v2\/pages"}],"about":[{"href":"https:\/\/cie.uprrp.edu\/diversidad\/wp-json\/wp\/v2\/types\/page"}],"author":[{"embeddable":true,"href":"https:\/\/cie.uprrp.edu\/diversidad\/wp-json\/wp\/v2\/users\/1"}],"replies":[{"embeddable":true,"href":"https:\/\/cie.uprrp.edu\/diversidad\/wp-json\/wp\/v2\/comments?post=49"}],"version-history":[{"count":2,"href":"https:\/\/cie.uprrp.edu\/diversidad\/wp-json\/wp\/v2\/pages\/49\/revisions"}],"predecessor-version":[{"id":124,"href":"https:\/\/cie.uprrp.edu\/diversidad\/wp-json\/wp\/v2\/pages\/49\/revisions\/124"}],"wp:attachment":[{"href":"https:\/\/cie.uprrp.edu\/diversidad\/wp-json\/wp\/v2\/media?parent=49"}],"curies":[{"name":"wp","href":"https:\/\/api.w.org\/{rel}","templated":true}]}}