{"id":5,"date":"2015-10-30T18:38:06","date_gmt":"2015-10-30T18:38:06","guid":{"rendered":"http:\/\/cie.uprrp.edu\/diversidad\/?page_id=5"},"modified":"2015-10-30T18:38:06","modified_gmt":"2015-10-30T18:38:06","slug":"hagamos-la-diferencia","status":"publish","type":"page","link":"https:\/\/cie.uprrp.edu\/diversidad\/","title":{"rendered":"\u00a1Hagamos la diferencia!"},"content":{"rendered":"<p><a href=\"http:\/\/cie.uprrp.edu\/diversidad\/wp-content\/uploads\/sites\/3\/2015\/10\/0001.jpg\"><img loading=\"lazy\" decoding=\"async\" class=\"size-full wp-image-6 alignleft\" src=\"http:\/\/cie.uprrp.edu\/diversidad\/wp-content\/uploads\/sites\/3\/2015\/10\/0001.jpg\" alt=\"Ni\u00f1a con problemas visuales\" width=\"275\" height=\"367\" srcset=\"https:\/\/cie.uprrp.edu\/diversidad\/wp-content\/uploads\/sites\/3\/2015\/10\/0001.jpg 275w, https:\/\/cie.uprrp.edu\/diversidad\/wp-content\/uploads\/sites\/3\/2015\/10\/0001-225x300.jpg 225w\" sizes=\"auto, (max-width: 275px) 100vw, 275px\" \/><\/a>Bienvenidos al portal del proyecto Haciendo la Diferencia para las Personas con Capacidades Diversas, una iniciativa auspiciada por el Consejo Estatal sobre Deficiencias en el Desarrollo (CEDD) y el Centro de Investigaciones Educativas (CIE) de la Facultad de Educaci\u00f3n del Recinto de R\u00edo Piedras de la Universidad de Puerto Rico. Esta iniciativa promueve la capacitaci\u00f3n de profesionales en las \u00e1reas de deficiencias intelectuales y del desarrollo. Tambi\u00e9n busca que los maestros, consejeros, facilitadores, intercesores y las familias de estos ni\u00f1os identifiquen las necesidades, a los fines de facilitar su inclusi\u00f3n en la educaci\u00f3n. Nuestros recursos servir\u00e1n para concienciar al p\u00fablico en general sobre la importancia del desarrollo f\u00edsico, intelectual y emocional de la ni\u00f1ez temprana con capacidades diversas.<\/p>\n<p>Les invitamos a explorar nuestros materiales did\u00e1cticos y a unirse al proyecto de inclusividad, que promueve el reconocimiento de personas con capacidades diversas.<\/p>\n","protected":false},"excerpt":{"rendered":"<p>Bienvenidos al portal del proyecto Haciendo la Diferencia para las Personas con Capacidades Diversas, una iniciativa auspiciada por el Consejo Estatal sobre Deficiencias en el Desarrollo (CEDD) y el Centro de Investigaciones Educativas (CIE) de la Facultad de Educaci\u00f3n del Recinto de R\u00edo Piedras de la Universidad de Puerto Rico. Esta iniciativa promueve la capacitaci\u00f3n &hellip;<\/p>\n","protected":false},"author":1,"featured_media":0,"parent":0,"menu_order":0,"comment_status":"closed","ping_status":"closed","template":"","meta":{"footnotes":""},"class_list":["post-5","page","type-page","status-publish","hentry"],"yoast_head":"<!-- This site is optimized with the Yoast SEO plugin v27.3 - https:\/\/yoast.com\/product\/yoast-seo-wordpress\/ -->\n<title>\u00a1Hagamos la diferencia! - Haciendo la Diferencia para las Personas con Capacidades Diversas<\/title>\n<meta name=\"robots\" content=\"index, follow, max-snippet:-1, max-image-preview:large, max-video-preview:-1\" \/>\n<link rel=\"canonical\" href=\"https:\/\/cie.uprrp.edu\/diversidad\/\" \/>\n<meta property=\"og:locale\" content=\"en_US\" \/>\n<meta property=\"og:type\" content=\"article\" \/>\n<meta property=\"og:title\" content=\"\u00a1Hagamos la diferencia! - Haciendo la Diferencia para las Personas con Capacidades Diversas\" \/>\n<meta property=\"og:description\" content=\"Bienvenidos al portal del proyecto Haciendo la Diferencia para las Personas con Capacidades Diversas, una iniciativa auspiciada por el Consejo Estatal sobre Deficiencias en el Desarrollo (CEDD) y el Centro de Investigaciones Educativas (CIE) de la Facultad de Educaci\u00f3n del Recinto de R\u00edo Piedras de la Universidad de Puerto Rico. Esta iniciativa promueve la capacitaci\u00f3n &hellip;\" \/>\n<meta property=\"og:url\" content=\"https:\/\/cie.uprrp.edu\/diversidad\/\" \/>\n<meta property=\"og:site_name\" content=\"Haciendo la Diferencia para las Personas con Capacidades Diversas\" \/>\n<meta property=\"og:image\" content=\"http:\/\/cie.uprrp.edu\/diversidad\/wp-content\/uploads\/sites\/3\/2015\/10\/0001.jpg\" \/>\n<meta name=\"twitter:card\" content=\"summary_large_image\" \/>\n<meta name=\"twitter:label1\" content=\"Est. reading time\" \/>\n\t<meta name=\"twitter:data1\" content=\"1 minute\" \/>\n<script type=\"application\/ld+json\" class=\"yoast-schema-graph\">{\"@context\":\"https:\\\/\\\/schema.org\",\"@graph\":[{\"@type\":\"WebPage\",\"@id\":\"https:\\\/\\\/cie.uprrp.edu\\\/diversidad\\\/\",\"url\":\"https:\\\/\\\/cie.uprrp.edu\\\/diversidad\\\/\",\"name\":\"\u00a1Hagamos la diferencia! - Haciendo la Diferencia para las Personas con Capacidades Diversas\",\"isPartOf\":{\"@id\":\"https:\\\/\\\/cie.uprrp.edu\\\/diversidad\\\/#website\"},\"primaryImageOfPage\":{\"@id\":\"https:\\\/\\\/cie.uprrp.edu\\\/diversidad\\\/#primaryimage\"},\"image\":{\"@id\":\"https:\\\/\\\/cie.uprrp.edu\\\/diversidad\\\/#primaryimage\"},\"thumbnailUrl\":\"http:\\\/\\\/cie.uprrp.edu\\\/diversidad\\\/wp-content\\\/uploads\\\/sites\\\/3\\\/2015\\\/10\\\/0001.jpg\",\"datePublished\":\"2015-10-30T18:38:06+00:00\",\"breadcrumb\":{\"@id\":\"https:\\\/\\\/cie.uprrp.edu\\\/diversidad\\\/#breadcrumb\"},\"inLanguage\":\"en-US\",\"potentialAction\":[{\"@type\":\"ReadAction\",\"target\":[\"https:\\\/\\\/cie.uprrp.edu\\\/diversidad\\\/\"]}]},{\"@type\":\"ImageObject\",\"inLanguage\":\"en-US\",\"@id\":\"https:\\\/\\\/cie.uprrp.edu\\\/diversidad\\\/#primaryimage\",\"url\":\"http:\\\/\\\/cie.uprrp.edu\\\/diversidad\\\/wp-content\\\/uploads\\\/sites\\\/3\\\/2015\\\/10\\\/0001.jpg\",\"contentUrl\":\"http:\\\/\\\/cie.uprrp.edu\\\/diversidad\\\/wp-content\\\/uploads\\\/sites\\\/3\\\/2015\\\/10\\\/0001.jpg\"},{\"@type\":\"BreadcrumbList\",\"@id\":\"https:\\\/\\\/cie.uprrp.edu\\\/diversidad\\\/#breadcrumb\",\"itemListElement\":[{\"@type\":\"ListItem\",\"position\":1,\"name\":\"Home\",\"item\":\"https:\\\/\\\/cie.uprrp.edu\\\/diversidad\\\/\"},{\"@type\":\"ListItem\",\"position\":2,\"name\":\"\u00a1Hagamos la diferencia!\"}]},{\"@type\":\"WebSite\",\"@id\":\"https:\\\/\\\/cie.uprrp.edu\\\/diversidad\\\/#website\",\"url\":\"https:\\\/\\\/cie.uprrp.edu\\\/diversidad\\\/\",\"name\":\"Haciendo la Diferencia para las Personas con Capacidades Diversas\",\"description\":\"\",\"potentialAction\":[{\"@type\":\"SearchAction\",\"target\":{\"@type\":\"EntryPoint\",\"urlTemplate\":\"https:\\\/\\\/cie.uprrp.edu\\\/diversidad\\\/?s={search_term_string}\"},\"query-input\":{\"@type\":\"PropertyValueSpecification\",\"valueRequired\":true,\"valueName\":\"search_term_string\"}}],\"inLanguage\":\"en-US\"}]}<\/script>\n<!-- \/ Yoast SEO plugin. -->","yoast_head_json":{"title":"\u00a1Hagamos la diferencia! - Haciendo la Diferencia para las Personas con Capacidades Diversas","robots":{"index":"index","follow":"follow","max-snippet":"max-snippet:-1","max-image-preview":"max-image-preview:large","max-video-preview":"max-video-preview:-1"},"canonical":"https:\/\/cie.uprrp.edu\/diversidad\/","og_locale":"en_US","og_type":"article","og_title":"\u00a1Hagamos la diferencia! - Haciendo la Diferencia para las Personas con Capacidades Diversas","og_description":"Bienvenidos al portal del proyecto Haciendo la Diferencia para las Personas con Capacidades Diversas, una iniciativa auspiciada por el Consejo Estatal sobre Deficiencias en el Desarrollo (CEDD) y el Centro de Investigaciones Educativas (CIE) de la Facultad de Educaci\u00f3n del Recinto de R\u00edo Piedras de la Universidad de Puerto Rico. Esta iniciativa promueve la capacitaci\u00f3n &hellip;","og_url":"https:\/\/cie.uprrp.edu\/diversidad\/","og_site_name":"Haciendo la Diferencia para las Personas con Capacidades Diversas","og_image":[{"url":"http:\/\/cie.uprrp.edu\/diversidad\/wp-content\/uploads\/sites\/3\/2015\/10\/0001.jpg","type":"","width":"","height":""}],"twitter_card":"summary_large_image","twitter_misc":{"Est. reading time":"1 minute"},"schema":{"@context":"https:\/\/schema.org","@graph":[{"@type":"WebPage","@id":"https:\/\/cie.uprrp.edu\/diversidad\/","url":"https:\/\/cie.uprrp.edu\/diversidad\/","name":"\u00a1Hagamos la diferencia! - Haciendo la Diferencia para las Personas con Capacidades Diversas","isPartOf":{"@id":"https:\/\/cie.uprrp.edu\/diversidad\/#website"},"primaryImageOfPage":{"@id":"https:\/\/cie.uprrp.edu\/diversidad\/#primaryimage"},"image":{"@id":"https:\/\/cie.uprrp.edu\/diversidad\/#primaryimage"},"thumbnailUrl":"http:\/\/cie.uprrp.edu\/diversidad\/wp-content\/uploads\/sites\/3\/2015\/10\/0001.jpg","datePublished":"2015-10-30T18:38:06+00:00","breadcrumb":{"@id":"https:\/\/cie.uprrp.edu\/diversidad\/#breadcrumb"},"inLanguage":"en-US","potentialAction":[{"@type":"ReadAction","target":["https:\/\/cie.uprrp.edu\/diversidad\/"]}]},{"@type":"ImageObject","inLanguage":"en-US","@id":"https:\/\/cie.uprrp.edu\/diversidad\/#primaryimage","url":"http:\/\/cie.uprrp.edu\/diversidad\/wp-content\/uploads\/sites\/3\/2015\/10\/0001.jpg","contentUrl":"http:\/\/cie.uprrp.edu\/diversidad\/wp-content\/uploads\/sites\/3\/2015\/10\/0001.jpg"},{"@type":"BreadcrumbList","@id":"https:\/\/cie.uprrp.edu\/diversidad\/#breadcrumb","itemListElement":[{"@type":"ListItem","position":1,"name":"Home","item":"https:\/\/cie.uprrp.edu\/diversidad\/"},{"@type":"ListItem","position":2,"name":"\u00a1Hagamos la diferencia!"}]},{"@type":"WebSite","@id":"https:\/\/cie.uprrp.edu\/diversidad\/#website","url":"https:\/\/cie.uprrp.edu\/diversidad\/","name":"Haciendo la Diferencia para las Personas con Capacidades Diversas","description":"","potentialAction":[{"@type":"SearchAction","target":{"@type":"EntryPoint","urlTemplate":"https:\/\/cie.uprrp.edu\/diversidad\/?s={search_term_string}"},"query-input":{"@type":"PropertyValueSpecification","valueRequired":true,"valueName":"search_term_string"}}],"inLanguage":"en-US"}]}},"_links":{"self":[{"href":"https:\/\/cie.uprrp.edu\/diversidad\/wp-json\/wp\/v2\/pages\/5","targetHints":{"allow":["GET"]}}],"collection":[{"href":"https:\/\/cie.uprrp.edu\/diversidad\/wp-json\/wp\/v2\/pages"}],"about":[{"href":"https:\/\/cie.uprrp.edu\/diversidad\/wp-json\/wp\/v2\/types\/page"}],"author":[{"embeddable":true,"href":"https:\/\/cie.uprrp.edu\/diversidad\/wp-json\/wp\/v2\/users\/1"}],"replies":[{"embeddable":true,"href":"https:\/\/cie.uprrp.edu\/diversidad\/wp-json\/wp\/v2\/comments?post=5"}],"version-history":[{"count":1,"href":"https:\/\/cie.uprrp.edu\/diversidad\/wp-json\/wp\/v2\/pages\/5\/revisions"}],"predecessor-version":[{"id":7,"href":"https:\/\/cie.uprrp.edu\/diversidad\/wp-json\/wp\/v2\/pages\/5\/revisions\/7"}],"wp:attachment":[{"href":"https:\/\/cie.uprrp.edu\/diversidad\/wp-json\/wp\/v2\/media?parent=5"}],"curies":[{"name":"wp","href":"https:\/\/api.w.org\/{rel}","templated":true}]}}