{"id":9,"date":"2015-10-30T18:50:51","date_gmt":"2015-10-30T18:50:51","guid":{"rendered":"http:\/\/cie.uprrp.edu\/diversidad\/?page_id=9"},"modified":"2016-02-29T13:48:43","modified_gmt":"2016-02-29T13:48:43","slug":"haciendo-la-diferencia-trasfondo","status":"publish","type":"page","link":"https:\/\/cie.uprrp.edu\/diversidad\/haciendo-la-diferencia-trasfondo\/","title":{"rendered":"Haciendo la Diferencia: Trasfondo"},"content":{"rendered":"<h2><a href=\"http:\/\/cie.uprrp.edu\/diversidad\/wp-content\/uploads\/sites\/3\/2015\/10\/0002.jpg\"><img loading=\"lazy\" decoding=\"async\" class=\"aligncenter size-full wp-image-10\" src=\"http:\/\/cie.uprrp.edu\/diversidad\/wp-content\/uploads\/sites\/3\/2015\/10\/0002.jpg\" alt=\"Ni\u00f1os jugando\" width=\"650\" height=\"199\" srcset=\"https:\/\/cie.uprrp.edu\/diversidad\/wp-content\/uploads\/sites\/3\/2015\/10\/0002.jpg 650w, https:\/\/cie.uprrp.edu\/diversidad\/wp-content\/uploads\/sites\/3\/2015\/10\/0002-300x92.jpg 300w\" sizes=\"auto, (max-width: 650px) 100vw, 650px\" \/><\/a><\/h2>\n<h2>Prop\u00f3sito<\/h2>\n<p>En una primera fase, el prop\u00f3sito de esta propuesta consiste en proveer experiencias de capacitaci\u00f3n a profesionales que intervienen con estudiantes con deficiencias intelectuales y del desarrollo.\u00a0Para estos adiestramientos se utilizar\u00e1n los m\u00f3dulos titulados <em>El ABC de la educaci\u00f3n diferenciada e inclusiva<\/em>, desarrollados a trav\u00e9s de la propuesta <em>Haciendo la diferencia para las personas con capacidades diversas<\/em>, aprobada por el Consejo Estatal de Deficiencias en el Desarrollo.\u00a0Estos m\u00f3dulos est\u00e1n disponibles de manera gratuita en esta p\u00e1gina electr\u00f3nica.<\/p>\n<p><a href=\"http:\/\/cie.uprrp.edu\/diversidad\/wp-content\/uploads\/sites\/3\/2015\/10\/0003.jpg\"><img loading=\"lazy\" decoding=\"async\" class=\"size-full wp-image-11 alignright\" src=\"http:\/\/cie.uprrp.edu\/diversidad\/wp-content\/uploads\/sites\/3\/2015\/10\/0003.jpg\" alt=\"Maestra conn ni\u00f1o\" width=\"382\" height=\"300\" srcset=\"https:\/\/cie.uprrp.edu\/diversidad\/wp-content\/uploads\/sites\/3\/2015\/10\/0003.jpg 382w, https:\/\/cie.uprrp.edu\/diversidad\/wp-content\/uploads\/sites\/3\/2015\/10\/0003-300x236.jpg 300w\" sizes=\"auto, (max-width: 382px) 100vw, 382px\" \/><\/a>En\u00a0la FASE 2 se estar\u00e1n desarrollando las siguientes actividades:<\/p>\n<ol>\n<li>desarrollo de un laboratorio de Asistencia Tecnol\u00f3gica en la Facultad de Educaci\u00f3n de la Universidad de Puerto Rico, Recinto de R\u00edo Piedras dirigido a la ni\u00f1ez temprana;<\/li>\n<li>desarrollo de una gu\u00eda sobre las pr\u00e1cticas educativas apropiadas, fundamentadas en los est\u00e1ndares del Council for Exceptional Children (CEC) y la National Association for the Education of Young Children (NAEYC);<\/li>\n<li>ofrecimiento de los talleres de capacitaci\u00f3n para 100 profesionales y familias de estudiantes con deficiencias intelectuales y del desarrollo y proveer experiencias a los participantes mediante demostraci\u00f3n y aplicaci\u00f3n del uso de la tecnolog\u00eda asistiva a estudiantes con deficiencias intelectuales y del desarrollo.<\/li>\n<\/ol>\n<h2>Meta<\/h2>\n<p>Capacitar y adiestrar a educadores y familias en temas relacionados con las pr\u00e1cticas apropiadas y la aplicaci\u00f3n de la tecnolog\u00eda, con el fin de proveer conocimientos que propendan en un mejor desarrollo social, intelectual, f\u00edsico y emocional de la ni\u00f1ez temprana con capacidades diversas.<\/p>\n<h2>Justificaci\u00f3n<\/h2>\n<p><a href=\"http:\/\/cie.uprrp.edu\/diversidad\/wp-content\/uploads\/sites\/3\/2015\/10\/0004.jpg\"><img loading=\"lazy\" decoding=\"async\" class=\"size-full wp-image-12 alignright\" src=\"http:\/\/cie.uprrp.edu\/diversidad\/wp-content\/uploads\/sites\/3\/2015\/10\/0004.jpg\" alt=\"Maestra y ni\u00f1o s\u00edndrome down\" width=\"400\" height=\"345\" srcset=\"https:\/\/cie.uprrp.edu\/diversidad\/wp-content\/uploads\/sites\/3\/2015\/10\/0004.jpg 400w, https:\/\/cie.uprrp.edu\/diversidad\/wp-content\/uploads\/sites\/3\/2015\/10\/0004-300x259.jpg 300w\" sizes=\"auto, (max-width: 400px) 100vw, 400px\" \/><\/a>Desde la d\u00e9cada de 1990, la visi\u00f3n de la educaci\u00f3n basada en el paradigma m\u00e9dico-cl\u00ednico de la educaci\u00f3n especial ha evolucionado al paradigma a base de potencialidades y talentos.\u00a0Simult\u00e1neamente, las estad\u00edsticas de las poblaciones de condiciones especiales contin\u00faan en crecimiento alarmante.\u00a0Las \u00faltimas estad\u00edsticas del Departamento de Educaci\u00f3n revelan un aumento significativo a raz\u00f3n de 1,000 estudiantes por a\u00f1o escolar en las diferentes categor\u00edas de las necesidades especiales.\u00a0 Si a estas cifras le a\u00f1adimos las estad\u00edsticas de las otras agencias de gobierno, como lo son el Departamento de Familia, el Departamento del Trabajo, entre otros, se pudiera estimar que la poblaci\u00f3n con condiciones especiales a nivel isla, sobrepasan los 300,000.<\/p>\n<p>Ante estas alarmantes estad\u00edsticas, en la actualidad se llevan a cabo muy pocos esfuerzos e iniciativas para la prevenci\u00f3n e intervenci\u00f3n en la ni\u00f1ez temprana, que pueda atender esta incidencia y prevalencia de condiciones especiales en Puerto Rico.\u00a0A pesar de que la historia de la educaci\u00f3n especial en Puerto Rico data de hace m\u00e1s de 50 a\u00f1os, los esfuerzos se han concentrando en la provisi\u00f3n de servicios educativos y relacionados a las poblaciones con necesidades especiales, quedando desatendida el \u00e1rea de actitudes y prevenci\u00f3n. Esto puede evidenciarse no solo en las estad\u00edsticas mencionadas, sino en la calidad de los servicios que se ofrecen. De aqu\u00ed se desprende la imperante necesidad de desarrollar e implantar estrategias dirigidas a lograr un cambio en las actitudes de la poblaci\u00f3n en general y, particularmente, de aquellas personas que proveen servicios directos a estas poblaciones.<\/p>\n","protected":false},"excerpt":{"rendered":"<p>Prop\u00f3sito En una primera fase, el prop\u00f3sito de esta propuesta consiste en proveer experiencias de capacitaci\u00f3n a profesionales que intervienen con estudiantes con deficiencias intelectuales y del desarrollo.\u00a0Para estos adiestramientos se utilizar\u00e1n los m\u00f3dulos titulados El ABC de la educaci\u00f3n diferenciada e inclusiva, desarrollados a trav\u00e9s de la propuesta Haciendo la diferencia para las personas &hellip;<\/p>\n","protected":false},"author":1,"featured_media":0,"parent":0,"menu_order":0,"comment_status":"closed","ping_status":"closed","template":"","meta":{"footnotes":""},"class_list":["post-9","page","type-page","status-publish","hentry"],"yoast_head":"<!-- This site is optimized with the Yoast SEO plugin v27.3 - https:\/\/yoast.com\/product\/yoast-seo-wordpress\/ -->\n<title>Haciendo la Diferencia: Trasfondo - Haciendo la Diferencia para las Personas con Capacidades Diversas<\/title>\n<meta name=\"robots\" content=\"index, follow, max-snippet:-1, max-image-preview:large, max-video-preview:-1\" \/>\n<link rel=\"canonical\" href=\"https:\/\/cie.uprrp.edu\/diversidad\/haciendo-la-diferencia-trasfondo\/\" \/>\n<meta property=\"og:locale\" content=\"en_US\" \/>\n<meta property=\"og:type\" content=\"article\" \/>\n<meta property=\"og:title\" content=\"Haciendo la Diferencia: Trasfondo - Haciendo la Diferencia para las Personas con Capacidades Diversas\" \/>\n<meta property=\"og:description\" content=\"Prop\u00f3sito En una primera fase, el prop\u00f3sito de esta propuesta consiste en proveer experiencias de capacitaci\u00f3n a profesionales que intervienen con estudiantes con deficiencias intelectuales y del desarrollo.\u00a0Para estos adiestramientos se utilizar\u00e1n los m\u00f3dulos titulados El ABC de la educaci\u00f3n diferenciada e inclusiva, desarrollados a trav\u00e9s de la propuesta Haciendo la diferencia para las personas &hellip;\" \/>\n<meta property=\"og:url\" content=\"https:\/\/cie.uprrp.edu\/diversidad\/haciendo-la-diferencia-trasfondo\/\" \/>\n<meta property=\"og:site_name\" content=\"Haciendo la Diferencia para las Personas con Capacidades Diversas\" \/>\n<meta property=\"article:modified_time\" content=\"2016-02-29T13:48:43+00:00\" \/>\n<meta property=\"og:image\" content=\"http:\/\/cie.uprrp.edu\/diversidad\/wp-content\/uploads\/sites\/3\/2015\/10\/0002.jpg\" \/>\n<meta name=\"twitter:card\" content=\"summary_large_image\" \/>\n<meta name=\"twitter:label1\" content=\"Est. reading time\" \/>\n\t<meta name=\"twitter:data1\" content=\"3 minutes\" \/>\n<script type=\"application\/ld+json\" class=\"yoast-schema-graph\">{\"@context\":\"https:\\\/\\\/schema.org\",\"@graph\":[{\"@type\":\"WebPage\",\"@id\":\"https:\\\/\\\/cie.uprrp.edu\\\/diversidad\\\/haciendo-la-diferencia-trasfondo\\\/\",\"url\":\"https:\\\/\\\/cie.uprrp.edu\\\/diversidad\\\/haciendo-la-diferencia-trasfondo\\\/\",\"name\":\"Haciendo la Diferencia: Trasfondo - Haciendo la Diferencia para las Personas con Capacidades Diversas\",\"isPartOf\":{\"@id\":\"https:\\\/\\\/cie.uprrp.edu\\\/diversidad\\\/#website\"},\"primaryImageOfPage\":{\"@id\":\"https:\\\/\\\/cie.uprrp.edu\\\/diversidad\\\/haciendo-la-diferencia-trasfondo\\\/#primaryimage\"},\"image\":{\"@id\":\"https:\\\/\\\/cie.uprrp.edu\\\/diversidad\\\/haciendo-la-diferencia-trasfondo\\\/#primaryimage\"},\"thumbnailUrl\":\"http:\\\/\\\/cie.uprrp.edu\\\/diversidad\\\/wp-content\\\/uploads\\\/sites\\\/3\\\/2015\\\/10\\\/0002.jpg\",\"datePublished\":\"2015-10-30T18:50:51+00:00\",\"dateModified\":\"2016-02-29T13:48:43+00:00\",\"breadcrumb\":{\"@id\":\"https:\\\/\\\/cie.uprrp.edu\\\/diversidad\\\/haciendo-la-diferencia-trasfondo\\\/#breadcrumb\"},\"inLanguage\":\"en-US\",\"potentialAction\":[{\"@type\":\"ReadAction\",\"target\":[\"https:\\\/\\\/cie.uprrp.edu\\\/diversidad\\\/haciendo-la-diferencia-trasfondo\\\/\"]}]},{\"@type\":\"ImageObject\",\"inLanguage\":\"en-US\",\"@id\":\"https:\\\/\\\/cie.uprrp.edu\\\/diversidad\\\/haciendo-la-diferencia-trasfondo\\\/#primaryimage\",\"url\":\"http:\\\/\\\/cie.uprrp.edu\\\/diversidad\\\/wp-content\\\/uploads\\\/sites\\\/3\\\/2015\\\/10\\\/0002.jpg\",\"contentUrl\":\"http:\\\/\\\/cie.uprrp.edu\\\/diversidad\\\/wp-content\\\/uploads\\\/sites\\\/3\\\/2015\\\/10\\\/0002.jpg\"},{\"@type\":\"BreadcrumbList\",\"@id\":\"https:\\\/\\\/cie.uprrp.edu\\\/diversidad\\\/haciendo-la-diferencia-trasfondo\\\/#breadcrumb\",\"itemListElement\":[{\"@type\":\"ListItem\",\"position\":1,\"name\":\"Home\",\"item\":\"https:\\\/\\\/cie.uprrp.edu\\\/diversidad\\\/\"},{\"@type\":\"ListItem\",\"position\":2,\"name\":\"Haciendo la Diferencia: Trasfondo\"}]},{\"@type\":\"WebSite\",\"@id\":\"https:\\\/\\\/cie.uprrp.edu\\\/diversidad\\\/#website\",\"url\":\"https:\\\/\\\/cie.uprrp.edu\\\/diversidad\\\/\",\"name\":\"Haciendo la Diferencia para las Personas con Capacidades Diversas\",\"description\":\"\",\"potentialAction\":[{\"@type\":\"SearchAction\",\"target\":{\"@type\":\"EntryPoint\",\"urlTemplate\":\"https:\\\/\\\/cie.uprrp.edu\\\/diversidad\\\/?s={search_term_string}\"},\"query-input\":{\"@type\":\"PropertyValueSpecification\",\"valueRequired\":true,\"valueName\":\"search_term_string\"}}],\"inLanguage\":\"en-US\"}]}<\/script>\n<!-- \/ Yoast SEO plugin. -->","yoast_head_json":{"title":"Haciendo la Diferencia: Trasfondo - Haciendo la Diferencia para las Personas con Capacidades Diversas","robots":{"index":"index","follow":"follow","max-snippet":"max-snippet:-1","max-image-preview":"max-image-preview:large","max-video-preview":"max-video-preview:-1"},"canonical":"https:\/\/cie.uprrp.edu\/diversidad\/haciendo-la-diferencia-trasfondo\/","og_locale":"en_US","og_type":"article","og_title":"Haciendo la Diferencia: Trasfondo - Haciendo la Diferencia para las Personas con Capacidades Diversas","og_description":"Prop\u00f3sito En una primera fase, el prop\u00f3sito de esta propuesta consiste en proveer experiencias de capacitaci\u00f3n a profesionales que intervienen con estudiantes con deficiencias intelectuales y del desarrollo.\u00a0Para estos adiestramientos se utilizar\u00e1n los m\u00f3dulos titulados El ABC de la educaci\u00f3n diferenciada e inclusiva, desarrollados a trav\u00e9s de la propuesta Haciendo la diferencia para las personas &hellip;","og_url":"https:\/\/cie.uprrp.edu\/diversidad\/haciendo-la-diferencia-trasfondo\/","og_site_name":"Haciendo la Diferencia para las Personas con Capacidades Diversas","article_modified_time":"2016-02-29T13:48:43+00:00","og_image":[{"url":"http:\/\/cie.uprrp.edu\/diversidad\/wp-content\/uploads\/sites\/3\/2015\/10\/0002.jpg","type":"","width":"","height":""}],"twitter_card":"summary_large_image","twitter_misc":{"Est. reading time":"3 minutes"},"schema":{"@context":"https:\/\/schema.org","@graph":[{"@type":"WebPage","@id":"https:\/\/cie.uprrp.edu\/diversidad\/haciendo-la-diferencia-trasfondo\/","url":"https:\/\/cie.uprrp.edu\/diversidad\/haciendo-la-diferencia-trasfondo\/","name":"Haciendo la Diferencia: Trasfondo - Haciendo la Diferencia para las Personas con Capacidades Diversas","isPartOf":{"@id":"https:\/\/cie.uprrp.edu\/diversidad\/#website"},"primaryImageOfPage":{"@id":"https:\/\/cie.uprrp.edu\/diversidad\/haciendo-la-diferencia-trasfondo\/#primaryimage"},"image":{"@id":"https:\/\/cie.uprrp.edu\/diversidad\/haciendo-la-diferencia-trasfondo\/#primaryimage"},"thumbnailUrl":"http:\/\/cie.uprrp.edu\/diversidad\/wp-content\/uploads\/sites\/3\/2015\/10\/0002.jpg","datePublished":"2015-10-30T18:50:51+00:00","dateModified":"2016-02-29T13:48:43+00:00","breadcrumb":{"@id":"https:\/\/cie.uprrp.edu\/diversidad\/haciendo-la-diferencia-trasfondo\/#breadcrumb"},"inLanguage":"en-US","potentialAction":[{"@type":"ReadAction","target":["https:\/\/cie.uprrp.edu\/diversidad\/haciendo-la-diferencia-trasfondo\/"]}]},{"@type":"ImageObject","inLanguage":"en-US","@id":"https:\/\/cie.uprrp.edu\/diversidad\/haciendo-la-diferencia-trasfondo\/#primaryimage","url":"http:\/\/cie.uprrp.edu\/diversidad\/wp-content\/uploads\/sites\/3\/2015\/10\/0002.jpg","contentUrl":"http:\/\/cie.uprrp.edu\/diversidad\/wp-content\/uploads\/sites\/3\/2015\/10\/0002.jpg"},{"@type":"BreadcrumbList","@id":"https:\/\/cie.uprrp.edu\/diversidad\/haciendo-la-diferencia-trasfondo\/#breadcrumb","itemListElement":[{"@type":"ListItem","position":1,"name":"Home","item":"https:\/\/cie.uprrp.edu\/diversidad\/"},{"@type":"ListItem","position":2,"name":"Haciendo la Diferencia: Trasfondo"}]},{"@type":"WebSite","@id":"https:\/\/cie.uprrp.edu\/diversidad\/#website","url":"https:\/\/cie.uprrp.edu\/diversidad\/","name":"Haciendo la Diferencia para las Personas con Capacidades Diversas","description":"","potentialAction":[{"@type":"SearchAction","target":{"@type":"EntryPoint","urlTemplate":"https:\/\/cie.uprrp.edu\/diversidad\/?s={search_term_string}"},"query-input":{"@type":"PropertyValueSpecification","valueRequired":true,"valueName":"search_term_string"}}],"inLanguage":"en-US"}]}},"_links":{"self":[{"href":"https:\/\/cie.uprrp.edu\/diversidad\/wp-json\/wp\/v2\/pages\/9","targetHints":{"allow":["GET"]}}],"collection":[{"href":"https:\/\/cie.uprrp.edu\/diversidad\/wp-json\/wp\/v2\/pages"}],"about":[{"href":"https:\/\/cie.uprrp.edu\/diversidad\/wp-json\/wp\/v2\/types\/page"}],"author":[{"embeddable":true,"href":"https:\/\/cie.uprrp.edu\/diversidad\/wp-json\/wp\/v2\/users\/1"}],"replies":[{"embeddable":true,"href":"https:\/\/cie.uprrp.edu\/diversidad\/wp-json\/wp\/v2\/comments?post=9"}],"version-history":[{"count":2,"href":"https:\/\/cie.uprrp.edu\/diversidad\/wp-json\/wp\/v2\/pages\/9\/revisions"}],"predecessor-version":[{"id":68,"href":"https:\/\/cie.uprrp.edu\/diversidad\/wp-json\/wp\/v2\/pages\/9\/revisions\/68"}],"wp:attachment":[{"href":"https:\/\/cie.uprrp.edu\/diversidad\/wp-json\/wp\/v2\/media?parent=9"}],"curies":[{"name":"wp","href":"https:\/\/api.w.org\/{rel}","templated":true}]}}