{"id":16,"date":"2017-12-28T15:50:20","date_gmt":"2017-12-28T15:50:20","guid":{"rendered":"http:\/\/cie.uprrp.edu\/diversity\/?page_id=16"},"modified":"2020-02-04T17:07:50","modified_gmt":"2020-02-04T17:07:50","slug":"acerca-de","status":"publish","type":"page","link":"https:\/\/cie.uprrp.edu\/diversity\/","title":{"rendered":"ACERCA DE PROYECTO DIVERSIDAD"},"content":{"rendered":"<p><span style=\"font-family: helvetica, arial, sans-serif;\">El proyecto DIVERSIDAD es un trabajo colaborativo entre la Facultad de Educaci\u00f3n de la Universidad de Puerto Rico, Recinto de R\u00edo Piedras y la Metropolitan State University of Denver, creado para auscultar cu\u00e1n preparados se perciben los estudiantes del programa de formaci\u00f3n de maestros para atender la diversidad en el sal\u00f3n de clases.<\/span><\/p>\n<p><span style=\"font-family: helvetica, arial, sans-serif;\">El prop\u00f3sito del proyecto es obtener informaci\u00f3n, mediante un cuestionario, acerca de la percepci\u00f3n de los maestros en torno a sus competencias para trabajar asuntos relacionados a la diversidad en la sala de clases. Los resultados obtenidos son analizados por el equipo de investigaci\u00f3n para luego ofrecer ideas y recomendaciones dirigidas a generar conocimiento, desde una perspectiva transdisciplinaria, para informar y sugerir al programa de preparaci\u00f3n de maestros los cambios a realizar para garantizar que se integran los conocimientos sobre\u00a0<strong>diversidad<\/strong>. Esto como medida para aportar a la transformaci\u00f3n de los programas de preparaci\u00f3n de maestros dirigidos a fomentar en los educadores la equidad y la justicia social.<\/span><\/p>\n<p>Sometido a la Comisi\u00f3n Estatal de Elecciones CEE-SA-2020-379x<\/p>\n","protected":false},"excerpt":{"rendered":"<p>El proyecto DIVERSIDAD es un trabajo colaborativo entre la Facultad de Educaci\u00f3n de la Universidad de Puerto Rico, Recinto de R\u00edo Piedras y la Metropolitan State University of Denver, creado para auscultar cu\u00e1n preparados se perciben los estudiantes del programa <a href=\"https:\/\/cie.uprrp.edu\/diversity\/\" class=\"read-more\">Leer m\u00e1s&#8230;<\/a><\/p>\n","protected":false},"author":13,"featured_media":0,"parent":0,"menu_order":0,"comment_status":"closed","ping_status":"closed","template":"","meta":{"footnotes":""},"class_list":["post-16","page","type-page","status-publish","hentry"],"yoast_head":"<!-- This site is optimized with the Yoast SEO plugin v27.3 - https:\/\/yoast.com\/product\/yoast-seo-wordpress\/ -->\n<title>ACERCA DE PROYECTO DIVERSIDAD - Proyecto de Diversidad<\/title>\n<meta name=\"robots\" content=\"index, follow, max-snippet:-1, max-image-preview:large, max-video-preview:-1\" \/>\n<link rel=\"canonical\" href=\"https:\/\/cie.uprrp.edu\/diversity\/\" \/>\n<meta property=\"og:locale\" content=\"es_ES\" \/>\n<meta property=\"og:type\" content=\"article\" \/>\n<meta property=\"og:title\" content=\"ACERCA DE PROYECTO DIVERSIDAD - Proyecto de Diversidad\" \/>\n<meta property=\"og:description\" content=\"El proyecto DIVERSIDAD es un trabajo colaborativo entre la Facultad de Educaci\u00f3n de la Universidad de Puerto Rico, Recinto de R\u00edo Piedras y la Metropolitan State University of Denver, creado para auscultar cu\u00e1n preparados se perciben los estudiantes del programa Leer m\u00e1s...\" \/>\n<meta property=\"og:url\" content=\"https:\/\/cie.uprrp.edu\/diversity\/\" \/>\n<meta property=\"og:site_name\" content=\"Proyecto de Diversidad\" \/>\n<meta property=\"article:modified_time\" content=\"2020-02-04T17:07:50+00:00\" \/>\n<meta name=\"twitter:card\" content=\"summary_large_image\" \/>\n<meta name=\"twitter:label1\" content=\"Tiempo de lectura\" \/>\n\t<meta name=\"twitter:data1\" content=\"1 minuto\" \/>\n<script type=\"application\/ld+json\" class=\"yoast-schema-graph\">{\"@context\":\"https:\\\/\\\/schema.org\",\"@graph\":[{\"@type\":\"WebPage\",\"@id\":\"https:\\\/\\\/cie.uprrp.edu\\\/diversity\\\/\",\"url\":\"https:\\\/\\\/cie.uprrp.edu\\\/diversity\\\/\",\"name\":\"ACERCA DE PROYECTO DIVERSIDAD - Proyecto de Diversidad\",\"isPartOf\":{\"@id\":\"https:\\\/\\\/cie.uprrp.edu\\\/diversity\\\/#website\"},\"datePublished\":\"2017-12-28T15:50:20+00:00\",\"dateModified\":\"2020-02-04T17:07:50+00:00\",\"breadcrumb\":{\"@id\":\"https:\\\/\\\/cie.uprrp.edu\\\/diversity\\\/#breadcrumb\"},\"inLanguage\":\"es\",\"potentialAction\":[{\"@type\":\"ReadAction\",\"target\":[\"https:\\\/\\\/cie.uprrp.edu\\\/diversity\\\/\"]}]},{\"@type\":\"BreadcrumbList\",\"@id\":\"https:\\\/\\\/cie.uprrp.edu\\\/diversity\\\/#breadcrumb\",\"itemListElement\":[{\"@type\":\"ListItem\",\"position\":1,\"name\":\"Home\",\"item\":\"https:\\\/\\\/cie.uprrp.edu\\\/diversity\\\/\"},{\"@type\":\"ListItem\",\"position\":2,\"name\":\"ACERCA DE PROYECTO DIVERSIDAD\"}]},{\"@type\":\"WebSite\",\"@id\":\"https:\\\/\\\/cie.uprrp.edu\\\/diversity\\\/#website\",\"url\":\"https:\\\/\\\/cie.uprrp.edu\\\/diversity\\\/\",\"name\":\"Proyecto de Diversidad\",\"description\":\"\",\"potentialAction\":[{\"@type\":\"SearchAction\",\"target\":{\"@type\":\"EntryPoint\",\"urlTemplate\":\"https:\\\/\\\/cie.uprrp.edu\\\/diversity\\\/?s={search_term_string}\"},\"query-input\":{\"@type\":\"PropertyValueSpecification\",\"valueRequired\":true,\"valueName\":\"search_term_string\"}}],\"inLanguage\":\"es\"}]}<\/script>\n<!-- \/ Yoast SEO plugin. -->","yoast_head_json":{"title":"ACERCA DE PROYECTO DIVERSIDAD - Proyecto de Diversidad","robots":{"index":"index","follow":"follow","max-snippet":"max-snippet:-1","max-image-preview":"max-image-preview:large","max-video-preview":"max-video-preview:-1"},"canonical":"https:\/\/cie.uprrp.edu\/diversity\/","og_locale":"es_ES","og_type":"article","og_title":"ACERCA DE PROYECTO DIVERSIDAD - Proyecto de Diversidad","og_description":"El proyecto DIVERSIDAD es un trabajo colaborativo entre la Facultad de Educaci\u00f3n de la Universidad de Puerto Rico, Recinto de R\u00edo Piedras y la Metropolitan State University of Denver, creado para auscultar cu\u00e1n preparados se perciben los estudiantes del programa Leer m\u00e1s...","og_url":"https:\/\/cie.uprrp.edu\/diversity\/","og_site_name":"Proyecto de Diversidad","article_modified_time":"2020-02-04T17:07:50+00:00","twitter_card":"summary_large_image","twitter_misc":{"Tiempo de lectura":"1 minuto"},"schema":{"@context":"https:\/\/schema.org","@graph":[{"@type":"WebPage","@id":"https:\/\/cie.uprrp.edu\/diversity\/","url":"https:\/\/cie.uprrp.edu\/diversity\/","name":"ACERCA DE PROYECTO DIVERSIDAD - Proyecto de Diversidad","isPartOf":{"@id":"https:\/\/cie.uprrp.edu\/diversity\/#website"},"datePublished":"2017-12-28T15:50:20+00:00","dateModified":"2020-02-04T17:07:50+00:00","breadcrumb":{"@id":"https:\/\/cie.uprrp.edu\/diversity\/#breadcrumb"},"inLanguage":"es","potentialAction":[{"@type":"ReadAction","target":["https:\/\/cie.uprrp.edu\/diversity\/"]}]},{"@type":"BreadcrumbList","@id":"https:\/\/cie.uprrp.edu\/diversity\/#breadcrumb","itemListElement":[{"@type":"ListItem","position":1,"name":"Home","item":"https:\/\/cie.uprrp.edu\/diversity\/"},{"@type":"ListItem","position":2,"name":"ACERCA DE PROYECTO DIVERSIDAD"}]},{"@type":"WebSite","@id":"https:\/\/cie.uprrp.edu\/diversity\/#website","url":"https:\/\/cie.uprrp.edu\/diversity\/","name":"Proyecto de Diversidad","description":"","potentialAction":[{"@type":"SearchAction","target":{"@type":"EntryPoint","urlTemplate":"https:\/\/cie.uprrp.edu\/diversity\/?s={search_term_string}"},"query-input":{"@type":"PropertyValueSpecification","valueRequired":true,"valueName":"search_term_string"}}],"inLanguage":"es"}]}},"_links":{"self":[{"href":"https:\/\/cie.uprrp.edu\/diversity\/wp-json\/wp\/v2\/pages\/16","targetHints":{"allow":["GET"]}}],"collection":[{"href":"https:\/\/cie.uprrp.edu\/diversity\/wp-json\/wp\/v2\/pages"}],"about":[{"href":"https:\/\/cie.uprrp.edu\/diversity\/wp-json\/wp\/v2\/types\/page"}],"author":[{"embeddable":true,"href":"https:\/\/cie.uprrp.edu\/diversity\/wp-json\/wp\/v2\/users\/13"}],"replies":[{"embeddable":true,"href":"https:\/\/cie.uprrp.edu\/diversity\/wp-json\/wp\/v2\/comments?post=16"}],"version-history":[{"count":11,"href":"https:\/\/cie.uprrp.edu\/diversity\/wp-json\/wp\/v2\/pages\/16\/revisions"}],"predecessor-version":[{"id":233,"href":"https:\/\/cie.uprrp.edu\/diversity\/wp-json\/wp\/v2\/pages\/16\/revisions\/233"}],"wp:attachment":[{"href":"https:\/\/cie.uprrp.edu\/diversity\/wp-json\/wp\/v2\/media?parent=16"}],"curies":[{"name":"wp","href":"https:\/\/api.w.org\/{rel}","templated":true}]}}