{"id":34,"date":"2017-12-28T17:42:35","date_gmt":"2017-12-28T17:42:35","guid":{"rendered":"http:\/\/cie.uprrp.edu\/diversity\/?page_id=34"},"modified":"2018-01-25T14:00:15","modified_gmt":"2018-01-25T14:00:15","slug":"equipo-de-trabajo","status":"publish","type":"page","link":"https:\/\/cie.uprrp.edu\/diversity\/equipo-de-trabajo\/","title":{"rendered":"EQUIPO DE TRABAJO"},"content":{"rendered":"<h3><span style=\"font-family: helvetica, arial, sans-serif\">Annette L\u00f3pez de M\u00e9ndez, Ed.D.<\/span><\/h3>\n<p><span style=\"font-family: helvetica, arial, sans-serif\">Directora del Centro de Investigaciones Educativas, de la Facultad de Educaci\u00f3n, Universidad de Puerto Rico, Recinto de R\u00edo Piedras.\u00a0 Ense\u00f1a cursos en el nivel subgraduado y graduado sobre Ni\u00f1ez temprana y Educaci\u00f3n elemental, Educaci\u00f3n Montessori, el enfoque de Reggio Emilia, Investigaci\u00f3n Acci\u00f3n e Investigaci\u00f3n cualitativa.\u00a0 Ha dirigido proyectos de investigaci\u00f3n en las \u00e1reas de g\u00e9nero, integraci\u00f3n de las artes a la ense\u00f1anza de Ingl\u00e9s, Desarrollo profesional para maestros de Matem\u00e1tica y Ciencia y Ni\u00f1ez temprana.\u00a0 Dirige el Proyecto ALCANZA para maestros de infantes, maternales y preescolares y el Proyecto Pasitos dirigido a evaluar y mejorar la calidad de los servicios que se ofrecen a la ni\u00f1ez.\u00a0 Actualmente colabora con el Centro de Ayuda a Victimas de Violaci\u00f3n bajo el Departamento de Salud de PR.<\/span><\/p>\n<h3><span style=\"font-family: helvetica, arial, sans-serif\">Claudia X. Alvarez-Romero, Ph.D.<\/span><\/h3>\n<p><span style=\"font-family: helvetica, arial, sans-serif\">Profesor adjunto en la Universidad de Puerto Rico, recinto de R\u00edo Piedras, actualmente docente en la maestr\u00eda de investigaci\u00f3n y evaluaci\u00f3n en la educaci\u00f3n. Imparte cursos de maestro y doctorados en el Departamento de estudios de posgrado. Durante los \u00faltimos cuatro a\u00f1os ha trabajado con el proyecto conocido como PASITOS (peque\u00f1os pasos) para la mejora de los servicios prestados en centros de Educaci\u00f3n de ni\u00f1ez temprana. Ha sido Representante Regional en la sociedad internacional para la aceptaci\u00f3n Interpersonal y rechazo desde 2012. Su investigaci\u00f3n intereses se centran en temas\u00a0 de rechazo, aceptaci\u00f3n interpersonal, educaci\u00f3n temprana y desarrollo de instrumentos.<\/span><\/p>\n<h3><span style=\"font-family: helvetica, arial, sans-serif\">V\u00edctor E. Bonilla-Rodr\u00edguez, Ph.D.<\/span><\/h3>\n<p><span style=\"font-family: helvetica, arial, sans-serif\">Profesor de M\u00e9todos de Investigaci\u00f3n en la Universidad de Puerto Rico, Recinto de R\u00edo Piedras, coordina el Programa de Investigaci\u00f3n y Evaluaci\u00f3n Educativa en el Departamento de Estudios de Posgrado de la Facultad de Educaci\u00f3n, imparte cursos de maestr\u00eda y doctorado, supervisa tesis de los estudiantes y disertaciones, y es el Vicepresidente de la Junta de Revisi\u00f3n Interna (IRB).Adem\u00e1s, el Dr. Bonilla fue el Profesor Residente en Investigaci\u00f3n para el Centro de Excelencia Educativa durante seis a\u00f1os consecutivos; un Centro a cargo del desarrollo de habilidades de investigaci\u00f3n de la facultad. Colabora en proyectos de investigaci\u00f3n, desarrollo de instrumentos y an\u00e1lisis de datos con diferentes organizaciones (p\u00fablicas, privadas y OSFL) en Puerto Rico. Ha realizado presentaciones en Puerto Rico y otros pa\u00edses sobre el proceso de investigaci\u00f3n, dise\u00f1os de investigaci\u00f3n, desarrollo de instrumentos, software para an\u00e1lisis de datos y an\u00e1lisis de datos.<\/span><\/p>\n<h3><span style=\"font-family: helvetica, arial, sans-serif\">Edwin Vega Mil\u00e1n, Ed.D.<\/span><\/h3>\n<p><span style=\"font-family: helvetica, arial, sans-serif\">Profesor de Educaci\u00f3n Especial e Instrucci\u00f3n Diferenciada a nivel graduado en la Universidad de Puerto Rico, Recinto de R\u00edo Piedras. Profesor Adjunto de Brooklyn College en el \u00e1rea de Educaci\u00f3n Especial. Ense\u00f1a cursos de postgrado y pregrado en Tecnolog\u00eda de Asistencia y en Liderazgo en Educaci\u00f3n Especial. Supervisa tesis de maestr\u00eda y proyectos creativos. Colabora con otros colegas en la implementaci\u00f3n de proyectos tecnol\u00f3gicos especiales como parte de un Grupo de Inter\u00e9s Especial (SIG) en Tecnolog\u00eda. Adem\u00e1s, realiza presentaciones en toda la isla y en otros pa\u00edses sobre c\u00f3mo la tecnolog\u00eda de asistencia aumenta la independencia y la productividad en personas con necesidades especiales.<\/span><\/p>\n<h3><span style=\"font-family: helvetica, arial, sans-serif\">Elenita Irizarry Ramos, M. Ed.<\/span><\/h3>\n<p><span style=\"font-family: helvetica, arial, sans-serif\">Elenita Irizarry Ramos es estudiante doctoral\u00a0en Curr\u00edculo y Docencia en la Universidad de Puerto Rico, Recinto de R\u00edo Piedras (UPRRP). Su experiencia en Biolog\u00eda e Ingl\u00e9s ha resultado invaluable en su labor como Asistente de Investigaci\u00f3n en el Centro de Investigaci\u00f3n Educativa. Ha tenido la oportunidad de trabajar en an\u00e1lisis estad\u00edstico perfeccionando sus habilidades de investigaci\u00f3n cuantitativa mientras conduce e investiga la acci\u00f3n para observar\u00a0la igualdad de g\u00e9nero en el aula a trav\u00e9s de c\u00f3mics. Actualmente est\u00e1 interesada en investigar formas de mejorar las pr\u00e1cticas educativas. Adem\u00e1s,\u00a0se desempe\u00f1a como Representante de Estudiantes de Posgrado en el Comit\u00e9 de Asuntos Estudiantiles de su facultad. Ella es una autoproclamada idealista que espera contribuir a la sociedad y hacer del mundo un lugar mejor. Elenita cree fervientemente que la educaci\u00f3n es la clave para crear un mundo mejor.<\/span><\/p>\n<h3><span style=\"font-family: helvetica, arial, sans-serif\">Juan C. Santiago de Jes\u00fas, B. S.\u00a0<\/span><\/h3>\n<p><span style=\"font-family: helvetica, arial, sans-serif\">Juan C. Santiago de Jes\u00fas es estudiante graduado del Programa de Consejer\u00eda Profesional de la Facultad de Educaci\u00f3n en la Universidad de Puerto Rico, recinto de R\u00edo Piedras (UPRRP). Realiz\u00f3 su preparaci\u00f3n a nivel subgraduado en la Pontificia Universidad Cat\u00f3lica de Ponce, donde obtuvo el bachillerato en psicolog\u00eda. Actualmente trabaja en el Centro de Investigaciones Educativas de la UPRRP, en el proyecto de Diversidad, realizando funciones, tales como: entrada de datos, an\u00e1lisis estad\u00edstico de los datos cuantitativos, desarrollo de instrumento cualitativo, y la creaci\u00f3n de p\u00e1gina web del proyecto. Como estudiante investigador, se interesa en la poblaci\u00f3n adulto mayor y en c\u00f3mo esta maneja el proceso de retiro y\/o jubilaci\u00f3n, considerando los cambios en el Sistema de Retiro y sus implicaciones en la pol\u00edtica p\u00fablica de Puerto Rico.<\/span><\/p>\n","protected":false},"excerpt":{"rendered":"<p>Annette L\u00f3pez de M\u00e9ndez, Ed.D. Directora del Centro de Investigaciones Educativas, de la Facultad de Educaci\u00f3n, Universidad de Puerto Rico, Recinto de R\u00edo Piedras.\u00a0 Ense\u00f1a cursos en el nivel subgraduado y graduado sobre Ni\u00f1ez temprana y Educaci\u00f3n elemental, Educaci\u00f3n Montessori, <a href=\"https:\/\/cie.uprrp.edu\/diversity\/equipo-de-trabajo\/\" class=\"read-more\">Leer m\u00e1s&#8230;<\/a><\/p>\n","protected":false},"author":13,"featured_media":0,"parent":0,"menu_order":0,"comment_status":"closed","ping_status":"closed","template":"","meta":{"footnotes":""},"class_list":["post-34","page","type-page","status-publish","hentry"],"yoast_head":"<!-- This site is optimized with the Yoast SEO plugin v27.3 - https:\/\/yoast.com\/product\/yoast-seo-wordpress\/ -->\n<title>EQUIPO DE TRABAJO - Proyecto de Diversidad<\/title>\n<meta name=\"robots\" content=\"index, follow, max-snippet:-1, max-image-preview:large, max-video-preview:-1\" \/>\n<link rel=\"canonical\" href=\"https:\/\/cie.uprrp.edu\/diversity\/equipo-de-trabajo\/\" \/>\n<meta property=\"og:locale\" content=\"es_ES\" \/>\n<meta property=\"og:type\" content=\"article\" \/>\n<meta property=\"og:title\" content=\"EQUIPO DE TRABAJO - Proyecto de Diversidad\" \/>\n<meta property=\"og:description\" content=\"Annette L\u00f3pez de M\u00e9ndez, Ed.D. Directora del Centro de Investigaciones Educativas, de la Facultad de Educaci\u00f3n, Universidad de Puerto Rico, Recinto de R\u00edo Piedras.\u00a0 Ense\u00f1a cursos en el nivel subgraduado y graduado sobre Ni\u00f1ez temprana y Educaci\u00f3n elemental, Educaci\u00f3n Montessori, Leer m\u00e1s...\" \/>\n<meta property=\"og:url\" content=\"https:\/\/cie.uprrp.edu\/diversity\/equipo-de-trabajo\/\" \/>\n<meta property=\"og:site_name\" content=\"Proyecto de Diversidad\" \/>\n<meta property=\"article:modified_time\" content=\"2018-01-25T14:00:15+00:00\" \/>\n<meta name=\"twitter:card\" content=\"summary_large_image\" \/>\n<meta name=\"twitter:label1\" content=\"Tiempo de lectura\" \/>\n\t<meta name=\"twitter:data1\" content=\"4 minutos\" \/>\n<script type=\"application\/ld+json\" class=\"yoast-schema-graph\">{\"@context\":\"https:\\\/\\\/schema.org\",\"@graph\":[{\"@type\":\"WebPage\",\"@id\":\"https:\\\/\\\/cie.uprrp.edu\\\/diversity\\\/equipo-de-trabajo\\\/\",\"url\":\"https:\\\/\\\/cie.uprrp.edu\\\/diversity\\\/equipo-de-trabajo\\\/\",\"name\":\"EQUIPO DE TRABAJO - Proyecto de Diversidad\",\"isPartOf\":{\"@id\":\"https:\\\/\\\/cie.uprrp.edu\\\/diversity\\\/#website\"},\"datePublished\":\"2017-12-28T17:42:35+00:00\",\"dateModified\":\"2018-01-25T14:00:15+00:00\",\"breadcrumb\":{\"@id\":\"https:\\\/\\\/cie.uprrp.edu\\\/diversity\\\/equipo-de-trabajo\\\/#breadcrumb\"},\"inLanguage\":\"es\",\"potentialAction\":[{\"@type\":\"ReadAction\",\"target\":[\"https:\\\/\\\/cie.uprrp.edu\\\/diversity\\\/equipo-de-trabajo\\\/\"]}]},{\"@type\":\"BreadcrumbList\",\"@id\":\"https:\\\/\\\/cie.uprrp.edu\\\/diversity\\\/equipo-de-trabajo\\\/#breadcrumb\",\"itemListElement\":[{\"@type\":\"ListItem\",\"position\":1,\"name\":\"Home\",\"item\":\"https:\\\/\\\/cie.uprrp.edu\\\/diversity\\\/\"},{\"@type\":\"ListItem\",\"position\":2,\"name\":\"EQUIPO DE TRABAJO\"}]},{\"@type\":\"WebSite\",\"@id\":\"https:\\\/\\\/cie.uprrp.edu\\\/diversity\\\/#website\",\"url\":\"https:\\\/\\\/cie.uprrp.edu\\\/diversity\\\/\",\"name\":\"Proyecto de Diversidad\",\"description\":\"\",\"potentialAction\":[{\"@type\":\"SearchAction\",\"target\":{\"@type\":\"EntryPoint\",\"urlTemplate\":\"https:\\\/\\\/cie.uprrp.edu\\\/diversity\\\/?s={search_term_string}\"},\"query-input\":{\"@type\":\"PropertyValueSpecification\",\"valueRequired\":true,\"valueName\":\"search_term_string\"}}],\"inLanguage\":\"es\"}]}<\/script>\n<!-- \/ Yoast SEO plugin. -->","yoast_head_json":{"title":"EQUIPO DE TRABAJO - Proyecto de Diversidad","robots":{"index":"index","follow":"follow","max-snippet":"max-snippet:-1","max-image-preview":"max-image-preview:large","max-video-preview":"max-video-preview:-1"},"canonical":"https:\/\/cie.uprrp.edu\/diversity\/equipo-de-trabajo\/","og_locale":"es_ES","og_type":"article","og_title":"EQUIPO DE TRABAJO - Proyecto de Diversidad","og_description":"Annette L\u00f3pez de M\u00e9ndez, Ed.D. Directora del Centro de Investigaciones Educativas, de la Facultad de Educaci\u00f3n, Universidad de Puerto Rico, Recinto de R\u00edo Piedras.\u00a0 Ense\u00f1a cursos en el nivel subgraduado y graduado sobre Ni\u00f1ez temprana y Educaci\u00f3n elemental, Educaci\u00f3n Montessori, Leer m\u00e1s...","og_url":"https:\/\/cie.uprrp.edu\/diversity\/equipo-de-trabajo\/","og_site_name":"Proyecto de Diversidad","article_modified_time":"2018-01-25T14:00:15+00:00","twitter_card":"summary_large_image","twitter_misc":{"Tiempo de lectura":"4 minutos"},"schema":{"@context":"https:\/\/schema.org","@graph":[{"@type":"WebPage","@id":"https:\/\/cie.uprrp.edu\/diversity\/equipo-de-trabajo\/","url":"https:\/\/cie.uprrp.edu\/diversity\/equipo-de-trabajo\/","name":"EQUIPO DE TRABAJO - Proyecto de Diversidad","isPartOf":{"@id":"https:\/\/cie.uprrp.edu\/diversity\/#website"},"datePublished":"2017-12-28T17:42:35+00:00","dateModified":"2018-01-25T14:00:15+00:00","breadcrumb":{"@id":"https:\/\/cie.uprrp.edu\/diversity\/equipo-de-trabajo\/#breadcrumb"},"inLanguage":"es","potentialAction":[{"@type":"ReadAction","target":["https:\/\/cie.uprrp.edu\/diversity\/equipo-de-trabajo\/"]}]},{"@type":"BreadcrumbList","@id":"https:\/\/cie.uprrp.edu\/diversity\/equipo-de-trabajo\/#breadcrumb","itemListElement":[{"@type":"ListItem","position":1,"name":"Home","item":"https:\/\/cie.uprrp.edu\/diversity\/"},{"@type":"ListItem","position":2,"name":"EQUIPO DE TRABAJO"}]},{"@type":"WebSite","@id":"https:\/\/cie.uprrp.edu\/diversity\/#website","url":"https:\/\/cie.uprrp.edu\/diversity\/","name":"Proyecto de Diversidad","description":"","potentialAction":[{"@type":"SearchAction","target":{"@type":"EntryPoint","urlTemplate":"https:\/\/cie.uprrp.edu\/diversity\/?s={search_term_string}"},"query-input":{"@type":"PropertyValueSpecification","valueRequired":true,"valueName":"search_term_string"}}],"inLanguage":"es"}]}},"_links":{"self":[{"href":"https:\/\/cie.uprrp.edu\/diversity\/wp-json\/wp\/v2\/pages\/34","targetHints":{"allow":["GET"]}}],"collection":[{"href":"https:\/\/cie.uprrp.edu\/diversity\/wp-json\/wp\/v2\/pages"}],"about":[{"href":"https:\/\/cie.uprrp.edu\/diversity\/wp-json\/wp\/v2\/types\/page"}],"author":[{"embeddable":true,"href":"https:\/\/cie.uprrp.edu\/diversity\/wp-json\/wp\/v2\/users\/13"}],"replies":[{"embeddable":true,"href":"https:\/\/cie.uprrp.edu\/diversity\/wp-json\/wp\/v2\/comments?post=34"}],"version-history":[{"count":16,"href":"https:\/\/cie.uprrp.edu\/diversity\/wp-json\/wp\/v2\/pages\/34\/revisions"}],"predecessor-version":[{"id":168,"href":"https:\/\/cie.uprrp.edu\/diversity\/wp-json\/wp\/v2\/pages\/34\/revisions\/168"}],"wp:attachment":[{"href":"https:\/\/cie.uprrp.edu\/diversity\/wp-json\/wp\/v2\/media?parent=34"}],"curies":[{"name":"wp","href":"https:\/\/api.w.org\/{rel}","templated":true}]}}