{"id":37,"date":"2017-12-28T17:42:35","date_gmt":"2017-12-28T17:42:35","guid":{"rendered":"http:\/\/cie.uprrp.edu\/diversity\/?page_id=37"},"modified":"2018-02-01T19:49:09","modified_gmt":"2018-02-01T19:49:09","slug":"resultados","status":"publish","type":"page","link":"https:\/\/cie.uprrp.edu\/diversity\/resultados\/","title":{"rendered":"RESULTADOS"},"content":{"rendered":"<p><span style=\"font-size: 12pt;font-family: helvetica, arial, sans-serif\">Esta secci\u00f3n\u00a0agrupa los resultados de las tres ocasiones en que se ha administrado el cuestionario: un estudio piloto y dos administraciones. Parte de estos resultados han sido\u00a0analizados y presentados en m\u00faltiples\u00a0conferencias relacionadas a la diversidad en Puerto Rico y en Denver, Colorado. A continuaci\u00f3n\u00a0puede acceder a algunas de estas presentaciones:<\/span><\/p>\n<p><iframe loading=\"lazy\" src=\"\/\/www.slideshare.net\/slideshow\/embed_code\/key\/10D8RqxJUUIB3V\" width=\"595\" height=\"485\" frameborder=\"0\" marginwidth=\"0\" marginheight=\"0\" scrolling=\"no\" style=\"border:1px solid #CCC; border-width:1px; margin-bottom:5px; max-width: 100%;\" allowfullscreen> <\/iframe> <\/p>\n<div style=\"margin-bottom:5px\"> <strong> <a href=\"\/\/www.slideshare.net\/cieupr\/addressing-classroom-diversity-competency-a-crosscultural-survey-of-preservice-candidates-perceptions-in-puerto-rico-and-colorado\" title=\"Addressing classroom diversity competency: A cross-cultural survey of pre-service candidates\u2019 perceptions in Puerto Rico and Colorado\" target=\"_blank\">Addressing classroom diversity competency: A cross-cultural survey of pre-service candidates\u2019 perceptions in Puerto Rico and Colorado<\/a> <\/strong> from <strong><a href=\"https:\/\/www.slideshare.net\/cieupr\" target=\"_blank\">Centro de Investigaciones Educativas<\/a><\/strong> <\/div>\n<p><iframe loading=\"lazy\" src=\"\/\/www.slideshare.net\/slideshow\/embed_code\/key\/rxP5zfclfWf52C\" width=\"595\" height=\"485\" frameborder=\"0\" marginwidth=\"0\" marginheight=\"0\" scrolling=\"no\" style=\"border:1px solid #CCC; border-width:1px; margin-bottom:5px; max-width: 100%;\" allowfullscreen> <\/iframe> <\/p>\n<div style=\"margin-bottom:5px\"> <strong> <a href=\"\/\/www.slideshare.net\/cieupr\/estudio-de-un-programa-de-formacin-de-maestros-acerca-de-su-preparacin-para-atender-la-diversidad-en-el-saln-de-clase\" title=\"Estudio de un programa de formaci\u00f3n de maestros acerca de su preparaci\u00f3n para atender la diversidad en el sal\u00f3n de clase\" target=\"_blank\">Estudio de un programa de formaci\u00f3n de maestros acerca de su preparaci\u00f3n para atender la diversidad en el sal\u00f3n de clase<\/a> <\/strong> from <strong><a href=\"https:\/\/www.slideshare.net\/cieupr\" target=\"_blank\">Centro de Investigaciones Educativas<\/a><\/strong> <\/div>\n<p><iframe loading=\"lazy\" src=\"\/\/www.slideshare.net\/slideshow\/embed_code\/key\/F6yKO63KKG3quw\" width=\"595\" height=\"485\" frameborder=\"0\" marginwidth=\"0\" marginheight=\"0\" scrolling=\"no\" style=\"border:1px solid #CCC; border-width:1px; margin-bottom:5px; max-width: 100%;\" allowfullscreen> <\/iframe> <\/p>\n<div style=\"margin-bottom:5px\"> <strong> <a href=\"\/\/www.slideshare.net\/cieupr\/estudio-transcultural-de-dos-programas-de-formacin-de-maestros-acerca-de-su-preparacin-para-atender-la-diversidad-en-el-saln-de-clase\" title=\"Estudio transcultural de dos programas de formaci\u00f3n de maestros acerca de su preparaci\u00f3n para atender la diversidad en el sal\u00f3n de clase \" target=\"_blank\">Estudio transcultural de dos programas de formaci\u00f3n de maestros acerca de su preparaci\u00f3n para atender la diversidad en el sal\u00f3n de clase <\/a> <\/strong> from <strong><a href=\"https:\/\/www.slideshare.net\/cieupr\" target=\"_blank\">Centro de Investigaciones Educativas<\/a><\/strong> <\/div>\n","protected":false},"excerpt":{"rendered":"<p>Esta secci\u00f3n\u00a0agrupa los resultados de las tres ocasiones en que se ha administrado el cuestionario: un estudio piloto y dos administraciones. Parte de estos resultados han sido\u00a0analizados y presentados en m\u00faltiples\u00a0conferencias relacionadas a la diversidad en Puerto Rico y en <a href=\"https:\/\/cie.uprrp.edu\/diversity\/resultados\/\" class=\"read-more\">Leer m\u00e1s&#8230;<\/a><\/p>\n","protected":false},"author":13,"featured_media":0,"parent":0,"menu_order":0,"comment_status":"closed","ping_status":"closed","template":"","meta":{"footnotes":""},"class_list":["post-37","page","type-page","status-publish","hentry"],"yoast_head":"<!-- This site is optimized with the Yoast SEO plugin v27.3 - https:\/\/yoast.com\/product\/yoast-seo-wordpress\/ -->\n<title>RESULTADOS - Proyecto de Diversidad<\/title>\n<meta name=\"robots\" content=\"index, follow, max-snippet:-1, max-image-preview:large, max-video-preview:-1\" \/>\n<link rel=\"canonical\" href=\"https:\/\/cie.uprrp.edu\/diversity\/resultados\/\" \/>\n<meta property=\"og:locale\" content=\"es_ES\" \/>\n<meta property=\"og:type\" content=\"article\" \/>\n<meta property=\"og:title\" content=\"RESULTADOS - Proyecto de Diversidad\" \/>\n<meta property=\"og:description\" content=\"Esta secci\u00f3n\u00a0agrupa los resultados de las tres ocasiones en que se ha administrado el cuestionario: un estudio piloto y dos administraciones. Parte de estos resultados han sido\u00a0analizados y presentados en m\u00faltiples\u00a0conferencias relacionadas a la diversidad en Puerto Rico y en Leer m\u00e1s...\" \/>\n<meta property=\"og:url\" content=\"https:\/\/cie.uprrp.edu\/diversity\/resultados\/\" \/>\n<meta property=\"og:site_name\" content=\"Proyecto de Diversidad\" \/>\n<meta property=\"article:modified_time\" content=\"2018-02-01T19:49:09+00:00\" \/>\n<meta name=\"twitter:card\" content=\"summary_large_image\" \/>\n<meta name=\"twitter:label1\" content=\"Tiempo de lectura\" \/>\n\t<meta name=\"twitter:data1\" content=\"1 minuto\" \/>\n<script type=\"application\/ld+json\" class=\"yoast-schema-graph\">{\"@context\":\"https:\\\/\\\/schema.org\",\"@graph\":[{\"@type\":\"WebPage\",\"@id\":\"https:\\\/\\\/cie.uprrp.edu\\\/diversity\\\/resultados\\\/\",\"url\":\"https:\\\/\\\/cie.uprrp.edu\\\/diversity\\\/resultados\\\/\",\"name\":\"RESULTADOS - Proyecto de Diversidad\",\"isPartOf\":{\"@id\":\"https:\\\/\\\/cie.uprrp.edu\\\/diversity\\\/#website\"},\"datePublished\":\"2017-12-28T17:42:35+00:00\",\"dateModified\":\"2018-02-01T19:49:09+00:00\",\"breadcrumb\":{\"@id\":\"https:\\\/\\\/cie.uprrp.edu\\\/diversity\\\/resultados\\\/#breadcrumb\"},\"inLanguage\":\"es\",\"potentialAction\":[{\"@type\":\"ReadAction\",\"target\":[\"https:\\\/\\\/cie.uprrp.edu\\\/diversity\\\/resultados\\\/\"]}]},{\"@type\":\"BreadcrumbList\",\"@id\":\"https:\\\/\\\/cie.uprrp.edu\\\/diversity\\\/resultados\\\/#breadcrumb\",\"itemListElement\":[{\"@type\":\"ListItem\",\"position\":1,\"name\":\"Home\",\"item\":\"https:\\\/\\\/cie.uprrp.edu\\\/diversity\\\/\"},{\"@type\":\"ListItem\",\"position\":2,\"name\":\"RESULTADOS\"}]},{\"@type\":\"WebSite\",\"@id\":\"https:\\\/\\\/cie.uprrp.edu\\\/diversity\\\/#website\",\"url\":\"https:\\\/\\\/cie.uprrp.edu\\\/diversity\\\/\",\"name\":\"Proyecto de Diversidad\",\"description\":\"\",\"potentialAction\":[{\"@type\":\"SearchAction\",\"target\":{\"@type\":\"EntryPoint\",\"urlTemplate\":\"https:\\\/\\\/cie.uprrp.edu\\\/diversity\\\/?s={search_term_string}\"},\"query-input\":{\"@type\":\"PropertyValueSpecification\",\"valueRequired\":true,\"valueName\":\"search_term_string\"}}],\"inLanguage\":\"es\"}]}<\/script>\n<!-- \/ Yoast SEO plugin. -->","yoast_head_json":{"title":"RESULTADOS - Proyecto de Diversidad","robots":{"index":"index","follow":"follow","max-snippet":"max-snippet:-1","max-image-preview":"max-image-preview:large","max-video-preview":"max-video-preview:-1"},"canonical":"https:\/\/cie.uprrp.edu\/diversity\/resultados\/","og_locale":"es_ES","og_type":"article","og_title":"RESULTADOS - Proyecto de Diversidad","og_description":"Esta secci\u00f3n\u00a0agrupa los resultados de las tres ocasiones en que se ha administrado el cuestionario: un estudio piloto y dos administraciones. Parte de estos resultados han sido\u00a0analizados y presentados en m\u00faltiples\u00a0conferencias relacionadas a la diversidad en Puerto Rico y en Leer m\u00e1s...","og_url":"https:\/\/cie.uprrp.edu\/diversity\/resultados\/","og_site_name":"Proyecto de Diversidad","article_modified_time":"2018-02-01T19:49:09+00:00","twitter_card":"summary_large_image","twitter_misc":{"Tiempo de lectura":"1 minuto"},"schema":{"@context":"https:\/\/schema.org","@graph":[{"@type":"WebPage","@id":"https:\/\/cie.uprrp.edu\/diversity\/resultados\/","url":"https:\/\/cie.uprrp.edu\/diversity\/resultados\/","name":"RESULTADOS - Proyecto de Diversidad","isPartOf":{"@id":"https:\/\/cie.uprrp.edu\/diversity\/#website"},"datePublished":"2017-12-28T17:42:35+00:00","dateModified":"2018-02-01T19:49:09+00:00","breadcrumb":{"@id":"https:\/\/cie.uprrp.edu\/diversity\/resultados\/#breadcrumb"},"inLanguage":"es","potentialAction":[{"@type":"ReadAction","target":["https:\/\/cie.uprrp.edu\/diversity\/resultados\/"]}]},{"@type":"BreadcrumbList","@id":"https:\/\/cie.uprrp.edu\/diversity\/resultados\/#breadcrumb","itemListElement":[{"@type":"ListItem","position":1,"name":"Home","item":"https:\/\/cie.uprrp.edu\/diversity\/"},{"@type":"ListItem","position":2,"name":"RESULTADOS"}]},{"@type":"WebSite","@id":"https:\/\/cie.uprrp.edu\/diversity\/#website","url":"https:\/\/cie.uprrp.edu\/diversity\/","name":"Proyecto de Diversidad","description":"","potentialAction":[{"@type":"SearchAction","target":{"@type":"EntryPoint","urlTemplate":"https:\/\/cie.uprrp.edu\/diversity\/?s={search_term_string}"},"query-input":{"@type":"PropertyValueSpecification","valueRequired":true,"valueName":"search_term_string"}}],"inLanguage":"es"}]}},"_links":{"self":[{"href":"https:\/\/cie.uprrp.edu\/diversity\/wp-json\/wp\/v2\/pages\/37","targetHints":{"allow":["GET"]}}],"collection":[{"href":"https:\/\/cie.uprrp.edu\/diversity\/wp-json\/wp\/v2\/pages"}],"about":[{"href":"https:\/\/cie.uprrp.edu\/diversity\/wp-json\/wp\/v2\/types\/page"}],"author":[{"embeddable":true,"href":"https:\/\/cie.uprrp.edu\/diversity\/wp-json\/wp\/v2\/users\/13"}],"replies":[{"embeddable":true,"href":"https:\/\/cie.uprrp.edu\/diversity\/wp-json\/wp\/v2\/comments?post=37"}],"version-history":[{"count":24,"href":"https:\/\/cie.uprrp.edu\/diversity\/wp-json\/wp\/v2\/pages\/37\/revisions"}],"predecessor-version":[{"id":225,"href":"https:\/\/cie.uprrp.edu\/diversity\/wp-json\/wp\/v2\/pages\/37\/revisions\/225"}],"wp:attachment":[{"href":"https:\/\/cie.uprrp.edu\/diversity\/wp-json\/wp\/v2\/media?parent=37"}],"curies":[{"name":"wp","href":"https:\/\/api.w.org\/{rel}","templated":true}]}}