{"id":16792,"date":"2022-11-16T15:08:44","date_gmt":"2022-11-16T19:08:44","guid":{"rendered":"https:\/\/cie.uprrp.edu\/elicit-math\/?page_id=16792"},"modified":"2022-12-06T14:46:40","modified_gmt":"2022-12-06T18:46:40","slug":"marco-teorico","status":"publish","type":"page","link":"https:\/\/cie.uprrp.edu\/elicit-math\/marco-teorico\/","title":{"rendered":"Marco te\u00f3rico"},"content":{"rendered":"<h3><a href=\"https:\/\/cie.uprrp.edu\/elicit-math\/marco-teorico\/interconectividad\/\">Interconectividad<\/a><\/h3>\n<p>Un sistema de interconectividad en el sal\u00f3n de clases de matem\u00e1ticas se compone de equipos (<em>hardware<\/em>), programados (<em>software<\/em>) y aplicaciones did\u00e1cticas (<em>mindware<\/em>) que coordina la maestra para favorecer la construcci\u00f3n social del conocimiento matem\u00e1tico.<\/p>\n<h3><a href=\"https:\/\/cie.uprrp.edu\/elicit-math\/marco-teorico\/lecciones-de-estudio\/\">Lecciones de Estudio<\/a><\/h3>\n<p>El <em>estudio de lecciones<\/em> se inici\u00f3 en Jap\u00f3n y es un ciclo de cinco fases: preparaci\u00f3n, estudio, planificaci\u00f3n, ense\u00f1anza y reflexi\u00f3n.<\/p>\n<h3><a href=\"https:\/\/cie.uprrp.edu\/elicit-math\/marco-teorico\/orquestacion-instrumental\/\">Orquestaci\u00f3n Instrumental<\/a><\/h3>\n<p>La <em>orquestaci\u00f3n instrumental<\/em> es la organizaci\u00f3n intencional y sistem\u00e1tica que hace el maestro de los artefactos disponibles para guiar a los estudiantes en el ambiente de aprendizaje.<\/p>\n<h3><a href=\"https:\/\/cie.uprrp.edu\/elicit-math\/marco-teorico\/pedagogia-de-la-practica\/\">Pedagog\u00eda de la Pr\u00e1ctica<\/a><\/h3>\n<p>La <em>pedagog\u00eda de la pr\u00e1ctica<\/em> incluye actividades de representaci\u00f3n, descomposici\u00f3n y aproximaci\u00f3n. Estas actividades le ofrecen a los futuros profesionales oportunidades de participaci\u00f3n activa en un ambiente de aprendizaje para que puedan conectar los aspectos te\u00f3ricos de los cursos de m\u00e9todos con los pr\u00e1cticos de las experiencias cl\u00ednicas.<\/p>\n<h3><a href=\"https:\/\/cie.uprrp.edu\/elicit-math\/marco-teorico\/proficiencia-matematica\/\">Proficiencia Matem\u00e1tica<\/a><\/h3>\n<p>El concepto de <em>proficiencia matem\u00e1tica<\/em> incluye cinco componentes: entendimiento conceptual, fluidez en los procesos, competencia estrat\u00e9gica, razonamiento, y disposici\u00f3n productiva.<\/p>\n<h3><a href=\"https:\/\/cie.uprrp.edu\/elicit-math\/marco-teorico\/tpack\/\">Conocimiento Tecnol\u00f3gico, Pedag\u00f3gico y de Contenido (TPACK)<\/a><\/h3>\n<p>El marco del <em>conocimiento tecnol\u00f3gico, pedag\u00f3gico y del contenido<\/em> (TPACK por sus siglas en ingl\u00e9s) describe la comprensi\u00f3n de los docentes sobre la interacci\u00f3n de las tecnolog\u00edas educativas y el conocimiento del contenido pedag\u00f3gico.<\/p>\n","protected":false},"excerpt":{"rendered":"<p>Interconectividad Un sistema de interconectividad en el sal\u00f3n de clases de matem\u00e1ticas se compone de equipos (hardware), programados (software) y aplicaciones did\u00e1cticas (mindware) que coordina la maestra para favorecer la construcci\u00f3n social del conocimiento matem\u00e1tico. Lecciones de Estudio El estudio &hellip; <\/p>\n","protected":false},"author":10,"featured_media":0,"parent":0,"menu_order":0,"comment_status":"closed","ping_status":"closed","template":"","meta":{"footnotes":""},"class_list":["post-16792","page","type-page","status-publish","hentry"],"yoast_head":"<!-- This site is optimized with the Yoast SEO plugin v27.3 - https:\/\/yoast.com\/product\/yoast-seo-wordpress\/ -->\n<title>Marco te\u00f3rico - ELICIT-Math<\/title>\n<meta name=\"robots\" content=\"index, follow, max-snippet:-1, max-image-preview:large, max-video-preview:-1\" \/>\n<link rel=\"canonical\" href=\"https:\/\/cie.uprrp.edu\/elicit-math\/marco-teorico\/\" \/>\n<meta property=\"og:locale\" content=\"en_US\" \/>\n<meta property=\"og:type\" content=\"article\" \/>\n<meta property=\"og:title\" content=\"Marco te\u00f3rico - ELICIT-Math\" \/>\n<meta property=\"og:description\" content=\"Interconectividad Un sistema de interconectividad en el sal\u00f3n de clases de matem\u00e1ticas se compone de equipos (hardware), programados (software) y aplicaciones did\u00e1cticas (mindware) que coordina la maestra para favorecer la construcci\u00f3n social del conocimiento matem\u00e1tico. Lecciones de Estudio El estudio &hellip;\" \/>\n<meta property=\"og:url\" content=\"https:\/\/cie.uprrp.edu\/elicit-math\/marco-teorico\/\" \/>\n<meta property=\"og:site_name\" content=\"ELICIT-Math\" \/>\n<meta property=\"article:modified_time\" content=\"2022-12-06T18:46:40+00:00\" \/>\n<meta name=\"twitter:card\" content=\"summary_large_image\" \/>\n<meta name=\"twitter:label1\" content=\"Est. reading time\" \/>\n\t<meta name=\"twitter:data1\" content=\"1 minute\" \/>\n<script type=\"application\/ld+json\" class=\"yoast-schema-graph\">{\"@context\":\"https:\\\/\\\/schema.org\",\"@graph\":[{\"@type\":\"WebPage\",\"@id\":\"https:\\\/\\\/cie.uprrp.edu\\\/elicit-math\\\/marco-teorico\\\/\",\"url\":\"https:\\\/\\\/cie.uprrp.edu\\\/elicit-math\\\/marco-teorico\\\/\",\"name\":\"Marco te\u00f3rico - ELICIT-Math\",\"isPartOf\":{\"@id\":\"https:\\\/\\\/cie.uprrp.edu\\\/elicit-math\\\/#website\"},\"datePublished\":\"2022-11-16T19:08:44+00:00\",\"dateModified\":\"2022-12-06T18:46:40+00:00\",\"breadcrumb\":{\"@id\":\"https:\\\/\\\/cie.uprrp.edu\\\/elicit-math\\\/marco-teorico\\\/#breadcrumb\"},\"inLanguage\":\"en-US\",\"potentialAction\":[{\"@type\":\"ReadAction\",\"target\":[\"https:\\\/\\\/cie.uprrp.edu\\\/elicit-math\\\/marco-teorico\\\/\"]}]},{\"@type\":\"BreadcrumbList\",\"@id\":\"https:\\\/\\\/cie.uprrp.edu\\\/elicit-math\\\/marco-teorico\\\/#breadcrumb\",\"itemListElement\":[{\"@type\":\"ListItem\",\"position\":1,\"name\":\"Home\",\"item\":\"https:\\\/\\\/cie.uprrp.edu\\\/elicit-math\\\/\"},{\"@type\":\"ListItem\",\"position\":2,\"name\":\"Marco te\u00f3rico\"}]},{\"@type\":\"WebSite\",\"@id\":\"https:\\\/\\\/cie.uprrp.edu\\\/elicit-math\\\/#website\",\"url\":\"https:\\\/\\\/cie.uprrp.edu\\\/elicit-math\\\/\",\"name\":\"ELICIT-Math\",\"description\":\"Developing Technological Pedagogical Content Knowledge of Pre-service Math Teachers\",\"potentialAction\":[{\"@type\":\"SearchAction\",\"target\":{\"@type\":\"EntryPoint\",\"urlTemplate\":\"https:\\\/\\\/cie.uprrp.edu\\\/elicit-math\\\/?s={search_term_string}\"},\"query-input\":{\"@type\":\"PropertyValueSpecification\",\"valueRequired\":true,\"valueName\":\"search_term_string\"}}],\"inLanguage\":\"en-US\"}]}<\/script>\n<!-- \/ Yoast SEO plugin. -->","yoast_head_json":{"title":"Marco te\u00f3rico - ELICIT-Math","robots":{"index":"index","follow":"follow","max-snippet":"max-snippet:-1","max-image-preview":"max-image-preview:large","max-video-preview":"max-video-preview:-1"},"canonical":"https:\/\/cie.uprrp.edu\/elicit-math\/marco-teorico\/","og_locale":"en_US","og_type":"article","og_title":"Marco te\u00f3rico - ELICIT-Math","og_description":"Interconectividad Un sistema de interconectividad en el sal\u00f3n de clases de matem\u00e1ticas se compone de equipos (hardware), programados (software) y aplicaciones did\u00e1cticas (mindware) que coordina la maestra para favorecer la construcci\u00f3n social del conocimiento matem\u00e1tico. Lecciones de Estudio El estudio &hellip;","og_url":"https:\/\/cie.uprrp.edu\/elicit-math\/marco-teorico\/","og_site_name":"ELICIT-Math","article_modified_time":"2022-12-06T18:46:40+00:00","twitter_card":"summary_large_image","twitter_misc":{"Est. reading time":"1 minute"},"schema":{"@context":"https:\/\/schema.org","@graph":[{"@type":"WebPage","@id":"https:\/\/cie.uprrp.edu\/elicit-math\/marco-teorico\/","url":"https:\/\/cie.uprrp.edu\/elicit-math\/marco-teorico\/","name":"Marco te\u00f3rico - ELICIT-Math","isPartOf":{"@id":"https:\/\/cie.uprrp.edu\/elicit-math\/#website"},"datePublished":"2022-11-16T19:08:44+00:00","dateModified":"2022-12-06T18:46:40+00:00","breadcrumb":{"@id":"https:\/\/cie.uprrp.edu\/elicit-math\/marco-teorico\/#breadcrumb"},"inLanguage":"en-US","potentialAction":[{"@type":"ReadAction","target":["https:\/\/cie.uprrp.edu\/elicit-math\/marco-teorico\/"]}]},{"@type":"BreadcrumbList","@id":"https:\/\/cie.uprrp.edu\/elicit-math\/marco-teorico\/#breadcrumb","itemListElement":[{"@type":"ListItem","position":1,"name":"Home","item":"https:\/\/cie.uprrp.edu\/elicit-math\/"},{"@type":"ListItem","position":2,"name":"Marco te\u00f3rico"}]},{"@type":"WebSite","@id":"https:\/\/cie.uprrp.edu\/elicit-math\/#website","url":"https:\/\/cie.uprrp.edu\/elicit-math\/","name":"ELICIT-Math","description":"Developing Technological Pedagogical Content Knowledge of Pre-service Math Teachers","potentialAction":[{"@type":"SearchAction","target":{"@type":"EntryPoint","urlTemplate":"https:\/\/cie.uprrp.edu\/elicit-math\/?s={search_term_string}"},"query-input":{"@type":"PropertyValueSpecification","valueRequired":true,"valueName":"search_term_string"}}],"inLanguage":"en-US"}]}},"_links":{"self":[{"href":"https:\/\/cie.uprrp.edu\/elicit-math\/wp-json\/wp\/v2\/pages\/16792","targetHints":{"allow":["GET"]}}],"collection":[{"href":"https:\/\/cie.uprrp.edu\/elicit-math\/wp-json\/wp\/v2\/pages"}],"about":[{"href":"https:\/\/cie.uprrp.edu\/elicit-math\/wp-json\/wp\/v2\/types\/page"}],"author":[{"embeddable":true,"href":"https:\/\/cie.uprrp.edu\/elicit-math\/wp-json\/wp\/v2\/users\/10"}],"replies":[{"embeddable":true,"href":"https:\/\/cie.uprrp.edu\/elicit-math\/wp-json\/wp\/v2\/comments?post=16792"}],"version-history":[{"count":4,"href":"https:\/\/cie.uprrp.edu\/elicit-math\/wp-json\/wp\/v2\/pages\/16792\/revisions"}],"predecessor-version":[{"id":16844,"href":"https:\/\/cie.uprrp.edu\/elicit-math\/wp-json\/wp\/v2\/pages\/16792\/revisions\/16844"}],"wp:attachment":[{"href":"https:\/\/cie.uprrp.edu\/elicit-math\/wp-json\/wp\/v2\/media?parent=16792"}],"curies":[{"name":"wp","href":"https:\/\/api.w.org\/{rel}","templated":true}]}}