{"id":16794,"date":"2022-11-16T15:09:06","date_gmt":"2022-11-16T19:09:06","guid":{"rendered":"https:\/\/cie.uprrp.edu\/elicit-math\/?page_id=16794"},"modified":"2022-12-08T15:26:43","modified_gmt":"2022-12-08T19:26:43","slug":"conferencias","status":"publish","type":"page","link":"https:\/\/cie.uprrp.edu\/elicit-math\/conferencias\/","title":{"rendered":"Conferencias"},"content":{"rendered":"<p><a href=\"https:\/\/cie.uprrp.edu\/elicit-math\/conferencias\/relme-35-2022\/\"><br \/>\n\t\t\t\t\t\t\t<img decoding=\"async\" width=\"251\" height=\"257\" src=\"https:\/\/cie.uprrp.edu\/elicit-math\/wp-content\/uploads\/sites\/13\/2022\/12\/relme.png\" alt=\"RELME35 Afiche\" loading=\"lazy\" \/>\t\t\t\t\t\t\t\t<\/a><\/p>\n<h2><a href=\"https:\/\/cie.uprrp.edu\/elicit-math\/conferencias\/relme-35-2022\/\">RELME 35 (2022)<\/a><\/h2>\n<p>Reuni\u00f3n Lationamericana de Matem\u00e1tica Educativa \/ Latin American Meeting on Educational Mathematics<\/p>\n<style>\/*! elementor - v3.8.1 - 13-11-2022 *\/\n.elementor-widget-divider{--divider-border-style:none;--divider-border-width:1px;--divider-color:#2c2c2c;--divider-icon-size:20px;--divider-element-spacing:10px;--divider-pattern-height:24px;--divider-pattern-size:20px;--divider-pattern-url:none;--divider-pattern-repeat:repeat-x}.elementor-widget-divider .elementor-divider{display:-webkit-box;display:-ms-flexbox;display:flex}.elementor-widget-divider .elementor-divider__text{font-size:15px;line-height:1;max-width:95%}.elementor-widget-divider .elementor-divider__element{margin:0 var(--divider-element-spacing);-ms-flex-negative:0;flex-shrink:0}.elementor-widget-divider .elementor-icon{font-size:var(--divider-icon-size)}.elementor-widget-divider .elementor-divider-separator{display:-webkit-box;display:-ms-flexbox;display:flex;margin:0;direction:ltr}.elementor-widget-divider--view-line_icon .elementor-divider-separator,.elementor-widget-divider--view-line_text .elementor-divider-separator{-webkit-box-align:center;-ms-flex-align:center;align-items:center}.elementor-widget-divider--view-line_icon .elementor-divider-separator:after,.elementor-widget-divider--view-line_icon .elementor-divider-separator:before,.elementor-widget-divider--view-line_text .elementor-divider-separator:after,.elementor-widget-divider--view-line_text .elementor-divider-separator:before{display:block;content:\"\";border-bottom:0;-webkit-box-flex:1;-ms-flex-positive:1;flex-grow:1;border-top:var(--divider-border-width) var(--divider-border-style) var(--divider-color)}.elementor-widget-divider--element-align-left .elementor-divider .elementor-divider-separator>.elementor-divider__svg:first-of-type{-webkit-box-flex:0;-ms-flex-positive:0;flex-grow:0;-ms-flex-negative:100;flex-shrink:100}.elementor-widget-divider--element-align-left .elementor-divider-separator:before{content:none}.elementor-widget-divider--element-align-left .elementor-divider__element{margin-left:0}.elementor-widget-divider--element-align-right .elementor-divider .elementor-divider-separator>.elementor-divider__svg:last-of-type{-webkit-box-flex:0;-ms-flex-positive:0;flex-grow:0;-ms-flex-negative:100;flex-shrink:100}.elementor-widget-divider--element-align-right .elementor-divider-separator:after{content:none}.elementor-widget-divider--element-align-right .elementor-divider__element{margin-right:0}.elementor-widget-divider:not(.elementor-widget-divider--view-line_text):not(.elementor-widget-divider--view-line_icon) .elementor-divider-separator{border-top:var(--divider-border-width) var(--divider-border-style) var(--divider-color)}.elementor-widget-divider--separator-type-pattern{--divider-border-style:none}.elementor-widget-divider--separator-type-pattern.elementor-widget-divider--view-line .elementor-divider-separator,.elementor-widget-divider--separator-type-pattern:not(.elementor-widget-divider--view-line) .elementor-divider-separator:after,.elementor-widget-divider--separator-type-pattern:not(.elementor-widget-divider--view-line) .elementor-divider-separator:before,.elementor-widget-divider--separator-type-pattern:not([class*=elementor-widget-divider--view]) .elementor-divider-separator{width:100%;min-height:var(--divider-pattern-height);-webkit-mask-size:var(--divider-pattern-size) 100%;mask-size:var(--divider-pattern-size) 100%;-webkit-mask-repeat:var(--divider-pattern-repeat);mask-repeat:var(--divider-pattern-repeat);background-color:var(--divider-color);-webkit-mask-image:var(--divider-pattern-url);mask-image:var(--divider-pattern-url)}.elementor-widget-divider--no-spacing{--divider-pattern-size:auto}.elementor-widget-divider--bg-round{--divider-pattern-repeat:round}.rtl .elementor-widget-divider .elementor-divider__text{direction:rtl}.e-con-inner>.elementor-widget-divider,.e-con>.elementor-widget-divider{width:var(--container-widget-width,100%)}<\/style>\n<p>\t\t\t\t\t\t\t\t\t\t\t\t\t\t\t\t<a href=\"https:\/\/cie.uprrp.edu\/elicit-math\/conferencias\/aaas-iuse-summit-2022\/\"><br \/>\n\t\t\t\t\t\t\t<img decoding=\"async\" width=\"200\" height=\"192\" src=\"https:\/\/cie.uprrp.edu\/elicit-math\/wp-content\/uploads\/sites\/13\/2022\/12\/iuse-1.png\" alt=\"IUSE 2022\" loading=\"lazy\" \/>\t\t\t\t\t\t\t\t<\/a><\/p>\n<h2><a href=\"https:\/\/cie.uprrp.edu\/elicit-math\/conferencias\/aaas-iuse-summit-2022\/\">AAAS-IUSE Summit (2022)<\/a><\/h2>\n<p>Cumbre para mejorar la educaci\u00f3n de pregrado \/ Improving Undergraduate Education Summit<\/p>\n<p>\t\t\t\t\t\t\t\t\t\t\t\t\t\t\t\t<a href=\"https:\/\/cie.uprrp.edu\/elicit-math\/conferencias\/sidim-xxxvii-2022\/\"><br \/>\n\t\t\t\t\t\t\t<img decoding=\"async\" width=\"303\" height=\"166\" src=\"https:\/\/cie.uprrp.edu\/elicit-math\/wp-content\/uploads\/sites\/13\/2022\/12\/sidim.png\" alt=\"sidim 2022\" loading=\"lazy\" srcset=\"https:\/\/cie.uprrp.edu\/elicit-math\/wp-content\/uploads\/sites\/13\/2022\/12\/sidim.png 303w, https:\/\/cie.uprrp.edu\/elicit-math\/wp-content\/uploads\/sites\/13\/2022\/12\/sidim-300x164.png 300w\" sizes=\"auto, (max-width: 303px) 100vw, 303px\" \/>\t\t\t\t\t\t\t\t<\/a><\/p>\n<h2><a href=\"https:\/\/cie.uprrp.edu\/elicit-math\/conferencias\/sidim-xxxvii-2022\/\">SIDIM XXXVII (2022)<\/a><\/h2>\n<p>Seminario Interuniversitario de Investigaci\u00f3n en Ciencias Matem\u00e1ticas \/ Interuniversity Seminar for Research in Mathematical Sciences<\/p>\n<p>\t\t\t\t\t\t\t\t\t\t\t\t\t\t\t\t<a href=\"https:\/\/cie.uprrp.edu\/elicit-math\/conferencias\/iii-cemacyc-2021\/\"><br \/>\n\t\t\t\t\t\t\t<img decoding=\"async\" width=\"640\" height=\"170\" src=\"https:\/\/cie.uprrp.edu\/elicit-math\/wp-content\/uploads\/sites\/13\/2022\/12\/cemacyc-1024x272.png\" alt=\"III CEMACYC\" loading=\"lazy\" srcset=\"https:\/\/cie.uprrp.edu\/elicit-math\/wp-content\/uploads\/sites\/13\/2022\/12\/cemacyc-1024x272.png 1024w, https:\/\/cie.uprrp.edu\/elicit-math\/wp-content\/uploads\/sites\/13\/2022\/12\/cemacyc-300x80.png 300w, https:\/\/cie.uprrp.edu\/elicit-math\/wp-content\/uploads\/sites\/13\/2022\/12\/cemacyc-768x204.png 768w, https:\/\/cie.uprrp.edu\/elicit-math\/wp-content\/uploads\/sites\/13\/2022\/12\/cemacyc.png 1280w\" sizes=\"auto, (max-width: 640px) 100vw, 640px\" \/>\t\t\t\t\t\t\t\t<\/a><\/p>\n<h2><a href=\"https:\/\/cie.uprrp.edu\/elicit-math\/conferencias\/iii-cemacyc-2021\/\">III CEMACYC (2021)<\/a><\/h2>\n<p>Congreso de Educaci\u00f3n Matem\u00e1tica de Am\u00e9rica Central y El Caribe \/ Congress of Mathematics Education of Central America and the Caribbean<\/p>\n<p>\t\t\t\t\t\t\t\t\t\t\t\t\t\t\t\t<a href=\"https:\/\/cie.uprrp.edu\/elicit-math\/conferencias\/pme-na-43-2021\/\"><br \/>\n\t\t\t\t\t\t\t<img decoding=\"async\" width=\"640\" height=\"394\" src=\"https:\/\/cie.uprrp.edu\/elicit-math\/wp-content\/uploads\/sites\/13\/2022\/12\/pme.png\" alt=\"PME-NA 43\" loading=\"lazy\" srcset=\"https:\/\/cie.uprrp.edu\/elicit-math\/wp-content\/uploads\/sites\/13\/2022\/12\/pme.png 934w, https:\/\/cie.uprrp.edu\/elicit-math\/wp-content\/uploads\/sites\/13\/2022\/12\/pme-300x185.png 300w, https:\/\/cie.uprrp.edu\/elicit-math\/wp-content\/uploads\/sites\/13\/2022\/12\/pme-768x473.png 768w\" sizes=\"auto, (max-width: 640px) 100vw, 640px\" \/>\t\t\t\t\t\t\t\t<\/a><\/p>\n<h2><a href=\"https:\/\/cie.uprrp.edu\/elicit-math\/conferencias\/pme-na-43-2021\/\">PME-NA 43 (2021)<\/a><\/h2>\n<p>Cap\u00edtulo norteamericano del Grupo Internacional para la Psicolog\u00eda de la Educaci\u00f3n Matem\u00e1tica \/ North American Chapter of the International Group for the Psychology of Mathematics Education<\/p>\n<p>\t\t\t\t\t\t\t\t\t\t\t\t\t\t\t\t<a href=\"https:\/\/cie.uprrp.edu\/elicit-math\/conferencias\/sidim-xxxvi-2021\/\"><br \/>\n\t\t\t\t\t\t\t<img decoding=\"async\" width=\"233\" height=\"300\" src=\"https:\/\/cie.uprrp.edu\/elicit-math\/wp-content\/uploads\/sites\/13\/2022\/12\/sidim2021-233x300.png\" alt=\"Portada libro de res\u00famenes SIDIM 2021\" loading=\"lazy\" srcset=\"https:\/\/cie.uprrp.edu\/elicit-math\/wp-content\/uploads\/sites\/13\/2022\/12\/sidim2021-233x300.png 233w, https:\/\/cie.uprrp.edu\/elicit-math\/wp-content\/uploads\/sites\/13\/2022\/12\/sidim2021-796x1024.png 796w, https:\/\/cie.uprrp.edu\/elicit-math\/wp-content\/uploads\/sites\/13\/2022\/12\/sidim2021-768x988.png 768w, https:\/\/cie.uprrp.edu\/elicit-math\/wp-content\/uploads\/sites\/13\/2022\/12\/sidim2021-1194x1536.png 1194w, https:\/\/cie.uprrp.edu\/elicit-math\/wp-content\/uploads\/sites\/13\/2022\/12\/sidim2021.png 1280w\" sizes=\"auto, (max-width: 233px) 100vw, 233px\" \/>\t\t\t\t\t\t\t\t<\/a><\/p>\n<h2><a href=\"https:\/\/cie.uprrp.edu\/elicit-math\/conferencias\/sidim-xxxvi-2021\/\">SIDIM XXXVI (2021)<\/a><\/h2>\n<p>Seminario Interuniversitario de Investigaci\u00f3n en Ciencias Matem\u00e1ticas \/ Interuniversity Seminar for Research in Mathematical Sciences<\/p>\n<p>\t\t\t\t\t\t\t\t\t\t\t\t\t\t\t\t<a href=\"https:\/\/cie.uprrp.edu\/elicit-math\/conferencias\/25th-annual-amte-conference-2021\/\"><br \/>\n\t\t\t\t\t\t\t<img decoding=\"async\" width=\"232\" height=\"300\" src=\"https:\/\/cie.uprrp.edu\/elicit-math\/wp-content\/uploads\/sites\/13\/2022\/12\/AMTE-sm-232x300.jpg\" alt=\"AMTE 25th Conference\" loading=\"lazy\" srcset=\"https:\/\/cie.uprrp.edu\/elicit-math\/wp-content\/uploads\/sites\/13\/2022\/12\/AMTE-sm-232x300.jpg 232w, https:\/\/cie.uprrp.edu\/elicit-math\/wp-content\/uploads\/sites\/13\/2022\/12\/AMTE-sm.jpg 700w\" sizes=\"auto, (max-width: 232px) 100vw, 232px\" \/>\t\t\t\t\t\t\t\t<\/a><\/p>\n<h2><a href=\"https:\/\/cie.uprrp.edu\/elicit-math\/conferencias\/25th-annual-amte-conference-2021\/\">25th Annual AMTE Conference (2021)<\/a><\/h2>\n<p>Vig\u00e9simo Quinta Conferencia Anual de la Asociaci\u00f3n de Formadores de Maestros de Matem\u00e1ticas \/ Twenty-Fifth Annual Conference of the Association of Mathematics Teacher Educators<\/p>\n<p>\t\t\t\t\t\t\t\t\t\t\t\t\t\t\t<img decoding=\"async\" width=\"640\" height=\"293\" src=\"https:\/\/cie.uprrp.edu\/elicit-math\/wp-content\/uploads\/sites\/13\/2022\/12\/pmena42-1024x468.png\" alt=\"Banner PME NA 42\" loading=\"lazy\" srcset=\"https:\/\/cie.uprrp.edu\/elicit-math\/wp-content\/uploads\/sites\/13\/2022\/12\/pmena42-1024x468.png 1024w, https:\/\/cie.uprrp.edu\/elicit-math\/wp-content\/uploads\/sites\/13\/2022\/12\/pmena42-300x137.png 300w, https:\/\/cie.uprrp.edu\/elicit-math\/wp-content\/uploads\/sites\/13\/2022\/12\/pmena42-768x351.png 768w, https:\/\/cie.uprrp.edu\/elicit-math\/wp-content\/uploads\/sites\/13\/2022\/12\/pmena42.png 1280w\" sizes=\"auto, (max-width: 640px) 100vw, 640px\" \/>\t\t\t\t\t\t\t\t\t\t\t\t\t\t\t<\/p>\n<h2><a href=\"https:\/\/cie.uprrp.edu\/elicit-math\/conferencias\/pme-na-42-2020\/\">PME-NA 42 (2020)<\/a><\/h2>\n<p>Cap\u00edtulo norteamericano del Grupo Internacional para la Psicolog\u00eda de la Educaci\u00f3n Matem\u00e1tica \/ North American Chapter of the International Group for the Psychology of Mathematics Education<\/p>\n<p>\t\t\t\t\t\t\t\t\t\t\t\t\t\t\t\t<a href=\"https:\/\/cie.uprrp.edu\/elicit-math\/conferencias\/wals-2020\/\"><br \/>\n\t\t\t\t\t\t\t<img decoding=\"async\" width=\"640\" height=\"306\" src=\"https:\/\/cie.uprrp.edu\/elicit-math\/wp-content\/uploads\/sites\/13\/2022\/12\/walsbw.png\" alt=\"\" loading=\"lazy\" srcset=\"https:\/\/cie.uprrp.edu\/elicit-math\/wp-content\/uploads\/sites\/13\/2022\/12\/walsbw.png 800w, https:\/\/cie.uprrp.edu\/elicit-math\/wp-content\/uploads\/sites\/13\/2022\/12\/walsbw-300x143.png 300w, https:\/\/cie.uprrp.edu\/elicit-math\/wp-content\/uploads\/sites\/13\/2022\/12\/walsbw-768x367.png 768w\" sizes=\"auto, (max-width: 640px) 100vw, 640px\" \/>\t\t\t\t\t\t\t\t<\/a><\/p>\n<h2><a href=\"https:\/\/cie.uprrp.edu\/elicit-math\/conferencias\/wals-2020\/\">WALS (2020)<\/a><\/h2>\n<p>Asociaci\u00f3n Mundial de Estudio de Lecciones \/ World Association of Lesson Studies<\/p>\n<p>\t\t\t\t\t\t\t\t\t\t\t\t\t\t\t\t<a href=\"https:\/\/cie.uprrp.edu\/elicit-math\/conferencias\/sidim-xxxv-2020\/\"><br \/>\n\t\t\t\t\t\t\t<img decoding=\"async\" width=\"194\" height=\"300\" src=\"https:\/\/cie.uprrp.edu\/elicit-math\/wp-content\/uploads\/sites\/13\/2022\/12\/sidim2020-194x300.png\" alt=\"SIDIM 2020\" loading=\"lazy\" srcset=\"https:\/\/cie.uprrp.edu\/elicit-math\/wp-content\/uploads\/sites\/13\/2022\/12\/sidim2020-194x300.png 194w, https:\/\/cie.uprrp.edu\/elicit-math\/wp-content\/uploads\/sites\/13\/2022\/12\/sidim2020-663x1024.png 663w, https:\/\/cie.uprrp.edu\/elicit-math\/wp-content\/uploads\/sites\/13\/2022\/12\/sidim2020-768x1187.png 768w, https:\/\/cie.uprrp.edu\/elicit-math\/wp-content\/uploads\/sites\/13\/2022\/12\/sidim2020-994x1536.png 994w, https:\/\/cie.uprrp.edu\/elicit-math\/wp-content\/uploads\/sites\/13\/2022\/12\/sidim2020.png 1280w\" sizes=\"auto, (max-width: 194px) 100vw, 194px\" \/>\t\t\t\t\t\t\t\t<\/a><\/p>\n<h2><a href=\"https:\/\/cie.uprrp.edu\/elicit-math\/conferencias\/sidim-xxxv-2020\/\">SIDIM XXXV (2020)<\/a><\/h2>\n<p>Seminario Interuniversitario de Investigaci\u00f3n en Ciencias Matem\u00e1ticas \/ Interuniversity Seminar for Research in Mathematical Sciences<\/p>\n","protected":false},"excerpt":{"rendered":"<p>RELME 35 (2022) Reuni\u00f3n Lationamericana de Matem\u00e1tica Educativa \/ Latin American Meeting on Educational Mathematics AAAS-IUSE Summit (2022) Cumbre para mejorar la educaci\u00f3n de pregrado \/ Improving Undergraduate Education Summit SIDIM XXXVII (2022) Seminario Interuniversitario de Investigaci\u00f3n en Ciencias Matem\u00e1ticas &hellip; <\/p>\n","protected":false},"author":10,"featured_media":0,"parent":0,"menu_order":0,"comment_status":"closed","ping_status":"closed","template":"","meta":{"footnotes":""},"class_list":["post-16794","page","type-page","status-publish","hentry"],"yoast_head":"<!-- This site is optimized with the Yoast SEO plugin v27.3 - https:\/\/yoast.com\/product\/yoast-seo-wordpress\/ -->\n<title>Conferencias - ELICIT-Math<\/title>\n<meta name=\"robots\" content=\"index, follow, max-snippet:-1, max-image-preview:large, max-video-preview:-1\" \/>\n<link rel=\"canonical\" href=\"https:\/\/cie.uprrp.edu\/elicit-math\/conferencias\/\" \/>\n<meta property=\"og:locale\" content=\"en_US\" \/>\n<meta property=\"og:type\" content=\"article\" \/>\n<meta property=\"og:title\" content=\"Conferencias - ELICIT-Math\" \/>\n<meta property=\"og:description\" content=\"RELME 35 (2022) Reuni\u00f3n Lationamericana de Matem\u00e1tica Educativa \/ Latin American Meeting on Educational Mathematics AAAS-IUSE Summit (2022) Cumbre para mejorar la educaci\u00f3n de pregrado \/ Improving Undergraduate Education Summit SIDIM XXXVII (2022) Seminario Interuniversitario de Investigaci\u00f3n en Ciencias Matem\u00e1ticas &hellip;\" \/>\n<meta property=\"og:url\" content=\"https:\/\/cie.uprrp.edu\/elicit-math\/conferencias\/\" \/>\n<meta property=\"og:site_name\" content=\"ELICIT-Math\" \/>\n<meta property=\"article:modified_time\" content=\"2022-12-08T19:26:43+00:00\" \/>\n<meta property=\"og:image\" content=\"https:\/\/cie.uprrp.edu\/elicit-math\/wp-content\/uploads\/sites\/13\/2022\/12\/relme.png\" \/>\n<meta name=\"twitter:card\" content=\"summary_large_image\" \/>\n<meta name=\"twitter:label1\" content=\"Est. reading time\" \/>\n\t<meta name=\"twitter:data1\" content=\"3 minutes\" \/>\n<script type=\"application\/ld+json\" class=\"yoast-schema-graph\">{\"@context\":\"https:\\\/\\\/schema.org\",\"@graph\":[{\"@type\":\"WebPage\",\"@id\":\"https:\\\/\\\/cie.uprrp.edu\\\/elicit-math\\\/conferencias\\\/\",\"url\":\"https:\\\/\\\/cie.uprrp.edu\\\/elicit-math\\\/conferencias\\\/\",\"name\":\"Conferencias - ELICIT-Math\",\"isPartOf\":{\"@id\":\"https:\\\/\\\/cie.uprrp.edu\\\/elicit-math\\\/#website\"},\"primaryImageOfPage\":{\"@id\":\"https:\\\/\\\/cie.uprrp.edu\\\/elicit-math\\\/conferencias\\\/#primaryimage\"},\"image\":{\"@id\":\"https:\\\/\\\/cie.uprrp.edu\\\/elicit-math\\\/conferencias\\\/#primaryimage\"},\"thumbnailUrl\":\"https:\\\/\\\/cie.uprrp.edu\\\/elicit-math\\\/wp-content\\\/uploads\\\/sites\\\/13\\\/2022\\\/12\\\/relme.png\",\"datePublished\":\"2022-11-16T19:09:06+00:00\",\"dateModified\":\"2022-12-08T19:26:43+00:00\",\"breadcrumb\":{\"@id\":\"https:\\\/\\\/cie.uprrp.edu\\\/elicit-math\\\/conferencias\\\/#breadcrumb\"},\"inLanguage\":\"en-US\",\"potentialAction\":[{\"@type\":\"ReadAction\",\"target\":[\"https:\\\/\\\/cie.uprrp.edu\\\/elicit-math\\\/conferencias\\\/\"]}]},{\"@type\":\"ImageObject\",\"inLanguage\":\"en-US\",\"@id\":\"https:\\\/\\\/cie.uprrp.edu\\\/elicit-math\\\/conferencias\\\/#primaryimage\",\"url\":\"https:\\\/\\\/cie.uprrp.edu\\\/elicit-math\\\/wp-content\\\/uploads\\\/sites\\\/13\\\/2022\\\/12\\\/relme.png\",\"contentUrl\":\"https:\\\/\\\/cie.uprrp.edu\\\/elicit-math\\\/wp-content\\\/uploads\\\/sites\\\/13\\\/2022\\\/12\\\/relme.png\",\"width\":251,\"height\":257,\"caption\":\"RELME35 Afiche\"},{\"@type\":\"BreadcrumbList\",\"@id\":\"https:\\\/\\\/cie.uprrp.edu\\\/elicit-math\\\/conferencias\\\/#breadcrumb\",\"itemListElement\":[{\"@type\":\"ListItem\",\"position\":1,\"name\":\"Home\",\"item\":\"https:\\\/\\\/cie.uprrp.edu\\\/elicit-math\\\/\"},{\"@type\":\"ListItem\",\"position\":2,\"name\":\"Conferencias\"}]},{\"@type\":\"WebSite\",\"@id\":\"https:\\\/\\\/cie.uprrp.edu\\\/elicit-math\\\/#website\",\"url\":\"https:\\\/\\\/cie.uprrp.edu\\\/elicit-math\\\/\",\"name\":\"ELICIT-Math\",\"description\":\"Developing Technological Pedagogical Content Knowledge of Pre-service Math Teachers\",\"potentialAction\":[{\"@type\":\"SearchAction\",\"target\":{\"@type\":\"EntryPoint\",\"urlTemplate\":\"https:\\\/\\\/cie.uprrp.edu\\\/elicit-math\\\/?s={search_term_string}\"},\"query-input\":{\"@type\":\"PropertyValueSpecification\",\"valueRequired\":true,\"valueName\":\"search_term_string\"}}],\"inLanguage\":\"en-US\"}]}<\/script>\n<!-- \/ Yoast SEO plugin. -->","yoast_head_json":{"title":"Conferencias - ELICIT-Math","robots":{"index":"index","follow":"follow","max-snippet":"max-snippet:-1","max-image-preview":"max-image-preview:large","max-video-preview":"max-video-preview:-1"},"canonical":"https:\/\/cie.uprrp.edu\/elicit-math\/conferencias\/","og_locale":"en_US","og_type":"article","og_title":"Conferencias - ELICIT-Math","og_description":"RELME 35 (2022) Reuni\u00f3n Lationamericana de Matem\u00e1tica Educativa \/ Latin American Meeting on Educational Mathematics AAAS-IUSE Summit (2022) Cumbre para mejorar la educaci\u00f3n de pregrado \/ Improving Undergraduate Education Summit SIDIM XXXVII (2022) Seminario Interuniversitario de Investigaci\u00f3n en Ciencias Matem\u00e1ticas &hellip;","og_url":"https:\/\/cie.uprrp.edu\/elicit-math\/conferencias\/","og_site_name":"ELICIT-Math","article_modified_time":"2022-12-08T19:26:43+00:00","og_image":[{"url":"https:\/\/cie.uprrp.edu\/elicit-math\/wp-content\/uploads\/sites\/13\/2022\/12\/relme.png","type":"","width":"","height":""}],"twitter_card":"summary_large_image","twitter_misc":{"Est. reading time":"3 minutes"},"schema":{"@context":"https:\/\/schema.org","@graph":[{"@type":"WebPage","@id":"https:\/\/cie.uprrp.edu\/elicit-math\/conferencias\/","url":"https:\/\/cie.uprrp.edu\/elicit-math\/conferencias\/","name":"Conferencias - ELICIT-Math","isPartOf":{"@id":"https:\/\/cie.uprrp.edu\/elicit-math\/#website"},"primaryImageOfPage":{"@id":"https:\/\/cie.uprrp.edu\/elicit-math\/conferencias\/#primaryimage"},"image":{"@id":"https:\/\/cie.uprrp.edu\/elicit-math\/conferencias\/#primaryimage"},"thumbnailUrl":"https:\/\/cie.uprrp.edu\/elicit-math\/wp-content\/uploads\/sites\/13\/2022\/12\/relme.png","datePublished":"2022-11-16T19:09:06+00:00","dateModified":"2022-12-08T19:26:43+00:00","breadcrumb":{"@id":"https:\/\/cie.uprrp.edu\/elicit-math\/conferencias\/#breadcrumb"},"inLanguage":"en-US","potentialAction":[{"@type":"ReadAction","target":["https:\/\/cie.uprrp.edu\/elicit-math\/conferencias\/"]}]},{"@type":"ImageObject","inLanguage":"en-US","@id":"https:\/\/cie.uprrp.edu\/elicit-math\/conferencias\/#primaryimage","url":"https:\/\/cie.uprrp.edu\/elicit-math\/wp-content\/uploads\/sites\/13\/2022\/12\/relme.png","contentUrl":"https:\/\/cie.uprrp.edu\/elicit-math\/wp-content\/uploads\/sites\/13\/2022\/12\/relme.png","width":251,"height":257,"caption":"RELME35 Afiche"},{"@type":"BreadcrumbList","@id":"https:\/\/cie.uprrp.edu\/elicit-math\/conferencias\/#breadcrumb","itemListElement":[{"@type":"ListItem","position":1,"name":"Home","item":"https:\/\/cie.uprrp.edu\/elicit-math\/"},{"@type":"ListItem","position":2,"name":"Conferencias"}]},{"@type":"WebSite","@id":"https:\/\/cie.uprrp.edu\/elicit-math\/#website","url":"https:\/\/cie.uprrp.edu\/elicit-math\/","name":"ELICIT-Math","description":"Developing Technological Pedagogical Content Knowledge of Pre-service Math Teachers","potentialAction":[{"@type":"SearchAction","target":{"@type":"EntryPoint","urlTemplate":"https:\/\/cie.uprrp.edu\/elicit-math\/?s={search_term_string}"},"query-input":{"@type":"PropertyValueSpecification","valueRequired":true,"valueName":"search_term_string"}}],"inLanguage":"en-US"}]}},"_links":{"self":[{"href":"https:\/\/cie.uprrp.edu\/elicit-math\/wp-json\/wp\/v2\/pages\/16794","targetHints":{"allow":["GET"]}}],"collection":[{"href":"https:\/\/cie.uprrp.edu\/elicit-math\/wp-json\/wp\/v2\/pages"}],"about":[{"href":"https:\/\/cie.uprrp.edu\/elicit-math\/wp-json\/wp\/v2\/types\/page"}],"author":[{"embeddable":true,"href":"https:\/\/cie.uprrp.edu\/elicit-math\/wp-json\/wp\/v2\/users\/10"}],"replies":[{"embeddable":true,"href":"https:\/\/cie.uprrp.edu\/elicit-math\/wp-json\/wp\/v2\/comments?post=16794"}],"version-history":[{"count":16,"href":"https:\/\/cie.uprrp.edu\/elicit-math\/wp-json\/wp\/v2\/pages\/16794\/revisions"}],"predecessor-version":[{"id":17155,"href":"https:\/\/cie.uprrp.edu\/elicit-math\/wp-json\/wp\/v2\/pages\/16794\/revisions\/17155"}],"wp:attachment":[{"href":"https:\/\/cie.uprrp.edu\/elicit-math\/wp-json\/wp\/v2\/media?parent=16794"}],"curies":[{"name":"wp","href":"https:\/\/api.w.org\/{rel}","templated":true}]}}