{"id":16810,"date":"2022-11-16T15:18:37","date_gmt":"2022-11-16T19:18:37","guid":{"rendered":"https:\/\/cie.uprrp.edu\/elicit-math\/?page_id=16810"},"modified":"2024-01-24T10:22:52","modified_gmt":"2024-01-24T14:22:52","slug":"inicio","status":"publish","type":"page","link":"https:\/\/cie.uprrp.edu\/elicit-math\/","title":{"rendered":"Inicio"},"content":{"rendered":"<p><img loading=\"lazy\" decoding=\"async\" width=\"1280\" height=\"294\" src=\"https:\/\/cie.uprrp.edu\/elicit-math\/wp-content\/uploads\/sites\/13\/2024\/01\/ELICIT-Math-logo.png\" alt=\"Logo de ELICIT-MATH\" srcset=\"https:\/\/cie.uprrp.edu\/elicit-math\/wp-content\/uploads\/sites\/13\/2024\/01\/ELICIT-Math-logo.png 1280w, https:\/\/cie.uprrp.edu\/elicit-math\/wp-content\/uploads\/sites\/13\/2024\/01\/ELICIT-Math-logo-300x69.png 300w, https:\/\/cie.uprrp.edu\/elicit-math\/wp-content\/uploads\/sites\/13\/2024\/01\/ELICIT-Math-logo-1024x235.png 1024w, https:\/\/cie.uprrp.edu\/elicit-math\/wp-content\/uploads\/sites\/13\/2024\/01\/ELICIT-Math-logo-768x176.png 768w\" sizes=\"auto, (max-width: 1280px) 100vw, 1280px\" \/>\t\t\t\t\t\t\t\t\t\t\t\t\t\t\t<\/p>\n<h1>Descripci\u00f3n del Proyecto ELICIT-MATH<br \/><\/h1>\n<p dir=\"ltr\">El objetivo principal del proyecto es desarrollar el conocimiento de los futuros maestros de matem\u00e1ticas (FMs) sobre el uso de las herramientas tecnol\u00f3gicas de interconectividad para que aporten a sus estudiantes un mejor entendimiento y aprendizaje de las matem\u00e1ticas. Para lograr este objetivo, el proyecto adopt\u00f3 una estrategia denominada <em>estudio de lecciones<\/em>, que fue dise\u00f1ada para mejorar la ense\u00f1anza a trav\u00e9s de ciclos de estudio, planificaci\u00f3n, ense\u00f1anza y reflexi\u00f3n. En el <em>estudio de lecciones <\/em>participan colaborativamente los FMs, los profesores universitarios de los FMs y los maestros cooperadores (los maestros en servicio con experiencia con los que los FMs tienen sus experiencias cl\u00ednicas iniciales). Como resultado, se espera superar el reto que a menudo existe en la educaci\u00f3n de los FMs: dilucidar la relaci\u00f3n entre lo que los FMs experimentan en los cursos de m\u00e9todos de ense\u00f1anza en la Universidad y lo que sucede en su pr\u00e1ctica cl\u00ednica. El trabajo colaborativo propuesto reconoce y se fundamenta en el conocimiento que aportan cada uno de los miembros que participan. Adem\u00e1s, investigar las interacciones entre los FMs, los maestros cooperadores y los profesores de los FMs permitir\u00e1 llegar a conclusiones sobre las mejores pr\u00e1cticas que brinden coherencia a las experiencias cl\u00ednicas y los cursos de m\u00e9todos.<\/p>\n<p dir=\"ltr\">Miembros de la Facultad de Educaci\u00f3n de la Universidad de Puerto Rico, Recinto de R\u00edo Piedras y de la Universidad de Illinois en Urbana-Champaign est\u00e1n colaborando en este proyecto. Una de las actividades principales fue revisar uno de los cursos de m\u00e9todos ofrecidos en la Universidad de Puerto Rico para integrar estrategias de <em>estudio de lecciones<\/em> y crear un espacio colaborativo para adelantar en el conocimiento del contenido pedag\u00f3gico y tecnol\u00f3gico de los FMs. En espec\u00edfico, se integr\u00f3 la tecnolog\u00eda de la interconectividad en el sal\u00f3n de clases ya que permite a los estudiantes compartir su trabajo y representar ideas matem\u00e1ticas a trav\u00e9s de m\u00faltiples representaciones.<\/p>\n<p dir=\"ltr\">En el curso de m\u00e9todos se incorpor\u00f3 el uso de <em>Desmos<\/em> para ilustrar c\u00f3mo ense\u00f1ar conceptos de \u00e1lgebra y geometr\u00eda los cuales se ense\u00f1an en el nivel secundario. <em>Desmos<\/em> es una calculadora gr\u00e1fica en l\u00ednea de c\u00f3digo abierto con capacidades de interconectividad, la cual permite crear lecciones que fomentan el aprendizaje activo. Mediante la adaptaci\u00f3n del <em>estudio de lecciones<\/em>, este proyecto emplea la teor\u00eda de la orquestaci\u00f3n instrumental para promover el uso de la tecnolog\u00eda por parte de los FMs para desarrollar la proficiencia matem\u00e1tica de los estudiantes. La colaboraci\u00f3n entre los FMs, los profesores universitarios de los FMs y los maestros cooperadores apoy\u00f3 la construcci\u00f3n colaborativa de nuevos conocimientos y habilidades en la ense\u00f1anza a trav\u00e9s del <em>estudio de lecciones<\/em> aprovechando las herramientas de tecnolog\u00eda matem\u00e1tica para la instrucci\u00f3n.<\/p>\n<p dir=\"ltr\">El proyecto explor\u00f3 las siguientes preguntas de investigaci\u00f3n:<\/p>\n<ul>\n<li dir=\"ltr\">\n<p dir=\"ltr\">\u00bfDe qu\u00e9 manera los FMs aprenden a aplicar los principios de la orquestaci\u00f3n instrumental y la implantaci\u00f3n de lecciones de matem\u00e1ticas para promover la proficiencia matem\u00e1tica en sus estudiantes?<\/p>\n<\/li>\n<li dir=\"ltr\">\n<p dir=\"ltr\">\u00bfQu\u00e9 apoyos de los maestros cooperadores permiten a los FMs aplicar la orquestaci\u00f3n instrumental en sus lecciones?<\/p>\n<\/li>\n<li dir=\"ltr\">\n<p dir=\"ltr\">\u00bfC\u00f3mo el modelo de <em>estudio de lecciones<\/em> modificado brinda oportunidades para crear espacios h\u00edbridos que conecten el curso de m\u00e9todos y las experiencias cl\u00ednicas?<\/p>\n<\/li>\n<\/ul>\n<p dir=\"ltr\">A trav\u00e9s del an\u00e1lisis de videos, diarios reflexivos de los FMs y entrevistas, el proyecto construy\u00f3 estudios de caso basados en evidencia que examina la integraci\u00f3n de los cursos de m\u00e9todos y las experiencias cl\u00ednicas.<\/p>\n<h2>Equipo de Investigaci\u00f3n<\/h2>\n<h3>Investigadores principales<\/h3>\n<p>\t\t\t\t\t\t\t\t\t\t\t\t\t\t\t\t<a href=\"https:\/\/cie.uprrp.edu\/elicit-math\/omar-hernandez-rodriguez\/\"><br \/>\n\t\t\t\t\t\t\t<img loading=\"lazy\" decoding=\"async\" width=\"251\" height=\"240\" src=\"https:\/\/cie.uprrp.edu\/elicit-math\/wp-content\/uploads\/sites\/13\/2024\/01\/omar-251x240.jpg\" alt=\"Foto de Omar Hern\u00e1ndez\" \/>\t\t\t\t\t\t\t\t<\/a><\/p>\n<p style=\"text-align: center;\"><strong>Omar Hern\u00e1ndez-Rodr\u00edguez<\/strong><\/p>\n<p style=\"text-align: center;\"><a href=\"mailto:omar.hernandez4@upr.edu\">omar.hernandez4@upr.edu<\/a><\/p>\n<p style=\"text-align: center;\">Profesor<br \/>Estudios Graduados<br \/>Facultad de Educaci\u00f3n, UPR-RP<\/p>\n<p>\t\t\t\t\t\t\t\t\t\t\t\t\t\t\t\t<a href=\"https:\/\/cie.uprrp.edu\/elicit-math\/wanda-villafane-cepeda\/\"><br \/>\n\t\t\t\t\t\t\t<img loading=\"lazy\" decoding=\"async\" width=\"320\" height=\"240\" src=\"https:\/\/cie.uprrp.edu\/elicit-math\/wp-content\/uploads\/sites\/13\/2024\/01\/wanda-320x240.jpg\" alt=\"Foto de Wanda Villafa\u00f1e-Cepeda\" \/>\t\t\t\t\t\t\t\t<\/a><\/p>\n<p style=\"text-align: center;\"><strong>Wanda Villafa\u00f1e-Cepeda<\/strong><\/p>\n<p style=\"text-align: center;\"><a href=\"mailto:wanda.villafane1@upr.edu\">wanda.villafane1@upr.edu<\/a><\/p>\n<p style=\"text-align: center;\">Profesora<br \/>Programas y Ense\u00f1anza<br \/>Facultad de Educaci\u00f3n, UPR-RP<\/p>\n<p>\t\t\t\t\t\t\t\t\t\t\t\t\t\t\t\t<a href=\"https:\/\/cie.uprrp.edu\/elicit-math\/gloriana-gonzalez\/\"><br \/>\n\t\t\t\t\t\t\t<img loading=\"lazy\" decoding=\"async\" width=\"265\" height=\"240\" src=\"https:\/\/cie.uprrp.edu\/elicit-math\/wp-content\/uploads\/sites\/13\/2024\/01\/gloriana-265x240.png\" alt=\"Foto de Gloriana Gonz\u00e1lez\" \/>\t\t\t\t\t\t\t\t<\/a><\/p>\n<p style=\"text-align: center;\"><strong>Gloriana Gonz\u00e1lez<\/strong><\/p>\n<p style=\"text-align: center;\"><a href=\"mailto:ggonzlz@illinois.edu\">ggonzlz@illinois.edu<\/a><\/p>\n<p style=\"text-align: center;\">Profesora<br \/>Curr\u00edculo y Ense\u00f1anza<br \/>Universidad de Illinois Urbana-Champaign<\/p>\n<h3>Asistentes de investigaci\u00f3n<\/h3>\n<p>\t\t\t\t\t\t\t\t\t\t\t\t\t\t\t\t<a href=\"https:\/\/cie.uprrp.edu\/elicit-math\/juliette-moreno\/\"><br \/>\n\t\t\t\t\t\t\t<img loading=\"lazy\" decoding=\"async\" width=\"320\" height=\"240\" src=\"https:\/\/cie.uprrp.edu\/elicit-math\/wp-content\/uploads\/sites\/13\/2024\/01\/Juliette-Moreno-320x240.jpg\" alt=\"Foto de Juliette Moreno\" \/>\t\t\t\t\t\t\t\t<\/a><\/p>\n<p style=\"text-align: center;\"><strong>Juliette M. Moreno-Concepci\u00f3n<\/strong><\/p>\n<p style=\"text-align: center;\"><a href=\"mailto:juliette.moreno@upr.edu\">juliette.moreno@upr.edu<\/a><\/p>\n<p style=\"text-align: center;\">Estudiante doctoral<br \/>Estudios Graduados<br \/>Facultad de Educaci\u00f3n, UPR-RP<\/p>\n<p>\t\t\t\t\t\t\t\t\t\t\t\t\t\t\t\t<a href=\"https:\/\/cie.uprrp.edu\/elicit-math\/yency-choque\/\"><br \/>\n\t\t\t\t\t\t\t<img loading=\"lazy\" decoding=\"async\" width=\"320\" height=\"240\" src=\"https:\/\/cie.uprrp.edu\/elicit-math\/wp-content\/uploads\/sites\/13\/2024\/01\/yency-320x240.png\" alt=\"Yency Choque-Dextre\" \/>\t\t\t\t\t\t\t\t<\/a><\/p>\n<p style=\"text-align: center;\"><strong>Yency Choque-Dextre<\/strong><\/p>\n<p style=\"text-align: center;\"><a href=\"mailto:yency.choque@upr.edu\">yency.choque@upr.edu<\/a><\/p>\n<p style=\"text-align: center;\">Estudiante doctoral<br \/>Estudios Graduados<br \/>Facultad de Educaci\u00f3n, UPR-RP<\/p>\n<h3 style=\"text-align: center;\">Junta Asesora<\/h3>\n<p style=\"text-align: center;\">\u00a0<br \/><strong>Catherine Lewis<\/strong><br \/><strong>Karen Hollebrands<\/strong><br \/><strong>Sandra Crespo<\/strong><br \/><strong>Ana Helvia Quintero<\/strong><\/p>\n<h3 style=\"text-align: center;\">Evaluador externo<\/h3>\n<p>\u00a0<\/p>\n<p style=\"text-align: center;\"><strong>Enrique Galindo<\/strong><\/p>\n<p style=\"text-align: center;\"><em><small id=\"h.zayvfgo0kj5n\" dir=\"ltr\">Dise\u00f1o, creaci\u00f3n y edici\u00f3n de la p\u00e1gina: Juliette M. Moreno Concepci\u00f3n.<\/small><\/em><\/p>\n","protected":false},"excerpt":{"rendered":"<p>Descripci\u00f3n del Proyecto ELICIT-MATH El objetivo principal del proyecto es desarrollar el conocimiento de los futuros maestros de matem\u00e1ticas (FMs) sobre el uso de las herramientas tecnol\u00f3gicas de interconectividad para que aporten a sus estudiantes un mejor entendimiento y aprendizaje &hellip; <\/p>\n","protected":false},"author":10,"featured_media":0,"parent":0,"menu_order":0,"comment_status":"closed","ping_status":"closed","template":"","meta":{"footnotes":""},"class_list":["post-16810","page","type-page","status-publish","hentry"],"yoast_head":"<!-- This site is optimized with the Yoast SEO plugin v27.3 - https:\/\/yoast.com\/product\/yoast-seo-wordpress\/ -->\n<title>Inicio - ELICIT-Math<\/title>\n<meta name=\"description\" content=\"Objetivos del proyecto ELICIT_math\" \/>\n<meta name=\"robots\" content=\"index, follow, max-snippet:-1, max-image-preview:large, max-video-preview:-1\" \/>\n<link rel=\"canonical\" href=\"https:\/\/cie.uprrp.edu\/elicit-math\/\" \/>\n<meta property=\"og:locale\" content=\"en_US\" \/>\n<meta property=\"og:type\" content=\"article\" \/>\n<meta property=\"og:title\" content=\"Inicio - ELICIT-Math\" \/>\n<meta property=\"og:description\" content=\"Objetivos del proyecto ELICIT_math\" \/>\n<meta property=\"og:url\" content=\"https:\/\/cie.uprrp.edu\/elicit-math\/\" \/>\n<meta property=\"og:site_name\" content=\"ELICIT-Math\" \/>\n<meta property=\"article:modified_time\" content=\"2024-01-24T14:22:52+00:00\" \/>\n<meta property=\"og:image\" content=\"https:\/\/cie.uprrp.edu\/elicit-math\/wp-content\/uploads\/sites\/13\/2024\/01\/ELICIT-Math-logo.png\" \/>\n<meta name=\"twitter:card\" content=\"summary_large_image\" \/>\n<meta name=\"twitter:label1\" content=\"Est. reading time\" \/>\n\t<meta name=\"twitter:data1\" content=\"5 minutes\" \/>\n<script type=\"application\/ld+json\" class=\"yoast-schema-graph\">{\"@context\":\"https:\\\/\\\/schema.org\",\"@graph\":[{\"@type\":\"WebPage\",\"@id\":\"https:\\\/\\\/cie.uprrp.edu\\\/elicit-math\\\/\",\"url\":\"https:\\\/\\\/cie.uprrp.edu\\\/elicit-math\\\/\",\"name\":\"Inicio - ELICIT-Math\",\"isPartOf\":{\"@id\":\"https:\\\/\\\/cie.uprrp.edu\\\/elicit-math\\\/#website\"},\"primaryImageOfPage\":{\"@id\":\"https:\\\/\\\/cie.uprrp.edu\\\/elicit-math\\\/#primaryimage\"},\"image\":{\"@id\":\"https:\\\/\\\/cie.uprrp.edu\\\/elicit-math\\\/#primaryimage\"},\"thumbnailUrl\":\"https:\\\/\\\/cie.uprrp.edu\\\/elicit-math\\\/wp-content\\\/uploads\\\/sites\\\/13\\\/2024\\\/01\\\/ELICIT-Math-logo.png\",\"datePublished\":\"2022-11-16T19:18:37+00:00\",\"dateModified\":\"2024-01-24T14:22:52+00:00\",\"description\":\"Objetivos del proyecto ELICIT_math\",\"breadcrumb\":{\"@id\":\"https:\\\/\\\/cie.uprrp.edu\\\/elicit-math\\\/#breadcrumb\"},\"inLanguage\":\"en-US\",\"potentialAction\":[{\"@type\":\"ReadAction\",\"target\":[\"https:\\\/\\\/cie.uprrp.edu\\\/elicit-math\\\/\"]}]},{\"@type\":\"ImageObject\",\"inLanguage\":\"en-US\",\"@id\":\"https:\\\/\\\/cie.uprrp.edu\\\/elicit-math\\\/#primaryimage\",\"url\":\"https:\\\/\\\/cie.uprrp.edu\\\/elicit-math\\\/wp-content\\\/uploads\\\/sites\\\/13\\\/2024\\\/01\\\/ELICIT-Math-logo.png\",\"contentUrl\":\"https:\\\/\\\/cie.uprrp.edu\\\/elicit-math\\\/wp-content\\\/uploads\\\/sites\\\/13\\\/2024\\\/01\\\/ELICIT-Math-logo.png\",\"width\":1280,\"height\":294,\"caption\":\"Logo de ELICIT-MATH\"},{\"@type\":\"BreadcrumbList\",\"@id\":\"https:\\\/\\\/cie.uprrp.edu\\\/elicit-math\\\/#breadcrumb\",\"itemListElement\":[{\"@type\":\"ListItem\",\"position\":1,\"name\":\"Home\",\"item\":\"https:\\\/\\\/cie.uprrp.edu\\\/elicit-math\\\/\"},{\"@type\":\"ListItem\",\"position\":2,\"name\":\"Inicio\"}]},{\"@type\":\"WebSite\",\"@id\":\"https:\\\/\\\/cie.uprrp.edu\\\/elicit-math\\\/#website\",\"url\":\"https:\\\/\\\/cie.uprrp.edu\\\/elicit-math\\\/\",\"name\":\"ELICIT-Math\",\"description\":\"Developing Technological Pedagogical Content Knowledge of Pre-service Math Teachers\",\"potentialAction\":[{\"@type\":\"SearchAction\",\"target\":{\"@type\":\"EntryPoint\",\"urlTemplate\":\"https:\\\/\\\/cie.uprrp.edu\\\/elicit-math\\\/?s={search_term_string}\"},\"query-input\":{\"@type\":\"PropertyValueSpecification\",\"valueRequired\":true,\"valueName\":\"search_term_string\"}}],\"inLanguage\":\"en-US\"}]}<\/script>\n<!-- \/ Yoast SEO plugin. -->","yoast_head_json":{"title":"Inicio - ELICIT-Math","description":"Objetivos del proyecto ELICIT_math","robots":{"index":"index","follow":"follow","max-snippet":"max-snippet:-1","max-image-preview":"max-image-preview:large","max-video-preview":"max-video-preview:-1"},"canonical":"https:\/\/cie.uprrp.edu\/elicit-math\/","og_locale":"en_US","og_type":"article","og_title":"Inicio - ELICIT-Math","og_description":"Objetivos del proyecto ELICIT_math","og_url":"https:\/\/cie.uprrp.edu\/elicit-math\/","og_site_name":"ELICIT-Math","article_modified_time":"2024-01-24T14:22:52+00:00","og_image":[{"url":"https:\/\/cie.uprrp.edu\/elicit-math\/wp-content\/uploads\/sites\/13\/2024\/01\/ELICIT-Math-logo.png","type":"","width":"","height":""}],"twitter_card":"summary_large_image","twitter_misc":{"Est. reading time":"5 minutes"},"schema":{"@context":"https:\/\/schema.org","@graph":[{"@type":"WebPage","@id":"https:\/\/cie.uprrp.edu\/elicit-math\/","url":"https:\/\/cie.uprrp.edu\/elicit-math\/","name":"Inicio - ELICIT-Math","isPartOf":{"@id":"https:\/\/cie.uprrp.edu\/elicit-math\/#website"},"primaryImageOfPage":{"@id":"https:\/\/cie.uprrp.edu\/elicit-math\/#primaryimage"},"image":{"@id":"https:\/\/cie.uprrp.edu\/elicit-math\/#primaryimage"},"thumbnailUrl":"https:\/\/cie.uprrp.edu\/elicit-math\/wp-content\/uploads\/sites\/13\/2024\/01\/ELICIT-Math-logo.png","datePublished":"2022-11-16T19:18:37+00:00","dateModified":"2024-01-24T14:22:52+00:00","description":"Objetivos del proyecto ELICIT_math","breadcrumb":{"@id":"https:\/\/cie.uprrp.edu\/elicit-math\/#breadcrumb"},"inLanguage":"en-US","potentialAction":[{"@type":"ReadAction","target":["https:\/\/cie.uprrp.edu\/elicit-math\/"]}]},{"@type":"ImageObject","inLanguage":"en-US","@id":"https:\/\/cie.uprrp.edu\/elicit-math\/#primaryimage","url":"https:\/\/cie.uprrp.edu\/elicit-math\/wp-content\/uploads\/sites\/13\/2024\/01\/ELICIT-Math-logo.png","contentUrl":"https:\/\/cie.uprrp.edu\/elicit-math\/wp-content\/uploads\/sites\/13\/2024\/01\/ELICIT-Math-logo.png","width":1280,"height":294,"caption":"Logo de ELICIT-MATH"},{"@type":"BreadcrumbList","@id":"https:\/\/cie.uprrp.edu\/elicit-math\/#breadcrumb","itemListElement":[{"@type":"ListItem","position":1,"name":"Home","item":"https:\/\/cie.uprrp.edu\/elicit-math\/"},{"@type":"ListItem","position":2,"name":"Inicio"}]},{"@type":"WebSite","@id":"https:\/\/cie.uprrp.edu\/elicit-math\/#website","url":"https:\/\/cie.uprrp.edu\/elicit-math\/","name":"ELICIT-Math","description":"Developing Technological Pedagogical Content Knowledge of Pre-service Math Teachers","potentialAction":[{"@type":"SearchAction","target":{"@type":"EntryPoint","urlTemplate":"https:\/\/cie.uprrp.edu\/elicit-math\/?s={search_term_string}"},"query-input":{"@type":"PropertyValueSpecification","valueRequired":true,"valueName":"search_term_string"}}],"inLanguage":"en-US"}]}},"_links":{"self":[{"href":"https:\/\/cie.uprrp.edu\/elicit-math\/wp-json\/wp\/v2\/pages\/16810","targetHints":{"allow":["GET"]}}],"collection":[{"href":"https:\/\/cie.uprrp.edu\/elicit-math\/wp-json\/wp\/v2\/pages"}],"about":[{"href":"https:\/\/cie.uprrp.edu\/elicit-math\/wp-json\/wp\/v2\/types\/page"}],"author":[{"embeddable":true,"href":"https:\/\/cie.uprrp.edu\/elicit-math\/wp-json\/wp\/v2\/users\/10"}],"replies":[{"embeddable":true,"href":"https:\/\/cie.uprrp.edu\/elicit-math\/wp-json\/wp\/v2\/comments?post=16810"}],"version-history":[{"count":18,"href":"https:\/\/cie.uprrp.edu\/elicit-math\/wp-json\/wp\/v2\/pages\/16810\/revisions"}],"predecessor-version":[{"id":17211,"href":"https:\/\/cie.uprrp.edu\/elicit-math\/wp-json\/wp\/v2\/pages\/16810\/revisions\/17211"}],"wp:attachment":[{"href":"https:\/\/cie.uprrp.edu\/elicit-math\/wp-json\/wp\/v2\/media?parent=16810"}],"curies":[{"name":"wp","href":"https:\/\/api.w.org\/{rel}","templated":true}]}}