{"id":16823,"date":"2022-11-16T15:29:28","date_gmt":"2022-11-16T19:29:28","guid":{"rendered":"https:\/\/cie.uprrp.edu\/elicit-math\/?page_id=16823"},"modified":"2022-12-06T15:02:07","modified_gmt":"2022-12-06T19:02:07","slug":"pedagogia-de-la-practica","status":"publish","type":"page","link":"https:\/\/cie.uprrp.edu\/elicit-math\/marco-teorico\/pedagogia-de-la-practica\/","title":{"rendered":"Pedagog\u00eda de la pr\u00e1ctica"},"content":{"rendered":"<section id=\"h.d12d59ea2fc7db4_3\" class=\"yaqOZd\">\n<div class=\"mYVXT\">\n<div class=\"LS81yb VICjCf j5pSsc db35Fc\">\n<div class=\"hJDwNd-AhqUyc-uQSCkd Ft7HRd-AhqUyc-uQSCkd purZT-AhqUyc-II5mzb ZcASvf-AhqUyc-II5mzb pSzOP-AhqUyc-qWD73c Ktthjf-AhqUyc-qWD73c JNdkSc SQVYQc\">\n<div class=\"JNdkSc-SmKAyb LkDMRd\">\n<div class=\"\">\n<div class=\"oKdM2c ZZyype Kzv0Me\">\n<div id=\"h.d12d59ea2fc7db4_0\" class=\"hJDwNd-AhqUyc-uQSCkd Ft7HRd-AhqUyc-uQSCkd jXK9ad D2fZ2 zu5uec OjCsFc dmUFtb wHaque g5GTcb JYTMs\">\n<div class=\"jXK9ad-SmKAyb\">\n<div class=\"tyJCtd mGzaTb Depvyb baZpAe\">\n<p class=\"CDt4Ke zfr3Q\" dir=\"ltr\">La formaci\u00f3n de los maestros de matem\u00e1ticas es dif\u00edcil porque los futuros maestros traen consigo un gran repertorio de concepciones previas que se han formado observando a sus maestros (Borg, 2004). En la preparaci\u00f3n de maestros, los profesores deben empezar por determinar y transformar los sistemas de creencias que traen los futuros maestros. Es necesario ofrecerles oportunidades de participar activamente en un ambiente de aprendizaje que les permita observar, actuar y reflexionar de tal forma que puedan conectar los aspectos te\u00f3ricos de los cursos de m\u00e9todos con los pr\u00e1cticos de las experiencias cl\u00ednicas. Con este prop\u00f3sito, Grossman et al. (2009) concibieron la\u00a0<em>pedagog\u00eda de la pr\u00e1ctica<\/em>\u00a0que incluye actividades de representaci\u00f3n, descomposici\u00f3n y aproximaci\u00f3n.<\/p>\n<p class=\"CDt4Ke zfr3Q\" dir=\"ltr\">En la\u00a0representaci\u00f3n de la pr\u00e1ctica\u00a0se modelan diferentes facetas de la ense\u00f1anza. El profesor puede pedir a los futuros maestros que vean una pel\u00edcula o una animaci\u00f3n sobre la ense\u00f1anza de las matem\u00e1ticas. De esta forma, los futuros maestros comienzan a apreciar acciones espec\u00edficas de ense\u00f1anza como determinar el conocimiento previo de los estudiantes, iniciar una discusi\u00f3n o revisar una tarea, entre otros.<\/p>\n<p class=\"CDt4Ke zfr3Q\" dir=\"ltr\">En la\u00a0descomposici\u00f3n de la pr\u00e1ctica\u00a0se hace un an\u00e1lisis de los componentes de las diferentes facetas de la profesi\u00f3n. Estudiar los fundamentos de la planificaci\u00f3n de una clase o los elementos a considerar para hacer una evaluaci\u00f3n son ejemplos de descomposici\u00f3n de la pr\u00e1ctica.<\/p>\n<p class=\"CDt4Ke zfr3Q\" dir=\"ltr\">Las actividades de\u00a0aproximaci\u00f3n a la pr\u00e1ctica\u00a0se refieren a actividades que realiza el futuro maestro muy similares a las que va realiza en su escenario laboral. Por ejemplo, los futuros maestros pueden ensayar en una clase de m\u00e9todos c\u00f3mo dirigir una discusi\u00f3n en el aula, que es menos aut\u00e9ntica que dirigir una discusi\u00f3n en el aula en su experiencia cl\u00ednica (Ghousseini y Herbst, 2016; Gonz\u00e1lez, 2018).<\/p>\n<p class=\"CDt4Ke zfr3Q\" dir=\"ltr\">Implementar actividades relacionadas a la pedagog\u00eda de la pr\u00e1ctica nos ha permitido cerrar la brecha entre los cursos de metodolog\u00eda y las pr\u00e1cticas cl\u00ednicas.<\/p>\n<\/div>\n<\/div>\n<\/div>\n<\/div>\n<\/div>\n<\/div>\n<\/div>\n<\/div>\n<\/div>\n<\/section>\n<section id=\"h.d12d59ea2fc7db4_15\" class=\"yaqOZd\">\n<div class=\"mYVXT\">\n<div class=\"LS81yb VICjCf j5pSsc db35Fc\">\n<div class=\"hJDwNd-AhqUyc-uQSCkd Ft7HRd-AhqUyc-uQSCkd purZT-AhqUyc-II5mzb ZcASvf-AhqUyc-II5mzb pSzOP-AhqUyc-qWD73c Ktthjf-AhqUyc-qWD73c JNdkSc SQVYQc yYI8W HQwdzb\">\n<div class=\"JNdkSc-SmKAyb LkDMRd\">\n<div class=\"\">\n<div class=\"oKdM2c ZZyype Kzv0Me\">\n<div id=\"h.d12d59ea2fc7db4_12\" class=\"hJDwNd-AhqUyc-uQSCkd Ft7HRd-AhqUyc-uQSCkd jXK9ad D2fZ2 zu5uec OjCsFc dmUFtb JYTMs\">\n<div class=\"jXK9ad-SmKAyb\">\n<div class=\"tyJCtd mGzaTb Depvyb baZpAe\">\n<div class=\"CjVfdc\">\n<h3>Referencias<\/h3>\n<\/div>\n<\/div>\n<\/div>\n<\/div>\n<\/div>\n<div class=\"oKdM2c ZZyype\">\n<div id=\"h.d12d59ea2fc7db4_16\" class=\"hJDwNd-AhqUyc-uQSCkd Ft7HRd-AhqUyc-uQSCkd jXK9ad D2fZ2 zu5uec wHaque g5GTcb JYTMs\">\n<div class=\"jXK9ad-SmKAyb\">\n<div class=\"tyJCtd mGzaTb Depvyb baZpAe\">\n<p class=\"CDt4Ke zfr3Q\" dir=\"ltr\">Borg, M. (2004). The apprenticeship of observation. <em>ELT journal<\/em>, <em>58<\/em>(3), 274-276. <a class=\"XqQF9c rXJpyf\" href=\"https:\/\/www.google.com\/url?q=https%3A%2F%2Fnam02.safelinks.protection.outlook.com%2F%3Furl%3Dhttps%253A%252F%252Fdoi.org%252F10.1093%252Felt%252F58.3.274%26data%3D04%257C01%257Cjuliette.moreno%2540upr.edu%257C9769b522ada84f0278ae08d9ae8d9da8%257C0dfa5dc0036f461599e494af822f2b84%257C0%257C0%257C637732745516515668%257CUnknown%257CTWFpbGZsb3d8eyJWIjoiMC4wLjAwMDAiLCJQIjoiV2luMzIiLCJBTiI6Ik1haWwiLCJXVCI6Mn0%253D%257C3000%26sdata%3D5ppZJpT8hULA9o58%252Bs608PSRJSF6%252B6a%252F8ScxRcGInNQ%253D%26reserved%3D0&amp;sa=D&amp;sntz=1&amp;usg=AOvVaw2HlBBcqodFjSU_qoEKZwA2\" target=\"_blank\" rel=\"noopener\">https:\/\/doi.org\/10.1093\/elt\/58.3.274<\/a><\/p>\n<p class=\"CDt4Ke zfr3Q\" dir=\"ltr\">Ghousseini, H. &amp; Herbst, P. (2016). Pedagogies of practice and opportunities to learn about classroom mathematics discussions. <em>Journal of Mathematics Teacher Education<\/em>, <em>19<\/em>(1), 79-103.<\/p>\n<p class=\"CDt4Ke zfr3Q\" dir=\"ltr\">Gonz\u00e1lez, G. (2018). Moving toward approximations of practice in teacher professional development: Learning to summarize a problem-based lesson. In R. Zazkis &amp; P. Herbst (Eds.), <em>Mathematical Dialogue: Scripting approaches in mathematics education<\/em> (p. 115-146). Springer.<\/p>\n<p class=\"CDt4Ke zfr3Q\" dir=\"ltr\">Grossman, P., Compton, C., Igra, D., Ronfeldt, E. Shahan, E., &amp; Williamson, P. (2009). Teaching practice: A cross-professional perspective. <em>Teachers College Record<\/em>, <em>111<\/em>(9), 2055-2100.<\/p>\n<\/div>\n<\/div>\n<\/div>\n<\/div>\n<\/div>\n<\/div>\n<\/div>\n<\/div>\n<\/div>\n<\/section>\n","protected":false},"excerpt":{"rendered":"<p>La formaci\u00f3n de los maestros de matem\u00e1ticas es dif\u00edcil porque los futuros maestros traen consigo un gran repertorio de concepciones previas que se han formado observando a sus maestros (Borg, 2004). En la preparaci\u00f3n de maestros, los profesores deben empezar &hellip; <\/p>\n","protected":false},"author":10,"featured_media":0,"parent":16792,"menu_order":4,"comment_status":"closed","ping_status":"closed","template":"","meta":{"footnotes":""},"class_list":["post-16823","page","type-page","status-publish","hentry"],"yoast_head":"<!-- This site is optimized with the Yoast SEO plugin v27.2 - https:\/\/yoast.com\/product\/yoast-seo-wordpress\/ -->\n<title>Pedagog\u00eda de la pr\u00e1ctica - ELICIT-Math<\/title>\n<meta name=\"robots\" content=\"index, follow, max-snippet:-1, max-image-preview:large, max-video-preview:-1\" \/>\n<link rel=\"canonical\" href=\"https:\/\/cie.uprrp.edu\/elicit-math\/marco-teorico\/pedagogia-de-la-practica\/\" \/>\n<meta property=\"og:locale\" content=\"en_US\" \/>\n<meta property=\"og:type\" content=\"article\" \/>\n<meta property=\"og:title\" content=\"Pedagog\u00eda de la pr\u00e1ctica - ELICIT-Math\" \/>\n<meta property=\"og:description\" content=\"La formaci\u00f3n de los maestros de matem\u00e1ticas es dif\u00edcil porque los futuros maestros traen consigo un gran repertorio de concepciones previas que se han formado observando a sus maestros (Borg, 2004). En la preparaci\u00f3n de maestros, los profesores deben empezar &hellip;\" \/>\n<meta property=\"og:url\" content=\"https:\/\/cie.uprrp.edu\/elicit-math\/marco-teorico\/pedagogia-de-la-practica\/\" \/>\n<meta property=\"og:site_name\" content=\"ELICIT-Math\" \/>\n<meta property=\"article:modified_time\" content=\"2022-12-06T19:02:07+00:00\" \/>\n<meta name=\"twitter:card\" content=\"summary_large_image\" \/>\n<meta name=\"twitter:label1\" content=\"Est. reading time\" \/>\n\t<meta name=\"twitter:data1\" content=\"2 minutes\" \/>\n<script type=\"application\/ld+json\" class=\"yoast-schema-graph\">{\"@context\":\"https:\/\/schema.org\",\"@graph\":[{\"@type\":\"WebPage\",\"@id\":\"https:\/\/cie.uprrp.edu\/elicit-math\/marco-teorico\/pedagogia-de-la-practica\/\",\"url\":\"https:\/\/cie.uprrp.edu\/elicit-math\/marco-teorico\/pedagogia-de-la-practica\/\",\"name\":\"Pedagog\u00eda de la pr\u00e1ctica - ELICIT-Math\",\"isPartOf\":{\"@id\":\"https:\/\/cie.uprrp.edu\/elicit-math\/#website\"},\"datePublished\":\"2022-11-16T19:29:28+00:00\",\"dateModified\":\"2022-12-06T19:02:07+00:00\",\"breadcrumb\":{\"@id\":\"https:\/\/cie.uprrp.edu\/elicit-math\/marco-teorico\/pedagogia-de-la-practica\/#breadcrumb\"},\"inLanguage\":\"en-US\",\"potentialAction\":[{\"@type\":\"ReadAction\",\"target\":[\"https:\/\/cie.uprrp.edu\/elicit-math\/marco-teorico\/pedagogia-de-la-practica\/\"]}]},{\"@type\":\"BreadcrumbList\",\"@id\":\"https:\/\/cie.uprrp.edu\/elicit-math\/marco-teorico\/pedagogia-de-la-practica\/#breadcrumb\",\"itemListElement\":[{\"@type\":\"ListItem\",\"position\":1,\"name\":\"Home\",\"item\":\"https:\/\/cie.uprrp.edu\/elicit-math\/\"},{\"@type\":\"ListItem\",\"position\":2,\"name\":\"Marco te\u00f3rico\",\"item\":\"https:\/\/cie.uprrp.edu\/elicit-math\/marco-teorico\/\"},{\"@type\":\"ListItem\",\"position\":3,\"name\":\"Pedagog\u00eda de la pr\u00e1ctica\"}]},{\"@type\":\"WebSite\",\"@id\":\"https:\/\/cie.uprrp.edu\/elicit-math\/#website\",\"url\":\"https:\/\/cie.uprrp.edu\/elicit-math\/\",\"name\":\"ELICIT-Math\",\"description\":\"Developing Technological Pedagogical Content Knowledge of Pre-service Math Teachers\",\"potentialAction\":[{\"@type\":\"SearchAction\",\"target\":{\"@type\":\"EntryPoint\",\"urlTemplate\":\"https:\/\/cie.uprrp.edu\/elicit-math\/?s={search_term_string}\"},\"query-input\":{\"@type\":\"PropertyValueSpecification\",\"valueRequired\":true,\"valueName\":\"search_term_string\"}}],\"inLanguage\":\"en-US\"}]}<\/script>\n<!-- \/ Yoast SEO plugin. -->","yoast_head_json":{"title":"Pedagog\u00eda de la pr\u00e1ctica - ELICIT-Math","robots":{"index":"index","follow":"follow","max-snippet":"max-snippet:-1","max-image-preview":"max-image-preview:large","max-video-preview":"max-video-preview:-1"},"canonical":"https:\/\/cie.uprrp.edu\/elicit-math\/marco-teorico\/pedagogia-de-la-practica\/","og_locale":"en_US","og_type":"article","og_title":"Pedagog\u00eda de la pr\u00e1ctica - ELICIT-Math","og_description":"La formaci\u00f3n de los maestros de matem\u00e1ticas es dif\u00edcil porque los futuros maestros traen consigo un gran repertorio de concepciones previas que se han formado observando a sus maestros (Borg, 2004). En la preparaci\u00f3n de maestros, los profesores deben empezar &hellip;","og_url":"https:\/\/cie.uprrp.edu\/elicit-math\/marco-teorico\/pedagogia-de-la-practica\/","og_site_name":"ELICIT-Math","article_modified_time":"2022-12-06T19:02:07+00:00","twitter_card":"summary_large_image","twitter_misc":{"Est. reading time":"2 minutes"},"schema":{"@context":"https:\/\/schema.org","@graph":[{"@type":"WebPage","@id":"https:\/\/cie.uprrp.edu\/elicit-math\/marco-teorico\/pedagogia-de-la-practica\/","url":"https:\/\/cie.uprrp.edu\/elicit-math\/marco-teorico\/pedagogia-de-la-practica\/","name":"Pedagog\u00eda de la pr\u00e1ctica - ELICIT-Math","isPartOf":{"@id":"https:\/\/cie.uprrp.edu\/elicit-math\/#website"},"datePublished":"2022-11-16T19:29:28+00:00","dateModified":"2022-12-06T19:02:07+00:00","breadcrumb":{"@id":"https:\/\/cie.uprrp.edu\/elicit-math\/marco-teorico\/pedagogia-de-la-practica\/#breadcrumb"},"inLanguage":"en-US","potentialAction":[{"@type":"ReadAction","target":["https:\/\/cie.uprrp.edu\/elicit-math\/marco-teorico\/pedagogia-de-la-practica\/"]}]},{"@type":"BreadcrumbList","@id":"https:\/\/cie.uprrp.edu\/elicit-math\/marco-teorico\/pedagogia-de-la-practica\/#breadcrumb","itemListElement":[{"@type":"ListItem","position":1,"name":"Home","item":"https:\/\/cie.uprrp.edu\/elicit-math\/"},{"@type":"ListItem","position":2,"name":"Marco te\u00f3rico","item":"https:\/\/cie.uprrp.edu\/elicit-math\/marco-teorico\/"},{"@type":"ListItem","position":3,"name":"Pedagog\u00eda de la pr\u00e1ctica"}]},{"@type":"WebSite","@id":"https:\/\/cie.uprrp.edu\/elicit-math\/#website","url":"https:\/\/cie.uprrp.edu\/elicit-math\/","name":"ELICIT-Math","description":"Developing Technological Pedagogical Content Knowledge of Pre-service Math Teachers","potentialAction":[{"@type":"SearchAction","target":{"@type":"EntryPoint","urlTemplate":"https:\/\/cie.uprrp.edu\/elicit-math\/?s={search_term_string}"},"query-input":{"@type":"PropertyValueSpecification","valueRequired":true,"valueName":"search_term_string"}}],"inLanguage":"en-US"}]}},"_links":{"self":[{"href":"https:\/\/cie.uprrp.edu\/elicit-math\/wp-json\/wp\/v2\/pages\/16823","targetHints":{"allow":["GET"]}}],"collection":[{"href":"https:\/\/cie.uprrp.edu\/elicit-math\/wp-json\/wp\/v2\/pages"}],"about":[{"href":"https:\/\/cie.uprrp.edu\/elicit-math\/wp-json\/wp\/v2\/types\/page"}],"author":[{"embeddable":true,"href":"https:\/\/cie.uprrp.edu\/elicit-math\/wp-json\/wp\/v2\/users\/10"}],"replies":[{"embeddable":true,"href":"https:\/\/cie.uprrp.edu\/elicit-math\/wp-json\/wp\/v2\/comments?post=16823"}],"version-history":[{"count":5,"href":"https:\/\/cie.uprrp.edu\/elicit-math\/wp-json\/wp\/v2\/pages\/16823\/revisions"}],"predecessor-version":[{"id":16947,"href":"https:\/\/cie.uprrp.edu\/elicit-math\/wp-json\/wp\/v2\/pages\/16823\/revisions\/16947"}],"up":[{"embeddable":true,"href":"https:\/\/cie.uprrp.edu\/elicit-math\/wp-json\/wp\/v2\/pages\/16792"}],"wp:attachment":[{"href":"https:\/\/cie.uprrp.edu\/elicit-math\/wp-json\/wp\/v2\/media?parent=16823"}],"curies":[{"name":"wp","href":"https:\/\/api.w.org\/{rel}","templated":true}]}}