{"id":16825,"date":"2022-11-16T15:30:01","date_gmt":"2022-11-16T19:30:01","guid":{"rendered":"https:\/\/cie.uprrp.edu\/elicit-math\/?page_id=16825"},"modified":"2022-12-07T10:58:34","modified_gmt":"2022-12-07T14:58:34","slug":"proficiencia-matematica","status":"publish","type":"page","link":"https:\/\/cie.uprrp.edu\/elicit-math\/marco-teorico\/proficiencia-matematica\/","title":{"rendered":"Proficiencia matem\u00e1tica"},"content":{"rendered":"<p class=\"CDt4Ke zfr3Q\" dir=\"ltr\">El concepto de\u00a0<em>proficiencia matem\u00e1tica<\/em>\u00a0incluye cinco componentes:<\/p>\n<ul class=\"n8H08c UVNKR\">\n<li class=\"TYR86d zfr3Q\" dir=\"ltr\">\n<p class=\"CDt4Ke zfr3Q\" dir=\"ltr\">Entendimiento conceptual (comprensi\u00f3n matem\u00e1tica) \u2013 Se refiere a la comprensi\u00f3n de conceptos matem\u00e1ticos, operaciones y relaciones. Los estudiantes con entendimiento conceptual conocen m\u00e1s que datos aislados y m\u00e9todos. Entienden por qu\u00e9 una idea matem\u00e1tica es importante y los contextos en que ser\u00e1 \u00fatil. Un indicador importante de que se tiene conocimiento conceptual es poder hacer diferentes representaciones de una situaci\u00f3n matem\u00e1tica.<\/p>\n<\/li>\n<li class=\"TYR86d zfr3Q\" dir=\"ltr\">\n<p class=\"CDt4Ke zfr3Q\" dir=\"ltr\">Fluidez en los procesos \u2013 Es la habilidad para llevar a cabo los procedimientos de manera flexible, precisa, eficiente y adecuada. Para fomentar este componente, se debe enfatizar en el entendimiento, para luego llegar a los procesos (algoritmos), sino se convierte en una repetici\u00f3n mec\u00e1nica y sin sentido.<\/p>\n<\/li>\n<li class=\"TYR86d zfr3Q\" dir=\"ltr\">\n<p class=\"CDt4Ke zfr3Q\" dir=\"ltr\">Competencia estrat\u00e9gica \u2013 Capacidad para formular, representar y resolver problemas matem\u00e1ticos (soluci\u00f3n de problemas). Aunque en la escuela se les provee a los estudiantes problemas para resolver, la dificultad ocurre cuando en la vida cotidiana se les presenta una situaci\u00f3n y no saben qu\u00e9 operaci\u00f3n\/algoritmo necesitar\u00e1n para obtener la respuesta. Es tener la capacidad de resolver problemas no rutinarios y poder representarlos de varias formas.<\/p>\n<\/li>\n<li class=\"TYR86d zfr3Q\" dir=\"ltr\">\n<p class=\"CDt4Ke zfr3Q\" dir=\"ltr\">Razonamiento \u2013 Capacidad de pensar l\u00f3gicamente sobre las relaciones entre conceptos y situaciones, reflexionar, explicar y justificar.<\/p>\n<\/li>\n<li class=\"TYR86d zfr3Q\" dir=\"ltr\">\n<p class=\"CDt4Ke zfr3Q\" dir=\"ltr\">Disposici\u00f3n productiva \u2013 inclinaci\u00f3n habitual para ver las matem\u00e1ticas como sensatas, \u00fatiles y valiosas, junto con la creencia en la propia eficacia para hacer matem\u00e1ticas.<\/p>\n<\/li>\n<\/ul>\n<p class=\"CDt4Ke zfr3Q\" dir=\"ltr\">El National Research Council (NRC, 2001) indica que la proficiencia en matem\u00e1ticas se puede ilustrar como cinco sogas como se muestra en la siguiente ilustraci\u00f3n:<\/p>\n<p dir=\"ltr\"><a href=\"https:\/\/cie.uprrp.edu\/elicit-math\/wp-content\/uploads\/sites\/13\/2022\/12\/strands.png\"><img loading=\"lazy\" decoding=\"async\" class=\"aligncenter size-full wp-image-16948\" src=\"https:\/\/cie.uprrp.edu\/elicit-math\/wp-content\/uploads\/sites\/13\/2022\/12\/strands.png\" alt=\"Intertwined Strands of Proficiency\" width=\"271\" height=\"406\" srcset=\"https:\/\/cie.uprrp.edu\/elicit-math\/wp-content\/uploads\/sites\/13\/2022\/12\/strands.png 271w, https:\/\/cie.uprrp.edu\/elicit-math\/wp-content\/uploads\/sites\/13\/2022\/12\/strands-200x300.png 200w\" sizes=\"auto, (max-width: 271px) 100vw, 271px\" \/><\/a><\/p>\n<p dir=\"ltr\" style=\"text-align: center;\"><a href=\"https:\/\/cie.uprrp.edu\/elicit-math\/wp-content\/uploads\/sites\/13\/2022\/12\/Proficiencia_matematica.pdf\" class=\"pdfemb-viewer\" style=\"\" data-width=\"max\" data-height=\"max\" data-toolbar=\"bottom\" data-toolbar-fixed=\"off\">Proficiencia matem\u00e1tica<\/a>\n<div class=\"oKdM2c ZZyype Kzv0Me\">\n<div id=\"h.13fd9aa32045f9e9_29\" class=\"hJDwNd-AhqUyc-uQSCkd Ft7HRd-AhqUyc-uQSCkd jXK9ad D2fZ2 zu5uec OjCsFc dmUFtb JYTMs\">\n<div class=\"jXK9ad-SmKAyb\">\n<div class=\"tyJCtd mGzaTb Depvyb baZpAe\">\n<h3 class=\"CjVfdc\">Referencias<\/h3>\n<\/div>\n<\/div>\n<\/div>\n<\/div>\n<div class=\"oKdM2c ZZyype\">\n<div id=\"h.13fd9aa32045f9e9_33\" class=\"hJDwNd-AhqUyc-uQSCkd Ft7HRd-AhqUyc-uQSCkd jXK9ad D2fZ2 zu5uec wHaque g5GTcb JYTMs\">\n<div class=\"jXK9ad-SmKAyb\">\n<div class=\"tyJCtd mGzaTb Depvyb baZpAe\">\n<p class=\"CDt4Ke zfr3Q\" dir=\"ltr\">Kilpatrick, J., Swafford J., &amp; Findell B. (Eds). (2001). <em>Adding it up: Helping children learn mathematics<\/em>. National Academy Press.<\/p>\n<\/div>\n<\/div>\n<\/div>\n<\/div>\n","protected":false},"excerpt":{"rendered":"<p>El concepto de\u00a0proficiencia matem\u00e1tica\u00a0incluye cinco componentes: Entendimiento conceptual (comprensi\u00f3n matem\u00e1tica) \u2013 Se refiere a la comprensi\u00f3n de conceptos matem\u00e1ticos, operaciones y relaciones. Los estudiantes con entendimiento conceptual conocen m\u00e1s que datos aislados y m\u00e9todos. Entienden por qu\u00e9 una idea matem\u00e1tica &hellip; <\/p>\n","protected":false},"author":10,"featured_media":0,"parent":16792,"menu_order":5,"comment_status":"closed","ping_status":"closed","template":"","meta":{"footnotes":""},"class_list":["post-16825","page","type-page","status-publish","hentry"],"yoast_head":"<!-- This site is optimized with the Yoast SEO plugin v27.3 - https:\/\/yoast.com\/product\/yoast-seo-wordpress\/ -->\n<title>Proficiencia matem\u00e1tica - ELICIT-Math<\/title>\n<meta name=\"robots\" content=\"index, follow, max-snippet:-1, max-image-preview:large, max-video-preview:-1\" \/>\n<link rel=\"canonical\" href=\"https:\/\/cie.uprrp.edu\/elicit-math\/marco-teorico\/proficiencia-matematica\/\" \/>\n<meta property=\"og:locale\" content=\"en_US\" \/>\n<meta property=\"og:type\" content=\"article\" \/>\n<meta property=\"og:title\" content=\"Proficiencia matem\u00e1tica - ELICIT-Math\" \/>\n<meta property=\"og:description\" content=\"El concepto de\u00a0proficiencia matem\u00e1tica\u00a0incluye cinco componentes: Entendimiento conceptual (comprensi\u00f3n matem\u00e1tica) \u2013 Se refiere a la comprensi\u00f3n de conceptos matem\u00e1ticos, operaciones y relaciones. Los estudiantes con entendimiento conceptual conocen m\u00e1s que datos aislados y m\u00e9todos. Entienden por qu\u00e9 una idea matem\u00e1tica &hellip;\" \/>\n<meta property=\"og:url\" content=\"https:\/\/cie.uprrp.edu\/elicit-math\/marco-teorico\/proficiencia-matematica\/\" \/>\n<meta property=\"og:site_name\" content=\"ELICIT-Math\" \/>\n<meta property=\"article:modified_time\" content=\"2022-12-07T14:58:34+00:00\" \/>\n<meta property=\"og:image\" content=\"https:\/\/cie.uprrp.edu\/elicit-math\/wp-content\/uploads\/sites\/13\/2022\/12\/strands.png\" \/>\n<meta name=\"twitter:card\" content=\"summary_large_image\" \/>\n<meta name=\"twitter:label1\" content=\"Est. reading time\" \/>\n\t<meta name=\"twitter:data1\" content=\"2 minutes\" \/>\n<script type=\"application\/ld+json\" class=\"yoast-schema-graph\">{\"@context\":\"https:\\\/\\\/schema.org\",\"@graph\":[{\"@type\":\"WebPage\",\"@id\":\"https:\\\/\\\/cie.uprrp.edu\\\/elicit-math\\\/marco-teorico\\\/proficiencia-matematica\\\/\",\"url\":\"https:\\\/\\\/cie.uprrp.edu\\\/elicit-math\\\/marco-teorico\\\/proficiencia-matematica\\\/\",\"name\":\"Proficiencia matem\u00e1tica - ELICIT-Math\",\"isPartOf\":{\"@id\":\"https:\\\/\\\/cie.uprrp.edu\\\/elicit-math\\\/#website\"},\"primaryImageOfPage\":{\"@id\":\"https:\\\/\\\/cie.uprrp.edu\\\/elicit-math\\\/marco-teorico\\\/proficiencia-matematica\\\/#primaryimage\"},\"image\":{\"@id\":\"https:\\\/\\\/cie.uprrp.edu\\\/elicit-math\\\/marco-teorico\\\/proficiencia-matematica\\\/#primaryimage\"},\"thumbnailUrl\":\"https:\\\/\\\/cie.uprrp.edu\\\/elicit-math\\\/wp-content\\\/uploads\\\/sites\\\/13\\\/2022\\\/12\\\/strands.png\",\"datePublished\":\"2022-11-16T19:30:01+00:00\",\"dateModified\":\"2022-12-07T14:58:34+00:00\",\"breadcrumb\":{\"@id\":\"https:\\\/\\\/cie.uprrp.edu\\\/elicit-math\\\/marco-teorico\\\/proficiencia-matematica\\\/#breadcrumb\"},\"inLanguage\":\"en-US\",\"potentialAction\":[{\"@type\":\"ReadAction\",\"target\":[\"https:\\\/\\\/cie.uprrp.edu\\\/elicit-math\\\/marco-teorico\\\/proficiencia-matematica\\\/\"]}]},{\"@type\":\"ImageObject\",\"inLanguage\":\"en-US\",\"@id\":\"https:\\\/\\\/cie.uprrp.edu\\\/elicit-math\\\/marco-teorico\\\/proficiencia-matematica\\\/#primaryimage\",\"url\":\"https:\\\/\\\/cie.uprrp.edu\\\/elicit-math\\\/wp-content\\\/uploads\\\/sites\\\/13\\\/2022\\\/12\\\/strands.png\",\"contentUrl\":\"https:\\\/\\\/cie.uprrp.edu\\\/elicit-math\\\/wp-content\\\/uploads\\\/sites\\\/13\\\/2022\\\/12\\\/strands.png\",\"width\":271,\"height\":406,\"caption\":\"Intertwined Strands of Proficiency\"},{\"@type\":\"BreadcrumbList\",\"@id\":\"https:\\\/\\\/cie.uprrp.edu\\\/elicit-math\\\/marco-teorico\\\/proficiencia-matematica\\\/#breadcrumb\",\"itemListElement\":[{\"@type\":\"ListItem\",\"position\":1,\"name\":\"Home\",\"item\":\"https:\\\/\\\/cie.uprrp.edu\\\/elicit-math\\\/\"},{\"@type\":\"ListItem\",\"position\":2,\"name\":\"Marco te\u00f3rico\",\"item\":\"https:\\\/\\\/cie.uprrp.edu\\\/elicit-math\\\/marco-teorico\\\/\"},{\"@type\":\"ListItem\",\"position\":3,\"name\":\"Proficiencia matem\u00e1tica\"}]},{\"@type\":\"WebSite\",\"@id\":\"https:\\\/\\\/cie.uprrp.edu\\\/elicit-math\\\/#website\",\"url\":\"https:\\\/\\\/cie.uprrp.edu\\\/elicit-math\\\/\",\"name\":\"ELICIT-Math\",\"description\":\"Developing Technological Pedagogical Content Knowledge of Pre-service Math Teachers\",\"potentialAction\":[{\"@type\":\"SearchAction\",\"target\":{\"@type\":\"EntryPoint\",\"urlTemplate\":\"https:\\\/\\\/cie.uprrp.edu\\\/elicit-math\\\/?s={search_term_string}\"},\"query-input\":{\"@type\":\"PropertyValueSpecification\",\"valueRequired\":true,\"valueName\":\"search_term_string\"}}],\"inLanguage\":\"en-US\"}]}<\/script>\n<!-- \/ Yoast SEO plugin. -->","yoast_head_json":{"title":"Proficiencia matem\u00e1tica - ELICIT-Math","robots":{"index":"index","follow":"follow","max-snippet":"max-snippet:-1","max-image-preview":"max-image-preview:large","max-video-preview":"max-video-preview:-1"},"canonical":"https:\/\/cie.uprrp.edu\/elicit-math\/marco-teorico\/proficiencia-matematica\/","og_locale":"en_US","og_type":"article","og_title":"Proficiencia matem\u00e1tica - ELICIT-Math","og_description":"El concepto de\u00a0proficiencia matem\u00e1tica\u00a0incluye cinco componentes: Entendimiento conceptual (comprensi\u00f3n matem\u00e1tica) \u2013 Se refiere a la comprensi\u00f3n de conceptos matem\u00e1ticos, operaciones y relaciones. Los estudiantes con entendimiento conceptual conocen m\u00e1s que datos aislados y m\u00e9todos. Entienden por qu\u00e9 una idea matem\u00e1tica &hellip;","og_url":"https:\/\/cie.uprrp.edu\/elicit-math\/marco-teorico\/proficiencia-matematica\/","og_site_name":"ELICIT-Math","article_modified_time":"2022-12-07T14:58:34+00:00","og_image":[{"url":"https:\/\/cie.uprrp.edu\/elicit-math\/wp-content\/uploads\/sites\/13\/2022\/12\/strands.png","type":"","width":"","height":""}],"twitter_card":"summary_large_image","twitter_misc":{"Est. reading time":"2 minutes"},"schema":{"@context":"https:\/\/schema.org","@graph":[{"@type":"WebPage","@id":"https:\/\/cie.uprrp.edu\/elicit-math\/marco-teorico\/proficiencia-matematica\/","url":"https:\/\/cie.uprrp.edu\/elicit-math\/marco-teorico\/proficiencia-matematica\/","name":"Proficiencia matem\u00e1tica - ELICIT-Math","isPartOf":{"@id":"https:\/\/cie.uprrp.edu\/elicit-math\/#website"},"primaryImageOfPage":{"@id":"https:\/\/cie.uprrp.edu\/elicit-math\/marco-teorico\/proficiencia-matematica\/#primaryimage"},"image":{"@id":"https:\/\/cie.uprrp.edu\/elicit-math\/marco-teorico\/proficiencia-matematica\/#primaryimage"},"thumbnailUrl":"https:\/\/cie.uprrp.edu\/elicit-math\/wp-content\/uploads\/sites\/13\/2022\/12\/strands.png","datePublished":"2022-11-16T19:30:01+00:00","dateModified":"2022-12-07T14:58:34+00:00","breadcrumb":{"@id":"https:\/\/cie.uprrp.edu\/elicit-math\/marco-teorico\/proficiencia-matematica\/#breadcrumb"},"inLanguage":"en-US","potentialAction":[{"@type":"ReadAction","target":["https:\/\/cie.uprrp.edu\/elicit-math\/marco-teorico\/proficiencia-matematica\/"]}]},{"@type":"ImageObject","inLanguage":"en-US","@id":"https:\/\/cie.uprrp.edu\/elicit-math\/marco-teorico\/proficiencia-matematica\/#primaryimage","url":"https:\/\/cie.uprrp.edu\/elicit-math\/wp-content\/uploads\/sites\/13\/2022\/12\/strands.png","contentUrl":"https:\/\/cie.uprrp.edu\/elicit-math\/wp-content\/uploads\/sites\/13\/2022\/12\/strands.png","width":271,"height":406,"caption":"Intertwined Strands of Proficiency"},{"@type":"BreadcrumbList","@id":"https:\/\/cie.uprrp.edu\/elicit-math\/marco-teorico\/proficiencia-matematica\/#breadcrumb","itemListElement":[{"@type":"ListItem","position":1,"name":"Home","item":"https:\/\/cie.uprrp.edu\/elicit-math\/"},{"@type":"ListItem","position":2,"name":"Marco te\u00f3rico","item":"https:\/\/cie.uprrp.edu\/elicit-math\/marco-teorico\/"},{"@type":"ListItem","position":3,"name":"Proficiencia matem\u00e1tica"}]},{"@type":"WebSite","@id":"https:\/\/cie.uprrp.edu\/elicit-math\/#website","url":"https:\/\/cie.uprrp.edu\/elicit-math\/","name":"ELICIT-Math","description":"Developing Technological Pedagogical Content Knowledge of Pre-service Math Teachers","potentialAction":[{"@type":"SearchAction","target":{"@type":"EntryPoint","urlTemplate":"https:\/\/cie.uprrp.edu\/elicit-math\/?s={search_term_string}"},"query-input":{"@type":"PropertyValueSpecification","valueRequired":true,"valueName":"search_term_string"}}],"inLanguage":"en-US"}]}},"_links":{"self":[{"href":"https:\/\/cie.uprrp.edu\/elicit-math\/wp-json\/wp\/v2\/pages\/16825","targetHints":{"allow":["GET"]}}],"collection":[{"href":"https:\/\/cie.uprrp.edu\/elicit-math\/wp-json\/wp\/v2\/pages"}],"about":[{"href":"https:\/\/cie.uprrp.edu\/elicit-math\/wp-json\/wp\/v2\/types\/page"}],"author":[{"embeddable":true,"href":"https:\/\/cie.uprrp.edu\/elicit-math\/wp-json\/wp\/v2\/users\/10"}],"replies":[{"embeddable":true,"href":"https:\/\/cie.uprrp.edu\/elicit-math\/wp-json\/wp\/v2\/comments?post=16825"}],"version-history":[{"count":5,"href":"https:\/\/cie.uprrp.edu\/elicit-math\/wp-json\/wp\/v2\/pages\/16825\/revisions"}],"predecessor-version":[{"id":17012,"href":"https:\/\/cie.uprrp.edu\/elicit-math\/wp-json\/wp\/v2\/pages\/16825\/revisions\/17012"}],"up":[{"embeddable":true,"href":"https:\/\/cie.uprrp.edu\/elicit-math\/wp-json\/wp\/v2\/pages\/16792"}],"wp:attachment":[{"href":"https:\/\/cie.uprrp.edu\/elicit-math\/wp-json\/wp\/v2\/media?parent=16825"}],"curies":[{"name":"wp","href":"https:\/\/api.w.org\/{rel}","templated":true}]}}