{"id":16869,"date":"2022-12-06T13:22:40","date_gmt":"2022-12-06T17:22:40","guid":{"rendered":"https:\/\/cie.uprrp.edu\/elicit-math\/?page_id=16869"},"modified":"2022-12-08T14:03:10","modified_gmt":"2022-12-08T18:03:10","slug":"sidim-xxxvii-2022","status":"publish","type":"page","link":"https:\/\/cie.uprrp.edu\/elicit-math\/conferencias\/sidim-xxxvii-2022\/","title":{"rendered":"SIDIM XXXVII (2022)"},"content":{"rendered":"<p><a href=\"http:\/\/sidim.org\/\"><br \/>\n\t\t\t\t\t\t\t<img decoding=\"async\" width=\"303\" height=\"166\" src=\"https:\/\/cie.uprrp.edu\/elicit-math\/wp-content\/uploads\/sites\/13\/2022\/12\/sidim.png\" alt=\"sidim 2022\" loading=\"lazy\" srcset=\"https:\/\/cie.uprrp.edu\/elicit-math\/wp-content\/uploads\/sites\/13\/2022\/12\/sidim.png 303w, https:\/\/cie.uprrp.edu\/elicit-math\/wp-content\/uploads\/sites\/13\/2022\/12\/sidim-300x164.png 300w\" sizes=\"auto, (max-width: 303px) 100vw, 303px\" \/>\t\t\t\t\t\t\t\t<\/a><\/p>\n<p style=\"text-align: center;\"><a href=\"https:\/\/cie.uprrp.edu\/elicit-math\/wp-content\/uploads\/sites\/13\/2022\/12\/Libro-de-Resu\u0301menes-SIDIM-2022.pdf\"><strong>Libro de Re\u00famenes &#8211; SIDIM 2022<\/strong><\/a><\/p>\n<h3>M\u00e9todos de investigaci\u00f3n en un programa de formaci\u00f3n de maestros que incluye el estudio de lecciones y el uso de tecnolog\u00eda de interconectividad<\/h3>\n<p>Como citar: Hern\u00e1ndez Rodr\u00edguez, O., Villafa\u00f1e Cepeda, W., Moreno Concepci\u00f3n, J. M., Choque Dextre, Y., &amp; Gonz\u00e1lez, G. (25-26 de\u00a0febrero\u00a0de 2022).\u00a0M\u00e9todos de investigaci\u00f3n en un programa de formaci\u00f3n de maestros que incluye el estudio de lecciones y el uso de tecnolog\u00eda de interconectividad\u00a0[Taller].\u00a037mo\u00a0Seminario Interuniversitario de Investigaci\u00f3n en Ciencias Matem\u00e1ticas (SIDIM XXXVII),\u00a0Seminario\u00a0Virtual.<\/p>\n<p>En este taller compartiremos los m\u00e9todos de investigaci\u00f3n que hemos utilizado durante nuestra participaci\u00f3n en una innovaci\u00f3n que pretende cerrar la brecha entre los cursos de m\u00e9todos y las pr\u00e1cticas clinicas. En la investigaci\u00f3n incorporamos el estudio de lecciones (<em>Lesson Study<\/em>), los espacios h\u00edbridos y el uso de tecnolog\u00eda de interconectividad; los cuales se llevaron a cabo en las experiencias de campo (pre-pr\u00e1cticas) de candidatos a maestros de Matem\u00e1ticas de nivel secundario, los cuales estaban matriculados en un curso de metodolog\u00eda de la ense\u00f1anza.<\/p>\n<p>Despu\u00e9s de una breve descripci\u00f3n del proyecto, detallaremos:<\/p>\n<ul>\n<li>la forma c\u00f3mo hemos recopilado los datos,<\/li>\n<li>su preparaci\u00f3n para el an\u00e1lisis,<\/li>\n<li>las estrategias que hemos utilizado para el an\u00e1lisis,<\/li>\n<li>c\u00f3mo atendemos asuntos de validez y confiabilidad,<\/li>\n<li>c\u00f3mo informamos los hallazgos.<\/li>\n<\/ul>\n<p>Las personas que participen tendr\u00e1n la oportunidad de hacer pr\u00e1cticas con datos preparados espec\u00edficamente para este taller. En espec\u00edfico, discutiremos algunos aspectos a considerar en la recolecci\u00f3n y almacenamiento de la informaci\u00f3n, los retos debido a la pandemia, la protecci\u00f3n de seres humanos participantes en investigaci\u00f3n y los ajustes necesarios para proteger a los estudiantes que no desean participar. Posteriormente, describiremos las recomendaciones de Herbst et al. (2011) para la preparaci\u00f3n de los datos e indicaremos la forma c\u00f3mo hemos incorporado los marcos te\u00f3ricos en el an\u00e1lisis. Consideraremos algunos aspectos relacionados a la validez y confiablidad de los an\u00e1lisis. Utilizaremos como ejemplos los art\u00edculos aceptados para publicaci\u00f3n Choque, et al. (2020); Gonz\u00e1lez, et al. (2021) y Hern\u00e1ndez, et al. (2021).<\/p>\n<p>Finalmente, contaremos nuestra experiencia en la redacci\u00f3n de los informes de investigaci\u00f3n y los procesos de someter y revisar los manuscritos para la publicaci\u00f3n en revistas profesionales arbitradas.<\/p>\n<p>                                            <iframe style=\"width: 800px;height: 460px; max-width:100%; display: inline-block\" src=\"https:\/\/cie.uprrp.edu\/elicit-math\/wp-content\/plugins\/embedpress\/assets\/pdf\/web\/viewer.html?file=https:\/\/cie.uprrp.edu\/elicit-math\/wp-content\/uploads\/sites\/13\/2022\/12\/Presentacion-SIDIM-2022.pdf#zoom=auto\"  frameborder=\"0\"><\/iframe><\/p>\n<p style=\"text-align: center;\">Los enlaces utilizados en el taller los puede encontrar <a href=\"https:\/\/drive.google.com\/drive\/folders\/1VN391cpctoz01GaVnM-AuNcS-OzaCt5B\"><strong>aqu\u00ed<\/strong><\/a>.<\/p>\n<h4>Referencias<\/h4>\n<p>Choque-Dextre, Y., Moreno-Concepci\u00f3n, J., Hern\u00e1ndez-Rodr\u00edguez, O., Villafa\u00f1e-Cepeda,W., &amp; Gonz\u00e1lez, G. (2020). Conocimiento tecnol\u00f3gico de los futuros maestros de matem\u00e1ticas al iniciar sus cursos de metodolog\u00eda. En A. I. Sacrist\u00e1n, J. C. Cort\u00e9s-Zavala &amp; P. M. Ruiz-Arias, (Eds.),\u00a0<em>Mathematics Education Across Cultures: Proceedings of the 42nd Meeting of the North American Chapter of the International Group for the Psychology of Mathematics Education<\/em>\u00a0(pp. 892-894). Mexico. Cinvestav \/ AMIUTEM \/ PME-NA.\u00a0<a href=\"https:\/\/doi.org\/10.51272\/pmena.42.2020-135\">https:\/\/doi.org\/10.51272\/pmena.42.2020-135<\/a><\/p>\n<p>Gonz\u00e1lez, G., Villafa\u00f1e-Cepeda, W., &amp; Hern\u00e1ndez-Rodr\u00edguez, O. (2021). Leveraging prospective teachers\u2019 knowledge through their participation in Lesson Study. <em>Journal of Mathematics Teacher Education<\/em>. <a href=\"https:\/\/doi.org\/10.1007\/s10857-021-09521-4\">https:\/\/doi.org\/10.1007\/s10857-021-09521-4<\/a><\/p>\n<p>Herbst, P., Nachlieli, T., &amp; Chazan, D. (2011). Studying the practical rationality of mathematics teaching: What goes into \u201cinstalling\u201d a theorem in geometry? <em>Cognition and Instruction, 29<\/em>(2), 218-255. <a href=\"https:\/\/doi.org\/10.1080\/07370008.2011.556833\">https:\/\/doi.org\/10.1080\/07370008.2011.556833<\/a><\/p>\n<p>Hern\u00e1ndez-Rodr\u00edguez, O., Gonz\u00e1lez, G., &amp; Villafa\u00f1e-Cepeda, W. (2021). Planning a research lesson online: Pre-service teachers\u2019 documentation work. <em>International Journal for Lesson and Learning Studies, 10<\/em>(2), 168-186. <a href=\"https:\/\/doi.org\/10.1108\/IJLLS-09-2020-0068\">https:\/\/doi.org\/10.1108\/IJLLS-09-2020-0068<\/a><\/p>\n","protected":false},"excerpt":{"rendered":"<p>Libro de Re\u00famenes &#8211; SIDIM 2022 M\u00e9todos de investigaci\u00f3n en un programa de formaci\u00f3n de maestros que incluye el estudio de lecciones y el uso de tecnolog\u00eda de interconectividad Como citar: Hern\u00e1ndez Rodr\u00edguez, O., Villafa\u00f1e Cepeda, W., Moreno Concepci\u00f3n, J. &hellip; <\/p>\n","protected":false},"author":10,"featured_media":0,"parent":16794,"menu_order":3,"comment_status":"closed","ping_status":"closed","template":"","meta":{"footnotes":""},"class_list":["post-16869","page","type-page","status-publish","hentry"],"yoast_head":"<!-- This site is optimized with the Yoast SEO plugin v27.3 - https:\/\/yoast.com\/product\/yoast-seo-wordpress\/ -->\n<title>SIDIM XXXVII (2022) - ELICIT-Math<\/title>\n<meta name=\"robots\" content=\"index, follow, max-snippet:-1, max-image-preview:large, max-video-preview:-1\" \/>\n<link rel=\"canonical\" href=\"https:\/\/cie.uprrp.edu\/elicit-math\/conferencias\/sidim-xxxvii-2022\/\" \/>\n<meta property=\"og:locale\" content=\"en_US\" \/>\n<meta property=\"og:type\" content=\"article\" \/>\n<meta property=\"og:title\" content=\"SIDIM XXXVII (2022) - ELICIT-Math\" \/>\n<meta property=\"og:description\" content=\"Libro de Re\u00famenes &#8211; SIDIM 2022 M\u00e9todos de investigaci\u00f3n en un programa de formaci\u00f3n de maestros que incluye el estudio de lecciones y el uso de tecnolog\u00eda de interconectividad Como citar: Hern\u00e1ndez Rodr\u00edguez, O., Villafa\u00f1e Cepeda, W., Moreno Concepci\u00f3n, J. &hellip;\" \/>\n<meta property=\"og:url\" content=\"https:\/\/cie.uprrp.edu\/elicit-math\/conferencias\/sidim-xxxvii-2022\/\" \/>\n<meta property=\"og:site_name\" content=\"ELICIT-Math\" \/>\n<meta property=\"article:modified_time\" content=\"2022-12-08T18:03:10+00:00\" \/>\n<meta property=\"og:image\" content=\"https:\/\/cie.uprrp.edu\/elicit-math\/wp-content\/uploads\/sites\/13\/2022\/12\/sidim.png\" \/>\n<meta name=\"twitter:card\" content=\"summary_large_image\" \/>\n<meta name=\"twitter:label1\" content=\"Est. reading time\" \/>\n\t<meta name=\"twitter:data1\" content=\"4 minutes\" \/>\n<script type=\"application\/ld+json\" class=\"yoast-schema-graph\">{\"@context\":\"https:\\\/\\\/schema.org\",\"@graph\":[{\"@type\":\"WebPage\",\"@id\":\"https:\\\/\\\/cie.uprrp.edu\\\/elicit-math\\\/conferencias\\\/sidim-xxxvii-2022\\\/\",\"url\":\"https:\\\/\\\/cie.uprrp.edu\\\/elicit-math\\\/conferencias\\\/sidim-xxxvii-2022\\\/\",\"name\":\"SIDIM XXXVII (2022) - ELICIT-Math\",\"isPartOf\":{\"@id\":\"https:\\\/\\\/cie.uprrp.edu\\\/elicit-math\\\/#website\"},\"primaryImageOfPage\":{\"@id\":\"https:\\\/\\\/cie.uprrp.edu\\\/elicit-math\\\/conferencias\\\/sidim-xxxvii-2022\\\/#primaryimage\"},\"image\":{\"@id\":\"https:\\\/\\\/cie.uprrp.edu\\\/elicit-math\\\/conferencias\\\/sidim-xxxvii-2022\\\/#primaryimage\"},\"thumbnailUrl\":\"https:\\\/\\\/cie.uprrp.edu\\\/elicit-math\\\/wp-content\\\/uploads\\\/sites\\\/13\\\/2022\\\/12\\\/sidim.png\",\"datePublished\":\"2022-12-06T17:22:40+00:00\",\"dateModified\":\"2022-12-08T18:03:10+00:00\",\"breadcrumb\":{\"@id\":\"https:\\\/\\\/cie.uprrp.edu\\\/elicit-math\\\/conferencias\\\/sidim-xxxvii-2022\\\/#breadcrumb\"},\"inLanguage\":\"en-US\",\"potentialAction\":[{\"@type\":\"ReadAction\",\"target\":[\"https:\\\/\\\/cie.uprrp.edu\\\/elicit-math\\\/conferencias\\\/sidim-xxxvii-2022\\\/\"]}]},{\"@type\":\"ImageObject\",\"inLanguage\":\"en-US\",\"@id\":\"https:\\\/\\\/cie.uprrp.edu\\\/elicit-math\\\/conferencias\\\/sidim-xxxvii-2022\\\/#primaryimage\",\"url\":\"https:\\\/\\\/cie.uprrp.edu\\\/elicit-math\\\/wp-content\\\/uploads\\\/sites\\\/13\\\/2022\\\/12\\\/sidim.png\",\"contentUrl\":\"https:\\\/\\\/cie.uprrp.edu\\\/elicit-math\\\/wp-content\\\/uploads\\\/sites\\\/13\\\/2022\\\/12\\\/sidim.png\",\"width\":303,\"height\":166,\"caption\":\"sidim 2022\"},{\"@type\":\"BreadcrumbList\",\"@id\":\"https:\\\/\\\/cie.uprrp.edu\\\/elicit-math\\\/conferencias\\\/sidim-xxxvii-2022\\\/#breadcrumb\",\"itemListElement\":[{\"@type\":\"ListItem\",\"position\":1,\"name\":\"Home\",\"item\":\"https:\\\/\\\/cie.uprrp.edu\\\/elicit-math\\\/\"},{\"@type\":\"ListItem\",\"position\":2,\"name\":\"Conferencias\",\"item\":\"https:\\\/\\\/cie.uprrp.edu\\\/elicit-math\\\/conferencias\\\/\"},{\"@type\":\"ListItem\",\"position\":3,\"name\":\"SIDIM XXXVII (2022)\"}]},{\"@type\":\"WebSite\",\"@id\":\"https:\\\/\\\/cie.uprrp.edu\\\/elicit-math\\\/#website\",\"url\":\"https:\\\/\\\/cie.uprrp.edu\\\/elicit-math\\\/\",\"name\":\"ELICIT-Math\",\"description\":\"Developing Technological Pedagogical Content Knowledge of Pre-service Math Teachers\",\"potentialAction\":[{\"@type\":\"SearchAction\",\"target\":{\"@type\":\"EntryPoint\",\"urlTemplate\":\"https:\\\/\\\/cie.uprrp.edu\\\/elicit-math\\\/?s={search_term_string}\"},\"query-input\":{\"@type\":\"PropertyValueSpecification\",\"valueRequired\":true,\"valueName\":\"search_term_string\"}}],\"inLanguage\":\"en-US\"}]}<\/script>\n<!-- \/ Yoast SEO plugin. -->","yoast_head_json":{"title":"SIDIM XXXVII (2022) - ELICIT-Math","robots":{"index":"index","follow":"follow","max-snippet":"max-snippet:-1","max-image-preview":"max-image-preview:large","max-video-preview":"max-video-preview:-1"},"canonical":"https:\/\/cie.uprrp.edu\/elicit-math\/conferencias\/sidim-xxxvii-2022\/","og_locale":"en_US","og_type":"article","og_title":"SIDIM XXXVII (2022) - ELICIT-Math","og_description":"Libro de Re\u00famenes &#8211; SIDIM 2022 M\u00e9todos de investigaci\u00f3n en un programa de formaci\u00f3n de maestros que incluye el estudio de lecciones y el uso de tecnolog\u00eda de interconectividad Como citar: Hern\u00e1ndez Rodr\u00edguez, O., Villafa\u00f1e Cepeda, W., Moreno Concepci\u00f3n, J. &hellip;","og_url":"https:\/\/cie.uprrp.edu\/elicit-math\/conferencias\/sidim-xxxvii-2022\/","og_site_name":"ELICIT-Math","article_modified_time":"2022-12-08T18:03:10+00:00","og_image":[{"url":"https:\/\/cie.uprrp.edu\/elicit-math\/wp-content\/uploads\/sites\/13\/2022\/12\/sidim.png","type":"","width":"","height":""}],"twitter_card":"summary_large_image","twitter_misc":{"Est. reading time":"4 minutes"},"schema":{"@context":"https:\/\/schema.org","@graph":[{"@type":"WebPage","@id":"https:\/\/cie.uprrp.edu\/elicit-math\/conferencias\/sidim-xxxvii-2022\/","url":"https:\/\/cie.uprrp.edu\/elicit-math\/conferencias\/sidim-xxxvii-2022\/","name":"SIDIM XXXVII (2022) - ELICIT-Math","isPartOf":{"@id":"https:\/\/cie.uprrp.edu\/elicit-math\/#website"},"primaryImageOfPage":{"@id":"https:\/\/cie.uprrp.edu\/elicit-math\/conferencias\/sidim-xxxvii-2022\/#primaryimage"},"image":{"@id":"https:\/\/cie.uprrp.edu\/elicit-math\/conferencias\/sidim-xxxvii-2022\/#primaryimage"},"thumbnailUrl":"https:\/\/cie.uprrp.edu\/elicit-math\/wp-content\/uploads\/sites\/13\/2022\/12\/sidim.png","datePublished":"2022-12-06T17:22:40+00:00","dateModified":"2022-12-08T18:03:10+00:00","breadcrumb":{"@id":"https:\/\/cie.uprrp.edu\/elicit-math\/conferencias\/sidim-xxxvii-2022\/#breadcrumb"},"inLanguage":"en-US","potentialAction":[{"@type":"ReadAction","target":["https:\/\/cie.uprrp.edu\/elicit-math\/conferencias\/sidim-xxxvii-2022\/"]}]},{"@type":"ImageObject","inLanguage":"en-US","@id":"https:\/\/cie.uprrp.edu\/elicit-math\/conferencias\/sidim-xxxvii-2022\/#primaryimage","url":"https:\/\/cie.uprrp.edu\/elicit-math\/wp-content\/uploads\/sites\/13\/2022\/12\/sidim.png","contentUrl":"https:\/\/cie.uprrp.edu\/elicit-math\/wp-content\/uploads\/sites\/13\/2022\/12\/sidim.png","width":303,"height":166,"caption":"sidim 2022"},{"@type":"BreadcrumbList","@id":"https:\/\/cie.uprrp.edu\/elicit-math\/conferencias\/sidim-xxxvii-2022\/#breadcrumb","itemListElement":[{"@type":"ListItem","position":1,"name":"Home","item":"https:\/\/cie.uprrp.edu\/elicit-math\/"},{"@type":"ListItem","position":2,"name":"Conferencias","item":"https:\/\/cie.uprrp.edu\/elicit-math\/conferencias\/"},{"@type":"ListItem","position":3,"name":"SIDIM XXXVII (2022)"}]},{"@type":"WebSite","@id":"https:\/\/cie.uprrp.edu\/elicit-math\/#website","url":"https:\/\/cie.uprrp.edu\/elicit-math\/","name":"ELICIT-Math","description":"Developing Technological Pedagogical Content Knowledge of Pre-service Math Teachers","potentialAction":[{"@type":"SearchAction","target":{"@type":"EntryPoint","urlTemplate":"https:\/\/cie.uprrp.edu\/elicit-math\/?s={search_term_string}"},"query-input":{"@type":"PropertyValueSpecification","valueRequired":true,"valueName":"search_term_string"}}],"inLanguage":"en-US"}]}},"_links":{"self":[{"href":"https:\/\/cie.uprrp.edu\/elicit-math\/wp-json\/wp\/v2\/pages\/16869","targetHints":{"allow":["GET"]}}],"collection":[{"href":"https:\/\/cie.uprrp.edu\/elicit-math\/wp-json\/wp\/v2\/pages"}],"about":[{"href":"https:\/\/cie.uprrp.edu\/elicit-math\/wp-json\/wp\/v2\/types\/page"}],"author":[{"embeddable":true,"href":"https:\/\/cie.uprrp.edu\/elicit-math\/wp-json\/wp\/v2\/users\/10"}],"replies":[{"embeddable":true,"href":"https:\/\/cie.uprrp.edu\/elicit-math\/wp-json\/wp\/v2\/comments?post=16869"}],"version-history":[{"count":15,"href":"https:\/\/cie.uprrp.edu\/elicit-math\/wp-json\/wp\/v2\/pages\/16869\/revisions"}],"predecessor-version":[{"id":17177,"href":"https:\/\/cie.uprrp.edu\/elicit-math\/wp-json\/wp\/v2\/pages\/16869\/revisions\/17177"}],"up":[{"embeddable":true,"href":"https:\/\/cie.uprrp.edu\/elicit-math\/wp-json\/wp\/v2\/pages\/16794"}],"wp:attachment":[{"href":"https:\/\/cie.uprrp.edu\/elicit-math\/wp-json\/wp\/v2\/media?parent=16869"}],"curies":[{"name":"wp","href":"https:\/\/api.w.org\/{rel}","templated":true}]}}