{"id":16875,"date":"2022-12-06T13:24:10","date_gmt":"2022-12-06T17:24:10","guid":{"rendered":"https:\/\/cie.uprrp.edu\/elicit-math\/?page_id=16875"},"modified":"2022-12-08T14:06:02","modified_gmt":"2022-12-08T18:06:02","slug":"sidim-xxxvi-2021","status":"publish","type":"page","link":"https:\/\/cie.uprrp.edu\/elicit-math\/conferencias\/sidim-xxxvi-2021\/","title":{"rendered":"SIDIM XXXVI (2021)"},"content":{"rendered":"<p style=\"text-align: center;\"><a href=\"https:\/\/sidim.uprh.edu\"><img loading=\"lazy\" decoding=\"async\" class=\"aligncenter wp-image-17104\" src=\"https:\/\/cie.uprrp.edu\/elicit-math\/wp-content\/uploads\/sites\/13\/2022\/12\/sidim2021-796x1024.png\" alt=\"Portada libro de res\u00famenes SIDIM 2021\" width=\"467\" height=\"600\" srcset=\"https:\/\/cie.uprrp.edu\/elicit-math\/wp-content\/uploads\/sites\/13\/2022\/12\/sidim2021-796x1024.png 796w, https:\/\/cie.uprrp.edu\/elicit-math\/wp-content\/uploads\/sites\/13\/2022\/12\/sidim2021-233x300.png 233w, https:\/\/cie.uprrp.edu\/elicit-math\/wp-content\/uploads\/sites\/13\/2022\/12\/sidim2021-768x988.png 768w, https:\/\/cie.uprrp.edu\/elicit-math\/wp-content\/uploads\/sites\/13\/2022\/12\/sidim2021-1194x1536.png 1194w, https:\/\/cie.uprrp.edu\/elicit-math\/wp-content\/uploads\/sites\/13\/2022\/12\/sidim2021.png 1280w\" sizes=\"auto, (max-width: 467px) 100vw, 467px\" \/><\/a><\/p>\n<p style=\"text-align: center;\"><a href=\"https:\/\/cie.uprrp.edu\/elicit-math\/wp-content\/uploads\/sites\/13\/2022\/12\/Libro-Resumenes-SIDIM-2021.pdf\"><strong>Libro Res\u00famenes SIDIM (2021)<\/strong><\/a><\/p>\n<p style=\"text-align: center;\">\n<h3>Presentaci\u00f3n del Proyecto: Developing Technological Pedagogical Content Knowledge of PreService Math Teachers<\/h3>\n<p><span style=\"font-size: 10pt;\"><span style=\"color: #e70033;\"><strong>Como citar:<\/strong><\/span> Hern\u00e1ndez Rodr\u00edguez, O., Villafa\u00f1e Cepeda, W., &amp; Gonz\u00e1lez, G. (2021, febrero 26-27). <em>Proyecto: Developing Technological Pedagogical Content Knowledge of PreService Math Teachers<\/em> [Charla Concurrente]. 36to Seminario Interuniversitario de Investigaci\u00f3n en Ciencias Matem\u00e1ticas (SIDIM XXXVI), Seminario Virtual.<\/span><\/p>\n<p>Presentamos los hallazgos y logros del proyecto interinstitucional\u00a0<em>Developing Technological Pedagogical Content Knowledge of Pre-Service Math Teachers\u00a0<\/em>(ELICIT-Math) en su primer a\u00f1o de implantaci\u00f3n. ELICIT-Math tiene como meta el establecimiento de pr\u00e1cticas para ayudar a los futuros maestros de matem\u00e1ticas del nivel secundario a dise\u00f1ar lecciones incorporando tecnolog\u00eda que permite la interconectividad en el sal\u00f3n de clases. El objetivo principal es desarrollar el conocimiento del contenido pedag\u00f3gico tecnol\u00f3gico (<em>TPACK<\/em>, por sus iniciales en ingl\u00e9s) para mejorar las capacidades de los estudiantes en cuanto a la compresi\u00f3n matem\u00e1tica, la fluidez en los procesos, la capacidad estrat\u00e9gica, el razonamiento adaptativo y la disposici\u00f3n productiva. Se describieron los cambios que se realizaron al curso de m\u00e9todos\u00a0<em>EDPE 4030: Manipulativos y tecnolog\u00eda en matem\u00e1ticas secundaria<\/em>,\u00a0para integrar las estrategias de\u00a0<em>Lesson Study<\/em>, el\u00a0<em>TPACK<\/em>, la orquestaci\u00f3n instrumental y los espacios h\u00edbridos. Inclu\u00edmos las iniciativas de colaboraci\u00f3n con el centro de pr\u00e1cticas, las estrategias para mejorar la transici\u00f3n de los cursos de m\u00e9todos a los de pr\u00e1cticas cl\u00ednicas, los m\u00e9todos de investigaci\u00f3n utilizados para contestar las preguntas de investigaci\u00f3n y las dificultades causadas por el cierre debido a la pandemia del COVID-19. Finalmente, describimos los cambios que realizamos para adaptarnos a las restricciones impuestas por la emergencia sanitaria, en especial, lo relacionado con el aprendizaje en l\u00ednea.<\/p>\n<p style=\"text-align: center;\"><a href=\"https:\/\/cie.uprrp.edu\/elicit-math\/wp-content\/uploads\/sites\/13\/2022\/12\/Presentacio\u0301n-ELICIT-SIDIM-2021-18-de-febrero.pdf\" class=\"pdfemb-viewer\" style=\"\" data-width=\"max\" data-height=\"max\" data-toolbar=\"bottom\" data-toolbar-fixed=\"off\">Presentacio\u0301n ELICIT (SIDIM 2021)-18 de febrero<\/a>\n","protected":false},"excerpt":{"rendered":"<p>Libro Res\u00famenes SIDIM (2021) Presentaci\u00f3n del Proyecto: Developing Technological Pedagogical Content Knowledge of PreService Math Teachers Como citar: Hern\u00e1ndez Rodr\u00edguez, O., Villafa\u00f1e Cepeda, W., &amp; Gonz\u00e1lez, G. (2021, febrero 26-27). Proyecto: Developing Technological Pedagogical Content Knowledge of PreService Math Teachers &hellip; <\/p>\n","protected":false},"author":10,"featured_media":0,"parent":16794,"menu_order":6,"comment_status":"closed","ping_status":"closed","template":"","meta":{"footnotes":""},"class_list":["post-16875","page","type-page","status-publish","hentry"],"yoast_head":"<!-- This site is optimized with the Yoast SEO plugin v27.3 - https:\/\/yoast.com\/product\/yoast-seo-wordpress\/ -->\n<title>SIDIM XXXVI (2021) - ELICIT-Math<\/title>\n<meta name=\"robots\" content=\"index, follow, max-snippet:-1, max-image-preview:large, max-video-preview:-1\" \/>\n<link rel=\"canonical\" href=\"https:\/\/cie.uprrp.edu\/elicit-math\/conferencias\/sidim-xxxvi-2021\/\" \/>\n<meta property=\"og:locale\" content=\"en_US\" \/>\n<meta property=\"og:type\" content=\"article\" \/>\n<meta property=\"og:title\" content=\"SIDIM XXXVI (2021) - ELICIT-Math\" \/>\n<meta property=\"og:description\" content=\"Libro Res\u00famenes SIDIM (2021) Presentaci\u00f3n del Proyecto: Developing Technological Pedagogical Content Knowledge of PreService Math Teachers Como citar: Hern\u00e1ndez Rodr\u00edguez, O., Villafa\u00f1e Cepeda, W., &amp; Gonz\u00e1lez, G. (2021, febrero 26-27). Proyecto: Developing Technological Pedagogical Content Knowledge of PreService Math Teachers &hellip;\" \/>\n<meta property=\"og:url\" content=\"https:\/\/cie.uprrp.edu\/elicit-math\/conferencias\/sidim-xxxvi-2021\/\" \/>\n<meta property=\"og:site_name\" content=\"ELICIT-Math\" \/>\n<meta property=\"article:modified_time\" content=\"2022-12-08T18:06:02+00:00\" \/>\n<meta property=\"og:image\" content=\"https:\/\/cie.uprrp.edu\/elicit-math\/wp-content\/uploads\/sites\/13\/2022\/12\/sidim2021-796x1024.png\" \/>\n<meta name=\"twitter:card\" content=\"summary_large_image\" \/>\n<meta name=\"twitter:label1\" content=\"Est. reading time\" \/>\n\t<meta name=\"twitter:data1\" content=\"2 minutes\" \/>\n<script type=\"application\/ld+json\" class=\"yoast-schema-graph\">{\"@context\":\"https:\\\/\\\/schema.org\",\"@graph\":[{\"@type\":\"WebPage\",\"@id\":\"https:\\\/\\\/cie.uprrp.edu\\\/elicit-math\\\/conferencias\\\/sidim-xxxvi-2021\\\/\",\"url\":\"https:\\\/\\\/cie.uprrp.edu\\\/elicit-math\\\/conferencias\\\/sidim-xxxvi-2021\\\/\",\"name\":\"SIDIM XXXVI (2021) - ELICIT-Math\",\"isPartOf\":{\"@id\":\"https:\\\/\\\/cie.uprrp.edu\\\/elicit-math\\\/#website\"},\"primaryImageOfPage\":{\"@id\":\"https:\\\/\\\/cie.uprrp.edu\\\/elicit-math\\\/conferencias\\\/sidim-xxxvi-2021\\\/#primaryimage\"},\"image\":{\"@id\":\"https:\\\/\\\/cie.uprrp.edu\\\/elicit-math\\\/conferencias\\\/sidim-xxxvi-2021\\\/#primaryimage\"},\"thumbnailUrl\":\"https:\\\/\\\/cie.uprrp.edu\\\/elicit-math\\\/wp-content\\\/uploads\\\/sites\\\/13\\\/2022\\\/12\\\/sidim2021-796x1024.png\",\"datePublished\":\"2022-12-06T17:24:10+00:00\",\"dateModified\":\"2022-12-08T18:06:02+00:00\",\"breadcrumb\":{\"@id\":\"https:\\\/\\\/cie.uprrp.edu\\\/elicit-math\\\/conferencias\\\/sidim-xxxvi-2021\\\/#breadcrumb\"},\"inLanguage\":\"en-US\",\"potentialAction\":[{\"@type\":\"ReadAction\",\"target\":[\"https:\\\/\\\/cie.uprrp.edu\\\/elicit-math\\\/conferencias\\\/sidim-xxxvi-2021\\\/\"]}]},{\"@type\":\"ImageObject\",\"inLanguage\":\"en-US\",\"@id\":\"https:\\\/\\\/cie.uprrp.edu\\\/elicit-math\\\/conferencias\\\/sidim-xxxvi-2021\\\/#primaryimage\",\"url\":\"https:\\\/\\\/cie.uprrp.edu\\\/elicit-math\\\/wp-content\\\/uploads\\\/sites\\\/13\\\/2022\\\/12\\\/sidim2021.png\",\"contentUrl\":\"https:\\\/\\\/cie.uprrp.edu\\\/elicit-math\\\/wp-content\\\/uploads\\\/sites\\\/13\\\/2022\\\/12\\\/sidim2021.png\",\"width\":1280,\"height\":1646,\"caption\":\"Portada libro de res\u00famenes SIDIM 2021\"},{\"@type\":\"BreadcrumbList\",\"@id\":\"https:\\\/\\\/cie.uprrp.edu\\\/elicit-math\\\/conferencias\\\/sidim-xxxvi-2021\\\/#breadcrumb\",\"itemListElement\":[{\"@type\":\"ListItem\",\"position\":1,\"name\":\"Home\",\"item\":\"https:\\\/\\\/cie.uprrp.edu\\\/elicit-math\\\/\"},{\"@type\":\"ListItem\",\"position\":2,\"name\":\"Conferencias\",\"item\":\"https:\\\/\\\/cie.uprrp.edu\\\/elicit-math\\\/conferencias\\\/\"},{\"@type\":\"ListItem\",\"position\":3,\"name\":\"SIDIM XXXVI (2021)\"}]},{\"@type\":\"WebSite\",\"@id\":\"https:\\\/\\\/cie.uprrp.edu\\\/elicit-math\\\/#website\",\"url\":\"https:\\\/\\\/cie.uprrp.edu\\\/elicit-math\\\/\",\"name\":\"ELICIT-Math\",\"description\":\"Developing Technological Pedagogical Content Knowledge of Pre-service Math Teachers\",\"potentialAction\":[{\"@type\":\"SearchAction\",\"target\":{\"@type\":\"EntryPoint\",\"urlTemplate\":\"https:\\\/\\\/cie.uprrp.edu\\\/elicit-math\\\/?s={search_term_string}\"},\"query-input\":{\"@type\":\"PropertyValueSpecification\",\"valueRequired\":true,\"valueName\":\"search_term_string\"}}],\"inLanguage\":\"en-US\"}]}<\/script>\n<!-- \/ Yoast SEO plugin. -->","yoast_head_json":{"title":"SIDIM XXXVI (2021) - ELICIT-Math","robots":{"index":"index","follow":"follow","max-snippet":"max-snippet:-1","max-image-preview":"max-image-preview:large","max-video-preview":"max-video-preview:-1"},"canonical":"https:\/\/cie.uprrp.edu\/elicit-math\/conferencias\/sidim-xxxvi-2021\/","og_locale":"en_US","og_type":"article","og_title":"SIDIM XXXVI (2021) - ELICIT-Math","og_description":"Libro Res\u00famenes SIDIM (2021) Presentaci\u00f3n del Proyecto: Developing Technological Pedagogical Content Knowledge of PreService Math Teachers Como citar: Hern\u00e1ndez Rodr\u00edguez, O., Villafa\u00f1e Cepeda, W., &amp; Gonz\u00e1lez, G. (2021, febrero 26-27). Proyecto: Developing Technological Pedagogical Content Knowledge of PreService Math Teachers &hellip;","og_url":"https:\/\/cie.uprrp.edu\/elicit-math\/conferencias\/sidim-xxxvi-2021\/","og_site_name":"ELICIT-Math","article_modified_time":"2022-12-08T18:06:02+00:00","og_image":[{"url":"https:\/\/cie.uprrp.edu\/elicit-math\/wp-content\/uploads\/sites\/13\/2022\/12\/sidim2021-796x1024.png","type":"","width":"","height":""}],"twitter_card":"summary_large_image","twitter_misc":{"Est. reading time":"2 minutes"},"schema":{"@context":"https:\/\/schema.org","@graph":[{"@type":"WebPage","@id":"https:\/\/cie.uprrp.edu\/elicit-math\/conferencias\/sidim-xxxvi-2021\/","url":"https:\/\/cie.uprrp.edu\/elicit-math\/conferencias\/sidim-xxxvi-2021\/","name":"SIDIM XXXVI (2021) - ELICIT-Math","isPartOf":{"@id":"https:\/\/cie.uprrp.edu\/elicit-math\/#website"},"primaryImageOfPage":{"@id":"https:\/\/cie.uprrp.edu\/elicit-math\/conferencias\/sidim-xxxvi-2021\/#primaryimage"},"image":{"@id":"https:\/\/cie.uprrp.edu\/elicit-math\/conferencias\/sidim-xxxvi-2021\/#primaryimage"},"thumbnailUrl":"https:\/\/cie.uprrp.edu\/elicit-math\/wp-content\/uploads\/sites\/13\/2022\/12\/sidim2021-796x1024.png","datePublished":"2022-12-06T17:24:10+00:00","dateModified":"2022-12-08T18:06:02+00:00","breadcrumb":{"@id":"https:\/\/cie.uprrp.edu\/elicit-math\/conferencias\/sidim-xxxvi-2021\/#breadcrumb"},"inLanguage":"en-US","potentialAction":[{"@type":"ReadAction","target":["https:\/\/cie.uprrp.edu\/elicit-math\/conferencias\/sidim-xxxvi-2021\/"]}]},{"@type":"ImageObject","inLanguage":"en-US","@id":"https:\/\/cie.uprrp.edu\/elicit-math\/conferencias\/sidim-xxxvi-2021\/#primaryimage","url":"https:\/\/cie.uprrp.edu\/elicit-math\/wp-content\/uploads\/sites\/13\/2022\/12\/sidim2021.png","contentUrl":"https:\/\/cie.uprrp.edu\/elicit-math\/wp-content\/uploads\/sites\/13\/2022\/12\/sidim2021.png","width":1280,"height":1646,"caption":"Portada libro de res\u00famenes SIDIM 2021"},{"@type":"BreadcrumbList","@id":"https:\/\/cie.uprrp.edu\/elicit-math\/conferencias\/sidim-xxxvi-2021\/#breadcrumb","itemListElement":[{"@type":"ListItem","position":1,"name":"Home","item":"https:\/\/cie.uprrp.edu\/elicit-math\/"},{"@type":"ListItem","position":2,"name":"Conferencias","item":"https:\/\/cie.uprrp.edu\/elicit-math\/conferencias\/"},{"@type":"ListItem","position":3,"name":"SIDIM XXXVI (2021)"}]},{"@type":"WebSite","@id":"https:\/\/cie.uprrp.edu\/elicit-math\/#website","url":"https:\/\/cie.uprrp.edu\/elicit-math\/","name":"ELICIT-Math","description":"Developing Technological Pedagogical Content Knowledge of Pre-service Math Teachers","potentialAction":[{"@type":"SearchAction","target":{"@type":"EntryPoint","urlTemplate":"https:\/\/cie.uprrp.edu\/elicit-math\/?s={search_term_string}"},"query-input":{"@type":"PropertyValueSpecification","valueRequired":true,"valueName":"search_term_string"}}],"inLanguage":"en-US"}]}},"_links":{"self":[{"href":"https:\/\/cie.uprrp.edu\/elicit-math\/wp-json\/wp\/v2\/pages\/16875","targetHints":{"allow":["GET"]}}],"collection":[{"href":"https:\/\/cie.uprrp.edu\/elicit-math\/wp-json\/wp\/v2\/pages"}],"about":[{"href":"https:\/\/cie.uprrp.edu\/elicit-math\/wp-json\/wp\/v2\/types\/page"}],"author":[{"embeddable":true,"href":"https:\/\/cie.uprrp.edu\/elicit-math\/wp-json\/wp\/v2\/users\/10"}],"replies":[{"embeddable":true,"href":"https:\/\/cie.uprrp.edu\/elicit-math\/wp-json\/wp\/v2\/comments?post=16875"}],"version-history":[{"count":6,"href":"https:\/\/cie.uprrp.edu\/elicit-math\/wp-json\/wp\/v2\/pages\/16875\/revisions"}],"predecessor-version":[{"id":17115,"href":"https:\/\/cie.uprrp.edu\/elicit-math\/wp-json\/wp\/v2\/pages\/16875\/revisions\/17115"}],"up":[{"embeddable":true,"href":"https:\/\/cie.uprrp.edu\/elicit-math\/wp-json\/wp\/v2\/pages\/16794"}],"wp:attachment":[{"href":"https:\/\/cie.uprrp.edu\/elicit-math\/wp-json\/wp\/v2\/media?parent=16875"}],"curies":[{"name":"wp","href":"https:\/\/api.w.org\/{rel}","templated":true}]}}