{"id":16879,"date":"2022-12-06T13:25:20","date_gmt":"2022-12-06T17:25:20","guid":{"rendered":"https:\/\/cie.uprrp.edu\/elicit-math\/?page_id=16879"},"modified":"2022-12-08T14:27:28","modified_gmt":"2022-12-08T18:27:28","slug":"pme-na-42-2020","status":"publish","type":"page","link":"https:\/\/cie.uprrp.edu\/elicit-math\/conferencias\/pme-na-42-2020\/","title":{"rendered":"PME-NA 42 (2020)"},"content":{"rendered":"<p style=\"text-align: center;\"><a href=\"https:\/\/pmena2020.cinvestav.mx\"><img loading=\"lazy\" decoding=\"async\" class=\"aligncenter wp-image-17122 size-large\" src=\"https:\/\/cie.uprrp.edu\/elicit-math\/wp-content\/uploads\/sites\/13\/2022\/12\/pmena42-1024x468.png\" alt=\"Banner PME NA 42\" width=\"1024\" height=\"468\" srcset=\"https:\/\/cie.uprrp.edu\/elicit-math\/wp-content\/uploads\/sites\/13\/2022\/12\/pmena42-1024x468.png 1024w, https:\/\/cie.uprrp.edu\/elicit-math\/wp-content\/uploads\/sites\/13\/2022\/12\/pmena42-300x137.png 300w, https:\/\/cie.uprrp.edu\/elicit-math\/wp-content\/uploads\/sites\/13\/2022\/12\/pmena42-768x351.png 768w, https:\/\/cie.uprrp.edu\/elicit-math\/wp-content\/uploads\/sites\/13\/2022\/12\/pmena42.png 1280w\" sizes=\"auto, (max-width: 1024px) 100vw, 1024px\" \/><\/a><a href=\"https:\/\/pmena2020.cinvestav.mx\/Program-Proceedings\"><strong>Proceedings &#8211; PME Na 42 (2020)<\/strong><\/a><\/p>\n<h3>Conocimiento tecnol\u00f3gico de los futuros maestros de matem\u00e1ticas al iniciar sus cursos de metodolog\u00eda<\/h3>\n<p><span style=\"font-size: 10pt;\"><span style=\"color: #e70033;\"><strong>C\u00f3mo citar:<\/strong><\/span> Choque-Dextre, Y., Moreno-Concepci\u00f3n, J., Hern\u00e1ndez-Rodr\u00edguez, O., Villafa\u00f1e-Cepeda,W., &amp; Gonz\u00e1lez, G. (2020). Conocimiento tecnol\u00f3gico de los futuros maestros de matem\u00e1ticas al iniciar sus cursos de metodolog\u00eda. En A. I. Sacrist\u00e1n, J. C. Cort\u00e9s-Zavala &amp; P. M. Ruiz-Arias, (Eds.), <em>Mathematics Education Across Cultures: Proceedings of the 42nd Meeting of the North American Chapter of the International Group for the Psychology of Mathematics Education<\/em> (pp. 892-894). Mexico. Cinvestav \/ AMIUTEM \/ PME-NA. <\/span><a href=\"https:\/\/doi.org\/10.51272\/pmena.42.2020-135\"><span style=\"font-size: 10pt;\">https:\/\/doi.org\/10.51272\/pmena.42.2020-135<\/span><\/a><\/p>\n<p>Los maestros en formaci\u00f3n deben aprender a utilizar herramientas como las calculadoras cient\u00edficas, los sistemas algebraicos computadorizados, los procesadores de textos y los entornos matem\u00e1ticos din\u00e1micos. Estas herramientas permiten a los usuarios trabajar con objetos matem\u00e1ticos, realizar tareas especializadas, responder de una forma matem\u00e1tica definida y trasmitir conocimientos matem\u00e1ticos (Dick &amp; Hollebrands, 2011). Para lograr la integraci\u00f3n de la tecnolog\u00eda en la educaci\u00f3n matem\u00e1tica el rol del maestro es muy importante ya que de sus creencias y conocimientos depender\u00e1 el uso que haga de ellas en el sal\u00f3n de clases (Julie et al., 2010).<\/p>\n<p>El objetivo de este trabajo es determinar las creencias, el conocimiento sobre la tecnolog\u00eda y su integraci\u00f3n en la ense\u00f1anza de las matem\u00e1ticas de un grupo de maestros en formaci\u00f3n al inicio de su primer curso de metodolog\u00eda de ense\u00f1anza de las matem\u00e1ticas en el nivel secundario (N=11). Se realizaron entrevistas y se administr\u00f3 un cuestionario para determinar el perfil de uso de la tecnolog\u00eda en la escuela y en la universidad de los participantes.<\/p>\n<p>Los resultados demuestran que los participantes han utilizado calculadoras cient\u00edficas, programas gestores de contenido y plataformas en l\u00ednea. Sin embargo, tienen poca experiencia en programas que les permitan trabajar con objetos matem\u00e1ticos (Geometr\u00eda Din\u00e1mica o \u201cComputer Algebra Systems\u201d). Los participantes de este estudio han tenido un acercamiento con la tecnolog\u00eda de bajo nivel ya que tanto ellos como sus maestros utilizaron la computadora principalmente para hacer presentaciones y las calculadoras para corroborar resultados obtenidos con l\u00e1piz y papel (Sacrist\u00e1n, 2017). El 98% de los maestros en formaci\u00f3n ha utilizado para fines acad\u00e9micos procesadores de palabras, hojas de c\u00e1lculo, presentaciones, correos electr\u00f3nicos y nubes de almacenamiento. Igualmente, un 59% indica que han aprendido ha utilizar estas tecnolog\u00edas por su propia cuenta. En relaci\u00f3n con las creencias, los participantes indican que la tecnolog\u00eda orientada al aprendizaje matem\u00e1tico mejora la calidad de la educaci\u00f3n, la participaci\u00f3n, el trabajo cooperativo, el aprendizaje individualizado y la motivaci\u00f3n en los estudiantes.<\/p>\n<p>Los participantes tienen una orientaci\u00f3n positiva hacia el uso de la tecnolog\u00eda en las matem\u00e1ticas. Sin embargo, sus experiencias y conocimientos no son suficientes para hacer trabajo matem\u00e1tico o para ense\u00f1ar matem\u00e1ticas. Por ello, es necesario exponer a los futuros maestros a experiencias que les permita una integraci\u00f3n que facilite el aprendizaje de sus estudiantes (Julie et al. 2010; \u00d6nal, 2016; Sacrist\u00e1n 2017). Proponemos que en la formaci\u00f3n de maestros se utilice sistem\u00e1ticamente un marco te\u00f3rico del conocimiento pedag\u00f3gico, tecnol\u00f3gico y de contenido necesario para ense\u00f1ar matem\u00e1ticas (Harris et al., 2009; Hollebrands, 2017; Rosenberg &amp; Koehler, 2015).<\/p>\n<p style=\"text-align: center;\"><iframe loading=\"lazy\" title=\"YouTube video player\" src=\"\/\/www.youtube.com\/embed\/jLI1p4cICZw\" width=\"700\" height=\"394\" frameborder=\"0\" allowfullscreen=\"allowfullscreen\"><\/iframe><\/p>\n<p style=\"text-align: center;\"><a href=\"https:\/\/cie.uprrp.edu\/elicit-math\/wp-content\/uploads\/sites\/13\/2022\/12\/Poster-PME-NA-42-2020.pdf\" class=\"pdfemb-viewer\" style=\"\" data-width=\"max\" data-height=\"max\" data-toolbar=\"bottom\" data-toolbar-fixed=\"off\">Poster PME-NA 42 (2020)<\/a>\n<h4>\n<p>Referencias<\/h4>\n<p>Dick, T. P. &amp; Hollebrands, K. F. (2011). <em>Focus in high school mathematics: Technology to support reasoning and sense making<\/em>. National Council of Teachers of Mathematics.<\/p>\n<p>Harris, J., Mishra, P., &amp; Koehler, M. (2009). Teachers\u2019 technological pedagogical content knowledge and learning activity types: Curriculum-based technology integration reframed. <em>Journal of Research on Technology in Education, 41<\/em>(4), 393-416.<\/p>\n<p>Julie, C., Leung, A., Thanh, N., Posadas, L., Sacrist\u00e1n, A. I., &amp; Semenov, A. (2010). Some regional developments in access and implementation of digital technologies and ICT. En C. Hoyles &amp; J. B. Lagrange (Eds.), <em>Mathematics education and technology \u2013 Rethinking the terrain. The 17th ICMI study<\/em>. (Vol. 13, New ICMI Study Series, pp. 361-383). Springer. <a href=\"https:\/\/doi.org\/10.1007\/978-1-4419-0146-0_19\">https:\/\/doi.org\/10.1007\/978-1-4419-0146-0_19<\/a><\/p>\n<p>\u00d6nal, N. (2016). Development, validity and reliability of TPACK Scale with pre-service mathematics teachers. <em>International Online Journal of Educational Sciences, 8<\/em>(2), 93-107.<\/p>\n<p>Rosenberg, J. M. &amp; Koehler, M. J. (2015). Content and technological pedagogical content knowledge (TPACK): A systematic review. <em>Journal of Research in Technology Education, 47<\/em>(3), 186-210.<\/p>\n<p>Sacrist\u00e1n, A. I. (2017). Digital technologies in mathematics classrooms: Barriers, lessons and focus on teachers. En E. Galindo &amp; J. Newton (Eds.). <em>Proceedings of the 39th annual meeting of the North American Chapter of the International Group for the Psychology of Mathematics Education<\/em> (pp. 80-89). PME-NA, Indianapolis, IN: Hoosier Association of Mathematics Teacher Educators.<\/p>\n","protected":false},"excerpt":{"rendered":"<p>Proceedings &#8211; PME Na 42 (2020) Conocimiento tecnol\u00f3gico de los futuros maestros de matem\u00e1ticas al iniciar sus cursos de metodolog\u00eda C\u00f3mo citar: Choque-Dextre, Y., Moreno-Concepci\u00f3n, J., Hern\u00e1ndez-Rodr\u00edguez, O., Villafa\u00f1e-Cepeda,W., &amp; Gonz\u00e1lez, G. (2020). Conocimiento tecnol\u00f3gico de los futuros maestros de &hellip; <\/p>\n","protected":false},"author":10,"featured_media":0,"parent":16794,"menu_order":8,"comment_status":"closed","ping_status":"closed","template":"","meta":{"footnotes":""},"class_list":["post-16879","page","type-page","status-publish","hentry"],"yoast_head":"<!-- This site is optimized with the Yoast SEO plugin v27.3 - https:\/\/yoast.com\/product\/yoast-seo-wordpress\/ -->\n<title>PME-NA 42 (2020) - ELICIT-Math<\/title>\n<meta name=\"robots\" content=\"index, follow, max-snippet:-1, max-image-preview:large, max-video-preview:-1\" \/>\n<link rel=\"canonical\" href=\"https:\/\/cie.uprrp.edu\/elicit-math\/conferencias\/pme-na-42-2020\/\" \/>\n<meta property=\"og:locale\" content=\"en_US\" \/>\n<meta property=\"og:type\" content=\"article\" \/>\n<meta property=\"og:title\" content=\"PME-NA 42 (2020) - ELICIT-Math\" \/>\n<meta property=\"og:description\" content=\"Proceedings &#8211; PME Na 42 (2020) Conocimiento tecnol\u00f3gico de los futuros maestros de matem\u00e1ticas al iniciar sus cursos de metodolog\u00eda C\u00f3mo citar: Choque-Dextre, Y., Moreno-Concepci\u00f3n, J., Hern\u00e1ndez-Rodr\u00edguez, O., Villafa\u00f1e-Cepeda,W., &amp; Gonz\u00e1lez, G. (2020). Conocimiento tecnol\u00f3gico de los futuros maestros de &hellip;\" \/>\n<meta property=\"og:url\" content=\"https:\/\/cie.uprrp.edu\/elicit-math\/conferencias\/pme-na-42-2020\/\" \/>\n<meta property=\"og:site_name\" content=\"ELICIT-Math\" \/>\n<meta property=\"article:modified_time\" content=\"2022-12-08T18:27:28+00:00\" \/>\n<meta property=\"og:image\" content=\"https:\/\/cie.uprrp.edu\/elicit-math\/wp-content\/uploads\/sites\/13\/2022\/12\/pmena42-1024x468.png\" \/>\n<meta name=\"twitter:card\" content=\"summary_large_image\" \/>\n<meta name=\"twitter:label1\" content=\"Est. reading time\" \/>\n\t<meta name=\"twitter:data1\" content=\"4 minutes\" \/>\n<script type=\"application\/ld+json\" class=\"yoast-schema-graph\">{\"@context\":\"https:\\\/\\\/schema.org\",\"@graph\":[{\"@type\":\"WebPage\",\"@id\":\"https:\\\/\\\/cie.uprrp.edu\\\/elicit-math\\\/conferencias\\\/pme-na-42-2020\\\/\",\"url\":\"https:\\\/\\\/cie.uprrp.edu\\\/elicit-math\\\/conferencias\\\/pme-na-42-2020\\\/\",\"name\":\"PME-NA 42 (2020) - ELICIT-Math\",\"isPartOf\":{\"@id\":\"https:\\\/\\\/cie.uprrp.edu\\\/elicit-math\\\/#website\"},\"primaryImageOfPage\":{\"@id\":\"https:\\\/\\\/cie.uprrp.edu\\\/elicit-math\\\/conferencias\\\/pme-na-42-2020\\\/#primaryimage\"},\"image\":{\"@id\":\"https:\\\/\\\/cie.uprrp.edu\\\/elicit-math\\\/conferencias\\\/pme-na-42-2020\\\/#primaryimage\"},\"thumbnailUrl\":\"https:\\\/\\\/cie.uprrp.edu\\\/elicit-math\\\/wp-content\\\/uploads\\\/sites\\\/13\\\/2022\\\/12\\\/pmena42-1024x468.png\",\"datePublished\":\"2022-12-06T17:25:20+00:00\",\"dateModified\":\"2022-12-08T18:27:28+00:00\",\"breadcrumb\":{\"@id\":\"https:\\\/\\\/cie.uprrp.edu\\\/elicit-math\\\/conferencias\\\/pme-na-42-2020\\\/#breadcrumb\"},\"inLanguage\":\"en-US\",\"potentialAction\":[{\"@type\":\"ReadAction\",\"target\":[\"https:\\\/\\\/cie.uprrp.edu\\\/elicit-math\\\/conferencias\\\/pme-na-42-2020\\\/\"]}]},{\"@type\":\"ImageObject\",\"inLanguage\":\"en-US\",\"@id\":\"https:\\\/\\\/cie.uprrp.edu\\\/elicit-math\\\/conferencias\\\/pme-na-42-2020\\\/#primaryimage\",\"url\":\"https:\\\/\\\/cie.uprrp.edu\\\/elicit-math\\\/wp-content\\\/uploads\\\/sites\\\/13\\\/2022\\\/12\\\/pmena42.png\",\"contentUrl\":\"https:\\\/\\\/cie.uprrp.edu\\\/elicit-math\\\/wp-content\\\/uploads\\\/sites\\\/13\\\/2022\\\/12\\\/pmena42.png\",\"width\":1280,\"height\":585,\"caption\":\"Banner PME NA 42\"},{\"@type\":\"BreadcrumbList\",\"@id\":\"https:\\\/\\\/cie.uprrp.edu\\\/elicit-math\\\/conferencias\\\/pme-na-42-2020\\\/#breadcrumb\",\"itemListElement\":[{\"@type\":\"ListItem\",\"position\":1,\"name\":\"Home\",\"item\":\"https:\\\/\\\/cie.uprrp.edu\\\/elicit-math\\\/\"},{\"@type\":\"ListItem\",\"position\":2,\"name\":\"Conferencias\",\"item\":\"https:\\\/\\\/cie.uprrp.edu\\\/elicit-math\\\/conferencias\\\/\"},{\"@type\":\"ListItem\",\"position\":3,\"name\":\"PME-NA 42 (2020)\"}]},{\"@type\":\"WebSite\",\"@id\":\"https:\\\/\\\/cie.uprrp.edu\\\/elicit-math\\\/#website\",\"url\":\"https:\\\/\\\/cie.uprrp.edu\\\/elicit-math\\\/\",\"name\":\"ELICIT-Math\",\"description\":\"Developing Technological Pedagogical Content Knowledge of Pre-service Math Teachers\",\"potentialAction\":[{\"@type\":\"SearchAction\",\"target\":{\"@type\":\"EntryPoint\",\"urlTemplate\":\"https:\\\/\\\/cie.uprrp.edu\\\/elicit-math\\\/?s={search_term_string}\"},\"query-input\":{\"@type\":\"PropertyValueSpecification\",\"valueRequired\":true,\"valueName\":\"search_term_string\"}}],\"inLanguage\":\"en-US\"}]}<\/script>\n<!-- \/ Yoast SEO plugin. -->","yoast_head_json":{"title":"PME-NA 42 (2020) - ELICIT-Math","robots":{"index":"index","follow":"follow","max-snippet":"max-snippet:-1","max-image-preview":"max-image-preview:large","max-video-preview":"max-video-preview:-1"},"canonical":"https:\/\/cie.uprrp.edu\/elicit-math\/conferencias\/pme-na-42-2020\/","og_locale":"en_US","og_type":"article","og_title":"PME-NA 42 (2020) - ELICIT-Math","og_description":"Proceedings &#8211; PME Na 42 (2020) Conocimiento tecnol\u00f3gico de los futuros maestros de matem\u00e1ticas al iniciar sus cursos de metodolog\u00eda C\u00f3mo citar: Choque-Dextre, Y., Moreno-Concepci\u00f3n, J., Hern\u00e1ndez-Rodr\u00edguez, O., Villafa\u00f1e-Cepeda,W., &amp; Gonz\u00e1lez, G. (2020). Conocimiento tecnol\u00f3gico de los futuros maestros de &hellip;","og_url":"https:\/\/cie.uprrp.edu\/elicit-math\/conferencias\/pme-na-42-2020\/","og_site_name":"ELICIT-Math","article_modified_time":"2022-12-08T18:27:28+00:00","og_image":[{"url":"https:\/\/cie.uprrp.edu\/elicit-math\/wp-content\/uploads\/sites\/13\/2022\/12\/pmena42-1024x468.png","type":"","width":"","height":""}],"twitter_card":"summary_large_image","twitter_misc":{"Est. reading time":"4 minutes"},"schema":{"@context":"https:\/\/schema.org","@graph":[{"@type":"WebPage","@id":"https:\/\/cie.uprrp.edu\/elicit-math\/conferencias\/pme-na-42-2020\/","url":"https:\/\/cie.uprrp.edu\/elicit-math\/conferencias\/pme-na-42-2020\/","name":"PME-NA 42 (2020) - ELICIT-Math","isPartOf":{"@id":"https:\/\/cie.uprrp.edu\/elicit-math\/#website"},"primaryImageOfPage":{"@id":"https:\/\/cie.uprrp.edu\/elicit-math\/conferencias\/pme-na-42-2020\/#primaryimage"},"image":{"@id":"https:\/\/cie.uprrp.edu\/elicit-math\/conferencias\/pme-na-42-2020\/#primaryimage"},"thumbnailUrl":"https:\/\/cie.uprrp.edu\/elicit-math\/wp-content\/uploads\/sites\/13\/2022\/12\/pmena42-1024x468.png","datePublished":"2022-12-06T17:25:20+00:00","dateModified":"2022-12-08T18:27:28+00:00","breadcrumb":{"@id":"https:\/\/cie.uprrp.edu\/elicit-math\/conferencias\/pme-na-42-2020\/#breadcrumb"},"inLanguage":"en-US","potentialAction":[{"@type":"ReadAction","target":["https:\/\/cie.uprrp.edu\/elicit-math\/conferencias\/pme-na-42-2020\/"]}]},{"@type":"ImageObject","inLanguage":"en-US","@id":"https:\/\/cie.uprrp.edu\/elicit-math\/conferencias\/pme-na-42-2020\/#primaryimage","url":"https:\/\/cie.uprrp.edu\/elicit-math\/wp-content\/uploads\/sites\/13\/2022\/12\/pmena42.png","contentUrl":"https:\/\/cie.uprrp.edu\/elicit-math\/wp-content\/uploads\/sites\/13\/2022\/12\/pmena42.png","width":1280,"height":585,"caption":"Banner PME NA 42"},{"@type":"BreadcrumbList","@id":"https:\/\/cie.uprrp.edu\/elicit-math\/conferencias\/pme-na-42-2020\/#breadcrumb","itemListElement":[{"@type":"ListItem","position":1,"name":"Home","item":"https:\/\/cie.uprrp.edu\/elicit-math\/"},{"@type":"ListItem","position":2,"name":"Conferencias","item":"https:\/\/cie.uprrp.edu\/elicit-math\/conferencias\/"},{"@type":"ListItem","position":3,"name":"PME-NA 42 (2020)"}]},{"@type":"WebSite","@id":"https:\/\/cie.uprrp.edu\/elicit-math\/#website","url":"https:\/\/cie.uprrp.edu\/elicit-math\/","name":"ELICIT-Math","description":"Developing Technological Pedagogical Content Knowledge of Pre-service Math Teachers","potentialAction":[{"@type":"SearchAction","target":{"@type":"EntryPoint","urlTemplate":"https:\/\/cie.uprrp.edu\/elicit-math\/?s={search_term_string}"},"query-input":{"@type":"PropertyValueSpecification","valueRequired":true,"valueName":"search_term_string"}}],"inLanguage":"en-US"}]}},"_links":{"self":[{"href":"https:\/\/cie.uprrp.edu\/elicit-math\/wp-json\/wp\/v2\/pages\/16879","targetHints":{"allow":["GET"]}}],"collection":[{"href":"https:\/\/cie.uprrp.edu\/elicit-math\/wp-json\/wp\/v2\/pages"}],"about":[{"href":"https:\/\/cie.uprrp.edu\/elicit-math\/wp-json\/wp\/v2\/types\/page"}],"author":[{"embeddable":true,"href":"https:\/\/cie.uprrp.edu\/elicit-math\/wp-json\/wp\/v2\/users\/10"}],"replies":[{"embeddable":true,"href":"https:\/\/cie.uprrp.edu\/elicit-math\/wp-json\/wp\/v2\/comments?post=16879"}],"version-history":[{"count":6,"href":"https:\/\/cie.uprrp.edu\/elicit-math\/wp-json\/wp\/v2\/pages\/16879\/revisions"}],"predecessor-version":[{"id":17124,"href":"https:\/\/cie.uprrp.edu\/elicit-math\/wp-json\/wp\/v2\/pages\/16879\/revisions\/17124"}],"up":[{"embeddable":true,"href":"https:\/\/cie.uprrp.edu\/elicit-math\/wp-json\/wp\/v2\/pages\/16794"}],"wp:attachment":[{"href":"https:\/\/cie.uprrp.edu\/elicit-math\/wp-json\/wp\/v2\/media?parent=16879"}],"curies":[{"name":"wp","href":"https:\/\/api.w.org\/{rel}","templated":true}]}}