{"id":16968,"date":"2022-12-06T15:32:00","date_gmt":"2022-12-06T19:32:00","guid":{"rendered":"https:\/\/cie.uprrp.edu\/elicit-math\/?page_id=16968"},"modified":"2024-01-24T10:10:58","modified_gmt":"2024-01-24T14:10:58","slug":"wanda-villafane-cepeda","status":"publish","type":"page","link":"https:\/\/cie.uprrp.edu\/elicit-math\/wanda-villafane-cepeda\/","title":{"rendered":"Wanda Villafa\u00f1e-Cepeda"},"content":{"rendered":"<p><img loading=\"lazy\" decoding=\"async\" width=\"408\" height=\"408\" src=\"https:\/\/cie.uprrp.edu\/elicit-math\/wp-content\/uploads\/sites\/13\/2024\/01\/wanda.jpg\" alt=\"Foto de Wanda Villafa\u00f1e-Cepeda\" srcset=\"https:\/\/cie.uprrp.edu\/elicit-math\/wp-content\/uploads\/sites\/13\/2024\/01\/wanda.jpg 408w, https:\/\/cie.uprrp.edu\/elicit-math\/wp-content\/uploads\/sites\/13\/2024\/01\/wanda-300x300.jpg 300w, https:\/\/cie.uprrp.edu\/elicit-math\/wp-content\/uploads\/sites\/13\/2024\/01\/wanda-150x150.jpg 150w, https:\/\/cie.uprrp.edu\/elicit-math\/wp-content\/uploads\/sites\/13\/2024\/01\/wanda-65x65.jpg 65w\" sizes=\"auto, (max-width: 408px) 100vw, 408px\" \/>\t\t\t\t\t\t\t\t\t\t\t\t\t\t\t<\/p>\n<h2>\n<h1 id=\"h.cw7qqd88d5xa_l\" dir=\"ltr\" style=\"background-color: transparent; border-bottom: none; border-left: none; border-right: none; border-top: none; line-height: 1.2; margin-bottom: 0; margin-top: 0; padding-bottom: 0; padding-left: 0; padding-right: 0; padding-top: 0; text-align: left;\" tabindex=\"-1\">Wanda Villafa\u00f1e-Cepeda<\/h1>\n<\/h2>\n<p><strong>Investigadora principal<\/strong><br \/><a href=\"mailto:wanda.villafane1@upr.edu\"><strong>wanda.villafane1@upr.edu<\/strong><\/a><\/p>\n<p>Wanda Villafa\u00f1e-Cepeda es catedr\u00e1tica en el departamento de Programas y Ense\u00f1anza de la Facultad de Educaci\u00f3n de la Universidad de Puerto Rico, Recinto de R\u00edo Piedras. Recibi\u00f3 su Ed.D. en Curr\u00edculo y Ense\u00f1anza de Matem\u00e1ticas en el 2001 en la Universidad de Puerto Rico, Recinto de R\u00edo Piedras. Ense\u00f1a cursos de matem\u00e1ticas incluyendo M\u00e9todos Cuantitativos, Prec\u00e1lculo y Metodolog\u00eda de la ense\u00f1anza de matem\u00e1ticas tanto del nivel elemental como del secundario. Investiga sobre temas relacionados con el proceso de ense\u00f1anza-aprendizaje de matem\u00e1ticas y con estrategias innovadoras para aprender esta disciplina.<\/p>\n<p>Ha sido conferenciante en los Congresos Internacionales de Matem\u00e1ticas como el Seminario Interuniversitario de Investigaci\u00f3n Matem\u00e1tica: SIDIM (2021, 2020, 2018, 2017, 2016, 2015), ICME (2008), entre otros. En este momento (agosto 2021) es coinvestigadora principal del proyecto Developing Technological Pedagogical Content Knowledge of Pre-service Math Teachers by Enhancement of a Methods Course Using Instrumental Orchestration and Lesson Study Strategies, una iniciativa colaborativa con el Programa Subgraduado de Educaci\u00f3n Matem\u00e1tica de la UPR y la Universidad de Illinois. Este proyecto se implant\u00f3 en la Escuela Secundaria de la Universidad de Puerto Rico y acaba de terminar su segundo a\u00f1o. Al momento hemos redactado y sometido varios art\u00edculos a revistas profesionales arbitradas, algunos de los cuales ya han sido publicados.<\/p>\n","protected":false},"excerpt":{"rendered":"<p>Wanda Villafa\u00f1e-Cepeda Investigadora principalwanda.villafane1@upr.edu Wanda Villafa\u00f1e-Cepeda es catedr\u00e1tica en el departamento de Programas y Ense\u00f1anza de la Facultad de Educaci\u00f3n de la Universidad de Puerto Rico, Recinto de R\u00edo Piedras. Recibi\u00f3 su Ed.D. en Curr\u00edculo y Ense\u00f1anza de Matem\u00e1ticas en &hellip; <\/p>\n","protected":false},"author":10,"featured_media":0,"parent":0,"menu_order":0,"comment_status":"closed","ping_status":"closed","template":"","meta":{"footnotes":""},"class_list":["post-16968","page","type-page","status-publish","hentry"],"yoast_head":"<!-- This site is optimized with the Yoast SEO plugin v27.3 - https:\/\/yoast.com\/product\/yoast-seo-wordpress\/ -->\n<title>Wanda Villafa\u00f1e-Cepeda - ELICIT-Math<\/title>\n<meta name=\"robots\" content=\"index, follow, max-snippet:-1, max-image-preview:large, max-video-preview:-1\" \/>\n<link rel=\"canonical\" href=\"https:\/\/cie.uprrp.edu\/elicit-math\/wanda-villafane-cepeda\/\" \/>\n<meta property=\"og:locale\" content=\"en_US\" \/>\n<meta property=\"og:type\" content=\"article\" \/>\n<meta property=\"og:title\" content=\"Wanda Villafa\u00f1e-Cepeda - ELICIT-Math\" \/>\n<meta property=\"og:description\" content=\"Wanda Villafa\u00f1e-Cepeda Investigadora principalwanda.villafane1@upr.edu Wanda Villafa\u00f1e-Cepeda es catedr\u00e1tica en el departamento de Programas y Ense\u00f1anza de la Facultad de Educaci\u00f3n de la Universidad de Puerto Rico, Recinto de R\u00edo Piedras. Recibi\u00f3 su Ed.D. en Curr\u00edculo y Ense\u00f1anza de Matem\u00e1ticas en &hellip;\" \/>\n<meta property=\"og:url\" content=\"https:\/\/cie.uprrp.edu\/elicit-math\/wanda-villafane-cepeda\/\" \/>\n<meta property=\"og:site_name\" content=\"ELICIT-Math\" \/>\n<meta property=\"article:modified_time\" content=\"2024-01-24T14:10:58+00:00\" \/>\n<meta property=\"og:image\" content=\"https:\/\/cie.uprrp.edu\/elicit-math\/wp-content\/uploads\/sites\/13\/2024\/01\/wanda.jpg\" \/>\n<meta name=\"twitter:card\" content=\"summary_large_image\" \/>\n<meta name=\"twitter:label1\" content=\"Est. reading time\" \/>\n\t<meta name=\"twitter:data1\" content=\"2 minutes\" \/>\n<script type=\"application\/ld+json\" class=\"yoast-schema-graph\">{\"@context\":\"https:\\\/\\\/schema.org\",\"@graph\":[{\"@type\":\"WebPage\",\"@id\":\"https:\\\/\\\/cie.uprrp.edu\\\/elicit-math\\\/wanda-villafane-cepeda\\\/\",\"url\":\"https:\\\/\\\/cie.uprrp.edu\\\/elicit-math\\\/wanda-villafane-cepeda\\\/\",\"name\":\"Wanda Villafa\u00f1e-Cepeda - ELICIT-Math\",\"isPartOf\":{\"@id\":\"https:\\\/\\\/cie.uprrp.edu\\\/elicit-math\\\/#website\"},\"primaryImageOfPage\":{\"@id\":\"https:\\\/\\\/cie.uprrp.edu\\\/elicit-math\\\/wanda-villafane-cepeda\\\/#primaryimage\"},\"image\":{\"@id\":\"https:\\\/\\\/cie.uprrp.edu\\\/elicit-math\\\/wanda-villafane-cepeda\\\/#primaryimage\"},\"thumbnailUrl\":\"https:\\\/\\\/cie.uprrp.edu\\\/elicit-math\\\/wp-content\\\/uploads\\\/sites\\\/13\\\/2024\\\/01\\\/wanda.jpg\",\"datePublished\":\"2022-12-06T19:32:00+00:00\",\"dateModified\":\"2024-01-24T14:10:58+00:00\",\"breadcrumb\":{\"@id\":\"https:\\\/\\\/cie.uprrp.edu\\\/elicit-math\\\/wanda-villafane-cepeda\\\/#breadcrumb\"},\"inLanguage\":\"en-US\",\"potentialAction\":[{\"@type\":\"ReadAction\",\"target\":[\"https:\\\/\\\/cie.uprrp.edu\\\/elicit-math\\\/wanda-villafane-cepeda\\\/\"]}]},{\"@type\":\"ImageObject\",\"inLanguage\":\"en-US\",\"@id\":\"https:\\\/\\\/cie.uprrp.edu\\\/elicit-math\\\/wanda-villafane-cepeda\\\/#primaryimage\",\"url\":\"https:\\\/\\\/cie.uprrp.edu\\\/elicit-math\\\/wp-content\\\/uploads\\\/sites\\\/13\\\/2024\\\/01\\\/wanda.jpg\",\"contentUrl\":\"https:\\\/\\\/cie.uprrp.edu\\\/elicit-math\\\/wp-content\\\/uploads\\\/sites\\\/13\\\/2024\\\/01\\\/wanda.jpg\",\"width\":408,\"height\":408,\"caption\":\"Foto de Wanda Villafa\u00f1e-Cepeda\"},{\"@type\":\"BreadcrumbList\",\"@id\":\"https:\\\/\\\/cie.uprrp.edu\\\/elicit-math\\\/wanda-villafane-cepeda\\\/#breadcrumb\",\"itemListElement\":[{\"@type\":\"ListItem\",\"position\":1,\"name\":\"Home\",\"item\":\"https:\\\/\\\/cie.uprrp.edu\\\/elicit-math\\\/\"},{\"@type\":\"ListItem\",\"position\":2,\"name\":\"Wanda Villafa\u00f1e-Cepeda\"}]},{\"@type\":\"WebSite\",\"@id\":\"https:\\\/\\\/cie.uprrp.edu\\\/elicit-math\\\/#website\",\"url\":\"https:\\\/\\\/cie.uprrp.edu\\\/elicit-math\\\/\",\"name\":\"ELICIT-Math\",\"description\":\"Developing Technological Pedagogical Content Knowledge of Pre-service Math Teachers\",\"potentialAction\":[{\"@type\":\"SearchAction\",\"target\":{\"@type\":\"EntryPoint\",\"urlTemplate\":\"https:\\\/\\\/cie.uprrp.edu\\\/elicit-math\\\/?s={search_term_string}\"},\"query-input\":{\"@type\":\"PropertyValueSpecification\",\"valueRequired\":true,\"valueName\":\"search_term_string\"}}],\"inLanguage\":\"en-US\"}]}<\/script>\n<!-- \/ Yoast SEO plugin. -->","yoast_head_json":{"title":"Wanda Villafa\u00f1e-Cepeda - ELICIT-Math","robots":{"index":"index","follow":"follow","max-snippet":"max-snippet:-1","max-image-preview":"max-image-preview:large","max-video-preview":"max-video-preview:-1"},"canonical":"https:\/\/cie.uprrp.edu\/elicit-math\/wanda-villafane-cepeda\/","og_locale":"en_US","og_type":"article","og_title":"Wanda Villafa\u00f1e-Cepeda - ELICIT-Math","og_description":"Wanda Villafa\u00f1e-Cepeda Investigadora principalwanda.villafane1@upr.edu Wanda Villafa\u00f1e-Cepeda es catedr\u00e1tica en el departamento de Programas y Ense\u00f1anza de la Facultad de Educaci\u00f3n de la Universidad de Puerto Rico, Recinto de R\u00edo Piedras. Recibi\u00f3 su Ed.D. en Curr\u00edculo y Ense\u00f1anza de Matem\u00e1ticas en &hellip;","og_url":"https:\/\/cie.uprrp.edu\/elicit-math\/wanda-villafane-cepeda\/","og_site_name":"ELICIT-Math","article_modified_time":"2024-01-24T14:10:58+00:00","og_image":[{"url":"https:\/\/cie.uprrp.edu\/elicit-math\/wp-content\/uploads\/sites\/13\/2024\/01\/wanda.jpg","type":"","width":"","height":""}],"twitter_card":"summary_large_image","twitter_misc":{"Est. reading time":"2 minutes"},"schema":{"@context":"https:\/\/schema.org","@graph":[{"@type":"WebPage","@id":"https:\/\/cie.uprrp.edu\/elicit-math\/wanda-villafane-cepeda\/","url":"https:\/\/cie.uprrp.edu\/elicit-math\/wanda-villafane-cepeda\/","name":"Wanda Villafa\u00f1e-Cepeda - ELICIT-Math","isPartOf":{"@id":"https:\/\/cie.uprrp.edu\/elicit-math\/#website"},"primaryImageOfPage":{"@id":"https:\/\/cie.uprrp.edu\/elicit-math\/wanda-villafane-cepeda\/#primaryimage"},"image":{"@id":"https:\/\/cie.uprrp.edu\/elicit-math\/wanda-villafane-cepeda\/#primaryimage"},"thumbnailUrl":"https:\/\/cie.uprrp.edu\/elicit-math\/wp-content\/uploads\/sites\/13\/2024\/01\/wanda.jpg","datePublished":"2022-12-06T19:32:00+00:00","dateModified":"2024-01-24T14:10:58+00:00","breadcrumb":{"@id":"https:\/\/cie.uprrp.edu\/elicit-math\/wanda-villafane-cepeda\/#breadcrumb"},"inLanguage":"en-US","potentialAction":[{"@type":"ReadAction","target":["https:\/\/cie.uprrp.edu\/elicit-math\/wanda-villafane-cepeda\/"]}]},{"@type":"ImageObject","inLanguage":"en-US","@id":"https:\/\/cie.uprrp.edu\/elicit-math\/wanda-villafane-cepeda\/#primaryimage","url":"https:\/\/cie.uprrp.edu\/elicit-math\/wp-content\/uploads\/sites\/13\/2024\/01\/wanda.jpg","contentUrl":"https:\/\/cie.uprrp.edu\/elicit-math\/wp-content\/uploads\/sites\/13\/2024\/01\/wanda.jpg","width":408,"height":408,"caption":"Foto de Wanda Villafa\u00f1e-Cepeda"},{"@type":"BreadcrumbList","@id":"https:\/\/cie.uprrp.edu\/elicit-math\/wanda-villafane-cepeda\/#breadcrumb","itemListElement":[{"@type":"ListItem","position":1,"name":"Home","item":"https:\/\/cie.uprrp.edu\/elicit-math\/"},{"@type":"ListItem","position":2,"name":"Wanda Villafa\u00f1e-Cepeda"}]},{"@type":"WebSite","@id":"https:\/\/cie.uprrp.edu\/elicit-math\/#website","url":"https:\/\/cie.uprrp.edu\/elicit-math\/","name":"ELICIT-Math","description":"Developing Technological Pedagogical Content Knowledge of Pre-service Math Teachers","potentialAction":[{"@type":"SearchAction","target":{"@type":"EntryPoint","urlTemplate":"https:\/\/cie.uprrp.edu\/elicit-math\/?s={search_term_string}"},"query-input":{"@type":"PropertyValueSpecification","valueRequired":true,"valueName":"search_term_string"}}],"inLanguage":"en-US"}]}},"_links":{"self":[{"href":"https:\/\/cie.uprrp.edu\/elicit-math\/wp-json\/wp\/v2\/pages\/16968","targetHints":{"allow":["GET"]}}],"collection":[{"href":"https:\/\/cie.uprrp.edu\/elicit-math\/wp-json\/wp\/v2\/pages"}],"about":[{"href":"https:\/\/cie.uprrp.edu\/elicit-math\/wp-json\/wp\/v2\/types\/page"}],"author":[{"embeddable":true,"href":"https:\/\/cie.uprrp.edu\/elicit-math\/wp-json\/wp\/v2\/users\/10"}],"replies":[{"embeddable":true,"href":"https:\/\/cie.uprrp.edu\/elicit-math\/wp-json\/wp\/v2\/comments?post=16968"}],"version-history":[{"count":10,"href":"https:\/\/cie.uprrp.edu\/elicit-math\/wp-json\/wp\/v2\/pages\/16968\/revisions"}],"predecessor-version":[{"id":17198,"href":"https:\/\/cie.uprrp.edu\/elicit-math\/wp-json\/wp\/v2\/pages\/16968\/revisions\/17198"}],"wp:attachment":[{"href":"https:\/\/cie.uprrp.edu\/elicit-math\/wp-json\/wp\/v2\/media?parent=16968"}],"curies":[{"name":"wp","href":"https:\/\/api.w.org\/{rel}","templated":true}]}}