{"id":16978,"date":"2022-12-06T15:37:12","date_gmt":"2022-12-06T19:37:12","guid":{"rendered":"https:\/\/cie.uprrp.edu\/elicit-math\/?page_id=16978"},"modified":"2024-01-24T10:11:48","modified_gmt":"2024-01-24T14:11:48","slug":"gloriana-gonzalez","status":"publish","type":"page","link":"https:\/\/cie.uprrp.edu\/elicit-math\/gloriana-gonzalez\/","title":{"rendered":"Gloriana Gonz\u00e1lez"},"content":{"rendered":"<p><img loading=\"lazy\" decoding=\"async\" width=\"265\" height=\"267\" src=\"https:\/\/cie.uprrp.edu\/elicit-math\/wp-content\/uploads\/sites\/13\/2024\/01\/gloriana.png\" alt=\"Foto de Gloriana Gonz\u00e1lez\" srcset=\"https:\/\/cie.uprrp.edu\/elicit-math\/wp-content\/uploads\/sites\/13\/2024\/01\/gloriana.png 265w, https:\/\/cie.uprrp.edu\/elicit-math\/wp-content\/uploads\/sites\/13\/2024\/01\/gloriana-150x150.png 150w, https:\/\/cie.uprrp.edu\/elicit-math\/wp-content\/uploads\/sites\/13\/2024\/01\/gloriana-65x65.png 65w\" sizes=\"auto, (max-width: 265px) 100vw, 265px\" \/>\t\t\t\t\t\t\t\t\t\t\t\t\t\t\t<\/p>\n<h2>Gloriana Gonz\u00e1lez<\/h2>\n<p><strong>Investigadora principal<\/strong><br \/><a href=\"mailto:ggonzlz@illinois.edu\"><strong>ggonzlz@illinois.edu<\/strong><\/a><\/p>\n<p>Gloriana Gonz\u00e1lez es profesora en la Universidad de Illinois. Tiene un bachillerato de la Universidad de Puerto Rico, una maestr\u00eda de Cornell University y un doctorado de la Universidad de Michigan. Su trabajo investigativo en educaci\u00f3n matem\u00e1tica incluye el an\u00e1lisis de discurso, el desarrollo profesional de maestros, y la ense\u00f1anza de la geometr\u00eda. Ense\u00f1a cursos subgraduados en el programa de preparaci\u00f3n de maestros de matem\u00e1ticas y cursos post-graduados sobre investigaci\u00f3n. Recibi\u00f3 el reconocimiento de la <em>National Science Foundation<\/em> (NSF) para el proyecto, <em>CAREER: Noticing and using students\u2019 prior knowledge in problem-based instruction<\/em>. Es co-investigadora principal del proyecto de NSF <em>Developing Technological Pedagogical Content Knowledge of Pre-service Math Teachers by Enhancement of a Methods Course Using Instrumental Orchestration and Lesson Study Strategies<\/em>. Fue l\u00edder de la junta editorial de la revista <em>Mathematics Teacher Educator<\/em>. Publica en revistas arbitradas incluyendo <em>Journal for Mathematics Teacher Education<\/em>, <em>Cognition and Instruction<\/em>, <em>Linguistics and Education<\/em>, y <em>Journal of Mathematical Behavior<\/em>.<\/p>\n","protected":false},"excerpt":{"rendered":"<p>Gloriana Gonz\u00e1lez Investigadora principalggonzlz@illinois.edu Gloriana Gonz\u00e1lez es profesora en la Universidad de Illinois. Tiene un bachillerato de la Universidad de Puerto Rico, una maestr\u00eda de Cornell University y un doctorado de la Universidad de Michigan. Su trabajo investigativo en educaci\u00f3n &hellip; <\/p>\n","protected":false},"author":10,"featured_media":0,"parent":0,"menu_order":0,"comment_status":"closed","ping_status":"closed","template":"","meta":{"footnotes":""},"class_list":["post-16978","page","type-page","status-publish","hentry"],"yoast_head":"<!-- This site is optimized with the Yoast SEO plugin v27.3 - https:\/\/yoast.com\/product\/yoast-seo-wordpress\/ -->\n<title>Gloriana Gonz\u00e1lez - ELICIT-Math<\/title>\n<meta name=\"robots\" content=\"index, follow, max-snippet:-1, max-image-preview:large, max-video-preview:-1\" \/>\n<link rel=\"canonical\" href=\"https:\/\/cie.uprrp.edu\/elicit-math\/gloriana-gonzalez\/\" \/>\n<meta property=\"og:locale\" content=\"en_US\" \/>\n<meta property=\"og:type\" content=\"article\" \/>\n<meta property=\"og:title\" content=\"Gloriana Gonz\u00e1lez - ELICIT-Math\" \/>\n<meta property=\"og:description\" content=\"Gloriana Gonz\u00e1lez Investigadora principalggonzlz@illinois.edu Gloriana Gonz\u00e1lez es profesora en la Universidad de Illinois. Tiene un bachillerato de la Universidad de Puerto Rico, una maestr\u00eda de Cornell University y un doctorado de la Universidad de Michigan. Su trabajo investigativo en educaci\u00f3n &hellip;\" \/>\n<meta property=\"og:url\" content=\"https:\/\/cie.uprrp.edu\/elicit-math\/gloriana-gonzalez\/\" \/>\n<meta property=\"og:site_name\" content=\"ELICIT-Math\" \/>\n<meta property=\"article:modified_time\" content=\"2024-01-24T14:11:48+00:00\" \/>\n<meta property=\"og:image\" content=\"https:\/\/cie.uprrp.edu\/elicit-math\/wp-content\/uploads\/sites\/13\/2024\/01\/gloriana.png\" \/>\n<meta name=\"twitter:card\" content=\"summary_large_image\" \/>\n<meta name=\"twitter:label1\" content=\"Est. reading time\" \/>\n\t<meta name=\"twitter:data1\" content=\"1 minute\" \/>\n<script type=\"application\/ld+json\" class=\"yoast-schema-graph\">{\"@context\":\"https:\\\/\\\/schema.org\",\"@graph\":[{\"@type\":\"WebPage\",\"@id\":\"https:\\\/\\\/cie.uprrp.edu\\\/elicit-math\\\/gloriana-gonzalez\\\/\",\"url\":\"https:\\\/\\\/cie.uprrp.edu\\\/elicit-math\\\/gloriana-gonzalez\\\/\",\"name\":\"Gloriana Gonz\u00e1lez - ELICIT-Math\",\"isPartOf\":{\"@id\":\"https:\\\/\\\/cie.uprrp.edu\\\/elicit-math\\\/#website\"},\"primaryImageOfPage\":{\"@id\":\"https:\\\/\\\/cie.uprrp.edu\\\/elicit-math\\\/gloriana-gonzalez\\\/#primaryimage\"},\"image\":{\"@id\":\"https:\\\/\\\/cie.uprrp.edu\\\/elicit-math\\\/gloriana-gonzalez\\\/#primaryimage\"},\"thumbnailUrl\":\"https:\\\/\\\/cie.uprrp.edu\\\/elicit-math\\\/wp-content\\\/uploads\\\/sites\\\/13\\\/2024\\\/01\\\/gloriana.png\",\"datePublished\":\"2022-12-06T19:37:12+00:00\",\"dateModified\":\"2024-01-24T14:11:48+00:00\",\"breadcrumb\":{\"@id\":\"https:\\\/\\\/cie.uprrp.edu\\\/elicit-math\\\/gloriana-gonzalez\\\/#breadcrumb\"},\"inLanguage\":\"en-US\",\"potentialAction\":[{\"@type\":\"ReadAction\",\"target\":[\"https:\\\/\\\/cie.uprrp.edu\\\/elicit-math\\\/gloriana-gonzalez\\\/\"]}]},{\"@type\":\"ImageObject\",\"inLanguage\":\"en-US\",\"@id\":\"https:\\\/\\\/cie.uprrp.edu\\\/elicit-math\\\/gloriana-gonzalez\\\/#primaryimage\",\"url\":\"https:\\\/\\\/cie.uprrp.edu\\\/elicit-math\\\/wp-content\\\/uploads\\\/sites\\\/13\\\/2024\\\/01\\\/gloriana.png\",\"contentUrl\":\"https:\\\/\\\/cie.uprrp.edu\\\/elicit-math\\\/wp-content\\\/uploads\\\/sites\\\/13\\\/2024\\\/01\\\/gloriana.png\",\"width\":265,\"height\":267,\"caption\":\"Foto de Gloriana Gonz\u00e1lez\"},{\"@type\":\"BreadcrumbList\",\"@id\":\"https:\\\/\\\/cie.uprrp.edu\\\/elicit-math\\\/gloriana-gonzalez\\\/#breadcrumb\",\"itemListElement\":[{\"@type\":\"ListItem\",\"position\":1,\"name\":\"Home\",\"item\":\"https:\\\/\\\/cie.uprrp.edu\\\/elicit-math\\\/\"},{\"@type\":\"ListItem\",\"position\":2,\"name\":\"Gloriana Gonz\u00e1lez\"}]},{\"@type\":\"WebSite\",\"@id\":\"https:\\\/\\\/cie.uprrp.edu\\\/elicit-math\\\/#website\",\"url\":\"https:\\\/\\\/cie.uprrp.edu\\\/elicit-math\\\/\",\"name\":\"ELICIT-Math\",\"description\":\"Developing Technological Pedagogical Content Knowledge of Pre-service Math Teachers\",\"potentialAction\":[{\"@type\":\"SearchAction\",\"target\":{\"@type\":\"EntryPoint\",\"urlTemplate\":\"https:\\\/\\\/cie.uprrp.edu\\\/elicit-math\\\/?s={search_term_string}\"},\"query-input\":{\"@type\":\"PropertyValueSpecification\",\"valueRequired\":true,\"valueName\":\"search_term_string\"}}],\"inLanguage\":\"en-US\"}]}<\/script>\n<!-- \/ Yoast SEO plugin. -->","yoast_head_json":{"title":"Gloriana Gonz\u00e1lez - ELICIT-Math","robots":{"index":"index","follow":"follow","max-snippet":"max-snippet:-1","max-image-preview":"max-image-preview:large","max-video-preview":"max-video-preview:-1"},"canonical":"https:\/\/cie.uprrp.edu\/elicit-math\/gloriana-gonzalez\/","og_locale":"en_US","og_type":"article","og_title":"Gloriana Gonz\u00e1lez - ELICIT-Math","og_description":"Gloriana Gonz\u00e1lez Investigadora principalggonzlz@illinois.edu Gloriana Gonz\u00e1lez es profesora en la Universidad de Illinois. Tiene un bachillerato de la Universidad de Puerto Rico, una maestr\u00eda de Cornell University y un doctorado de la Universidad de Michigan. Su trabajo investigativo en educaci\u00f3n &hellip;","og_url":"https:\/\/cie.uprrp.edu\/elicit-math\/gloriana-gonzalez\/","og_site_name":"ELICIT-Math","article_modified_time":"2024-01-24T14:11:48+00:00","og_image":[{"url":"https:\/\/cie.uprrp.edu\/elicit-math\/wp-content\/uploads\/sites\/13\/2024\/01\/gloriana.png","type":"","width":"","height":""}],"twitter_card":"summary_large_image","twitter_misc":{"Est. reading time":"1 minute"},"schema":{"@context":"https:\/\/schema.org","@graph":[{"@type":"WebPage","@id":"https:\/\/cie.uprrp.edu\/elicit-math\/gloriana-gonzalez\/","url":"https:\/\/cie.uprrp.edu\/elicit-math\/gloriana-gonzalez\/","name":"Gloriana Gonz\u00e1lez - ELICIT-Math","isPartOf":{"@id":"https:\/\/cie.uprrp.edu\/elicit-math\/#website"},"primaryImageOfPage":{"@id":"https:\/\/cie.uprrp.edu\/elicit-math\/gloriana-gonzalez\/#primaryimage"},"image":{"@id":"https:\/\/cie.uprrp.edu\/elicit-math\/gloriana-gonzalez\/#primaryimage"},"thumbnailUrl":"https:\/\/cie.uprrp.edu\/elicit-math\/wp-content\/uploads\/sites\/13\/2024\/01\/gloriana.png","datePublished":"2022-12-06T19:37:12+00:00","dateModified":"2024-01-24T14:11:48+00:00","breadcrumb":{"@id":"https:\/\/cie.uprrp.edu\/elicit-math\/gloriana-gonzalez\/#breadcrumb"},"inLanguage":"en-US","potentialAction":[{"@type":"ReadAction","target":["https:\/\/cie.uprrp.edu\/elicit-math\/gloriana-gonzalez\/"]}]},{"@type":"ImageObject","inLanguage":"en-US","@id":"https:\/\/cie.uprrp.edu\/elicit-math\/gloriana-gonzalez\/#primaryimage","url":"https:\/\/cie.uprrp.edu\/elicit-math\/wp-content\/uploads\/sites\/13\/2024\/01\/gloriana.png","contentUrl":"https:\/\/cie.uprrp.edu\/elicit-math\/wp-content\/uploads\/sites\/13\/2024\/01\/gloriana.png","width":265,"height":267,"caption":"Foto de Gloriana Gonz\u00e1lez"},{"@type":"BreadcrumbList","@id":"https:\/\/cie.uprrp.edu\/elicit-math\/gloriana-gonzalez\/#breadcrumb","itemListElement":[{"@type":"ListItem","position":1,"name":"Home","item":"https:\/\/cie.uprrp.edu\/elicit-math\/"},{"@type":"ListItem","position":2,"name":"Gloriana Gonz\u00e1lez"}]},{"@type":"WebSite","@id":"https:\/\/cie.uprrp.edu\/elicit-math\/#website","url":"https:\/\/cie.uprrp.edu\/elicit-math\/","name":"ELICIT-Math","description":"Developing Technological Pedagogical Content Knowledge of Pre-service Math Teachers","potentialAction":[{"@type":"SearchAction","target":{"@type":"EntryPoint","urlTemplate":"https:\/\/cie.uprrp.edu\/elicit-math\/?s={search_term_string}"},"query-input":{"@type":"PropertyValueSpecification","valueRequired":true,"valueName":"search_term_string"}}],"inLanguage":"en-US"}]}},"_links":{"self":[{"href":"https:\/\/cie.uprrp.edu\/elicit-math\/wp-json\/wp\/v2\/pages\/16978","targetHints":{"allow":["GET"]}}],"collection":[{"href":"https:\/\/cie.uprrp.edu\/elicit-math\/wp-json\/wp\/v2\/pages"}],"about":[{"href":"https:\/\/cie.uprrp.edu\/elicit-math\/wp-json\/wp\/v2\/types\/page"}],"author":[{"embeddable":true,"href":"https:\/\/cie.uprrp.edu\/elicit-math\/wp-json\/wp\/v2\/users\/10"}],"replies":[{"embeddable":true,"href":"https:\/\/cie.uprrp.edu\/elicit-math\/wp-json\/wp\/v2\/comments?post=16978"}],"version-history":[{"count":6,"href":"https:\/\/cie.uprrp.edu\/elicit-math\/wp-json\/wp\/v2\/pages\/16978\/revisions"}],"predecessor-version":[{"id":17201,"href":"https:\/\/cie.uprrp.edu\/elicit-math\/wp-json\/wp\/v2\/pages\/16978\/revisions\/17201"}],"wp:attachment":[{"href":"https:\/\/cie.uprrp.edu\/elicit-math\/wp-json\/wp\/v2\/media?parent=16978"}],"curies":[{"name":"wp","href":"https:\/\/api.w.org\/{rel}","templated":true}]}}