{"id":16988,"date":"2022-12-06T15:50:38","date_gmt":"2022-12-06T19:50:38","guid":{"rendered":"https:\/\/cie.uprrp.edu\/elicit-math\/?page_id=16988"},"modified":"2024-01-24T10:18:51","modified_gmt":"2024-01-24T14:18:51","slug":"yency-choque","status":"publish","type":"page","link":"https:\/\/cie.uprrp.edu\/elicit-math\/yency-choque\/","title":{"rendered":"Yency Choque"},"content":{"rendered":"<p><img loading=\"lazy\" decoding=\"async\" width=\"640\" height=\"640\" src=\"https:\/\/cie.uprrp.edu\/elicit-math\/wp-content\/uploads\/sites\/13\/2024\/01\/yency.png\" alt=\"Yency Choque-Dextre\" srcset=\"https:\/\/cie.uprrp.edu\/elicit-math\/wp-content\/uploads\/sites\/13\/2024\/01\/yency.png 705w, https:\/\/cie.uprrp.edu\/elicit-math\/wp-content\/uploads\/sites\/13\/2024\/01\/yency-300x300.png 300w, https:\/\/cie.uprrp.edu\/elicit-math\/wp-content\/uploads\/sites\/13\/2024\/01\/yency-150x150.png 150w, https:\/\/cie.uprrp.edu\/elicit-math\/wp-content\/uploads\/sites\/13\/2024\/01\/yency-65x65.png 65w\" sizes=\"auto, (max-width: 640px) 100vw, 640px\" \/>\t\t\t\t\t\t\t\t\t\t\t\t\t\t\t<\/p>\n<h2>Yency E. Choque Dextre<\/h2>\n<p><strong>Asistente de investigaci\u00f3n<\/strong><br \/><a href=\"mailto:yency.choque@upr.edu\"><strong>yency.choque@upr.edu<\/strong><\/a><\/p>\n<p>Yency Choque es estudiante internacional de segundo a\u00f1o de doctorado en Educaci\u00f3n (Ed.D.) con especializaci\u00f3n en Curr\u00edculo y Ense\u00f1anza de Matem\u00e1ticas en la Universidad de Puerto Rico-Recinto de R\u00edo Piedras. Es asistente de investigaci\u00f3n en el proyecto Elicit-Math titulado <em>Desarrollo del conocimiento del contenido pedag\u00f3gico tecnol\u00f3gico de los profesores de matem\u00e1ticas en formaci\u00f3n mediante la mejora de un curso de m\u00e9todos utilizando la orquestaci\u00f3n instrumental y las estrategias de estudio de la lecci\u00f3n.<\/em> El objetivo de este proyecto es unir un curso de m\u00e9todos matem\u00e1ticos secundarios y experiencias cl\u00ednicas escolares. Docentes de la Universidad de Puerto Rico-R\u00edo Piedras y la Universidad de Illinois en Urbana-Champaign est\u00e1n colaborando en este proyecto para desarrollar un modelo donde profesores universitarios, maestros cooperativos, futuros maestros e investigadores convergen en espacios h\u00edbridos. Los profesores en formaci\u00f3n aprenden a aplicar varios movimientos de ense\u00f1anza para obtener y utilizar las ideas de los estudiantes a trav\u00e9s de aproximaciones a la pr\u00e1ctica. Por ejemplo, los profesores en formaci\u00f3n analizan escenarios basados \u200b\u200ben dibujos animados sobre c\u00f3mo utilizar <em>Desmos<\/em> para dirigir los debates en clase. Adem\u00e1s, los futuros profesores tuvieron la oportunidad de realizar pr\u00e1cticas cl\u00ednicas en la escuela laboratorio de la Universidad.<\/p>\n<p>Yency estudi\u00f3 su Maestr\u00eda en el Departamento de Matem\u00e1ticas de la Universidad de Puerto Rico-Recinto de Mayag\u00fcez-Estad\u00edstica Matem\u00e1tica. Luego de terminar su maestr\u00eda regres\u00f3 al Per\u00fa y trabaj\u00f3 como profesora e investigadora en la Universidad Nacional Agraria y la Universidad Nacional de San Marcos. Ella es estad\u00edstica e ingeniera inform\u00e1tica y disfruta impartiendo cursos de matem\u00e1ticas y estad\u00edstica.<\/p>\n","protected":false},"excerpt":{"rendered":"<p>Yency E. Choque Dextre Asistente de investigaci\u00f3nyency.choque@upr.edu Yency Choque es estudiante internacional de segundo a\u00f1o de doctorado en Educaci\u00f3n (Ed.D.) con especializaci\u00f3n en Curr\u00edculo y Ense\u00f1anza de Matem\u00e1ticas en la Universidad de Puerto Rico-Recinto de R\u00edo Piedras. Es asistente de &hellip; <\/p>\n","protected":false},"author":10,"featured_media":0,"parent":0,"menu_order":0,"comment_status":"closed","ping_status":"closed","template":"","meta":{"footnotes":""},"class_list":["post-16988","page","type-page","status-publish","hentry"],"yoast_head":"<!-- This site is optimized with the Yoast SEO plugin v27.3 - https:\/\/yoast.com\/product\/yoast-seo-wordpress\/ -->\n<title>Yency Choque - ELICIT-Math<\/title>\n<meta name=\"robots\" content=\"index, follow, max-snippet:-1, max-image-preview:large, max-video-preview:-1\" \/>\n<link rel=\"canonical\" href=\"https:\/\/cie.uprrp.edu\/elicit-math\/yency-choque\/\" \/>\n<meta property=\"og:locale\" content=\"en_US\" \/>\n<meta property=\"og:type\" content=\"article\" \/>\n<meta property=\"og:title\" content=\"Yency Choque - ELICIT-Math\" \/>\n<meta property=\"og:description\" content=\"Yency E. Choque Dextre Asistente de investigaci\u00f3nyency.choque@upr.edu Yency Choque es estudiante internacional de segundo a\u00f1o de doctorado en Educaci\u00f3n (Ed.D.) con especializaci\u00f3n en Curr\u00edculo y Ense\u00f1anza de Matem\u00e1ticas en la Universidad de Puerto Rico-Recinto de R\u00edo Piedras. Es asistente de &hellip;\" \/>\n<meta property=\"og:url\" content=\"https:\/\/cie.uprrp.edu\/elicit-math\/yency-choque\/\" \/>\n<meta property=\"og:site_name\" content=\"ELICIT-Math\" \/>\n<meta property=\"article:modified_time\" content=\"2024-01-24T14:18:51+00:00\" \/>\n<meta property=\"og:image\" content=\"https:\/\/cie.uprrp.edu\/elicit-math\/wp-content\/uploads\/sites\/13\/2024\/01\/yency.png\" \/>\n<meta name=\"twitter:card\" content=\"summary_large_image\" \/>\n<meta name=\"twitter:label1\" content=\"Est. reading time\" \/>\n\t<meta name=\"twitter:data1\" content=\"2 minutes\" \/>\n<script type=\"application\/ld+json\" class=\"yoast-schema-graph\">{\"@context\":\"https:\\\/\\\/schema.org\",\"@graph\":[{\"@type\":\"WebPage\",\"@id\":\"https:\\\/\\\/cie.uprrp.edu\\\/elicit-math\\\/yency-choque\\\/\",\"url\":\"https:\\\/\\\/cie.uprrp.edu\\\/elicit-math\\\/yency-choque\\\/\",\"name\":\"Yency Choque - ELICIT-Math\",\"isPartOf\":{\"@id\":\"https:\\\/\\\/cie.uprrp.edu\\\/elicit-math\\\/#website\"},\"primaryImageOfPage\":{\"@id\":\"https:\\\/\\\/cie.uprrp.edu\\\/elicit-math\\\/yency-choque\\\/#primaryimage\"},\"image\":{\"@id\":\"https:\\\/\\\/cie.uprrp.edu\\\/elicit-math\\\/yency-choque\\\/#primaryimage\"},\"thumbnailUrl\":\"https:\\\/\\\/cie.uprrp.edu\\\/elicit-math\\\/wp-content\\\/uploads\\\/sites\\\/13\\\/2024\\\/01\\\/yency.png\",\"datePublished\":\"2022-12-06T19:50:38+00:00\",\"dateModified\":\"2024-01-24T14:18:51+00:00\",\"breadcrumb\":{\"@id\":\"https:\\\/\\\/cie.uprrp.edu\\\/elicit-math\\\/yency-choque\\\/#breadcrumb\"},\"inLanguage\":\"en-US\",\"potentialAction\":[{\"@type\":\"ReadAction\",\"target\":[\"https:\\\/\\\/cie.uprrp.edu\\\/elicit-math\\\/yency-choque\\\/\"]}]},{\"@type\":\"ImageObject\",\"inLanguage\":\"en-US\",\"@id\":\"https:\\\/\\\/cie.uprrp.edu\\\/elicit-math\\\/yency-choque\\\/#primaryimage\",\"url\":\"https:\\\/\\\/cie.uprrp.edu\\\/elicit-math\\\/wp-content\\\/uploads\\\/sites\\\/13\\\/2024\\\/01\\\/yency.png\",\"contentUrl\":\"https:\\\/\\\/cie.uprrp.edu\\\/elicit-math\\\/wp-content\\\/uploads\\\/sites\\\/13\\\/2024\\\/01\\\/yency.png\",\"width\":705,\"height\":705,\"caption\":\"Yency Choque-Dextre\"},{\"@type\":\"BreadcrumbList\",\"@id\":\"https:\\\/\\\/cie.uprrp.edu\\\/elicit-math\\\/yency-choque\\\/#breadcrumb\",\"itemListElement\":[{\"@type\":\"ListItem\",\"position\":1,\"name\":\"Home\",\"item\":\"https:\\\/\\\/cie.uprrp.edu\\\/elicit-math\\\/\"},{\"@type\":\"ListItem\",\"position\":2,\"name\":\"Yency Choque\"}]},{\"@type\":\"WebSite\",\"@id\":\"https:\\\/\\\/cie.uprrp.edu\\\/elicit-math\\\/#website\",\"url\":\"https:\\\/\\\/cie.uprrp.edu\\\/elicit-math\\\/\",\"name\":\"ELICIT-Math\",\"description\":\"Developing Technological Pedagogical Content Knowledge of Pre-service Math Teachers\",\"potentialAction\":[{\"@type\":\"SearchAction\",\"target\":{\"@type\":\"EntryPoint\",\"urlTemplate\":\"https:\\\/\\\/cie.uprrp.edu\\\/elicit-math\\\/?s={search_term_string}\"},\"query-input\":{\"@type\":\"PropertyValueSpecification\",\"valueRequired\":true,\"valueName\":\"search_term_string\"}}],\"inLanguage\":\"en-US\"}]}<\/script>\n<!-- \/ Yoast SEO plugin. -->","yoast_head_json":{"title":"Yency Choque - ELICIT-Math","robots":{"index":"index","follow":"follow","max-snippet":"max-snippet:-1","max-image-preview":"max-image-preview:large","max-video-preview":"max-video-preview:-1"},"canonical":"https:\/\/cie.uprrp.edu\/elicit-math\/yency-choque\/","og_locale":"en_US","og_type":"article","og_title":"Yency Choque - ELICIT-Math","og_description":"Yency E. Choque Dextre Asistente de investigaci\u00f3nyency.choque@upr.edu Yency Choque es estudiante internacional de segundo a\u00f1o de doctorado en Educaci\u00f3n (Ed.D.) con especializaci\u00f3n en Curr\u00edculo y Ense\u00f1anza de Matem\u00e1ticas en la Universidad de Puerto Rico-Recinto de R\u00edo Piedras. Es asistente de &hellip;","og_url":"https:\/\/cie.uprrp.edu\/elicit-math\/yency-choque\/","og_site_name":"ELICIT-Math","article_modified_time":"2024-01-24T14:18:51+00:00","og_image":[{"url":"https:\/\/cie.uprrp.edu\/elicit-math\/wp-content\/uploads\/sites\/13\/2024\/01\/yency.png","type":"","width":"","height":""}],"twitter_card":"summary_large_image","twitter_misc":{"Est. reading time":"2 minutes"},"schema":{"@context":"https:\/\/schema.org","@graph":[{"@type":"WebPage","@id":"https:\/\/cie.uprrp.edu\/elicit-math\/yency-choque\/","url":"https:\/\/cie.uprrp.edu\/elicit-math\/yency-choque\/","name":"Yency Choque - ELICIT-Math","isPartOf":{"@id":"https:\/\/cie.uprrp.edu\/elicit-math\/#website"},"primaryImageOfPage":{"@id":"https:\/\/cie.uprrp.edu\/elicit-math\/yency-choque\/#primaryimage"},"image":{"@id":"https:\/\/cie.uprrp.edu\/elicit-math\/yency-choque\/#primaryimage"},"thumbnailUrl":"https:\/\/cie.uprrp.edu\/elicit-math\/wp-content\/uploads\/sites\/13\/2024\/01\/yency.png","datePublished":"2022-12-06T19:50:38+00:00","dateModified":"2024-01-24T14:18:51+00:00","breadcrumb":{"@id":"https:\/\/cie.uprrp.edu\/elicit-math\/yency-choque\/#breadcrumb"},"inLanguage":"en-US","potentialAction":[{"@type":"ReadAction","target":["https:\/\/cie.uprrp.edu\/elicit-math\/yency-choque\/"]}]},{"@type":"ImageObject","inLanguage":"en-US","@id":"https:\/\/cie.uprrp.edu\/elicit-math\/yency-choque\/#primaryimage","url":"https:\/\/cie.uprrp.edu\/elicit-math\/wp-content\/uploads\/sites\/13\/2024\/01\/yency.png","contentUrl":"https:\/\/cie.uprrp.edu\/elicit-math\/wp-content\/uploads\/sites\/13\/2024\/01\/yency.png","width":705,"height":705,"caption":"Yency Choque-Dextre"},{"@type":"BreadcrumbList","@id":"https:\/\/cie.uprrp.edu\/elicit-math\/yency-choque\/#breadcrumb","itemListElement":[{"@type":"ListItem","position":1,"name":"Home","item":"https:\/\/cie.uprrp.edu\/elicit-math\/"},{"@type":"ListItem","position":2,"name":"Yency Choque"}]},{"@type":"WebSite","@id":"https:\/\/cie.uprrp.edu\/elicit-math\/#website","url":"https:\/\/cie.uprrp.edu\/elicit-math\/","name":"ELICIT-Math","description":"Developing Technological Pedagogical Content Knowledge of Pre-service Math Teachers","potentialAction":[{"@type":"SearchAction","target":{"@type":"EntryPoint","urlTemplate":"https:\/\/cie.uprrp.edu\/elicit-math\/?s={search_term_string}"},"query-input":{"@type":"PropertyValueSpecification","valueRequired":true,"valueName":"search_term_string"}}],"inLanguage":"en-US"}]}},"_links":{"self":[{"href":"https:\/\/cie.uprrp.edu\/elicit-math\/wp-json\/wp\/v2\/pages\/16988","targetHints":{"allow":["GET"]}}],"collection":[{"href":"https:\/\/cie.uprrp.edu\/elicit-math\/wp-json\/wp\/v2\/pages"}],"about":[{"href":"https:\/\/cie.uprrp.edu\/elicit-math\/wp-json\/wp\/v2\/types\/page"}],"author":[{"embeddable":true,"href":"https:\/\/cie.uprrp.edu\/elicit-math\/wp-json\/wp\/v2\/users\/10"}],"replies":[{"embeddable":true,"href":"https:\/\/cie.uprrp.edu\/elicit-math\/wp-json\/wp\/v2\/comments?post=16988"}],"version-history":[{"count":8,"href":"https:\/\/cie.uprrp.edu\/elicit-math\/wp-json\/wp\/v2\/pages\/16988\/revisions"}],"predecessor-version":[{"id":17207,"href":"https:\/\/cie.uprrp.edu\/elicit-math\/wp-json\/wp\/v2\/pages\/16988\/revisions\/17207"}],"wp:attachment":[{"href":"https:\/\/cie.uprrp.edu\/elicit-math\/wp-json\/wp\/v2\/media?parent=16988"}],"curies":[{"name":"wp","href":"https:\/\/api.w.org\/{rel}","templated":true}]}}