{"id":10,"date":"2013-08-13T16:10:34","date_gmt":"2013-08-13T16:10:34","guid":{"rendered":"http:\/\/cie.uprrp.edu\/esl\/?page_id=10"},"modified":"2026-03-12T20:56:14","modified_gmt":"2026-03-12T20:56:14","slug":"strategies-for-integrating-art-and-technology-for-effective-communication","status":"publish","type":"page","link":"https:\/\/cie.uprrp.edu\/esl\/strategies-for-integrating-art-and-technology-for-effective-communication\/","title":{"rendered":"Strategies for Integrating Art and Technology for Effective Communication"},"content":{"rendered":"<p><a href=\"https:\/\/cie.uprrp.edu\/esl\/wp-content\/uploads\/sites\/5\/2026\/03\/E04.png\"><img loading=\"lazy\" decoding=\"async\" class=\"alignleft wp-image-103\" src=\"https:\/\/cie.uprrp.edu\/esl\/wp-content\/uploads\/sites\/5\/2026\/03\/E04.png\" alt=\"Professional Development for Teachers of English to Diverse Learners: Strategies for Integrating Art and Technology for Effective Communication (2013)\" width=\"300\" height=\"386\" srcset=\"https:\/\/cie.uprrp.edu\/esl\/wp-content\/uploads\/sites\/5\/2026\/03\/E04.png 815w, https:\/\/cie.uprrp.edu\/esl\/wp-content\/uploads\/sites\/5\/2026\/03\/E04-233x300.png 233w, https:\/\/cie.uprrp.edu\/esl\/wp-content\/uploads\/sites\/5\/2026\/03\/E04-796x1024.png 796w, https:\/\/cie.uprrp.edu\/esl\/wp-content\/uploads\/sites\/5\/2026\/03\/E04-768x988.png 768w\" sizes=\"auto, (max-width: 300px) 100vw, 300px\" \/><\/a>El Centro de Investigaciones de la Universidad de Puerto Rico desea anunciar la publicaci\u00f3n de un nuevo manual de lecciones del proyecto Professional Development for Teachers of English to Diverse Learners. Este ha sido auspiciado, en parte, con fondos asignados bajo T\u00edtulo II de No Child Left Behind Act (P.L. 017-110), administrados por el Consejo de Educaci\u00f3n de Puerto Rico. Las opiniones recogidas en el manual no necesariamente reflejan la posici\u00f3n o las pol\u00edticas del Departamento de Educaci\u00f3n de los Estados Unidos o las agencias locales. M\u00e1s detalles en la publicaci\u00f3n.<\/p>\n<p>The Educational Research Center of the University of Puerto Rico would like to announce the publication of a new instructional manual from the Professional Development for Teachers of English to Diverse Learners project. This project is funded (in part) by a federal Grant under the Title II of the No Child Left Behind Act (P.L. 017-110) administered by the Puerto Rico Education Council. Opinions and findings expressed herein do not necessarily reflect the position or policy of the U.S. Department of Education, and no official endorsement by either of these agencies should be inferred.<\/p>\n<hr class=\"ttfmake-hr\" style=\"border-style: dotted; border-top-width: 2px;\" \/>\n<p>Project Professional Development for Teachers of English to Diverse Learners: Strategies for Integrating Art and Technology for Effective Communication, was sponsored by the Center for Educational Research of the College of Education of the University of Puerto Rico at R\u00edo Piedras and the Council of Higher Education of Puerto Rico with funds of No Child Left Behind Law (NCLB-08-13). The purpose of this project was to achieve a high degree competent educator who can implement teaching strategies pertinent to the educational growth of diverse learners. To reach this goal, the project facilitated the professional development of approximately 40 teachers from public and private schools in areas such as visual and performing arts, music, curriculum alignment, state of the art technology, and assessment strategies integrated to the teaching of English to diverse learners for a better academic achievement. It also promotes and disseminates participants&#8217; strategic planning through the design of curricular matrix(es) based on standards of excellence. This manual includes the lessons designed by project participants which illustrate how to integrate the visual arts, music, and technology to the teaching of English so that students may have the opportunity to learn from those strategies and have practical experience utilizing them.<\/p>\n","protected":false},"excerpt":{"rendered":"<p>El Centro de Investigaciones de la Universidad de Puerto Rico desea anunciar la publicaci\u00f3n de un nuevo manual de lecciones del proyecto Professional Development for Teachers of English to Diverse Learners. Este ha sido auspiciado, en parte, con fondos asignados bajo T\u00edtulo II de No Child Left Behind Act (P.L. 017-110), administrados por el Consejo &hellip;<\/p>\n","protected":false},"author":1,"featured_media":0,"parent":0,"menu_order":0,"comment_status":"closed","ping_status":"closed","template":"","meta":{"footnotes":""},"class_list":["post-10","page","type-page","status-publish","hentry"],"yoast_head":"<!-- This site is optimized with the Yoast SEO plugin v27.3 - https:\/\/yoast.com\/product\/yoast-seo-wordpress\/ -->\n<title>Strategies for Integrating Art and Technology for Effective Communication - English as a Second Language<\/title>\n<meta name=\"robots\" content=\"index, follow, max-snippet:-1, max-image-preview:large, max-video-preview:-1\" \/>\n<link rel=\"canonical\" href=\"https:\/\/cie.uprrp.edu\/esl\/strategies-for-integrating-art-and-technology-for-effective-communication\/\" \/>\n<meta property=\"og:locale\" content=\"en_US\" \/>\n<meta property=\"og:type\" content=\"article\" \/>\n<meta property=\"og:title\" content=\"Strategies for Integrating Art and Technology for Effective Communication - English as a Second Language\" \/>\n<meta property=\"og:description\" content=\"El Centro de Investigaciones de la Universidad de Puerto Rico desea anunciar la publicaci\u00f3n de un nuevo manual de lecciones del proyecto Professional Development for Teachers of English to Diverse Learners. Este ha sido auspiciado, en parte, con fondos asignados bajo T\u00edtulo II de No Child Left Behind Act (P.L. 017-110), administrados por el Consejo &hellip;\" \/>\n<meta property=\"og:url\" content=\"https:\/\/cie.uprrp.edu\/esl\/strategies-for-integrating-art-and-technology-for-effective-communication\/\" \/>\n<meta property=\"og:site_name\" content=\"English as a Second Language\" \/>\n<meta property=\"article:modified_time\" content=\"2026-03-12T20:56:14+00:00\" \/>\n<meta property=\"og:image\" content=\"https:\/\/cie.uprrp.edu\/esl\/wp-content\/uploads\/sites\/5\/2026\/03\/E04.png\" \/>\n\t<meta property=\"og:image:width\" content=\"815\" \/>\n\t<meta property=\"og:image:height\" content=\"1048\" \/>\n\t<meta property=\"og:image:type\" content=\"image\/png\" \/>\n<meta name=\"twitter:card\" content=\"summary_large_image\" \/>\n<meta name=\"twitter:label1\" content=\"Est. reading time\" \/>\n\t<meta name=\"twitter:data1\" content=\"2 minutes\" \/>\n<script type=\"application\/ld+json\" class=\"yoast-schema-graph\">{\"@context\":\"https:\\\/\\\/schema.org\",\"@graph\":[{\"@type\":\"WebPage\",\"@id\":\"https:\\\/\\\/cie.uprrp.edu\\\/esl\\\/strategies-for-integrating-art-and-technology-for-effective-communication\\\/\",\"url\":\"https:\\\/\\\/cie.uprrp.edu\\\/esl\\\/strategies-for-integrating-art-and-technology-for-effective-communication\\\/\",\"name\":\"Strategies for Integrating Art and Technology for Effective Communication - English as a Second Language\",\"isPartOf\":{\"@id\":\"https:\\\/\\\/cie.uprrp.edu\\\/esl\\\/#website\"},\"primaryImageOfPage\":{\"@id\":\"https:\\\/\\\/cie.uprrp.edu\\\/esl\\\/strategies-for-integrating-art-and-technology-for-effective-communication\\\/#primaryimage\"},\"image\":{\"@id\":\"https:\\\/\\\/cie.uprrp.edu\\\/esl\\\/strategies-for-integrating-art-and-technology-for-effective-communication\\\/#primaryimage\"},\"thumbnailUrl\":\"https:\\\/\\\/cie.uprrp.edu\\\/esl\\\/wp-content\\\/uploads\\\/sites\\\/5\\\/2026\\\/03\\\/E04.png\",\"datePublished\":\"2013-08-13T16:10:34+00:00\",\"dateModified\":\"2026-03-12T20:56:14+00:00\",\"breadcrumb\":{\"@id\":\"https:\\\/\\\/cie.uprrp.edu\\\/esl\\\/strategies-for-integrating-art-and-technology-for-effective-communication\\\/#breadcrumb\"},\"inLanguage\":\"en-US\",\"potentialAction\":[{\"@type\":\"ReadAction\",\"target\":[\"https:\\\/\\\/cie.uprrp.edu\\\/esl\\\/strategies-for-integrating-art-and-technology-for-effective-communication\\\/\"]}]},{\"@type\":\"ImageObject\",\"inLanguage\":\"en-US\",\"@id\":\"https:\\\/\\\/cie.uprrp.edu\\\/esl\\\/strategies-for-integrating-art-and-technology-for-effective-communication\\\/#primaryimage\",\"url\":\"https:\\\/\\\/cie.uprrp.edu\\\/esl\\\/wp-content\\\/uploads\\\/sites\\\/5\\\/2026\\\/03\\\/E04.png\",\"contentUrl\":\"https:\\\/\\\/cie.uprrp.edu\\\/esl\\\/wp-content\\\/uploads\\\/sites\\\/5\\\/2026\\\/03\\\/E04.png\",\"width\":815,\"height\":1048,\"caption\":\"Professional Development for Teachers of English to Diverse Learners: Strategies for Integrating Art and Technology for Effective Communication (2013)\"},{\"@type\":\"BreadcrumbList\",\"@id\":\"https:\\\/\\\/cie.uprrp.edu\\\/esl\\\/strategies-for-integrating-art-and-technology-for-effective-communication\\\/#breadcrumb\",\"itemListElement\":[{\"@type\":\"ListItem\",\"position\":1,\"name\":\"Home\",\"item\":\"https:\\\/\\\/cie.uprrp.edu\\\/esl\\\/\"},{\"@type\":\"ListItem\",\"position\":2,\"name\":\"Strategies for Integrating Art and Technology for Effective Communication\"}]},{\"@type\":\"WebSite\",\"@id\":\"https:\\\/\\\/cie.uprrp.edu\\\/esl\\\/#website\",\"url\":\"https:\\\/\\\/cie.uprrp.edu\\\/esl\\\/\",\"name\":\"English as a Second Language\",\"description\":\"Centro de Investigaciones Educativas\",\"potentialAction\":[{\"@type\":\"SearchAction\",\"target\":{\"@type\":\"EntryPoint\",\"urlTemplate\":\"https:\\\/\\\/cie.uprrp.edu\\\/esl\\\/?s={search_term_string}\"},\"query-input\":{\"@type\":\"PropertyValueSpecification\",\"valueRequired\":true,\"valueName\":\"search_term_string\"}}],\"inLanguage\":\"en-US\"}]}<\/script>\n<!-- \/ Yoast SEO plugin. -->","yoast_head_json":{"title":"Strategies for Integrating Art and Technology for Effective Communication - English as a Second Language","robots":{"index":"index","follow":"follow","max-snippet":"max-snippet:-1","max-image-preview":"max-image-preview:large","max-video-preview":"max-video-preview:-1"},"canonical":"https:\/\/cie.uprrp.edu\/esl\/strategies-for-integrating-art-and-technology-for-effective-communication\/","og_locale":"en_US","og_type":"article","og_title":"Strategies for Integrating Art and Technology for Effective Communication - English as a Second Language","og_description":"El Centro de Investigaciones de la Universidad de Puerto Rico desea anunciar la publicaci\u00f3n de un nuevo manual de lecciones del proyecto Professional Development for Teachers of English to Diverse Learners. Este ha sido auspiciado, en parte, con fondos asignados bajo T\u00edtulo II de No Child Left Behind Act (P.L. 017-110), administrados por el Consejo &hellip;","og_url":"https:\/\/cie.uprrp.edu\/esl\/strategies-for-integrating-art-and-technology-for-effective-communication\/","og_site_name":"English as a Second Language","article_modified_time":"2026-03-12T20:56:14+00:00","og_image":[{"width":815,"height":1048,"url":"https:\/\/cie.uprrp.edu\/esl\/wp-content\/uploads\/sites\/5\/2026\/03\/E04.png","type":"image\/png"}],"twitter_card":"summary_large_image","twitter_misc":{"Est. reading time":"2 minutes"},"schema":{"@context":"https:\/\/schema.org","@graph":[{"@type":"WebPage","@id":"https:\/\/cie.uprrp.edu\/esl\/strategies-for-integrating-art-and-technology-for-effective-communication\/","url":"https:\/\/cie.uprrp.edu\/esl\/strategies-for-integrating-art-and-technology-for-effective-communication\/","name":"Strategies for Integrating Art and Technology for Effective Communication - English as a Second Language","isPartOf":{"@id":"https:\/\/cie.uprrp.edu\/esl\/#website"},"primaryImageOfPage":{"@id":"https:\/\/cie.uprrp.edu\/esl\/strategies-for-integrating-art-and-technology-for-effective-communication\/#primaryimage"},"image":{"@id":"https:\/\/cie.uprrp.edu\/esl\/strategies-for-integrating-art-and-technology-for-effective-communication\/#primaryimage"},"thumbnailUrl":"https:\/\/cie.uprrp.edu\/esl\/wp-content\/uploads\/sites\/5\/2026\/03\/E04.png","datePublished":"2013-08-13T16:10:34+00:00","dateModified":"2026-03-12T20:56:14+00:00","breadcrumb":{"@id":"https:\/\/cie.uprrp.edu\/esl\/strategies-for-integrating-art-and-technology-for-effective-communication\/#breadcrumb"},"inLanguage":"en-US","potentialAction":[{"@type":"ReadAction","target":["https:\/\/cie.uprrp.edu\/esl\/strategies-for-integrating-art-and-technology-for-effective-communication\/"]}]},{"@type":"ImageObject","inLanguage":"en-US","@id":"https:\/\/cie.uprrp.edu\/esl\/strategies-for-integrating-art-and-technology-for-effective-communication\/#primaryimage","url":"https:\/\/cie.uprrp.edu\/esl\/wp-content\/uploads\/sites\/5\/2026\/03\/E04.png","contentUrl":"https:\/\/cie.uprrp.edu\/esl\/wp-content\/uploads\/sites\/5\/2026\/03\/E04.png","width":815,"height":1048,"caption":"Professional Development for Teachers of English to Diverse Learners: Strategies for Integrating Art and Technology for Effective Communication (2013)"},{"@type":"BreadcrumbList","@id":"https:\/\/cie.uprrp.edu\/esl\/strategies-for-integrating-art-and-technology-for-effective-communication\/#breadcrumb","itemListElement":[{"@type":"ListItem","position":1,"name":"Home","item":"https:\/\/cie.uprrp.edu\/esl\/"},{"@type":"ListItem","position":2,"name":"Strategies for Integrating Art and Technology for Effective Communication"}]},{"@type":"WebSite","@id":"https:\/\/cie.uprrp.edu\/esl\/#website","url":"https:\/\/cie.uprrp.edu\/esl\/","name":"English as a Second Language","description":"Centro de Investigaciones Educativas","potentialAction":[{"@type":"SearchAction","target":{"@type":"EntryPoint","urlTemplate":"https:\/\/cie.uprrp.edu\/esl\/?s={search_term_string}"},"query-input":{"@type":"PropertyValueSpecification","valueRequired":true,"valueName":"search_term_string"}}],"inLanguage":"en-US"}]}},"_links":{"self":[{"href":"https:\/\/cie.uprrp.edu\/esl\/wp-json\/wp\/v2\/pages\/10","targetHints":{"allow":["GET"]}}],"collection":[{"href":"https:\/\/cie.uprrp.edu\/esl\/wp-json\/wp\/v2\/pages"}],"about":[{"href":"https:\/\/cie.uprrp.edu\/esl\/wp-json\/wp\/v2\/types\/page"}],"author":[{"embeddable":true,"href":"https:\/\/cie.uprrp.edu\/esl\/wp-json\/wp\/v2\/users\/1"}],"replies":[{"embeddable":true,"href":"https:\/\/cie.uprrp.edu\/esl\/wp-json\/wp\/v2\/comments?post=10"}],"version-history":[{"count":5,"href":"https:\/\/cie.uprrp.edu\/esl\/wp-json\/wp\/v2\/pages\/10\/revisions"}],"predecessor-version":[{"id":104,"href":"https:\/\/cie.uprrp.edu\/esl\/wp-json\/wp\/v2\/pages\/10\/revisions\/104"}],"wp:attachment":[{"href":"https:\/\/cie.uprrp.edu\/esl\/wp-json\/wp\/v2\/media?parent=10"}],"curies":[{"name":"wp","href":"https:\/\/api.w.org\/{rel}","templated":true}]}}