{"id":6,"date":"2011-09-12T16:07:57","date_gmt":"2011-09-12T16:07:57","guid":{"rendered":"http:\/\/cie.uprrp.edu\/esl\/?page_id=6"},"modified":"2026-03-12T20:45:16","modified_gmt":"2026-03-12T20:45:16","slug":"strategies-for-leadership-and-language-enhancement","status":"publish","type":"page","link":"https:\/\/cie.uprrp.edu\/esl\/strategies-for-leadership-and-language-enhancement\/","title":{"rendered":"Strategies for Leadership and Language Enhancement"},"content":{"rendered":"<p><a href=\"https:\/\/cie.uprrp.edu\/esl\/wp-content\/uploads\/sites\/5\/2026\/03\/E02.png\"><img loading=\"lazy\" decoding=\"async\" class=\"alignleft wp-image-96\" src=\"https:\/\/cie.uprrp.edu\/esl\/wp-content\/uploads\/sites\/5\/2026\/03\/E02.png\" alt=\"Professional Development for Schools of Diverse Learners Principals: Strategies for Leadership and Language Enhancement\" width=\"300\" height=\"389\" srcset=\"https:\/\/cie.uprrp.edu\/esl\/wp-content\/uploads\/sites\/5\/2026\/03\/E02.png 807w, https:\/\/cie.uprrp.edu\/esl\/wp-content\/uploads\/sites\/5\/2026\/03\/E02-231x300.png 231w, https:\/\/cie.uprrp.edu\/esl\/wp-content\/uploads\/sites\/5\/2026\/03\/E02-790x1024.png 790w, https:\/\/cie.uprrp.edu\/esl\/wp-content\/uploads\/sites\/5\/2026\/03\/E02-768x995.png 768w\" sizes=\"auto, (max-width: 300px) 100vw, 300px\" \/><\/a>El proyecto<strong> Professional Development for Schools of Diverse Learners Principals: Strategies for Leadership and Language Enhancement<\/strong>, auspiciado por el Consejo de Educaci\u00f3n Superior de Puerto Rico (CES) y dirigido por las doctoras Annette L\u00f3pez de M\u00e9ndez y Mar\u00eda Irizarry, est\u00e1 orientado a los directores de escuelas p\u00fablicas y privadas. Su prop\u00f3sito es fomentar el desarrollo profesional y capacitarlos en pr\u00e1cticas contempor\u00e1neas de liderazgo educativo y en estrategias de ense\u00f1anza innovadoras que integren las artes visuales, el teatro, las nuevas tecnolog\u00edas, entre otras.<\/p>\n<p>Inspirado en el proyecto Professional Training for Teachers of English to Diverse Learners: Strategies for Language Enhancement, este cuenta con la participaci\u00f3n de 20 directores escolares aproximadamente. La primera etapa comenz\u00f3 en marzo de 2010 y se extendi\u00f3 hasta el mes de mayo. La segunda etapa se extendi\u00f3 durante el a\u00f1o acad\u00e9mico 2010-2011.<\/p>\n<p>Adem\u00e1s de la Dra. Mar\u00eda Irizarry y la Dra. Annette L\u00f3pez de M\u00e9ndez, el proyecto cont\u00f3 con la participaci\u00f3n de los doctores Elsie Candelaria, Rosemary Morales, Juan Carlos Vadi, Lowell Fiet, Alicia Castillo, Susana De Jes\u00fas y el profesor An\u00edbal Mu\u00f1oz. B\u00e1rbara Otero V\u00e1zquez, asistente del Centro de Investigaciones Educativas, fungi\u00f3 como coordinadora del proyecto.<\/p>\n<hr class=\"ttfmake-hr\" style=\"border-style: dotted; border-top-width: 2px;\" \/>\n<p>The Professional Development for Schools of Diverse Learners&#8217; Principals: Strategies for Leadership and Language Enhancement Project was sponsored by a grant from the Puerto Rico Higher Education Council, No Child Left Behind Act and Title II Funds (NCLB-09-14). This project was implemented in partnership with the Educational Research Center at the Faculty of Education, the Faculty of Humanities, a group of schools from the Department of Education of Puerto Rico and the Private School System.<\/p>\n<p>This initiative was a response to the need of both public and private schools to provide school directors and English teachers with the opportunity to learn about the latest trends and development in strategies for leadership and English language to achieve a highly competent school principal and educator who can implement, evaluate, and supervise teaching strategies pertinent to the educational growth of diverse learners; facilitate the professional development of 20 school principals and educators in the areas of educational leadership, curriculum alignment, visual and performing arts, music, use of technology, and assessment strategies, as integrated to the teaching of English to diverse learners for a better academic achievement: promote and disseminate participants&#8217; strategic planning through the design of an action plan and curricular matrix(es) based on standards of excellence; analyze the models for supervision, teaching, and evaluation of English as a Second Language (ESL) Programs; promote and disseminate participants&#8217; plans for supervision and evaluation of the teaching and learning of English as a second language.<\/p>\n<p>The instructional phase of the project took place between February and December 2010. Participants were recruited during March and May 2010, while the Educational Leadership Course (EDUC 8027 &#8211; 3 crds.) was offered during the month of June 2010. The second course focusing in the understanding of English Curriculum (EDUC 8130 &#8211; 3 crds.) was offered from August to December 2010. Participants attended a series of teaching strategies workshops (55 continued education hrs.). During the months of January to April 2011 follow-up visits and dissemination activities were implemented.<\/p>\n<p>The project impacted 20 school principals and teachers, working at schools from K-12 level. This manual contains a series of articles produced by the professors in charge of the project, as well as teaching plans and reflections written by the participants.<\/p>\n","protected":false},"excerpt":{"rendered":"<p>El proyecto Professional Development for Schools of Diverse Learners Principals: Strategies for Leadership and Language Enhancement, auspiciado por el Consejo de Educaci\u00f3n Superior de Puerto Rico (CES) y dirigido por las doctoras Annette L\u00f3pez de M\u00e9ndez y Mar\u00eda Irizarry, est\u00e1 orientado a los directores de escuelas p\u00fablicas y privadas. Su prop\u00f3sito es fomentar el desarrollo &hellip;<\/p>\n","protected":false},"author":1,"featured_media":0,"parent":0,"menu_order":0,"comment_status":"closed","ping_status":"closed","template":"","meta":{"footnotes":""},"class_list":["post-6","page","type-page","status-publish","hentry"],"yoast_head":"<!-- This site is optimized with the Yoast SEO plugin v27.3 - https:\/\/yoast.com\/product\/yoast-seo-wordpress\/ -->\n<title>Strategies for Leadership and Language Enhancement - English as a Second Language<\/title>\n<meta name=\"robots\" content=\"index, follow, max-snippet:-1, max-image-preview:large, max-video-preview:-1\" \/>\n<link rel=\"canonical\" href=\"https:\/\/cie.uprrp.edu\/esl\/strategies-for-leadership-and-language-enhancement\/\" \/>\n<meta property=\"og:locale\" content=\"en_US\" \/>\n<meta property=\"og:type\" content=\"article\" \/>\n<meta property=\"og:title\" content=\"Strategies for Leadership and Language Enhancement - English as a Second Language\" \/>\n<meta property=\"og:description\" content=\"El proyecto Professional Development for Schools of Diverse Learners Principals: Strategies for Leadership and Language Enhancement, auspiciado por el Consejo de Educaci\u00f3n Superior de Puerto Rico (CES) y dirigido por las doctoras Annette L\u00f3pez de M\u00e9ndez y Mar\u00eda Irizarry, est\u00e1 orientado a los directores de escuelas p\u00fablicas y privadas. Su prop\u00f3sito es fomentar el desarrollo &hellip;\" \/>\n<meta property=\"og:url\" content=\"https:\/\/cie.uprrp.edu\/esl\/strategies-for-leadership-and-language-enhancement\/\" \/>\n<meta property=\"og:site_name\" content=\"English as a Second Language\" \/>\n<meta property=\"article:modified_time\" content=\"2026-03-12T20:45:16+00:00\" \/>\n<meta property=\"og:image\" content=\"https:\/\/cie.uprrp.edu\/esl\/wp-content\/uploads\/sites\/5\/2026\/03\/E02.png\" \/>\n\t<meta property=\"og:image:width\" content=\"807\" \/>\n\t<meta property=\"og:image:height\" content=\"1046\" \/>\n\t<meta property=\"og:image:type\" content=\"image\/png\" \/>\n<meta name=\"twitter:card\" content=\"summary_large_image\" \/>\n<meta name=\"twitter:label1\" content=\"Est. reading time\" \/>\n\t<meta name=\"twitter:data1\" content=\"3 minutes\" \/>\n<script type=\"application\/ld+json\" class=\"yoast-schema-graph\">{\"@context\":\"https:\\\/\\\/schema.org\",\"@graph\":[{\"@type\":\"WebPage\",\"@id\":\"https:\\\/\\\/cie.uprrp.edu\\\/esl\\\/strategies-for-leadership-and-language-enhancement\\\/\",\"url\":\"https:\\\/\\\/cie.uprrp.edu\\\/esl\\\/strategies-for-leadership-and-language-enhancement\\\/\",\"name\":\"Strategies for Leadership and Language Enhancement - English as a Second Language\",\"isPartOf\":{\"@id\":\"https:\\\/\\\/cie.uprrp.edu\\\/esl\\\/#website\"},\"primaryImageOfPage\":{\"@id\":\"https:\\\/\\\/cie.uprrp.edu\\\/esl\\\/strategies-for-leadership-and-language-enhancement\\\/#primaryimage\"},\"image\":{\"@id\":\"https:\\\/\\\/cie.uprrp.edu\\\/esl\\\/strategies-for-leadership-and-language-enhancement\\\/#primaryimage\"},\"thumbnailUrl\":\"https:\\\/\\\/cie.uprrp.edu\\\/esl\\\/wp-content\\\/uploads\\\/sites\\\/5\\\/2026\\\/03\\\/E02.png\",\"datePublished\":\"2011-09-12T16:07:57+00:00\",\"dateModified\":\"2026-03-12T20:45:16+00:00\",\"breadcrumb\":{\"@id\":\"https:\\\/\\\/cie.uprrp.edu\\\/esl\\\/strategies-for-leadership-and-language-enhancement\\\/#breadcrumb\"},\"inLanguage\":\"en-US\",\"potentialAction\":[{\"@type\":\"ReadAction\",\"target\":[\"https:\\\/\\\/cie.uprrp.edu\\\/esl\\\/strategies-for-leadership-and-language-enhancement\\\/\"]}]},{\"@type\":\"ImageObject\",\"inLanguage\":\"en-US\",\"@id\":\"https:\\\/\\\/cie.uprrp.edu\\\/esl\\\/strategies-for-leadership-and-language-enhancement\\\/#primaryimage\",\"url\":\"https:\\\/\\\/cie.uprrp.edu\\\/esl\\\/wp-content\\\/uploads\\\/sites\\\/5\\\/2026\\\/03\\\/E02.png\",\"contentUrl\":\"https:\\\/\\\/cie.uprrp.edu\\\/esl\\\/wp-content\\\/uploads\\\/sites\\\/5\\\/2026\\\/03\\\/E02.png\",\"width\":807,\"height\":1046,\"caption\":\"Professional Development for Schools of Diverse Learners Principals: Strategies for Leadership and Language Enhancement\"},{\"@type\":\"BreadcrumbList\",\"@id\":\"https:\\\/\\\/cie.uprrp.edu\\\/esl\\\/strategies-for-leadership-and-language-enhancement\\\/#breadcrumb\",\"itemListElement\":[{\"@type\":\"ListItem\",\"position\":1,\"name\":\"Home\",\"item\":\"https:\\\/\\\/cie.uprrp.edu\\\/esl\\\/\"},{\"@type\":\"ListItem\",\"position\":2,\"name\":\"Strategies for Leadership and Language Enhancement\"}]},{\"@type\":\"WebSite\",\"@id\":\"https:\\\/\\\/cie.uprrp.edu\\\/esl\\\/#website\",\"url\":\"https:\\\/\\\/cie.uprrp.edu\\\/esl\\\/\",\"name\":\"English as a Second Language\",\"description\":\"Centro de Investigaciones Educativas\",\"potentialAction\":[{\"@type\":\"SearchAction\",\"target\":{\"@type\":\"EntryPoint\",\"urlTemplate\":\"https:\\\/\\\/cie.uprrp.edu\\\/esl\\\/?s={search_term_string}\"},\"query-input\":{\"@type\":\"PropertyValueSpecification\",\"valueRequired\":true,\"valueName\":\"search_term_string\"}}],\"inLanguage\":\"en-US\"}]}<\/script>\n<!-- \/ Yoast SEO plugin. -->","yoast_head_json":{"title":"Strategies for Leadership and Language Enhancement - English as a Second Language","robots":{"index":"index","follow":"follow","max-snippet":"max-snippet:-1","max-image-preview":"max-image-preview:large","max-video-preview":"max-video-preview:-1"},"canonical":"https:\/\/cie.uprrp.edu\/esl\/strategies-for-leadership-and-language-enhancement\/","og_locale":"en_US","og_type":"article","og_title":"Strategies for Leadership and Language Enhancement - English as a Second Language","og_description":"El proyecto Professional Development for Schools of Diverse Learners Principals: Strategies for Leadership and Language Enhancement, auspiciado por el Consejo de Educaci\u00f3n Superior de Puerto Rico (CES) y dirigido por las doctoras Annette L\u00f3pez de M\u00e9ndez y Mar\u00eda Irizarry, est\u00e1 orientado a los directores de escuelas p\u00fablicas y privadas. Su prop\u00f3sito es fomentar el desarrollo &hellip;","og_url":"https:\/\/cie.uprrp.edu\/esl\/strategies-for-leadership-and-language-enhancement\/","og_site_name":"English as a Second Language","article_modified_time":"2026-03-12T20:45:16+00:00","og_image":[{"width":807,"height":1046,"url":"https:\/\/cie.uprrp.edu\/esl\/wp-content\/uploads\/sites\/5\/2026\/03\/E02.png","type":"image\/png"}],"twitter_card":"summary_large_image","twitter_misc":{"Est. reading time":"3 minutes"},"schema":{"@context":"https:\/\/schema.org","@graph":[{"@type":"WebPage","@id":"https:\/\/cie.uprrp.edu\/esl\/strategies-for-leadership-and-language-enhancement\/","url":"https:\/\/cie.uprrp.edu\/esl\/strategies-for-leadership-and-language-enhancement\/","name":"Strategies for Leadership and Language Enhancement - English as a Second Language","isPartOf":{"@id":"https:\/\/cie.uprrp.edu\/esl\/#website"},"primaryImageOfPage":{"@id":"https:\/\/cie.uprrp.edu\/esl\/strategies-for-leadership-and-language-enhancement\/#primaryimage"},"image":{"@id":"https:\/\/cie.uprrp.edu\/esl\/strategies-for-leadership-and-language-enhancement\/#primaryimage"},"thumbnailUrl":"https:\/\/cie.uprrp.edu\/esl\/wp-content\/uploads\/sites\/5\/2026\/03\/E02.png","datePublished":"2011-09-12T16:07:57+00:00","dateModified":"2026-03-12T20:45:16+00:00","breadcrumb":{"@id":"https:\/\/cie.uprrp.edu\/esl\/strategies-for-leadership-and-language-enhancement\/#breadcrumb"},"inLanguage":"en-US","potentialAction":[{"@type":"ReadAction","target":["https:\/\/cie.uprrp.edu\/esl\/strategies-for-leadership-and-language-enhancement\/"]}]},{"@type":"ImageObject","inLanguage":"en-US","@id":"https:\/\/cie.uprrp.edu\/esl\/strategies-for-leadership-and-language-enhancement\/#primaryimage","url":"https:\/\/cie.uprrp.edu\/esl\/wp-content\/uploads\/sites\/5\/2026\/03\/E02.png","contentUrl":"https:\/\/cie.uprrp.edu\/esl\/wp-content\/uploads\/sites\/5\/2026\/03\/E02.png","width":807,"height":1046,"caption":"Professional Development for Schools of Diverse Learners Principals: Strategies for Leadership and Language Enhancement"},{"@type":"BreadcrumbList","@id":"https:\/\/cie.uprrp.edu\/esl\/strategies-for-leadership-and-language-enhancement\/#breadcrumb","itemListElement":[{"@type":"ListItem","position":1,"name":"Home","item":"https:\/\/cie.uprrp.edu\/esl\/"},{"@type":"ListItem","position":2,"name":"Strategies for Leadership and Language Enhancement"}]},{"@type":"WebSite","@id":"https:\/\/cie.uprrp.edu\/esl\/#website","url":"https:\/\/cie.uprrp.edu\/esl\/","name":"English as a Second Language","description":"Centro de Investigaciones Educativas","potentialAction":[{"@type":"SearchAction","target":{"@type":"EntryPoint","urlTemplate":"https:\/\/cie.uprrp.edu\/esl\/?s={search_term_string}"},"query-input":{"@type":"PropertyValueSpecification","valueRequired":true,"valueName":"search_term_string"}}],"inLanguage":"en-US"}]}},"_links":{"self":[{"href":"https:\/\/cie.uprrp.edu\/esl\/wp-json\/wp\/v2\/pages\/6","targetHints":{"allow":["GET"]}}],"collection":[{"href":"https:\/\/cie.uprrp.edu\/esl\/wp-json\/wp\/v2\/pages"}],"about":[{"href":"https:\/\/cie.uprrp.edu\/esl\/wp-json\/wp\/v2\/types\/page"}],"author":[{"embeddable":true,"href":"https:\/\/cie.uprrp.edu\/esl\/wp-json\/wp\/v2\/users\/1"}],"replies":[{"embeddable":true,"href":"https:\/\/cie.uprrp.edu\/esl\/wp-json\/wp\/v2\/comments?post=6"}],"version-history":[{"count":6,"href":"https:\/\/cie.uprrp.edu\/esl\/wp-json\/wp\/v2\/pages\/6\/revisions"}],"predecessor-version":[{"id":98,"href":"https:\/\/cie.uprrp.edu\/esl\/wp-json\/wp\/v2\/pages\/6\/revisions\/98"}],"wp:attachment":[{"href":"https:\/\/cie.uprrp.edu\/esl\/wp-json\/wp\/v2\/media?parent=6"}],"curies":[{"name":"wp","href":"https:\/\/api.w.org\/{rel}","templated":true}]}}