{"id":24,"date":"2016-03-02T18:31:21","date_gmt":"2016-03-02T18:31:21","guid":{"rendered":"http:\/\/cie.uprrp.edu\/lecamae\/?page_id=24"},"modified":"2016-03-02T18:31:21","modified_gmt":"2016-03-02T18:31:21","slug":"personal-del-proyecto","status":"publish","type":"page","link":"https:\/\/cie.uprrp.edu\/lecamae\/personal-del-proyecto\/","title":{"rendered":"Personal del proyecto"},"content":{"rendered":"<p><strong>Alicia M. Castillo Ortiz, Ed.D.<\/strong><br \/>\nDirectora del proyecto<br \/>\nDepartamento Estudios Graduados<\/p>\n<p><strong>Annette L\u00f3pez de M\u00e9ndez, Ed.D.<\/strong><br \/>\nDirectora<br \/>\nCentro de Investigaciones Educativas<\/p>\n<p><strong>Asesores<\/strong><br \/>\nJuan Rodr\u00edguez Rivera, Ed.D.<br \/>\nJulio Rodr\u00edguez, ABD, MA<br \/>\nAura Gonz\u00e1lez Robles, Ph.D.<\/p>\n<p><strong>Facultad participante<\/strong><br \/>\nMar\u00eda de los \u00c1ngeles Ortiz Reyes, Ph.D.<br \/>\nDavid V\u00e1zquez, Ph.D.<br \/>\nAlicia Monta\u00f1ez Garc\u00eda, Ed.D.<br \/>\nAlicia M. Castillo Ortiz, Ed.D.<\/p>\n<p><strong>Evaluadora externa<\/strong><br \/>\nZaida Correa Mel\u00e9ndez, Ed.D.<\/p>\n<p><strong>Asistente de investigaci\u00f3n<\/strong><br \/>\nFerdinand Cabrera Ruiz, M.Ed.<\/p>\n<p><strong>Sra. Mariely Rivera Hern\u00e1ndez<\/strong><br \/>\nDirectora Ejecutiva SAPIENTIS<\/p>\n<p><strong>Sra. Vilma Llanos<\/strong><br \/>\nDirectora Investigaci\u00f3n y Pol\u00edtica Educativa &#8211; SAPIENTIS<\/p>\n","protected":false},"excerpt":{"rendered":"<p>Alicia M. Castillo Ortiz, Ed.D. Directora del proyecto Departamento Estudios Graduados Annette L\u00f3pez de M\u00e9ndez, Ed.D. Directora Centro de Investigaciones Educativas Asesores Juan Rodr\u00edguez Rivera, Ed.D. Julio Rodr\u00edguez, ABD, MA Aura Gonz\u00e1lez Robles, Ph.D. Facultad participante Mar\u00eda de los \u00c1ngeles Ortiz Reyes, Ph.D. David V\u00e1zquez, Ph.D. Alicia Monta\u00f1ez Garc\u00eda, Ed.D. Alicia M. Castillo Ortiz, Ed.D. [&hellip;]<\/p>\n","protected":false},"author":1,"featured_media":0,"parent":0,"menu_order":0,"comment_status":"closed","ping_status":"closed","template":"","meta":{"footnotes":""},"class_list":["post-24","page","type-page","status-publish","hentry"],"yoast_head":"<!-- This site is optimized with the Yoast SEO plugin v27.2 - https:\/\/yoast.com\/product\/yoast-seo-wordpress\/ -->\n<title>Personal del proyecto - LECAMAE:<\/title>\n<meta name=\"robots\" content=\"index, follow, max-snippet:-1, max-image-preview:large, max-video-preview:-1\" \/>\n<link rel=\"canonical\" href=\"https:\/\/cie.uprrp.edu\/lecamae\/personal-del-proyecto\/\" \/>\n<meta property=\"og:locale\" content=\"en_US\" \/>\n<meta property=\"og:type\" content=\"article\" \/>\n<meta property=\"og:title\" content=\"Personal del proyecto - LECAMAE:\" \/>\n<meta property=\"og:description\" content=\"Alicia M. Castillo Ortiz, Ed.D. Directora del proyecto Departamento Estudios Graduados Annette L\u00f3pez de M\u00e9ndez, Ed.D. Directora Centro de Investigaciones Educativas Asesores Juan Rodr\u00edguez Rivera, Ed.D. Julio Rodr\u00edguez, ABD, MA Aura Gonz\u00e1lez Robles, Ph.D. Facultad participante Mar\u00eda de los \u00c1ngeles Ortiz Reyes, Ph.D. David V\u00e1zquez, Ph.D. Alicia Monta\u00f1ez Garc\u00eda, Ed.D. Alicia M. Castillo Ortiz, Ed.D. [&hellip;]\" \/>\n<meta property=\"og:url\" content=\"https:\/\/cie.uprrp.edu\/lecamae\/personal-del-proyecto\/\" \/>\n<meta property=\"og:site_name\" content=\"LECAMAE:\" \/>\n<meta name=\"twitter:card\" content=\"summary_large_image\" \/>\n<meta name=\"twitter:label1\" content=\"Est. reading time\" \/>\n\t<meta name=\"twitter:data1\" content=\"1 minute\" \/>\n<script type=\"application\/ld+json\" class=\"yoast-schema-graph\">{\"@context\":\"https:\/\/schema.org\",\"@graph\":[{\"@type\":\"WebPage\",\"@id\":\"https:\/\/cie.uprrp.edu\/lecamae\/personal-del-proyecto\/\",\"url\":\"https:\/\/cie.uprrp.edu\/lecamae\/personal-del-proyecto\/\",\"name\":\"Personal del proyecto - LECAMAE:\",\"isPartOf\":{\"@id\":\"https:\/\/cie.uprrp.edu\/lecamae\/#website\"},\"datePublished\":\"2016-03-02T18:31:21+00:00\",\"breadcrumb\":{\"@id\":\"https:\/\/cie.uprrp.edu\/lecamae\/personal-del-proyecto\/#breadcrumb\"},\"inLanguage\":\"en-US\",\"potentialAction\":[{\"@type\":\"ReadAction\",\"target\":[\"https:\/\/cie.uprrp.edu\/lecamae\/personal-del-proyecto\/\"]}]},{\"@type\":\"BreadcrumbList\",\"@id\":\"https:\/\/cie.uprrp.edu\/lecamae\/personal-del-proyecto\/#breadcrumb\",\"itemListElement\":[{\"@type\":\"ListItem\",\"position\":1,\"name\":\"Home\",\"item\":\"https:\/\/cie.uprrp.edu\/lecamae\/\"},{\"@type\":\"ListItem\",\"position\":2,\"name\":\"Personal del proyecto\"}]},{\"@type\":\"WebSite\",\"@id\":\"https:\/\/cie.uprrp.edu\/lecamae\/#website\",\"url\":\"https:\/\/cie.uprrp.edu\/lecamae\/\",\"name\":\"LECAMAE:\",\"description\":\"L\u00edderes Educativos Comprometidos con el Aprendizaje y que Mejoran el Aprovechamiento Estudiantil\",\"potentialAction\":[{\"@type\":\"SearchAction\",\"target\":{\"@type\":\"EntryPoint\",\"urlTemplate\":\"https:\/\/cie.uprrp.edu\/lecamae\/?s={search_term_string}\"},\"query-input\":{\"@type\":\"PropertyValueSpecification\",\"valueRequired\":true,\"valueName\":\"search_term_string\"}}],\"inLanguage\":\"en-US\"}]}<\/script>\n<!-- \/ Yoast SEO plugin. -->","yoast_head_json":{"title":"Personal del proyecto - LECAMAE:","robots":{"index":"index","follow":"follow","max-snippet":"max-snippet:-1","max-image-preview":"max-image-preview:large","max-video-preview":"max-video-preview:-1"},"canonical":"https:\/\/cie.uprrp.edu\/lecamae\/personal-del-proyecto\/","og_locale":"en_US","og_type":"article","og_title":"Personal del proyecto - LECAMAE:","og_description":"Alicia M. Castillo Ortiz, Ed.D. Directora del proyecto Departamento Estudios Graduados Annette L\u00f3pez de M\u00e9ndez, Ed.D. Directora Centro de Investigaciones Educativas Asesores Juan Rodr\u00edguez Rivera, Ed.D. Julio Rodr\u00edguez, ABD, MA Aura Gonz\u00e1lez Robles, Ph.D. Facultad participante Mar\u00eda de los \u00c1ngeles Ortiz Reyes, Ph.D. David V\u00e1zquez, Ph.D. Alicia Monta\u00f1ez Garc\u00eda, Ed.D. Alicia M. Castillo Ortiz, Ed.D. [&hellip;]","og_url":"https:\/\/cie.uprrp.edu\/lecamae\/personal-del-proyecto\/","og_site_name":"LECAMAE:","twitter_card":"summary_large_image","twitter_misc":{"Est. reading time":"1 minute"},"schema":{"@context":"https:\/\/schema.org","@graph":[{"@type":"WebPage","@id":"https:\/\/cie.uprrp.edu\/lecamae\/personal-del-proyecto\/","url":"https:\/\/cie.uprrp.edu\/lecamae\/personal-del-proyecto\/","name":"Personal del proyecto - LECAMAE:","isPartOf":{"@id":"https:\/\/cie.uprrp.edu\/lecamae\/#website"},"datePublished":"2016-03-02T18:31:21+00:00","breadcrumb":{"@id":"https:\/\/cie.uprrp.edu\/lecamae\/personal-del-proyecto\/#breadcrumb"},"inLanguage":"en-US","potentialAction":[{"@type":"ReadAction","target":["https:\/\/cie.uprrp.edu\/lecamae\/personal-del-proyecto\/"]}]},{"@type":"BreadcrumbList","@id":"https:\/\/cie.uprrp.edu\/lecamae\/personal-del-proyecto\/#breadcrumb","itemListElement":[{"@type":"ListItem","position":1,"name":"Home","item":"https:\/\/cie.uprrp.edu\/lecamae\/"},{"@type":"ListItem","position":2,"name":"Personal del proyecto"}]},{"@type":"WebSite","@id":"https:\/\/cie.uprrp.edu\/lecamae\/#website","url":"https:\/\/cie.uprrp.edu\/lecamae\/","name":"LECAMAE:","description":"L\u00edderes Educativos Comprometidos con el Aprendizaje y que Mejoran el Aprovechamiento Estudiantil","potentialAction":[{"@type":"SearchAction","target":{"@type":"EntryPoint","urlTemplate":"https:\/\/cie.uprrp.edu\/lecamae\/?s={search_term_string}"},"query-input":{"@type":"PropertyValueSpecification","valueRequired":true,"valueName":"search_term_string"}}],"inLanguage":"en-US"}]}},"_links":{"self":[{"href":"https:\/\/cie.uprrp.edu\/lecamae\/wp-json\/wp\/v2\/pages\/24","targetHints":{"allow":["GET"]}}],"collection":[{"href":"https:\/\/cie.uprrp.edu\/lecamae\/wp-json\/wp\/v2\/pages"}],"about":[{"href":"https:\/\/cie.uprrp.edu\/lecamae\/wp-json\/wp\/v2\/types\/page"}],"author":[{"embeddable":true,"href":"https:\/\/cie.uprrp.edu\/lecamae\/wp-json\/wp\/v2\/users\/1"}],"replies":[{"embeddable":true,"href":"https:\/\/cie.uprrp.edu\/lecamae\/wp-json\/wp\/v2\/comments?post=24"}],"version-history":[{"count":1,"href":"https:\/\/cie.uprrp.edu\/lecamae\/wp-json\/wp\/v2\/pages\/24\/revisions"}],"predecessor-version":[{"id":25,"href":"https:\/\/cie.uprrp.edu\/lecamae\/wp-json\/wp\/v2\/pages\/24\/revisions\/25"}],"wp:attachment":[{"href":"https:\/\/cie.uprrp.edu\/lecamae\/wp-json\/wp\/v2\/media?parent=24"}],"curies":[{"name":"wp","href":"https:\/\/api.w.org\/{rel}","templated":true}]}}