{"id":26,"date":"2016-03-02T18:34:32","date_gmt":"2016-03-02T18:34:32","guid":{"rendered":"http:\/\/cie.uprrp.edu\/lecamae\/?page_id=26"},"modified":"2018-03-23T17:51:38","modified_gmt":"2018-03-23T17:51:38","slug":"reuniones","status":"publish","type":"page","link":"https:\/\/cie.uprrp.edu\/lecamae\/reuniones\/","title":{"rendered":"Reuniones"},"content":{"rendered":"<h2>Primera reuni\u00f3n: 26 de marzo de de 2013<\/h2>\n<h3>Agenda<\/h3>\n<p><img loading=\"lazy\" decoding=\"async\" class=\"alignleft size-full wp-image-69\" src=\"http:\/\/cie.uprrp.edu\/lecamae\/wp-content\/uploads\/sites\/6\/2016\/03\/r1-agenda.png\" alt=\"Agenda primera reuni\u00f3n\" width=\"783\" height=\"1024\" srcset=\"https:\/\/cie.uprrp.edu\/lecamae\/wp-content\/uploads\/sites\/6\/2016\/03\/r1-agenda.png 783w, https:\/\/cie.uprrp.edu\/lecamae\/wp-content\/uploads\/sites\/6\/2016\/03\/r1-agenda-229x300.png 229w, https:\/\/cie.uprrp.edu\/lecamae\/wp-content\/uploads\/sites\/6\/2016\/03\/r1-agenda-768x1004.png 768w, https:\/\/cie.uprrp.edu\/lecamae\/wp-content\/uploads\/sites\/6\/2016\/03\/r1-agenda-283x370.png 283w\" sizes=\"auto, (max-width: 783px) 100vw, 783px\" \/><\/p>\n<ul>\n<li>Oprima la imagen para expandirla u oprima <a href=\"http:\/\/cie.uprrp.edu\/lecamae\/wp-content\/uploads\/sites\/6\/2016\/03\/Agenda_Reunion1.pdf\">AQU\u00cd<\/a> para descargar una versi\u00f3n en PDF.<\/li>\n<\/ul>\n<p><strong>Martes, 26 de marzo de 2013<\/strong> \u2013 El proyecto <strong>L\u00edderes Educativos Comprometidos con la Calidad del Aprendizaje y el Mejoramiento del Aprovechamiento de los Estudiantes<\/strong> (LECAMAE), llev\u00f3 a cabo su primera reuni\u00f3n de coordinaci\u00f3n de los trabajos del proyecto con el personal de Sapientis, el personal de LECAMAE y los 6 directores de las escuelas participantes. Esta reuni\u00f3n inicial del proyecto, se llev\u00f3 a cabo en las facilidades de Sapientis en Santurce, en la cual se hizo entrega de un certificado para cada director y sus respectivas escuelas seleccionadas para ser parte del proyecto piloto.<\/p>\n<div id='gallery-1' class='gallery galleryid-26 gallery-columns-3 gallery-size-medium'><figure class='gallery-item'>\n\t\t\t<div class='gallery-icon landscape'>\n\t\t\t\t<a href='https:\/\/cie.uprrp.edu\/lecamae\/wp-content\/uploads\/sites\/6\/2016\/03\/r1_conversacion.jpg'><img loading=\"lazy\" decoding=\"async\" width=\"300\" height=\"225\" src=\"https:\/\/cie.uprrp.edu\/lecamae\/wp-content\/uploads\/sites\/6\/2016\/03\/r1_conversacion-300x225.jpg\" class=\"attachment-medium size-medium\" alt=\"Participantes durante el taller\" srcset=\"https:\/\/cie.uprrp.edu\/lecamae\/wp-content\/uploads\/sites\/6\/2016\/03\/r1_conversacion-300x225.jpg 300w, https:\/\/cie.uprrp.edu\/lecamae\/wp-content\/uploads\/sites\/6\/2016\/03\/r1_conversacion-768x576.jpg 768w, https:\/\/cie.uprrp.edu\/lecamae\/wp-content\/uploads\/sites\/6\/2016\/03\/r1_conversacion.jpg 1024w, https:\/\/cie.uprrp.edu\/lecamae\/wp-content\/uploads\/sites\/6\/2016\/03\/r1_conversacion-493x370.jpg 493w, https:\/\/cie.uprrp.edu\/lecamae\/wp-content\/uploads\/sites\/6\/2016\/03\/r1_conversacion-320x240.jpg 320w\" sizes=\"auto, (max-width: 300px) 100vw, 300px\" \/><\/a>\n\t\t\t<\/div><\/figure><figure class='gallery-item'>\n\t\t\t<div class='gallery-icon landscape'>\n\t\t\t\t<a href='https:\/\/cie.uprrp.edu\/lecamae\/wp-content\/uploads\/sites\/6\/2016\/03\/r1_grupo.jpg'><img loading=\"lazy\" decoding=\"async\" width=\"300\" height=\"225\" src=\"https:\/\/cie.uprrp.edu\/lecamae\/wp-content\/uploads\/sites\/6\/2016\/03\/r1_grupo-300x225.jpg\" class=\"attachment-medium size-medium\" alt=\"Participantes durante el taller\" srcset=\"https:\/\/cie.uprrp.edu\/lecamae\/wp-content\/uploads\/sites\/6\/2016\/03\/r1_grupo-300x225.jpg 300w, https:\/\/cie.uprrp.edu\/lecamae\/wp-content\/uploads\/sites\/6\/2016\/03\/r1_grupo-768x576.jpg 768w, https:\/\/cie.uprrp.edu\/lecamae\/wp-content\/uploads\/sites\/6\/2016\/03\/r1_grupo.jpg 1024w, https:\/\/cie.uprrp.edu\/lecamae\/wp-content\/uploads\/sites\/6\/2016\/03\/r1_grupo-493x370.jpg 493w, https:\/\/cie.uprrp.edu\/lecamae\/wp-content\/uploads\/sites\/6\/2016\/03\/r1_grupo-320x240.jpg 320w\" sizes=\"auto, (max-width: 300px) 100vw, 300px\" \/><\/a>\n\t\t\t<\/div><\/figure><figure class='gallery-item'>\n\t\t\t<div class='gallery-icon landscape'>\n\t\t\t\t<a href='https:\/\/cie.uprrp.edu\/lecamae\/wp-content\/uploads\/sites\/6\/2016\/03\/r1_cinco.jpg'><img loading=\"lazy\" decoding=\"async\" width=\"300\" height=\"225\" src=\"https:\/\/cie.uprrp.edu\/lecamae\/wp-content\/uploads\/sites\/6\/2016\/03\/r1_cinco-300x225.jpg\" class=\"attachment-medium size-medium\" alt=\"Participantes reciben sus certificados\" srcset=\"https:\/\/cie.uprrp.edu\/lecamae\/wp-content\/uploads\/sites\/6\/2016\/03\/r1_cinco-300x225.jpg 300w, https:\/\/cie.uprrp.edu\/lecamae\/wp-content\/uploads\/sites\/6\/2016\/03\/r1_cinco-768x576.jpg 768w, https:\/\/cie.uprrp.edu\/lecamae\/wp-content\/uploads\/sites\/6\/2016\/03\/r1_cinco.jpg 1024w, https:\/\/cie.uprrp.edu\/lecamae\/wp-content\/uploads\/sites\/6\/2016\/03\/r1_cinco-493x370.jpg 493w, https:\/\/cie.uprrp.edu\/lecamae\/wp-content\/uploads\/sites\/6\/2016\/03\/r1_cinco-320x240.jpg 320w\" sizes=\"auto, (max-width: 300px) 100vw, 300px\" \/><\/a>\n\t\t\t<\/div><\/figure><figure class='gallery-item'>\n\t\t\t<div class='gallery-icon landscape'>\n\t\t\t\t<a href='https:\/\/cie.uprrp.edu\/lecamae\/wp-content\/uploads\/sites\/6\/2016\/03\/r1-02.jpg'><img loading=\"lazy\" decoding=\"async\" width=\"300\" height=\"158\" src=\"https:\/\/cie.uprrp.edu\/lecamae\/wp-content\/uploads\/sites\/6\/2016\/03\/r1-02-300x158.jpg\" class=\"attachment-medium size-medium\" alt=\"Participantes durante el taller\" srcset=\"https:\/\/cie.uprrp.edu\/lecamae\/wp-content\/uploads\/sites\/6\/2016\/03\/r1-02-300x158.jpg 300w, https:\/\/cie.uprrp.edu\/lecamae\/wp-content\/uploads\/sites\/6\/2016\/03\/r1-02-768x404.jpg 768w, https:\/\/cie.uprrp.edu\/lecamae\/wp-content\/uploads\/sites\/6\/2016\/03\/r1-02.jpg 1024w, https:\/\/cie.uprrp.edu\/lecamae\/wp-content\/uploads\/sites\/6\/2016\/03\/r1-02-704x370.jpg 704w\" sizes=\"auto, (max-width: 300px) 100vw, 300px\" \/><\/a>\n\t\t\t<\/div><\/figure><figure class='gallery-item'>\n\t\t\t<div class='gallery-icon landscape'>\n\t\t\t\t<a href='https:\/\/cie.uprrp.edu\/lecamae\/wp-content\/uploads\/sites\/6\/2016\/02\/lisely_certificado-1.jpg'><img loading=\"lazy\" decoding=\"async\" width=\"300\" height=\"220\" src=\"https:\/\/cie.uprrp.edu\/lecamae\/wp-content\/uploads\/sites\/6\/2016\/02\/lisely_certificado-1-300x220.jpg\" class=\"attachment-medium size-medium\" alt=\"Certificado de Lisely M\u00e9ndez\" srcset=\"https:\/\/cie.uprrp.edu\/lecamae\/wp-content\/uploads\/sites\/6\/2016\/02\/lisely_certificado-1-300x220.jpg 300w, https:\/\/cie.uprrp.edu\/lecamae\/wp-content\/uploads\/sites\/6\/2016\/02\/lisely_certificado-1-504x370.jpg 504w, https:\/\/cie.uprrp.edu\/lecamae\/wp-content\/uploads\/sites\/6\/2016\/02\/lisely_certificado-1.jpg 640w\" sizes=\"auto, (max-width: 300px) 100vw, 300px\" \/><\/a>\n\t\t\t<\/div><\/figure><figure class='gallery-item'>\n\t\t\t<div class='gallery-icon landscape'>\n\t\t\t\t<a href='https:\/\/cie.uprrp.edu\/lecamae\/wp-content\/uploads\/sites\/6\/2016\/03\/r1_equipo-de-trabajo.jpg'><img loading=\"lazy\" decoding=\"async\" width=\"300\" height=\"147\" src=\"https:\/\/cie.uprrp.edu\/lecamae\/wp-content\/uploads\/sites\/6\/2016\/03\/r1_equipo-de-trabajo-300x147.jpg\" class=\"attachment-medium size-medium\" alt=\"Participantes reciben sus certificados\" srcset=\"https:\/\/cie.uprrp.edu\/lecamae\/wp-content\/uploads\/sites\/6\/2016\/03\/r1_equipo-de-trabajo-300x147.jpg 300w, https:\/\/cie.uprrp.edu\/lecamae\/wp-content\/uploads\/sites\/6\/2016\/03\/r1_equipo-de-trabajo-768x377.jpg 768w, https:\/\/cie.uprrp.edu\/lecamae\/wp-content\/uploads\/sites\/6\/2016\/03\/r1_equipo-de-trabajo.jpg 1024w, https:\/\/cie.uprrp.edu\/lecamae\/wp-content\/uploads\/sites\/6\/2016\/03\/r1_equipo-de-trabajo-753x370.jpg 753w\" sizes=\"auto, (max-width: 300px) 100vw, 300px\" \/><\/a>\n\t\t\t<\/div><\/figure><figure class='gallery-item'>\n\t\t\t<div class='gallery-icon landscape'>\n\t\t\t\t<a href='https:\/\/cie.uprrp.edu\/lecamae\/wp-content\/uploads\/sites\/6\/2016\/03\/r1-01.jpg'><img loading=\"lazy\" decoding=\"async\" width=\"300\" height=\"200\" src=\"https:\/\/cie.uprrp.edu\/lecamae\/wp-content\/uploads\/sites\/6\/2016\/03\/r1-01-300x200.jpg\" class=\"attachment-medium size-medium\" alt=\"Participantes reciben sus certificados\" srcset=\"https:\/\/cie.uprrp.edu\/lecamae\/wp-content\/uploads\/sites\/6\/2016\/03\/r1-01-300x200.jpg 300w, https:\/\/cie.uprrp.edu\/lecamae\/wp-content\/uploads\/sites\/6\/2016\/03\/r1-01-768x512.jpg 768w, https:\/\/cie.uprrp.edu\/lecamae\/wp-content\/uploads\/sites\/6\/2016\/03\/r1-01-555x370.jpg 555w, https:\/\/cie.uprrp.edu\/lecamae\/wp-content\/uploads\/sites\/6\/2016\/03\/r1-01.jpg 1000w\" sizes=\"auto, (max-width: 300px) 100vw, 300px\" \/><\/a>\n\t\t\t<\/div><\/figure>\n\t\t<\/div>\n\n<p><strong>Jueves, 20 de\u00a0 junio de 2013<\/strong> \u2013 Al finalizar, la sesi\u00f3n realizada para discutir y analizar los hallazgos del perfil del Director de Escuelas y del grupo focal de los directores de escuela participantes, se llev\u00f3 a cabo una importante reuni\u00f3n entre el personal de Sapientis, del Proyecto LECAMAE de la UPR y del Departamento de Educaci\u00f3n de Puerto Rico (DEPR). En la foto, de izquierda a derecha, se encuentran: el Dr. Juan Rodr\u00edguez-Rivera &#8211; asesor del\u00a0 Proyecto LECAMAE y catedr\u00e1tico auxiliar de la Facultad de Educaci\u00f3n UPR; Marieli Rivera Hern\u00e1ndez &#8211; Directora Ejecutiva de SAPIENTIS; la Dra. Alicia Castillo Ortiz &#8211; Directora del Proyecto LECAMAE y catedr\u00e1tica de la Facultad de Educaci\u00f3n UPR; la Dra. Mar\u00eda Yolanda V\u00e1zquez- Directora ICAAE del DEPR, y la Dra. Marilyn Ramos Rodr\u00edguez- Directora Programa de Pr\u00e1ctica Docente del DEPR.<\/p>\n<p><img loading=\"lazy\" decoding=\"async\" class=\"aligncenter wp-image-70 size-full\" src=\"http:\/\/cie.uprrp.edu\/lecamae\/wp-content\/uploads\/sites\/6\/2016\/03\/r02-01.jpg\" alt=\"Participantes y recursos durante una reuni\u00f3n\" width=\"640\" height=\"480\" srcset=\"https:\/\/cie.uprrp.edu\/lecamae\/wp-content\/uploads\/sites\/6\/2016\/03\/r02-01.jpg 640w, https:\/\/cie.uprrp.edu\/lecamae\/wp-content\/uploads\/sites\/6\/2016\/03\/r02-01-300x225.jpg 300w, https:\/\/cie.uprrp.edu\/lecamae\/wp-content\/uploads\/sites\/6\/2016\/03\/r02-01-493x370.jpg 493w, https:\/\/cie.uprrp.edu\/lecamae\/wp-content\/uploads\/sites\/6\/2016\/03\/r02-01-320x240.jpg 320w\" sizes=\"auto, (max-width: 640px) 100vw, 640px\" \/><\/p>\n","protected":false},"excerpt":{"rendered":"<p>Primera reuni\u00f3n: 26 de marzo de de 2013 Agenda Oprima la imagen para expandirla u oprima AQU\u00cd para descargar una versi\u00f3n en PDF. Martes, 26 de marzo de 2013 \u2013 El proyecto L\u00edderes Educativos Comprometidos con la Calidad del Aprendizaje y el Mejoramiento del Aprovechamiento de los Estudiantes (LECAMAE), llev\u00f3 a cabo su primera reuni\u00f3n [&hellip;]<\/p>\n","protected":false},"author":1,"featured_media":0,"parent":0,"menu_order":0,"comment_status":"closed","ping_status":"closed","template":"","meta":{"footnotes":""},"class_list":["post-26","page","type-page","status-publish","hentry"],"yoast_head":"<!-- This site is optimized with the Yoast SEO plugin v27.2 - https:\/\/yoast.com\/product\/yoast-seo-wordpress\/ -->\n<title>Reuniones - LECAMAE:<\/title>\n<meta name=\"robots\" content=\"index, follow, max-snippet:-1, max-image-preview:large, max-video-preview:-1\" \/>\n<link rel=\"canonical\" href=\"https:\/\/cie.uprrp.edu\/lecamae\/reuniones\/\" \/>\n<meta property=\"og:locale\" content=\"en_US\" \/>\n<meta property=\"og:type\" content=\"article\" \/>\n<meta property=\"og:title\" content=\"Reuniones - LECAMAE:\" \/>\n<meta property=\"og:description\" content=\"Primera reuni\u00f3n: 26 de marzo de de 2013 Agenda Oprima la imagen para expandirla u oprima AQU\u00cd para descargar una versi\u00f3n en PDF. Martes, 26 de marzo de 2013 \u2013 El proyecto L\u00edderes Educativos Comprometidos con la Calidad del Aprendizaje y el Mejoramiento del Aprovechamiento de los Estudiantes (LECAMAE), llev\u00f3 a cabo su primera reuni\u00f3n [&hellip;]\" \/>\n<meta property=\"og:url\" content=\"https:\/\/cie.uprrp.edu\/lecamae\/reuniones\/\" \/>\n<meta property=\"og:site_name\" content=\"LECAMAE:\" \/>\n<meta property=\"article:modified_time\" content=\"2018-03-23T17:51:38+00:00\" \/>\n<meta property=\"og:image\" content=\"https:\/\/cie.uprrp.edu\/lecamae\/wp-content\/uploads\/sites\/6\/2016\/03\/r1_conversacion-300x225.jpg\" \/>\n<meta name=\"twitter:card\" content=\"summary_large_image\" \/>\n<meta name=\"twitter:label1\" content=\"Est. reading time\" \/>\n\t<meta name=\"twitter:data1\" content=\"1 minute\" \/>\n<script type=\"application\/ld+json\" class=\"yoast-schema-graph\">{\"@context\":\"https:\/\/schema.org\",\"@graph\":[{\"@type\":\"WebPage\",\"@id\":\"https:\/\/cie.uprrp.edu\/lecamae\/reuniones\/\",\"url\":\"https:\/\/cie.uprrp.edu\/lecamae\/reuniones\/\",\"name\":\"Reuniones - LECAMAE:\",\"isPartOf\":{\"@id\":\"https:\/\/cie.uprrp.edu\/lecamae\/#website\"},\"primaryImageOfPage\":{\"@id\":\"https:\/\/cie.uprrp.edu\/lecamae\/reuniones\/#primaryimage\"},\"image\":{\"@id\":\"https:\/\/cie.uprrp.edu\/lecamae\/reuniones\/#primaryimage\"},\"thumbnailUrl\":\"http:\/\/cie.uprrp.edu\/lecamae\/wp-content\/uploads\/sites\/6\/2016\/03\/r1-agenda.png\",\"datePublished\":\"2016-03-02T18:34:32+00:00\",\"dateModified\":\"2018-03-23T17:51:38+00:00\",\"breadcrumb\":{\"@id\":\"https:\/\/cie.uprrp.edu\/lecamae\/reuniones\/#breadcrumb\"},\"inLanguage\":\"en-US\",\"potentialAction\":[{\"@type\":\"ReadAction\",\"target\":[\"https:\/\/cie.uprrp.edu\/lecamae\/reuniones\/\"]}]},{\"@type\":\"ImageObject\",\"inLanguage\":\"en-US\",\"@id\":\"https:\/\/cie.uprrp.edu\/lecamae\/reuniones\/#primaryimage\",\"url\":\"http:\/\/cie.uprrp.edu\/lecamae\/wp-content\/uploads\/sites\/6\/2016\/03\/r1-agenda.png\",\"contentUrl\":\"http:\/\/cie.uprrp.edu\/lecamae\/wp-content\/uploads\/sites\/6\/2016\/03\/r1-agenda.png\"},{\"@type\":\"BreadcrumbList\",\"@id\":\"https:\/\/cie.uprrp.edu\/lecamae\/reuniones\/#breadcrumb\",\"itemListElement\":[{\"@type\":\"ListItem\",\"position\":1,\"name\":\"Home\",\"item\":\"https:\/\/cie.uprrp.edu\/lecamae\/\"},{\"@type\":\"ListItem\",\"position\":2,\"name\":\"Reuniones\"}]},{\"@type\":\"WebSite\",\"@id\":\"https:\/\/cie.uprrp.edu\/lecamae\/#website\",\"url\":\"https:\/\/cie.uprrp.edu\/lecamae\/\",\"name\":\"LECAMAE:\",\"description\":\"L\u00edderes Educativos Comprometidos con el Aprendizaje y que Mejoran el Aprovechamiento Estudiantil\",\"potentialAction\":[{\"@type\":\"SearchAction\",\"target\":{\"@type\":\"EntryPoint\",\"urlTemplate\":\"https:\/\/cie.uprrp.edu\/lecamae\/?s={search_term_string}\"},\"query-input\":{\"@type\":\"PropertyValueSpecification\",\"valueRequired\":true,\"valueName\":\"search_term_string\"}}],\"inLanguage\":\"en-US\"}]}<\/script>\n<!-- \/ Yoast SEO plugin. -->","yoast_head_json":{"title":"Reuniones - LECAMAE:","robots":{"index":"index","follow":"follow","max-snippet":"max-snippet:-1","max-image-preview":"max-image-preview:large","max-video-preview":"max-video-preview:-1"},"canonical":"https:\/\/cie.uprrp.edu\/lecamae\/reuniones\/","og_locale":"en_US","og_type":"article","og_title":"Reuniones - LECAMAE:","og_description":"Primera reuni\u00f3n: 26 de marzo de de 2013 Agenda Oprima la imagen para expandirla u oprima AQU\u00cd para descargar una versi\u00f3n en PDF. Martes, 26 de marzo de 2013 \u2013 El proyecto L\u00edderes Educativos Comprometidos con la Calidad del Aprendizaje y el Mejoramiento del Aprovechamiento de los Estudiantes (LECAMAE), llev\u00f3 a cabo su primera reuni\u00f3n [&hellip;]","og_url":"https:\/\/cie.uprrp.edu\/lecamae\/reuniones\/","og_site_name":"LECAMAE:","article_modified_time":"2018-03-23T17:51:38+00:00","og_image":[{"url":"https:\/\/cie.uprrp.edu\/lecamae\/wp-content\/uploads\/sites\/6\/2016\/03\/r1_conversacion-300x225.jpg","type":"","width":"","height":""}],"twitter_card":"summary_large_image","twitter_misc":{"Est. reading time":"1 minute"},"schema":{"@context":"https:\/\/schema.org","@graph":[{"@type":"WebPage","@id":"https:\/\/cie.uprrp.edu\/lecamae\/reuniones\/","url":"https:\/\/cie.uprrp.edu\/lecamae\/reuniones\/","name":"Reuniones - LECAMAE:","isPartOf":{"@id":"https:\/\/cie.uprrp.edu\/lecamae\/#website"},"primaryImageOfPage":{"@id":"https:\/\/cie.uprrp.edu\/lecamae\/reuniones\/#primaryimage"},"image":{"@id":"https:\/\/cie.uprrp.edu\/lecamae\/reuniones\/#primaryimage"},"thumbnailUrl":"http:\/\/cie.uprrp.edu\/lecamae\/wp-content\/uploads\/sites\/6\/2016\/03\/r1-agenda.png","datePublished":"2016-03-02T18:34:32+00:00","dateModified":"2018-03-23T17:51:38+00:00","breadcrumb":{"@id":"https:\/\/cie.uprrp.edu\/lecamae\/reuniones\/#breadcrumb"},"inLanguage":"en-US","potentialAction":[{"@type":"ReadAction","target":["https:\/\/cie.uprrp.edu\/lecamae\/reuniones\/"]}]},{"@type":"ImageObject","inLanguage":"en-US","@id":"https:\/\/cie.uprrp.edu\/lecamae\/reuniones\/#primaryimage","url":"http:\/\/cie.uprrp.edu\/lecamae\/wp-content\/uploads\/sites\/6\/2016\/03\/r1-agenda.png","contentUrl":"http:\/\/cie.uprrp.edu\/lecamae\/wp-content\/uploads\/sites\/6\/2016\/03\/r1-agenda.png"},{"@type":"BreadcrumbList","@id":"https:\/\/cie.uprrp.edu\/lecamae\/reuniones\/#breadcrumb","itemListElement":[{"@type":"ListItem","position":1,"name":"Home","item":"https:\/\/cie.uprrp.edu\/lecamae\/"},{"@type":"ListItem","position":2,"name":"Reuniones"}]},{"@type":"WebSite","@id":"https:\/\/cie.uprrp.edu\/lecamae\/#website","url":"https:\/\/cie.uprrp.edu\/lecamae\/","name":"LECAMAE:","description":"L\u00edderes Educativos Comprometidos con el Aprendizaje y que Mejoran el Aprovechamiento Estudiantil","potentialAction":[{"@type":"SearchAction","target":{"@type":"EntryPoint","urlTemplate":"https:\/\/cie.uprrp.edu\/lecamae\/?s={search_term_string}"},"query-input":{"@type":"PropertyValueSpecification","valueRequired":true,"valueName":"search_term_string"}}],"inLanguage":"en-US"}]}},"_links":{"self":[{"href":"https:\/\/cie.uprrp.edu\/lecamae\/wp-json\/wp\/v2\/pages\/26","targetHints":{"allow":["GET"]}}],"collection":[{"href":"https:\/\/cie.uprrp.edu\/lecamae\/wp-json\/wp\/v2\/pages"}],"about":[{"href":"https:\/\/cie.uprrp.edu\/lecamae\/wp-json\/wp\/v2\/types\/page"}],"author":[{"embeddable":true,"href":"https:\/\/cie.uprrp.edu\/lecamae\/wp-json\/wp\/v2\/users\/1"}],"replies":[{"embeddable":true,"href":"https:\/\/cie.uprrp.edu\/lecamae\/wp-json\/wp\/v2\/comments?post=26"}],"version-history":[{"count":4,"href":"https:\/\/cie.uprrp.edu\/lecamae\/wp-json\/wp\/v2\/pages\/26\/revisions"}],"predecessor-version":[{"id":116,"href":"https:\/\/cie.uprrp.edu\/lecamae\/wp-json\/wp\/v2\/pages\/26\/revisions\/116"}],"wp:attachment":[{"href":"https:\/\/cie.uprrp.edu\/lecamae\/wp-json\/wp\/v2\/media?parent=26"}],"curies":[{"name":"wp","href":"https:\/\/api.w.org\/{rel}","templated":true}]}}