{"id":4,"date":"2016-02-29T19:44:34","date_gmt":"2016-02-29T19:44:34","guid":{"rendered":"http:\/\/cie.uprrp.edu\/lecamae\/?page_id=4"},"modified":"2016-03-02T14:22:59","modified_gmt":"2016-03-02T14:22:59","slug":"inicio","status":"publish","type":"page","link":"https:\/\/cie.uprrp.edu\/lecamae\/","title":{"rendered":"Inicio"},"content":{"rendered":"<h1 style=\"text-align: center;\"><span style=\"color: #ff6600;\">LECAMAE<\/span><\/h1>\n<p style=\"text-align: center;\"><span style=\"color: #ff6600;\">L\u00cdDERES EDUCATIVOS COMPROMETIDOS CON EL APRENDIZAJE Y QUE MEJORAN EL APROVECHAMIENTO ESTUDIANTIL<\/span><br \/>\nUPR, R\u00edo Piedras, Facultad de Educaci\u00f3n \u2022 Sapientis \u2022 Centro de Liderazgo Educativo<\/p>\n<hr \/>\n<p style=\"text-align: center;\">\n<p><img loading=\"lazy\" decoding=\"async\" class=\"aligncenter size-full wp-image-5\" src=\"http:\/\/cie.uprrp.edu\/lecamae\/wp-content\/uploads\/sites\/6\/2016\/02\/Sapientis_invite_sm.jpg\" alt=\"Invitaci\u00f3n\" width=\"700\" height=\"457\" srcset=\"https:\/\/cie.uprrp.edu\/lecamae\/wp-content\/uploads\/sites\/6\/2016\/02\/Sapientis_invite_sm.jpg 700w, https:\/\/cie.uprrp.edu\/lecamae\/wp-content\/uploads\/sites\/6\/2016\/02\/Sapientis_invite_sm-300x196.jpg 300w, https:\/\/cie.uprrp.edu\/lecamae\/wp-content\/uploads\/sites\/6\/2016\/02\/Sapientis_invite_sm-567x370.jpg 567w\" sizes=\"auto, (max-width: 700px) 100vw, 700px\" \/><\/p>\n<hr \/>\n<h2>Descripci\u00f3n de la propuesta<\/h2>\n<p>El Centro de Liderazgo Educativo (CLE) y el Centro de Investigaciones Educativas (CIE) de la Facultad de Educaci\u00f3n de la Universidad de Puerto Rico, Recinto de R\u00edo Piedras, presentaron la propuesta LECAMAE dirigida a establecer una alianza de colaboraci\u00f3n entre el CLE y SAPIENTIS para desarrollar el dise\u00f1o, planificaci\u00f3n, implantaci\u00f3n, documentaci\u00f3n, evaluaci\u00f3n y divulgaci\u00f3n de un proyecto piloto. El mismo tiene como prop\u00f3sito delinear un nuevo perfil del director de escuelas para el siglo XXI, capacitar y crear un sistema de apoyo a seis directores escolares para fortalecer sus competencias en liderazgo educativo a trav\u00e9s de talleres, <em>coaching<\/em> e intervenciones en vivo en la comunidad escolar que dirigen.<\/p>\n<h2>Meta<\/h2>\n<p>Dise\u00f1ar e implantar un proyecto piloto para capacitar a directores de escuela en liderazgo educativo para mejorar la calidad del aprendizaje y el aprovechamiento acad\u00e9mico de sus estudiantes.<\/p>\n<h2>Objetivos<\/h2>\n<ol>\n<li>Elaborar un perfil de directores escolares capacitados en liderazgo educativo que sirva al Departamento de Educaci\u00f3n de Puerto Rico como el modelo a seguir para la evaluaci\u00f3n de competencias y destrezas de los directores de escuela ante los procesos de reclutamiento.<\/li>\n<li>Desarrollar una certificaci\u00f3n en liderazgo educativo para directores escolares (talleres de capacitaci\u00f3n).<\/li>\n<li>Apoyar a los directores de escuela para que dise\u00f1en un proyecto interno para su escuela para el desarrollo de la lectura y la escritura (coaching).<\/li>\n<li>Dise\u00f1ar un modelo basado en investigaci\u00f3n para capacitar a m\u00e1s directores escolares del sistema p\u00fablico.<\/li>\n<\/ol>\n<h2>Componentes del proyecto<\/h2>\n<p>El proyecto se compone de cuatro componentes:<\/p>\n<ol>\n<li>Creaci\u00f3n de un perfil del director de escuelas como l\u00edder educativo.<\/li>\n<li>Desarrollo de un curr\u00edculo para una certificaci\u00f3n en liderazgo educativo que consiste de ocho talleres de cinco horas sobre las dimensiones del liderazgo educativo.<\/li>\n<li>Coaching e intervenciones por cada director, seminarios reflexivos con los directores de escuela y presentaci\u00f3n de los proyectos de cada director en su escuela y una publicaci\u00f3n.<\/li>\n<li>Evaluaci\u00f3n formativa y sumativa.<\/li>\n<\/ol>\n<h2>Documento<\/h2>\n<p style=\"padding-left: 30px;\"><a href=\"http:\/\/cie.uprrp.edu\/lecamae\/wp-content\/uploads\/sites\/6\/2016\/02\/OPUSCULO2-LECAMAE.pdf\" rel=\"\">Descargar op\u00fasculo LECAMAE<\/a><\/p>\n","protected":false},"excerpt":{"rendered":"<p>LECAMAE L\u00cdDERES EDUCATIVOS COMPROMETIDOS CON EL APRENDIZAJE Y QUE MEJORAN EL APROVECHAMIENTO ESTUDIANTIL UPR, R\u00edo Piedras, Facultad de Educaci\u00f3n \u2022 Sapientis \u2022 Centro de Liderazgo Educativo Descripci\u00f3n de la propuesta El Centro de Liderazgo Educativo (CLE) y el Centro de Investigaciones Educativas (CIE) de la Facultad de Educaci\u00f3n de la Universidad de Puerto Rico, Recinto [&hellip;]<\/p>\n","protected":false},"author":1,"featured_media":0,"parent":0,"menu_order":0,"comment_status":"closed","ping_status":"closed","template":"","meta":{"footnotes":""},"class_list":["post-4","page","type-page","status-publish","hentry"],"yoast_head":"<!-- This site is optimized with the Yoast SEO plugin v27.3 - https:\/\/yoast.com\/product\/yoast-seo-wordpress\/ -->\n<title>Inicio - LECAMAE:<\/title>\n<meta name=\"robots\" content=\"index, follow, max-snippet:-1, max-image-preview:large, max-video-preview:-1\" \/>\n<link rel=\"canonical\" href=\"https:\/\/cie.uprrp.edu\/lecamae\/\" \/>\n<meta property=\"og:locale\" content=\"en_US\" \/>\n<meta property=\"og:type\" content=\"article\" \/>\n<meta property=\"og:title\" content=\"Inicio - LECAMAE:\" \/>\n<meta property=\"og:description\" content=\"LECAMAE L\u00cdDERES EDUCATIVOS COMPROMETIDOS CON EL APRENDIZAJE Y QUE MEJORAN EL APROVECHAMIENTO ESTUDIANTIL UPR, R\u00edo Piedras, Facultad de Educaci\u00f3n \u2022 Sapientis \u2022 Centro de Liderazgo Educativo Descripci\u00f3n de la propuesta El Centro de Liderazgo Educativo (CLE) y el Centro de Investigaciones Educativas (CIE) de la Facultad de Educaci\u00f3n de la Universidad de Puerto Rico, Recinto [&hellip;]\" \/>\n<meta property=\"og:url\" content=\"https:\/\/cie.uprrp.edu\/lecamae\/\" \/>\n<meta property=\"og:site_name\" content=\"LECAMAE:\" \/>\n<meta property=\"article:modified_time\" content=\"2016-03-02T14:22:59+00:00\" \/>\n<meta property=\"og:image\" content=\"http:\/\/cie.uprrp.edu\/lecamae\/wp-content\/uploads\/sites\/6\/2016\/02\/Sapientis_invite_sm.jpg\" \/>\n<meta name=\"twitter:card\" content=\"summary_large_image\" \/>\n<meta name=\"twitter:label1\" content=\"Est. reading time\" \/>\n\t<meta name=\"twitter:data1\" content=\"2 minutes\" \/>\n<script type=\"application\/ld+json\" class=\"yoast-schema-graph\">{\"@context\":\"https:\\\/\\\/schema.org\",\"@graph\":[{\"@type\":\"WebPage\",\"@id\":\"https:\\\/\\\/cie.uprrp.edu\\\/lecamae\\\/\",\"url\":\"https:\\\/\\\/cie.uprrp.edu\\\/lecamae\\\/\",\"name\":\"Inicio - LECAMAE:\",\"isPartOf\":{\"@id\":\"https:\\\/\\\/cie.uprrp.edu\\\/lecamae\\\/#website\"},\"primaryImageOfPage\":{\"@id\":\"https:\\\/\\\/cie.uprrp.edu\\\/lecamae\\\/#primaryimage\"},\"image\":{\"@id\":\"https:\\\/\\\/cie.uprrp.edu\\\/lecamae\\\/#primaryimage\"},\"thumbnailUrl\":\"http:\\\/\\\/cie.uprrp.edu\\\/lecamae\\\/wp-content\\\/uploads\\\/sites\\\/6\\\/2016\\\/02\\\/Sapientis_invite_sm.jpg\",\"datePublished\":\"2016-02-29T19:44:34+00:00\",\"dateModified\":\"2016-03-02T14:22:59+00:00\",\"breadcrumb\":{\"@id\":\"https:\\\/\\\/cie.uprrp.edu\\\/lecamae\\\/#breadcrumb\"},\"inLanguage\":\"en-US\",\"potentialAction\":[{\"@type\":\"ReadAction\",\"target\":[\"https:\\\/\\\/cie.uprrp.edu\\\/lecamae\\\/\"]}]},{\"@type\":\"ImageObject\",\"inLanguage\":\"en-US\",\"@id\":\"https:\\\/\\\/cie.uprrp.edu\\\/lecamae\\\/#primaryimage\",\"url\":\"http:\\\/\\\/cie.uprrp.edu\\\/lecamae\\\/wp-content\\\/uploads\\\/sites\\\/6\\\/2016\\\/02\\\/Sapientis_invite_sm.jpg\",\"contentUrl\":\"http:\\\/\\\/cie.uprrp.edu\\\/lecamae\\\/wp-content\\\/uploads\\\/sites\\\/6\\\/2016\\\/02\\\/Sapientis_invite_sm.jpg\"},{\"@type\":\"BreadcrumbList\",\"@id\":\"https:\\\/\\\/cie.uprrp.edu\\\/lecamae\\\/#breadcrumb\",\"itemListElement\":[{\"@type\":\"ListItem\",\"position\":1,\"name\":\"Home\",\"item\":\"https:\\\/\\\/cie.uprrp.edu\\\/lecamae\\\/\"},{\"@type\":\"ListItem\",\"position\":2,\"name\":\"Inicio\"}]},{\"@type\":\"WebSite\",\"@id\":\"https:\\\/\\\/cie.uprrp.edu\\\/lecamae\\\/#website\",\"url\":\"https:\\\/\\\/cie.uprrp.edu\\\/lecamae\\\/\",\"name\":\"LECAMAE:\",\"description\":\"L\u00edderes Educativos Comprometidos con el Aprendizaje y que Mejoran el Aprovechamiento Estudiantil\",\"potentialAction\":[{\"@type\":\"SearchAction\",\"target\":{\"@type\":\"EntryPoint\",\"urlTemplate\":\"https:\\\/\\\/cie.uprrp.edu\\\/lecamae\\\/?s={search_term_string}\"},\"query-input\":{\"@type\":\"PropertyValueSpecification\",\"valueRequired\":true,\"valueName\":\"search_term_string\"}}],\"inLanguage\":\"en-US\"}]}<\/script>\n<!-- \/ Yoast SEO plugin. -->","yoast_head_json":{"title":"Inicio - LECAMAE:","robots":{"index":"index","follow":"follow","max-snippet":"max-snippet:-1","max-image-preview":"max-image-preview:large","max-video-preview":"max-video-preview:-1"},"canonical":"https:\/\/cie.uprrp.edu\/lecamae\/","og_locale":"en_US","og_type":"article","og_title":"Inicio - LECAMAE:","og_description":"LECAMAE L\u00cdDERES EDUCATIVOS COMPROMETIDOS CON EL APRENDIZAJE Y QUE MEJORAN EL APROVECHAMIENTO ESTUDIANTIL UPR, R\u00edo Piedras, Facultad de Educaci\u00f3n \u2022 Sapientis \u2022 Centro de Liderazgo Educativo Descripci\u00f3n de la propuesta El Centro de Liderazgo Educativo (CLE) y el Centro de Investigaciones Educativas (CIE) de la Facultad de Educaci\u00f3n de la Universidad de Puerto Rico, Recinto [&hellip;]","og_url":"https:\/\/cie.uprrp.edu\/lecamae\/","og_site_name":"LECAMAE:","article_modified_time":"2016-03-02T14:22:59+00:00","og_image":[{"url":"http:\/\/cie.uprrp.edu\/lecamae\/wp-content\/uploads\/sites\/6\/2016\/02\/Sapientis_invite_sm.jpg","type":"","width":"","height":""}],"twitter_card":"summary_large_image","twitter_misc":{"Est. reading time":"2 minutes"},"schema":{"@context":"https:\/\/schema.org","@graph":[{"@type":"WebPage","@id":"https:\/\/cie.uprrp.edu\/lecamae\/","url":"https:\/\/cie.uprrp.edu\/lecamae\/","name":"Inicio - LECAMAE:","isPartOf":{"@id":"https:\/\/cie.uprrp.edu\/lecamae\/#website"},"primaryImageOfPage":{"@id":"https:\/\/cie.uprrp.edu\/lecamae\/#primaryimage"},"image":{"@id":"https:\/\/cie.uprrp.edu\/lecamae\/#primaryimage"},"thumbnailUrl":"http:\/\/cie.uprrp.edu\/lecamae\/wp-content\/uploads\/sites\/6\/2016\/02\/Sapientis_invite_sm.jpg","datePublished":"2016-02-29T19:44:34+00:00","dateModified":"2016-03-02T14:22:59+00:00","breadcrumb":{"@id":"https:\/\/cie.uprrp.edu\/lecamae\/#breadcrumb"},"inLanguage":"en-US","potentialAction":[{"@type":"ReadAction","target":["https:\/\/cie.uprrp.edu\/lecamae\/"]}]},{"@type":"ImageObject","inLanguage":"en-US","@id":"https:\/\/cie.uprrp.edu\/lecamae\/#primaryimage","url":"http:\/\/cie.uprrp.edu\/lecamae\/wp-content\/uploads\/sites\/6\/2016\/02\/Sapientis_invite_sm.jpg","contentUrl":"http:\/\/cie.uprrp.edu\/lecamae\/wp-content\/uploads\/sites\/6\/2016\/02\/Sapientis_invite_sm.jpg"},{"@type":"BreadcrumbList","@id":"https:\/\/cie.uprrp.edu\/lecamae\/#breadcrumb","itemListElement":[{"@type":"ListItem","position":1,"name":"Home","item":"https:\/\/cie.uprrp.edu\/lecamae\/"},{"@type":"ListItem","position":2,"name":"Inicio"}]},{"@type":"WebSite","@id":"https:\/\/cie.uprrp.edu\/lecamae\/#website","url":"https:\/\/cie.uprrp.edu\/lecamae\/","name":"LECAMAE:","description":"L\u00edderes Educativos Comprometidos con el Aprendizaje y que Mejoran el Aprovechamiento Estudiantil","potentialAction":[{"@type":"SearchAction","target":{"@type":"EntryPoint","urlTemplate":"https:\/\/cie.uprrp.edu\/lecamae\/?s={search_term_string}"},"query-input":{"@type":"PropertyValueSpecification","valueRequired":true,"valueName":"search_term_string"}}],"inLanguage":"en-US"}]}},"_links":{"self":[{"href":"https:\/\/cie.uprrp.edu\/lecamae\/wp-json\/wp\/v2\/pages\/4","targetHints":{"allow":["GET"]}}],"collection":[{"href":"https:\/\/cie.uprrp.edu\/lecamae\/wp-json\/wp\/v2\/pages"}],"about":[{"href":"https:\/\/cie.uprrp.edu\/lecamae\/wp-json\/wp\/v2\/types\/page"}],"author":[{"embeddable":true,"href":"https:\/\/cie.uprrp.edu\/lecamae\/wp-json\/wp\/v2\/users\/1"}],"replies":[{"embeddable":true,"href":"https:\/\/cie.uprrp.edu\/lecamae\/wp-json\/wp\/v2\/comments?post=4"}],"version-history":[{"count":4,"href":"https:\/\/cie.uprrp.edu\/lecamae\/wp-json\/wp\/v2\/pages\/4\/revisions"}],"predecessor-version":[{"id":135,"href":"https:\/\/cie.uprrp.edu\/lecamae\/wp-json\/wp\/v2\/pages\/4\/revisions\/135"}],"wp:attachment":[{"href":"https:\/\/cie.uprrp.edu\/lecamae\/wp-json\/wp\/v2\/media?parent=4"}],"curies":[{"name":"wp","href":"https:\/\/api.w.org\/{rel}","templated":true}]}}