{"id":42,"date":"2016-03-02T18:47:58","date_gmt":"2016-03-02T18:47:58","guid":{"rendered":"http:\/\/cie.uprrp.edu\/lecamae\/?page_id=42"},"modified":"2016-03-02T18:47:58","modified_gmt":"2016-03-02T18:47:58","slug":"actividades-y-proyectos-en-las-escuelas","status":"publish","type":"page","link":"https:\/\/cie.uprrp.edu\/lecamae\/actividades-y-proyectos-en-las-escuelas\/","title":{"rendered":"Actividades y proyectos en las escuelas"},"content":{"rendered":"<p>Los proyectos y las actividades del proyecto LECAMAE comienzan en agosto de 2013. A partir de esa fecha, se presentar\u00e1 informaci\u00f3n sobre estas actividades realizadas en las escuelas en esta secci\u00f3n.<\/p>\n","protected":false},"excerpt":{"rendered":"<p>Los proyectos y las actividades del proyecto LECAMAE comienzan en agosto de 2013. A partir de esa fecha, se presentar\u00e1 informaci\u00f3n sobre estas actividades realizadas en las escuelas en esta secci\u00f3n.<\/p>\n","protected":false},"author":1,"featured_media":0,"parent":0,"menu_order":0,"comment_status":"closed","ping_status":"closed","template":"","meta":{"footnotes":""},"class_list":["post-42","page","type-page","status-publish","hentry"],"yoast_head":"<!-- This site is optimized with the Yoast SEO plugin v27.2 - https:\/\/yoast.com\/product\/yoast-seo-wordpress\/ -->\n<title>Actividades y proyectos en las escuelas - LECAMAE:<\/title>\n<meta name=\"robots\" content=\"index, follow, max-snippet:-1, max-image-preview:large, max-video-preview:-1\" \/>\n<link rel=\"canonical\" href=\"https:\/\/cie.uprrp.edu\/lecamae\/actividades-y-proyectos-en-las-escuelas\/\" \/>\n<meta property=\"og:locale\" content=\"en_US\" \/>\n<meta property=\"og:type\" content=\"article\" \/>\n<meta property=\"og:title\" content=\"Actividades y proyectos en las escuelas - LECAMAE:\" \/>\n<meta property=\"og:description\" content=\"Los proyectos y las actividades del proyecto LECAMAE comienzan en agosto de 2013. A partir de esa fecha, se presentar\u00e1 informaci\u00f3n sobre estas actividades realizadas en las escuelas en esta secci\u00f3n.\" \/>\n<meta property=\"og:url\" content=\"https:\/\/cie.uprrp.edu\/lecamae\/actividades-y-proyectos-en-las-escuelas\/\" \/>\n<meta property=\"og:site_name\" content=\"LECAMAE:\" \/>\n<meta name=\"twitter:card\" content=\"summary_large_image\" \/>\n<script type=\"application\/ld+json\" class=\"yoast-schema-graph\">{\"@context\":\"https:\/\/schema.org\",\"@graph\":[{\"@type\":\"WebPage\",\"@id\":\"https:\/\/cie.uprrp.edu\/lecamae\/actividades-y-proyectos-en-las-escuelas\/\",\"url\":\"https:\/\/cie.uprrp.edu\/lecamae\/actividades-y-proyectos-en-las-escuelas\/\",\"name\":\"Actividades y proyectos en las escuelas - LECAMAE:\",\"isPartOf\":{\"@id\":\"https:\/\/cie.uprrp.edu\/lecamae\/#website\"},\"datePublished\":\"2016-03-02T18:47:58+00:00\",\"breadcrumb\":{\"@id\":\"https:\/\/cie.uprrp.edu\/lecamae\/actividades-y-proyectos-en-las-escuelas\/#breadcrumb\"},\"inLanguage\":\"en-US\",\"potentialAction\":[{\"@type\":\"ReadAction\",\"target\":[\"https:\/\/cie.uprrp.edu\/lecamae\/actividades-y-proyectos-en-las-escuelas\/\"]}]},{\"@type\":\"BreadcrumbList\",\"@id\":\"https:\/\/cie.uprrp.edu\/lecamae\/actividades-y-proyectos-en-las-escuelas\/#breadcrumb\",\"itemListElement\":[{\"@type\":\"ListItem\",\"position\":1,\"name\":\"Home\",\"item\":\"https:\/\/cie.uprrp.edu\/lecamae\/\"},{\"@type\":\"ListItem\",\"position\":2,\"name\":\"Actividades y proyectos en las escuelas\"}]},{\"@type\":\"WebSite\",\"@id\":\"https:\/\/cie.uprrp.edu\/lecamae\/#website\",\"url\":\"https:\/\/cie.uprrp.edu\/lecamae\/\",\"name\":\"LECAMAE:\",\"description\":\"L\u00edderes Educativos Comprometidos con el Aprendizaje y que Mejoran el Aprovechamiento Estudiantil\",\"potentialAction\":[{\"@type\":\"SearchAction\",\"target\":{\"@type\":\"EntryPoint\",\"urlTemplate\":\"https:\/\/cie.uprrp.edu\/lecamae\/?s={search_term_string}\"},\"query-input\":{\"@type\":\"PropertyValueSpecification\",\"valueRequired\":true,\"valueName\":\"search_term_string\"}}],\"inLanguage\":\"en-US\"}]}<\/script>\n<!-- \/ Yoast SEO plugin. -->","yoast_head_json":{"title":"Actividades y proyectos en las escuelas - LECAMAE:","robots":{"index":"index","follow":"follow","max-snippet":"max-snippet:-1","max-image-preview":"max-image-preview:large","max-video-preview":"max-video-preview:-1"},"canonical":"https:\/\/cie.uprrp.edu\/lecamae\/actividades-y-proyectos-en-las-escuelas\/","og_locale":"en_US","og_type":"article","og_title":"Actividades y proyectos en las escuelas - LECAMAE:","og_description":"Los proyectos y las actividades del proyecto LECAMAE comienzan en agosto de 2013. A partir de esa fecha, se presentar\u00e1 informaci\u00f3n sobre estas actividades realizadas en las escuelas en esta secci\u00f3n.","og_url":"https:\/\/cie.uprrp.edu\/lecamae\/actividades-y-proyectos-en-las-escuelas\/","og_site_name":"LECAMAE:","twitter_card":"summary_large_image","schema":{"@context":"https:\/\/schema.org","@graph":[{"@type":"WebPage","@id":"https:\/\/cie.uprrp.edu\/lecamae\/actividades-y-proyectos-en-las-escuelas\/","url":"https:\/\/cie.uprrp.edu\/lecamae\/actividades-y-proyectos-en-las-escuelas\/","name":"Actividades y proyectos en las escuelas - LECAMAE:","isPartOf":{"@id":"https:\/\/cie.uprrp.edu\/lecamae\/#website"},"datePublished":"2016-03-02T18:47:58+00:00","breadcrumb":{"@id":"https:\/\/cie.uprrp.edu\/lecamae\/actividades-y-proyectos-en-las-escuelas\/#breadcrumb"},"inLanguage":"en-US","potentialAction":[{"@type":"ReadAction","target":["https:\/\/cie.uprrp.edu\/lecamae\/actividades-y-proyectos-en-las-escuelas\/"]}]},{"@type":"BreadcrumbList","@id":"https:\/\/cie.uprrp.edu\/lecamae\/actividades-y-proyectos-en-las-escuelas\/#breadcrumb","itemListElement":[{"@type":"ListItem","position":1,"name":"Home","item":"https:\/\/cie.uprrp.edu\/lecamae\/"},{"@type":"ListItem","position":2,"name":"Actividades y proyectos en las escuelas"}]},{"@type":"WebSite","@id":"https:\/\/cie.uprrp.edu\/lecamae\/#website","url":"https:\/\/cie.uprrp.edu\/lecamae\/","name":"LECAMAE:","description":"L\u00edderes Educativos Comprometidos con el Aprendizaje y que Mejoran el Aprovechamiento Estudiantil","potentialAction":[{"@type":"SearchAction","target":{"@type":"EntryPoint","urlTemplate":"https:\/\/cie.uprrp.edu\/lecamae\/?s={search_term_string}"},"query-input":{"@type":"PropertyValueSpecification","valueRequired":true,"valueName":"search_term_string"}}],"inLanguage":"en-US"}]}},"_links":{"self":[{"href":"https:\/\/cie.uprrp.edu\/lecamae\/wp-json\/wp\/v2\/pages\/42","targetHints":{"allow":["GET"]}}],"collection":[{"href":"https:\/\/cie.uprrp.edu\/lecamae\/wp-json\/wp\/v2\/pages"}],"about":[{"href":"https:\/\/cie.uprrp.edu\/lecamae\/wp-json\/wp\/v2\/types\/page"}],"author":[{"embeddable":true,"href":"https:\/\/cie.uprrp.edu\/lecamae\/wp-json\/wp\/v2\/users\/1"}],"replies":[{"embeddable":true,"href":"https:\/\/cie.uprrp.edu\/lecamae\/wp-json\/wp\/v2\/comments?post=42"}],"version-history":[{"count":1,"href":"https:\/\/cie.uprrp.edu\/lecamae\/wp-json\/wp\/v2\/pages\/42\/revisions"}],"predecessor-version":[{"id":43,"href":"https:\/\/cie.uprrp.edu\/lecamae\/wp-json\/wp\/v2\/pages\/42\/revisions\/43"}],"wp:attachment":[{"href":"https:\/\/cie.uprrp.edu\/lecamae\/wp-json\/wp\/v2\/media?parent=42"}],"curies":[{"name":"wp","href":"https:\/\/api.w.org\/{rel}","templated":true}]}}