{"id":9,"date":"2016-02-29T19:50:19","date_gmt":"2016-02-29T19:50:19","guid":{"rendered":"http:\/\/cie.uprrp.edu\/lecamae\/?page_id=9"},"modified":"2026-03-13T13:07:27","modified_gmt":"2026-03-13T13:07:27","slug":"participantes","status":"publish","type":"page","link":"https:\/\/cie.uprrp.edu\/lecamae\/participantes\/","title":{"rendered":"Participantes"},"content":{"rendered":"<p>Se seleccionaron seis directores escolares del sistema p\u00fablico para recibir el servicio:<\/p>\n<p><iframe loading=\"lazy\" title=\"YouTube video player\" src=\"https:\/\/www.youtube.com\/embed\/OMlKeIkcJRY?si=uLVvUQQvUsknflja\" width=\"640\" height=\"360\" frameborder=\"0\" allowfullscreen=\"allowfullscreen\"><\/iframe><\/p>\n<p><strong>Ram\u00f3n Ortiz de Jes\u00fas<\/strong><br \/>\nEscuela Elemental Evaristo Rivera Chevremont (San Juan)<\/p>\n<p><strong>\u00a0<\/strong><\/p>\n<p><iframe loading=\"lazy\" title=\"YouTube video player\" src=\"https:\/\/www.youtube.com\/embed\/enXJdH28D54?si=J7bwm3oUl1iBgQa8\" width=\"640\" height=\"360\" frameborder=\"0\" allowfullscreen=\"allowfullscreen\"><\/iframe><\/p>\n<p><strong>Dafne Jim\u00e9nez Tirado<\/strong><br \/>\nEscuela Elemental Jos\u00e9 Colomb\u00e1n Rosario (San Juan)<\/p>\n<p><strong>\u00a0<\/strong><\/p>\n<p><iframe loading=\"lazy\" title=\"YouTube video player\" src=\"https:\/\/www.youtube.com\/embed\/bnpmY9rbLrI?si=RmqltxGqO25jIKVL\" width=\"640\" height=\"360\" frameborder=\"0\" allowfullscreen=\"allowfullscreen\"><\/iframe><\/p>\n<p><strong>Damarys Collazo Maestre<\/strong><br \/>\nEscuela Elemental Eleanor Roosevelt (San Juan)<\/p>\n<p><strong>\u00a0<\/strong><\/p>\n<p><iframe loading=\"lazy\" title=\"YouTube video player\" src=\"https:\/\/www.youtube.com\/embed\/ivCTSpuooKI?si=cbPHyqiXaXdx8stZ\" width=\"640\" height=\"360\" frameborder=\"0\" allowfullscreen=\"allowfullscreen\"><\/iframe><\/p>\n<p><strong>Rosa Recondo Pietrantoni<\/strong><br \/>\nEscuela Elemental Luis Llorens Torres (San Juan)<\/p>\n<p><strong>\u00a0<\/strong><\/p>\n<p><iframe loading=\"lazy\" title=\"YouTube video player\" src=\"https:\/\/www.youtube.com\/embed\/B3H503jy6jI?si=qkmO9vbAlOUP2pCJ\" width=\"640\" height=\"360\" frameborder=\"0\" allowfullscreen=\"allowfullscreen\"><\/iframe><\/p>\n<p><strong>Carmen Dechoudens Ruiz<\/strong><br \/>\nEscuela Elemental Juanita Garc\u00eda Pedraza (San Juan)<\/p>\n<p><strong>Lisely M\u00e9ndez Rivera<\/strong> (video no disponible)<br \/>\nEscuela Segunda Unidad Juan Ponce de Le\u00f3n (Guaynabo)<\/p>\n<h2>Documentos<\/h2>\n<ul>\n<li><a href=\"http:\/\/cie.uprrp.edu\/lecamae\/wp-content\/uploads\/sites\/6\/2016\/03\/convocatoria_Sapientis.jpg\">Convocatoria<\/a><\/li>\n<li><a href=\"http:\/\/cie.uprrp.edu\/lecamae\/wp-content\/uploads\/sites\/6\/2016\/03\/Carta_inicio_escolar2013-2014.pdf\">Carta de inicio escolar, 2013-2014<\/a><\/li>\n<\/ul>\n","protected":false},"excerpt":{"rendered":"<p>Se seleccionaron seis directores escolares del sistema p\u00fablico para recibir el servicio: Ram\u00f3n Ortiz de Jes\u00fas Escuela Elemental Evaristo Rivera Chevremont (San Juan) \u00a0 Dafne Jim\u00e9nez Tirado Escuela Elemental Jos\u00e9 Colomb\u00e1n Rosario (San Juan) \u00a0 Damarys Collazo Maestre Escuela Elemental Eleanor Roosevelt (San Juan) \u00a0 Rosa Recondo Pietrantoni Escuela Elemental Luis Llorens Torres (San Juan) [&hellip;]<\/p>\n","protected":false},"author":1,"featured_media":0,"parent":0,"menu_order":0,"comment_status":"closed","ping_status":"closed","template":"","meta":{"footnotes":""},"class_list":["post-9","page","type-page","status-publish","hentry"],"yoast_head":"<!-- This site is optimized with the Yoast SEO plugin v27.2 - https:\/\/yoast.com\/product\/yoast-seo-wordpress\/ -->\n<title>Participantes - LECAMAE:<\/title>\n<meta name=\"robots\" content=\"index, follow, max-snippet:-1, max-image-preview:large, max-video-preview:-1\" \/>\n<link rel=\"canonical\" href=\"https:\/\/cie.uprrp.edu\/lecamae\/participantes\/\" \/>\n<meta property=\"og:locale\" content=\"en_US\" \/>\n<meta property=\"og:type\" content=\"article\" \/>\n<meta property=\"og:title\" content=\"Participantes - LECAMAE:\" \/>\n<meta property=\"og:description\" content=\"Se seleccionaron seis directores escolares del sistema p\u00fablico para recibir el servicio: Ram\u00f3n Ortiz de Jes\u00fas Escuela Elemental Evaristo Rivera Chevremont (San Juan) \u00a0 Dafne Jim\u00e9nez Tirado Escuela Elemental Jos\u00e9 Colomb\u00e1n Rosario (San Juan) \u00a0 Damarys Collazo Maestre Escuela Elemental Eleanor Roosevelt (San Juan) \u00a0 Rosa Recondo Pietrantoni Escuela Elemental Luis Llorens Torres (San Juan) [&hellip;]\" \/>\n<meta property=\"og:url\" content=\"https:\/\/cie.uprrp.edu\/lecamae\/participantes\/\" \/>\n<meta property=\"og:site_name\" content=\"LECAMAE:\" \/>\n<meta property=\"article:modified_time\" content=\"2026-03-13T13:07:27+00:00\" \/>\n<meta name=\"twitter:card\" content=\"summary_large_image\" \/>\n<meta name=\"twitter:label1\" content=\"Est. reading time\" \/>\n\t<meta name=\"twitter:data1\" content=\"1 minute\" \/>\n<script type=\"application\/ld+json\" class=\"yoast-schema-graph\">{\"@context\":\"https:\/\/schema.org\",\"@graph\":[{\"@type\":\"WebPage\",\"@id\":\"https:\/\/cie.uprrp.edu\/lecamae\/participantes\/\",\"url\":\"https:\/\/cie.uprrp.edu\/lecamae\/participantes\/\",\"name\":\"Participantes - LECAMAE:\",\"isPartOf\":{\"@id\":\"https:\/\/cie.uprrp.edu\/lecamae\/#website\"},\"datePublished\":\"2016-02-29T19:50:19+00:00\",\"dateModified\":\"2026-03-13T13:07:27+00:00\",\"breadcrumb\":{\"@id\":\"https:\/\/cie.uprrp.edu\/lecamae\/participantes\/#breadcrumb\"},\"inLanguage\":\"en-US\",\"potentialAction\":[{\"@type\":\"ReadAction\",\"target\":[\"https:\/\/cie.uprrp.edu\/lecamae\/participantes\/\"]}]},{\"@type\":\"BreadcrumbList\",\"@id\":\"https:\/\/cie.uprrp.edu\/lecamae\/participantes\/#breadcrumb\",\"itemListElement\":[{\"@type\":\"ListItem\",\"position\":1,\"name\":\"Home\",\"item\":\"https:\/\/cie.uprrp.edu\/lecamae\/\"},{\"@type\":\"ListItem\",\"position\":2,\"name\":\"Participantes\"}]},{\"@type\":\"WebSite\",\"@id\":\"https:\/\/cie.uprrp.edu\/lecamae\/#website\",\"url\":\"https:\/\/cie.uprrp.edu\/lecamae\/\",\"name\":\"LECAMAE:\",\"description\":\"L\u00edderes Educativos Comprometidos con el Aprendizaje y que Mejoran el Aprovechamiento Estudiantil\",\"potentialAction\":[{\"@type\":\"SearchAction\",\"target\":{\"@type\":\"EntryPoint\",\"urlTemplate\":\"https:\/\/cie.uprrp.edu\/lecamae\/?s={search_term_string}\"},\"query-input\":{\"@type\":\"PropertyValueSpecification\",\"valueRequired\":true,\"valueName\":\"search_term_string\"}}],\"inLanguage\":\"en-US\"}]}<\/script>\n<!-- \/ Yoast SEO plugin. -->","yoast_head_json":{"title":"Participantes - LECAMAE:","robots":{"index":"index","follow":"follow","max-snippet":"max-snippet:-1","max-image-preview":"max-image-preview:large","max-video-preview":"max-video-preview:-1"},"canonical":"https:\/\/cie.uprrp.edu\/lecamae\/participantes\/","og_locale":"en_US","og_type":"article","og_title":"Participantes - LECAMAE:","og_description":"Se seleccionaron seis directores escolares del sistema p\u00fablico para recibir el servicio: Ram\u00f3n Ortiz de Jes\u00fas Escuela Elemental Evaristo Rivera Chevremont (San Juan) \u00a0 Dafne Jim\u00e9nez Tirado Escuela Elemental Jos\u00e9 Colomb\u00e1n Rosario (San Juan) \u00a0 Damarys Collazo Maestre Escuela Elemental Eleanor Roosevelt (San Juan) \u00a0 Rosa Recondo Pietrantoni Escuela Elemental Luis Llorens Torres (San Juan) [&hellip;]","og_url":"https:\/\/cie.uprrp.edu\/lecamae\/participantes\/","og_site_name":"LECAMAE:","article_modified_time":"2026-03-13T13:07:27+00:00","twitter_card":"summary_large_image","twitter_misc":{"Est. reading time":"1 minute"},"schema":{"@context":"https:\/\/schema.org","@graph":[{"@type":"WebPage","@id":"https:\/\/cie.uprrp.edu\/lecamae\/participantes\/","url":"https:\/\/cie.uprrp.edu\/lecamae\/participantes\/","name":"Participantes - LECAMAE:","isPartOf":{"@id":"https:\/\/cie.uprrp.edu\/lecamae\/#website"},"datePublished":"2016-02-29T19:50:19+00:00","dateModified":"2026-03-13T13:07:27+00:00","breadcrumb":{"@id":"https:\/\/cie.uprrp.edu\/lecamae\/participantes\/#breadcrumb"},"inLanguage":"en-US","potentialAction":[{"@type":"ReadAction","target":["https:\/\/cie.uprrp.edu\/lecamae\/participantes\/"]}]},{"@type":"BreadcrumbList","@id":"https:\/\/cie.uprrp.edu\/lecamae\/participantes\/#breadcrumb","itemListElement":[{"@type":"ListItem","position":1,"name":"Home","item":"https:\/\/cie.uprrp.edu\/lecamae\/"},{"@type":"ListItem","position":2,"name":"Participantes"}]},{"@type":"WebSite","@id":"https:\/\/cie.uprrp.edu\/lecamae\/#website","url":"https:\/\/cie.uprrp.edu\/lecamae\/","name":"LECAMAE:","description":"L\u00edderes Educativos Comprometidos con el Aprendizaje y que Mejoran el Aprovechamiento Estudiantil","potentialAction":[{"@type":"SearchAction","target":{"@type":"EntryPoint","urlTemplate":"https:\/\/cie.uprrp.edu\/lecamae\/?s={search_term_string}"},"query-input":{"@type":"PropertyValueSpecification","valueRequired":true,"valueName":"search_term_string"}}],"inLanguage":"en-US"}]}},"_links":{"self":[{"href":"https:\/\/cie.uprrp.edu\/lecamae\/wp-json\/wp\/v2\/pages\/9","targetHints":{"allow":["GET"]}}],"collection":[{"href":"https:\/\/cie.uprrp.edu\/lecamae\/wp-json\/wp\/v2\/pages"}],"about":[{"href":"https:\/\/cie.uprrp.edu\/lecamae\/wp-json\/wp\/v2\/types\/page"}],"author":[{"embeddable":true,"href":"https:\/\/cie.uprrp.edu\/lecamae\/wp-json\/wp\/v2\/users\/1"}],"replies":[{"embeddable":true,"href":"https:\/\/cie.uprrp.edu\/lecamae\/wp-json\/wp\/v2\/comments?post=9"}],"version-history":[{"count":14,"href":"https:\/\/cie.uprrp.edu\/lecamae\/wp-json\/wp\/v2\/pages\/9\/revisions"}],"predecessor-version":[{"id":19,"href":"https:\/\/cie.uprrp.edu\/lecamae\/wp-json\/wp\/v2\/pages\/9\/revisions\/19"}],"wp:attachment":[{"href":"https:\/\/cie.uprrp.edu\/lecamae\/wp-json\/wp\/v2\/media?parent=9"}],"curies":[{"name":"wp","href":"https:\/\/api.w.org\/{rel}","templated":true}]}}