{"id":48,"date":"2022-04-22T19:30:10","date_gmt":"2022-04-22T19:30:10","guid":{"rendered":"https:\/\/cie.uprrp.edu\/simposioeducacion\/?page_id=48"},"modified":"2023-05-02T14:51:58","modified_gmt":"2023-05-02T14:51:58","slug":"programa-2022","status":"publish","type":"page","link":"https:\/\/cie.uprrp.edu\/simposioeducacion\/","title":{"rendered":"Programa 2023"},"content":{"rendered":"<h3 style=\"text-transform: uppercase;color:#E70033;\">Tercer Simposio Estudiantil de Investigaci\u00f3n y Creaci\u00f3n en Educaci\u00f3n<\/h3>\n<p style=\"\">Desarrollo y Competencias de Investigaci\u00f3n: Experiencias Formativas para la Investigaci\u00f3n en Educaci\u00f3n<\/p>\n<p>El Centro de Investigaciones Educativas y la Facultad de Educaci\u00f3n del Recinto de R\u00edo Piedras de la Universidad de Puerto Rico invitan a toda la comunidad acad\u00e9mica a participar del <b>Tercer Simposio Estudiantil de Investigaci\u00f3n &amp; Creaci\u00f3n en Educaci\u00f3n<\/b>, el mi\u00e9rcoles, 3 de mayo de 2023, a partir de las 8:30 a.m. El tema de esta edici\u00f3n es: <i>Desarrollo y Competencias de Investigaci\u00f3n: Experiencias Formativas para la Investigaci\u00f3n en Educaci\u00f3n<\/i>. Todas las presentaciones ser\u00e1n en el Anfiteatro #3 (ubicado en el segundo piso) de la Facultad de Educaci\u00f3n.<\/p>\n<p>\t\t\t\t\t\t\t\t\t\t\t\t\t\t\t<img decoding=\"async\" width=\"1757\" height=\"2333\" src=\"https:\/\/cie.uprrp.edu\/simposioeducacion\/wp-content\/uploads\/sites\/12\/2023\/04\/simposio-2023.png\" alt=\"Afiche Tercer Simposio de Estudiantes\" loading=\"lazy\" srcset=\"https:\/\/cie.uprrp.edu\/simposioeducacion\/wp-content\/uploads\/sites\/12\/2023\/04\/simposio-2023.png 1757w, https:\/\/cie.uprrp.edu\/simposioeducacion\/wp-content\/uploads\/sites\/12\/2023\/04\/simposio-2023-226x300.png 226w, https:\/\/cie.uprrp.edu\/simposioeducacion\/wp-content\/uploads\/sites\/12\/2023\/04\/simposio-2023-771x1024.png 771w, https:\/\/cie.uprrp.edu\/simposioeducacion\/wp-content\/uploads\/sites\/12\/2023\/04\/simposio-2023-768x1020.png 768w, https:\/\/cie.uprrp.edu\/simposioeducacion\/wp-content\/uploads\/sites\/12\/2023\/04\/simposio-2023-1157x1536.png 1157w, https:\/\/cie.uprrp.edu\/simposioeducacion\/wp-content\/uploads\/sites\/12\/2023\/04\/simposio-2023-1542x2048.png 1542w\" sizes=\"auto, (max-width: 1757px) 100vw, 1757px\" \/>\t\t\t\t\t\t\t\t\t\t\t\t\t\t\t<\/p>\n<h2 style=\"text-align: center;\">Programa<\/h2>\n<h4 style=\"text-align: center;\">mi\u00e9rcoles, 3 de mayo de 2023<br \/>Presentaciones<br \/>Anfiteatro #3, Facultad de Educaci\u00f3n<\/h4>\n<h3 style=\"text-align: center;\"><a href=\"https:\/\/forms.office.com\/r\/gw6LdW65GG\">Agradeceremos que pueda completar el formulario de REGISTRO <strong>aqu\u00ed<\/strong>.<\/a><\/h3>\n<h3>8:30 a 9:00 a.m.<\/h3>\n<h4>Saludos y bienvenida<\/h4>\n<h3>9:00 a 10:00 a.m.<\/h3>\n<h4>Conferencia de Apertura: Experiencias formativas en investigaci\u00f3n: Fundamento para una pr\u00e1ctica educativa reflexiva<\/h4>\n<p><strong><em>Sheila P\u00e9rez, Ph.D., Departamento de Fundamentos de la Educaci\u00f3n, Facultad de Educaci\u00f3n, UPRRP<\/em><\/strong><\/p>\n<p>Esta conferencia aborda el tema de la formaci\u00f3n en investigaci\u00f3n de estudiantes subgraduadas\/os de la Facultad de Educaci\u00f3n como fundamentos para una pr\u00e1ctica educativa reflexiva. Se argumenta que las experiencias formativas en investigaci\u00f3n juegan un papel fundamental en el desarrollo de destrezas reflexivas, creativas y cient\u00edficas necesarias para la generaci\u00f3n de alternativas a los retos que enfrenta la educaci\u00f3n en Puerto Rico.<\/p>\n<h3>10:00 a 11:00 a.m.<\/h3>\n<h4>Panel: Un di\u00e1logo con organizaciones estudiantiles UHSianas<\/h4>\n<p><em>Prof. Roberto Olmeda y las estudiantes de la UHS: Isabella Rossi, Sof\u00eda Valle, Nya Crespo, Mar\u00eda F. Santos &amp; Kiara Fern\u00e1ndez<\/em><\/p>\n<h3>11:00 a.m. a 12:00 m.<\/h3>\n<h4>Panel: Viajes de campo: Experiencia transformadora de formaci\u00f3n de docentes<\/h4>\n<p><em>Dra. Sheila P\u00e9rez, Departamento de Fundamentos de la Educaci\u00f3n, Facultad de Educaci\u00f3n, UPRRP<br \/>Maribel Cruz Alequ\u00edn, estudiante graduada &amp;Yesenia A. Torres Mart\u00ednez, estudiante subgraduada<\/em><\/p>\n<h3>12:00 a 1:00 p.m.<\/h3>\n<h4>Receso<\/h4>\n<h3>1:00 a 2:00 p.m.<\/h3>\n<h4>Panel: Temas diversos en la educaci\u00f3n<\/h4>\n<ul>\n<li><strong>APPtismo QR: Proyecto de creaci\u00f3n.<\/strong> <em>Adriana Carri\u00f3n Gonz\u00e1lez, Facultad de Educaci\u00f3n, UPRRP<\/em><\/li>\n<li><strong>La m\u00fasica en los primeros a\u00f1os escolares.<\/strong> <em>Idalisse S\u00e1ez Ortiz, Facultad de Educaci\u00f3n, UPRRP<\/em><\/li>\n<li><strong>Expresando solidaridad por los derechos y la dignidad de ser ni\u00f1as.<\/strong> Jenifer Johana Mart\u00ednez Medina, Elithet Silva Mart\u00ednez &amp; \u00c1ngel A. D\u00edaz Cabrera, Escuela Graduada de Trabajo Social Beatriz Lassalle, Facultad de Ciencias Sociales, UPRRP<\/li>\n<\/ul>\n<h3>2:00 a 2:030 p.m.<\/h3>\n<h4>Receso e intervenci\u00f3n musical<\/h4>\n<p><em>Estudiantes de tercer grado de la Escuela Elemental UPR junto al Prof. Ricardo L\u00f3pez<\/em><\/p>\n<h3>2:30 a 3:30 p.m.<\/h3>\n<h4>Panel: Temas diversos en la educaci\u00f3n en ciencias<\/h4>\n<ul>\n<li><strong>Las algas como materia prima en el dise\u00f1o de un sensor radiactivo para la NASA. <\/strong><em>Profa. Gina Ortiz y estudiantes de la UHS: Estefan\u00eda Cort\u00e9s, Roger Malaver, <\/em><em>Natalie Ice &amp; Larimar Claudio<\/em><\/li>\n<li><strong>Desarrollo de proyectos ecoamigables para fomentar el aprendizaje.<\/strong> <em>Profa. Keyla Soto Hidalgo y estudiantes de la UHS: Patricia Rodr\u00edguez, Kiara Fern\u00e1ndez &amp; Estefan\u00eda Cort\u00e9s<\/em><\/li>\n<\/ul>\n<h3>3:30 a 4:30 p.m.<\/h3>\n<h4>Panel: Poes\u00eda hispanoamericana en cortometrajes de tres minutos<\/h4>\n<p><em>Profa. Mar\u00eda Gisela Rosado junto a estudiantes de la UHS<\/em><\/p>\n","protected":false},"excerpt":{"rendered":"<p>Tercer Simposio Estudiantil de Investigaci\u00f3n y Creaci\u00f3n en Educaci\u00f3n Desarrollo y Competencias de Investigaci\u00f3n: Experiencias Formativas para la Investigaci\u00f3n en Educaci\u00f3n El Centro de Investigaciones Educativas y la Facultad de &hellip; <\/p>\n","protected":false},"author":1,"featured_media":0,"parent":0,"menu_order":0,"comment_status":"closed","ping_status":"closed","template":"","meta":{"footnotes":""},"class_list":["post-48","page","type-page","status-publish","hentry"],"yoast_head":"<!-- This site is optimized with the Yoast SEO plugin v27.3 - https:\/\/yoast.com\/product\/yoast-seo-wordpress\/ -->\n<title>Programa 2023 - Simposio Estudiantil de Investigaci\u00f3n y Creaci\u00f3n en Educaci\u00f3n<\/title>\n<meta name=\"robots\" content=\"index, follow, max-snippet:-1, max-image-preview:large, max-video-preview:-1\" \/>\n<link rel=\"canonical\" href=\"https:\/\/cie.uprrp.edu\/simposioeducacion\/\" \/>\n<meta property=\"og:locale\" content=\"en_US\" \/>\n<meta property=\"og:type\" content=\"article\" \/>\n<meta property=\"og:title\" content=\"Programa 2023 - Simposio Estudiantil de Investigaci\u00f3n y Creaci\u00f3n en Educaci\u00f3n\" \/>\n<meta property=\"og:description\" content=\"Tercer Simposio Estudiantil de Investigaci\u00f3n y Creaci\u00f3n en Educaci\u00f3n Desarrollo y Competencias de Investigaci\u00f3n: Experiencias Formativas para la Investigaci\u00f3n en Educaci\u00f3n El Centro de Investigaciones Educativas y la Facultad de &hellip;\" \/>\n<meta property=\"og:url\" content=\"https:\/\/cie.uprrp.edu\/simposioeducacion\/\" \/>\n<meta property=\"og:site_name\" content=\"Simposio Estudiantil de Investigaci\u00f3n y Creaci\u00f3n en Educaci\u00f3n\" \/>\n<meta property=\"article:modified_time\" content=\"2023-05-02T14:51:58+00:00\" \/>\n<meta property=\"og:image\" content=\"https:\/\/cie.uprrp.edu\/simposioeducacion\/wp-content\/uploads\/sites\/12\/2023\/04\/simposio-2023.png\" \/>\n<meta name=\"twitter:card\" content=\"summary_large_image\" \/>\n<meta name=\"twitter:label1\" content=\"Est. reading time\" \/>\n\t<meta name=\"twitter:data1\" content=\"3 minutes\" \/>\n<script type=\"application\/ld+json\" class=\"yoast-schema-graph\">{\"@context\":\"https:\\\/\\\/schema.org\",\"@graph\":[{\"@type\":\"WebPage\",\"@id\":\"https:\\\/\\\/cie.uprrp.edu\\\/simposioeducacion\\\/\",\"url\":\"https:\\\/\\\/cie.uprrp.edu\\\/simposioeducacion\\\/\",\"name\":\"Programa 2023 - Simposio Estudiantil de Investigaci\u00f3n y Creaci\u00f3n en Educaci\u00f3n\",\"isPartOf\":{\"@id\":\"https:\\\/\\\/cie.uprrp.edu\\\/simposioeducacion\\\/#website\"},\"primaryImageOfPage\":{\"@id\":\"https:\\\/\\\/cie.uprrp.edu\\\/simposioeducacion\\\/#primaryimage\"},\"image\":{\"@id\":\"https:\\\/\\\/cie.uprrp.edu\\\/simposioeducacion\\\/#primaryimage\"},\"thumbnailUrl\":\"https:\\\/\\\/cie.uprrp.edu\\\/simposioeducacion\\\/wp-content\\\/uploads\\\/sites\\\/12\\\/2023\\\/04\\\/simposio-2023.png\",\"datePublished\":\"2022-04-22T19:30:10+00:00\",\"dateModified\":\"2023-05-02T14:51:58+00:00\",\"breadcrumb\":{\"@id\":\"https:\\\/\\\/cie.uprrp.edu\\\/simposioeducacion\\\/#breadcrumb\"},\"inLanguage\":\"en-US\",\"potentialAction\":[{\"@type\":\"ReadAction\",\"target\":[\"https:\\\/\\\/cie.uprrp.edu\\\/simposioeducacion\\\/\"]}]},{\"@type\":\"ImageObject\",\"inLanguage\":\"en-US\",\"@id\":\"https:\\\/\\\/cie.uprrp.edu\\\/simposioeducacion\\\/#primaryimage\",\"url\":\"https:\\\/\\\/cie.uprrp.edu\\\/simposioeducacion\\\/wp-content\\\/uploads\\\/sites\\\/12\\\/2023\\\/04\\\/simposio-2023.png\",\"contentUrl\":\"https:\\\/\\\/cie.uprrp.edu\\\/simposioeducacion\\\/wp-content\\\/uploads\\\/sites\\\/12\\\/2023\\\/04\\\/simposio-2023.png\",\"width\":1757,\"height\":2333,\"caption\":\"Afiche Tercer Simposio de Estudiantes\"},{\"@type\":\"BreadcrumbList\",\"@id\":\"https:\\\/\\\/cie.uprrp.edu\\\/simposioeducacion\\\/#breadcrumb\",\"itemListElement\":[{\"@type\":\"ListItem\",\"position\":1,\"name\":\"Home\",\"item\":\"https:\\\/\\\/cie.uprrp.edu\\\/simposioeducacion\\\/\"},{\"@type\":\"ListItem\",\"position\":2,\"name\":\"Programa 2023\"}]},{\"@type\":\"WebSite\",\"@id\":\"https:\\\/\\\/cie.uprrp.edu\\\/simposioeducacion\\\/#website\",\"url\":\"https:\\\/\\\/cie.uprrp.edu\\\/simposioeducacion\\\/\",\"name\":\"Simposio Estudiantil de Investigaci\u00f3n y Creaci\u00f3n en Educaci\u00f3n\",\"description\":\"4 &amp; 5 de mayo de 2022 \u2022 Facultad de Educaci\u00f3n \u2022 UPR-R\u00edo Piedras\",\"potentialAction\":[{\"@type\":\"SearchAction\",\"target\":{\"@type\":\"EntryPoint\",\"urlTemplate\":\"https:\\\/\\\/cie.uprrp.edu\\\/simposioeducacion\\\/?s={search_term_string}\"},\"query-input\":{\"@type\":\"PropertyValueSpecification\",\"valueRequired\":true,\"valueName\":\"search_term_string\"}}],\"inLanguage\":\"en-US\"}]}<\/script>\n<!-- \/ Yoast SEO plugin. -->","yoast_head_json":{"title":"Programa 2023 - Simposio Estudiantil de Investigaci\u00f3n y Creaci\u00f3n en Educaci\u00f3n","robots":{"index":"index","follow":"follow","max-snippet":"max-snippet:-1","max-image-preview":"max-image-preview:large","max-video-preview":"max-video-preview:-1"},"canonical":"https:\/\/cie.uprrp.edu\/simposioeducacion\/","og_locale":"en_US","og_type":"article","og_title":"Programa 2023 - Simposio Estudiantil de Investigaci\u00f3n y Creaci\u00f3n en Educaci\u00f3n","og_description":"Tercer Simposio Estudiantil de Investigaci\u00f3n y Creaci\u00f3n en Educaci\u00f3n Desarrollo y Competencias de Investigaci\u00f3n: Experiencias Formativas para la Investigaci\u00f3n en Educaci\u00f3n El Centro de Investigaciones Educativas y la Facultad de &hellip;","og_url":"https:\/\/cie.uprrp.edu\/simposioeducacion\/","og_site_name":"Simposio Estudiantil de Investigaci\u00f3n y Creaci\u00f3n en Educaci\u00f3n","article_modified_time":"2023-05-02T14:51:58+00:00","og_image":[{"url":"https:\/\/cie.uprrp.edu\/simposioeducacion\/wp-content\/uploads\/sites\/12\/2023\/04\/simposio-2023.png","type":"","width":"","height":""}],"twitter_card":"summary_large_image","twitter_misc":{"Est. reading time":"3 minutes"},"schema":{"@context":"https:\/\/schema.org","@graph":[{"@type":"WebPage","@id":"https:\/\/cie.uprrp.edu\/simposioeducacion\/","url":"https:\/\/cie.uprrp.edu\/simposioeducacion\/","name":"Programa 2023 - Simposio Estudiantil de Investigaci\u00f3n y Creaci\u00f3n en Educaci\u00f3n","isPartOf":{"@id":"https:\/\/cie.uprrp.edu\/simposioeducacion\/#website"},"primaryImageOfPage":{"@id":"https:\/\/cie.uprrp.edu\/simposioeducacion\/#primaryimage"},"image":{"@id":"https:\/\/cie.uprrp.edu\/simposioeducacion\/#primaryimage"},"thumbnailUrl":"https:\/\/cie.uprrp.edu\/simposioeducacion\/wp-content\/uploads\/sites\/12\/2023\/04\/simposio-2023.png","datePublished":"2022-04-22T19:30:10+00:00","dateModified":"2023-05-02T14:51:58+00:00","breadcrumb":{"@id":"https:\/\/cie.uprrp.edu\/simposioeducacion\/#breadcrumb"},"inLanguage":"en-US","potentialAction":[{"@type":"ReadAction","target":["https:\/\/cie.uprrp.edu\/simposioeducacion\/"]}]},{"@type":"ImageObject","inLanguage":"en-US","@id":"https:\/\/cie.uprrp.edu\/simposioeducacion\/#primaryimage","url":"https:\/\/cie.uprrp.edu\/simposioeducacion\/wp-content\/uploads\/sites\/12\/2023\/04\/simposio-2023.png","contentUrl":"https:\/\/cie.uprrp.edu\/simposioeducacion\/wp-content\/uploads\/sites\/12\/2023\/04\/simposio-2023.png","width":1757,"height":2333,"caption":"Afiche Tercer Simposio de Estudiantes"},{"@type":"BreadcrumbList","@id":"https:\/\/cie.uprrp.edu\/simposioeducacion\/#breadcrumb","itemListElement":[{"@type":"ListItem","position":1,"name":"Home","item":"https:\/\/cie.uprrp.edu\/simposioeducacion\/"},{"@type":"ListItem","position":2,"name":"Programa 2023"}]},{"@type":"WebSite","@id":"https:\/\/cie.uprrp.edu\/simposioeducacion\/#website","url":"https:\/\/cie.uprrp.edu\/simposioeducacion\/","name":"Simposio Estudiantil de Investigaci\u00f3n y Creaci\u00f3n en Educaci\u00f3n","description":"4 &amp; 5 de mayo de 2022 \u2022 Facultad de Educaci\u00f3n \u2022 UPR-R\u00edo Piedras","potentialAction":[{"@type":"SearchAction","target":{"@type":"EntryPoint","urlTemplate":"https:\/\/cie.uprrp.edu\/simposioeducacion\/?s={search_term_string}"},"query-input":{"@type":"PropertyValueSpecification","valueRequired":true,"valueName":"search_term_string"}}],"inLanguage":"en-US"}]}},"_links":{"self":[{"href":"https:\/\/cie.uprrp.edu\/simposioeducacion\/wp-json\/wp\/v2\/pages\/48","targetHints":{"allow":["GET"]}}],"collection":[{"href":"https:\/\/cie.uprrp.edu\/simposioeducacion\/wp-json\/wp\/v2\/pages"}],"about":[{"href":"https:\/\/cie.uprrp.edu\/simposioeducacion\/wp-json\/wp\/v2\/types\/page"}],"author":[{"embeddable":true,"href":"https:\/\/cie.uprrp.edu\/simposioeducacion\/wp-json\/wp\/v2\/users\/1"}],"replies":[{"embeddable":true,"href":"https:\/\/cie.uprrp.edu\/simposioeducacion\/wp-json\/wp\/v2\/comments?post=48"}],"version-history":[{"count":52,"href":"https:\/\/cie.uprrp.edu\/simposioeducacion\/wp-json\/wp\/v2\/pages\/48\/revisions"}],"predecessor-version":[{"id":166,"href":"https:\/\/cie.uprrp.edu\/simposioeducacion\/wp-json\/wp\/v2\/pages\/48\/revisions\/166"}],"wp:attachment":[{"href":"https:\/\/cie.uprrp.edu\/simposioeducacion\/wp-json\/wp\/v2\/media?parent=48"}],"curies":[{"name":"wp","href":"https:\/\/api.w.org\/{rel}","templated":true}]}}